{"id":1792,"date":"2025-02-17T15:09:53","date_gmt":"2025-02-17T07:09:53","guid":{"rendered":"https:\/\/topfoodmachine.com\/?post_type=product&#038;p=1792"},"modified":"2025-02-17T16:32:54","modified_gmt":"2025-02-17T08:32:54","slug":"pelmeni-making-machine","status":"publish","type":"product","link":"https:\/\/topfoodmachine.com\/es\/product\/pelmeni-making-machine\/","title":{"rendered":"m\u00e1quina para hacer pelmeni"},"content":{"rendered":"<div class=\"kk-star-ratings kksr-auto kksr-align-left kksr-valign-top\"     data-payload='{&quot;align&quot;:&quot;left&quot;,&quot;id&quot;:&quot;1792&quot;,&quot;slug&quot;:&quot;default&quot;,&quot;valign&quot;:&quot;top&quot;,&quot;ignore&quot;:&quot;&quot;,&quot;reference&quot;:&quot;auto&quot;,&quot;class&quot;:&quot;&quot;,&quot;count&quot;:&quot;29&quot;,&quot;legendonly&quot;:&quot;&quot;,&quot;readonly&quot;:&quot;&quot;,&quot;score&quot;:&quot;4.6&quot;,&quot;starsonly&quot;:&quot;&quot;,&quot;best&quot;:&quot;5&quot;,&quot;gap&quot;:&quot;5&quot;,&quot;greet&quot;:&quot;Rate this product&quot;,&quot;legend&quot;:&quot;4.6\\\/5 - (29 votos)&quot;,&quot;size&quot;:&quot;24&quot;,&quot;title&quot;:&quot;Pelmeni making machine&quot;,&quot;width&quot;:&quot;130.9&quot;,&quot;_legend&quot;:&quot;{score}\\\/{best} - ({count} {votes})&quot;,&quot;font_factor&quot;:&quot;1.25&quot;}'>              <div class=\"kksr-stars\">      <div class=\"kksr-stars-inactive\">             <div class=\"kksr-star\" data-star=\"1\" style=\"padding-right: 5px\">               <div class=\"kksr-icon\" style=\"width: 24px; height: 24px;\"><\/div>         <\/div>             <div class=\"kksr-star\" data-star=\"2\" style=\"padding-right: 5px\">               <div class=\"kksr-icon\" style=\"width: 24px; height: 24px;\"><\/div>         <\/div>             <div class=\"kksr-star\" data-star=\"3\" style=\"padding-right: 5px\">               <div class=\"kksr-icon\" style=\"width: 24px; height: 24px;\"><\/div>         <\/div>             <div class=\"kksr-star\" data-star=\"4\" style=\"padding-right: 5px\">               <div class=\"kksr-icon\" style=\"width: 24px; height: 24px;\"><\/div>         <\/div>             <div class=\"kksr-star\" data-star=\"5\" style=\"padding-right: 5px\">               <div class=\"kksr-icon\" style=\"width: 24px; height: 24px;\"><\/div>         <\/div>     <\/div>      <div class=\"kksr-stars-active\" style=\"width: 130.9px;\">             <div class=\"kksr-star\" style=\"padding-right: 5px\">               <div class=\"kksr-icon\" style=\"width: 24px; height: 24px;\"><\/div>         <\/div>             <div class=\"kksr-star\" style=\"padding-right: 5px\">               <div class=\"kksr-icon\" style=\"width: 24px; height: 24px;\"><\/div>         <\/div>             <div class=\"kksr-star\" style=\"padding-right: 5px\">               <div class=\"kksr-icon\" style=\"width: 24px; height: 24px;\"><\/div>         <\/div>             <div class=\"kksr-star\" style=\"padding-right: 5px\">               <div class=\"kksr-icon\" style=\"width: 24px; height: 24px;\"><\/div>         <\/div>             <div class=\"kksr-star\" style=\"padding-right: 5px\">               <div class=\"kksr-icon\" style=\"width: 24px; height: 24px;\"><\/div>         <\/div>     <\/div> <\/div>                   <div class=\"kksr-legend\" style=\"font-size: 19.2px;\">             4,6\/5 - (29 votos)    <\/div>     <\/div>  <p>La m\u00e1quina para hacer pelmeni tiene una producci\u00f3n de alta eficiencia con una capacidad de 2500-3000 piezas por hora. Capaz de producir 1, 2 o 3 piezas a la vez, asegura versatilidad para satisfacer diversas necesidades de producci\u00f3n. La m\u00e1quina presenta un grosor de masa tan delgado como 0.6mm, ofreciendo precisi\u00f3n y calidad para cada empanadilla. <\/p>    <p>Adem\u00e1s, ofrece ocho opciones de forma distintas, incluyendo patrones poligonales, de borde de encaje y espirales, proporcionando una personalizaci\u00f3n \u00fanica para su l\u00ednea de productos. Aunque no se admiten cambios de moldes, esta m\u00e1quina es una excelente opci\u00f3n para una producci\u00f3n eficiente y consistente de pelmeni.<\/p>    <h2 class=\"wp-block-heading\">Atractivo global de la m\u00e1quina de pelmeni<\/h2>    <p>La m\u00e1quina para hacer pelmeni ha ganado popularidad en todo el mundo, especialmente en regiones donde las empanadillas y productos similares son una parte integral de la tradici\u00f3n culinaria. Algunos de los pa\u00edses clave donde la m\u00e1quina tiene una alta demanda incluyen:<\/p>    <div class=\"wp-block-media-text is-stacked-on-mobile\"><figure class=\"wp-block-media-text__media\"><img loading=\"lazy\" decoding=\"async\" width=\"720\" height=\"540\" src=\"https:\/\/topfoodmachine.com\/wp-content\/uploads\/2025\/02\/Dumpling-machine.webp\" alt=\"m\u00e1quina de empanadillas\" class=\"wp-image-1797 size-full\" srcset=\"https:\/\/topfoodmachine.com\/wp-content\/uploads\/2025\/02\/Dumpling-machine.webp 720w, https:\/\/topfoodmachine.com\/wp-content\/uploads\/2025\/02\/Dumpling-machine-300x225.webp 300w, https:\/\/topfoodmachine.com\/wp-content\/uploads\/2025\/02\/Dumpling-machine-16x12.webp 16w\" sizes=\"auto, (max-width: 720px) 100vw, 720px\" \/><\/figure><div class=\"wp-block-media-text__content\"> <ul class=\"wp-block-list\"> <li>Rusia, Ucrania y Kazajist\u00e1n. Estos pa\u00edses son conocidos por su amor por los pelmeni, lo que hace que la m\u00e1quina sea muy popular en estas regiones.<\/li>    <li>Pa\u00edses de Europa del Este y Asia Central. La versatilidad y eficiencia de la m\u00e1quina la convierten en una opci\u00f3n atractiva para los productores en estas \u00e1reas.<\/li>    <li>Am\u00e9rica del Norte y Europa Occidental. A medida que aumenta la demanda de alimentos \u00e9tnicos, la m\u00e1quina para hacer pelmeni se est\u00e1 convirtiendo en una opci\u00f3n preferida para las empresas que buscan optimizar su producci\u00f3n de empanadillas de alta calidad.<\/li> <\/ul> <\/div><\/div>    <p>Con su capacidad para producir diversas formas y rellenos, junto con su eficiencia automatizada, esta m\u00e1quina es perfecta tanto para grandes empresas comerciales como para productores m\u00e1s peque\u00f1os que buscan consistencia y alta calidad.<\/p>    <h2 class=\"wp-block-heading\">ventajas de la m\u00e1quina para hacer pelmeni<\/h2>    <div class=\"wp-block-media-text has-media-on-the-right is-stacked-on-mobile\"><div class=\"wp-block-media-text__content\"> <ul class=\"wp-block-list\"> <li>Alta versatilidad. Capaz de producir una amplia variedad de formas y rellenos, adecuada para empanadillas, shumai, wontons y m\u00e1s.<\/li>    <li>Dise\u00f1o f\u00e1cil de usar. Dise\u00f1ada con la facilidad de uso en mente, con alta automatizaci\u00f3n para un funcionamiento estable y resultados precisos.<\/li>    <li>Control de porciones preciso. Asegura un relleno uniforme y un grosor de masa exacto con control independiente de la masa y el relleno, cada uno impulsado por motores de frecuencia separados.<\/li> <\/ul> <\/div><figure class=\"wp-block-media-text__media\"><img loading=\"lazy\" decoding=\"async\" width=\"720\" height=\"540\" src=\"https:\/\/topfoodmachine.com\/wp-content\/uploads\/2025\/02\/final-product-of-Pelmeni-making-machine.webp\" alt=\"producto final de la m\u00e1quina para hacer Pelmeni\" class=\"wp-image-1794 size-full\" srcset=\"https:\/\/topfoodmachine.com\/wp-content\/uploads\/2025\/02\/final-product-of-Pelmeni-making-machine.webp 720w, https:\/\/topfoodmachine.com\/wp-content\/uploads\/2025\/02\/final-product-of-Pelmeni-making-machine-300x225.webp 300w, https:\/\/topfoodmachine.com\/wp-content\/uploads\/2025\/02\/final-product-of-Pelmeni-making-machine-16x12.webp 16w\" sizes=\"auto, (max-width: 720px) 100vw, 720px\" \/><\/figure><\/div>    <div class=\"wp-block-media-text is-stacked-on-mobile\"><figure class=\"wp-block-media-text__media\"><img loading=\"lazy\" decoding=\"async\" width=\"720\" height=\"540\" src=\"https:\/\/topfoodmachine.com\/wp-content\/uploads\/2025\/02\/Pelmeni-making-machine-applications.webp\" alt=\"aplicaciones de la m\u00e1quina para hacer Pelmeni\" class=\"wp-image-1795 size-full\" srcset=\"https:\/\/topfoodmachine.com\/wp-content\/uploads\/2025\/02\/Pelmeni-making-machine-applications.webp 720w, https:\/\/topfoodmachine.com\/wp-content\/uploads\/2025\/02\/Pelmeni-making-machine-applications-300x225.webp 300w, https:\/\/topfoodmachine.com\/wp-content\/uploads\/2025\/02\/Pelmeni-making-machine-applications-16x12.webp 16w\" sizes=\"auto, (max-width: 720px) 100vw, 720px\" \/><\/figure><div class=\"wp-block-media-text__content\"> <ul class=\"wp-block-list\"> <li>Ajustes convenientes. Permite ajustes f\u00e1ciles de velocidad, grosor de masa y peso del relleno, asegurando consistencia y precisi\u00f3n en la producci\u00f3n.<\/li>    <li>F\u00e1cil limpieza y mantenimiento. Componentes clave como el transportador de masa y las partes de relleno son f\u00e1cilmente desmontables para una limpieza sin esfuerzo, con un reensamblaje confiable.<\/li>    <li>Construcci\u00f3n higi\u00e9nica. Construida con acero inoxidable de alta calidad, cumpliendo con los est\u00e1ndares de higiene para la producci\u00f3n de alimentos.<\/li> <\/ul> <\/div><\/div>    <h2 class=\"wp-block-heading\">moldes de la m\u00e1quina de pelmeni<\/h2>    <p>La m\u00e1quina para hacer Pelmeni est\u00e1 equipada con ocho opciones de moldes diferentes, cada uno dise\u00f1ado para crear formas \u00fanicas de empanadillas que se adaptan a diversas preferencias. <\/p>    <p>Estos moldes ofrecen una variedad de dise\u00f1os, proporcionando versatilidad en la producci\u00f3n. Sin embargo, una vez que se selecciona un molde, no se puede cambiar, asegurando consistencia en la forma y tama\u00f1o de las empanadillas producidas. <\/p>    <p>Esta caracter\u00edstica hace que la m\u00e1quina sea ideal para negocios que desean mantener la uniformidad en su l\u00ednea de productos mientras ofrecen una variedad de estilos de empanadillas. Cada molde est\u00e1 cuidadosamente elaborado para precisi\u00f3n, asegurando resultados de alta calidad con cada lote.<\/p>    <figure class=\"wp-block-image size-full\"><img loading=\"lazy\" decoding=\"async\" width=\"720\" height=\"540\" src=\"https:\/\/topfoodmachine.com\/wp-content\/uploads\/2025\/02\/Pelmeni-making-machine-molds.webp\" alt=\"Moldes de m\u00e1quina para hacer Pelmeni\" class=\"wp-image-1799\" srcset=\"https:\/\/topfoodmachine.com\/wp-content\/uploads\/2025\/02\/Pelmeni-making-machine-molds.webp 720w, https:\/\/topfoodmachine.com\/wp-content\/uploads\/2025\/02\/Pelmeni-making-machine-molds-300x225.webp 300w, https:\/\/topfoodmachine.com\/wp-content\/uploads\/2025\/02\/Pelmeni-making-machine-molds-16x12.webp 16w\" sizes=\"auto, (max-width: 720px) 100vw, 720px\" \/><figcaption class=\"wp-element-caption\">Moldes de m\u00e1quina para hacer Pelmeni<\/figcaption><\/figure>    <h2 class=\"wp-block-heading\">\u00bfC\u00f3mo funciona la m\u00e1quina para hacer pelmeni?<\/h2>    <p class=\"translation-block\">La m\u00e1quina para hacer <a href=\"https:\/\/en.wikipedia.org\/wiki\/Pelmeni\" data-type=\"link\" data-id=\"https:\/\/en.wikipedia.org\/wiki\/Pelmeni\" target=\"_blank\" rel=\"noopener\">Pelmeni<\/a> opera a trav\u00e9s de un proceso optimizado que asegura una producci\u00f3n eficiente y consistente de dumplings. As\u00ed es como funciona:<\/p>    <div class=\"wp-block-media-text has-media-on-the-right is-stacked-on-mobile\"><div class=\"wp-block-media-text__content\"> <ul class=\"wp-block-list\"> <li>Preparaci\u00f3n de la masa. La masa se alimenta primero en el <strong>m\u00e1quina laminadora de masa<\/strong>, donde se presiona en hojas delgadas utilizando un control preciso para asegurar el grosor perfecto para las envolturas de empanadilla.<\/li>    <li>Relleno. Despu\u00e9s de que se prepara la masa, la m\u00e1quina coloca autom\u00e1ticamente el relleno sobre cada envoltura, asegurando una porci\u00f3n uniforme y una distribuci\u00f3n uniforme.<\/li>    <li>Formado. La m\u00e1quina luego pliega la masa alrededor del relleno, formando las empanadillas en su forma deseada, ya sea pelmeni tradicional u otras variaciones.<\/li>    <li>Salida. Finalmente, las empanadillas formadas son expulsadas de la m\u00e1quina, listas para el empaquetado o la cocci\u00f3n.<\/li> <\/ul> <\/div><figure class=\"wp-block-media-text__media\"><img loading=\"lazy\" decoding=\"async\" width=\"720\" height=\"540\" src=\"https:\/\/topfoodmachine.com\/wp-content\/uploads\/2025\/02\/Dumpling-maker.webp\" alt=\"fabricante de empanadillas\" class=\"wp-image-1798 size-full\" srcset=\"https:\/\/topfoodmachine.com\/wp-content\/uploads\/2025\/02\/Dumpling-maker.webp 720w, https:\/\/topfoodmachine.com\/wp-content\/uploads\/2025\/02\/Dumpling-maker-300x225.webp 300w, https:\/\/topfoodmachine.com\/wp-content\/uploads\/2025\/02\/Dumpling-maker-16x12.webp 16w\" sizes=\"auto, (max-width: 720px) 100vw, 720px\" \/><\/figure><\/div>    <p>Este proceso automatizado ayuda a aumentar la velocidad de producci\u00f3n mientras mantiene altos est\u00e1ndares de calidad para cada empanadilla.<\/p>    <h2 class=\"wp-block-heading\">par\u00e1metros de la m\u00e1quina de empanadillas<\/h2>    <figure class=\"wp-block-table\"><table class=\"has-fixed-layout\"><tbody><tr><td>Modelo<\/td><td>ST-780<\/td><\/tr><tr><td>Tama\u00f1o<\/td><td>2900*1700*1800mm<\/td><\/tr><tr><td>Peso del producto<\/td><td>15-80g<\/td><\/tr><tr><td>Peso de la m\u00e1quina<\/td><td>1100kg<\/td><\/tr><tr><td>Capacidad<\/td><td>2500-3000 pcs\/h<\/td><\/tr><tr><td>Fuerza<\/td><td>3.6kw, 50\/60hz<\/td><\/tr><\/tbody><\/table><figcaption class=\"wp-element-caption\">Par\u00e1metros de la m\u00e1quina para hacer Pelmeni<\/figcaption><\/figure>    <figure class=\"wp-block-image size-full\"><img loading=\"lazy\" decoding=\"async\" width=\"720\" height=\"540\" src=\"https:\/\/topfoodmachine.com\/wp-content\/uploads\/2025\/02\/1737613350037.webp\" alt=\"m\u00e1quina de empanadillas\" class=\"wp-image-1796\" srcset=\"https:\/\/topfoodmachine.com\/wp-content\/uploads\/2025\/02\/1737613350037.webp 720w, https:\/\/topfoodmachine.com\/wp-content\/uploads\/2025\/02\/1737613350037-300x225.webp 300w, https:\/\/topfoodmachine.com\/wp-content\/uploads\/2025\/02\/1737613350037-16x12.webp 16w\" sizes=\"auto, (max-width: 720px) 100vw, 720px\" \/><figcaption class=\"wp-element-caption\">m\u00e1quina de empanadillas<\/figcaption><\/figure>    <h2 class=\"wp-block-heading\">\u00bfQu\u00e9 m\u00e1quinas pueden trabajar con la m\u00e1quina de empanadillas?<\/h2>    <p>Para mejorar la eficiencia y optimizar el proceso de producci\u00f3n, la m\u00e1quina para hacer Pelmeni se puede emparejar con equipos adicionales que complementan su funcionalidad. Algunas de las m\u00e1quinas que funcionan sin problemas con la m\u00e1quina de empanadillas incluyen:<\/p>    <ul class=\"wp-block-list\"> <li><strong>Laminadora de masa<\/strong>. Esta m\u00e1quina ayuda a presionar la masa en hojas delgadas y uniformes antes de que se formen en envolturas de empanadilla. Al alimentar la masa en la laminadora, asegura un grosor y forma consistentes, lo que es ideal para un relleno preciso.<\/li>    <li><strong>M\u00e1quina de emplatado<\/strong>. Despu\u00e9s de que se hacen las empanadillas, una m\u00e1quina de emplatado organiza autom\u00e1ticamente las empanadillas en bandejas para un f\u00e1cil empaquetado o cocci\u00f3n. Esta m\u00e1quina reduce la mano de obra manual y acelera el proceso, asegurando un flujo de trabajo eficiente.<\/li> <\/ul>    <figure class=\"wp-block-image size-full\"><img loading=\"lazy\" decoding=\"async\" width=\"720\" height=\"540\" src=\"https:\/\/topfoodmachine.com\/wp-content\/uploads\/2025\/02\/dumplings.webp\" alt=\"empanadillas\" class=\"wp-image-1800\" srcset=\"https:\/\/topfoodmachine.com\/wp-content\/uploads\/2025\/02\/dumplings.webp 720w, https:\/\/topfoodmachine.com\/wp-content\/uploads\/2025\/02\/dumplings-300x225.webp 300w, https:\/\/topfoodmachine.com\/wp-content\/uploads\/2025\/02\/dumplings-16x12.webp 16w\" sizes=\"auto, (max-width: 720px) 100vw, 720px\" \/><figcaption class=\"wp-element-caption\">empanadillas<\/figcaption><\/figure>    <p>Juntas, estas m\u00e1quinas optimizan la l\u00ednea de producci\u00f3n, haciendo que todo el proceso, desde la preparaci\u00f3n de la masa hasta el emplatado final, sea mucho m\u00e1s fluido y automatizado.<\/p>    <h2 class=\"wp-block-heading\">Conclusi\u00f3n<\/h2>    <p class=\"translation-block\">Adem\u00e1s de la m\u00e1quina para hacer pelmeni, nuestra empresa tambi\u00e9n ofrece una variedad de otro equipo especializado, incluyendo la <a href=\"https:\/\/topfoodmachine.com\/es\/product\/automatic-dumpling-making-machine\/\" data-type=\"link\" data-id=\"https:\/\/topfoodmachine.com\/product\/automatic-dumpling-making-machine\/\">m\u00e1quina para hacer empanadillas de sopa<\/a> y <a href=\"https:\/\/topfoodmachine.com\/es\/product\/siomai-making-machine\/\" data-type=\"link\" data-id=\"https:\/\/topfoodmachine.com\/product\/siomai-making-machine\/\">m\u00e1quina para hacer shumai<\/a>. Estas m\u00e1quinas est\u00e1n dise\u00f1adas para satisfacer las diversas necesidades de los productores de alimentos, asegurando una producci\u00f3n de alta calidad y eficiente. <\/p>    <p>No dude en comunicarse con nosotros para obtener m\u00e1s informaci\u00f3n o para consultar sobre precios de cualquiera de nuestras m\u00e1quinas. \u00a1Esperamos poder ayudarle a mejorar sus capacidades de producci\u00f3n!<\/p>","protected":false},"excerpt":{"rendered":"<p>La m\u00e1quina de hacer Pelmeni tiene una producci\u00f3n de alta eficiencia con una capacidad de 2500-3000 piezas por hora. Capaz de producir 1, 2 o 3 piezas a la vez, asegura versatilidad para satisfacer diversas necesidades de producci\u00f3n. <\/p>","protected":false},"author":1,"featured_media":1793,"parent":0,"template":"","tags":[107],"product-type":[6],"class_list":["post-1792","product","type-product","status-publish","has-post-thumbnail","hentry","tag-pelmeni-making-machine","product-type-pastry-production-machine"],"_links":{"self":[{"href":"https:\/\/topfoodmachine.com\/es\/wp-json\/wp\/v2\/product\/1792","targetHints":{"allow":["GET"]}}],"collection":[{"href":"https:\/\/topfoodmachine.com\/es\/wp-json\/wp\/v2\/product"}],"about":[{"href":"https:\/\/topfoodmachine.com\/es\/wp-json\/wp\/v2\/types\/product"}],"author":[{"embeddable":true,"href":"https:\/\/topfoodmachine.com\/es\/wp-json\/wp\/v2\/users\/1"}],"wp:featuredmedia":[{"embeddable":true,"href":"https:\/\/topfoodmachine.com\/es\/wp-json\/wp\/v2\/media\/1793"}],"wp:attachment":[{"href":"https:\/\/topfoodmachine.com\/es\/wp-json\/wp\/v2\/media?parent=1792"}],"wp:term":[{"taxonomy":"post_tag","embeddable":true,"href":"https:\/\/topfoodmachine.com\/es\/wp-json\/wp\/v2\/tags?post=1792"},{"taxonomy":"product-type","embeddable":true,"href":"https:\/\/topfoodmachine.com\/es\/wp-json\/wp\/v2\/product-type?post=1792"}],"curies":[{"name":"wp","href":"https:\/\/api.w.org\/{rel}","templated":true}]}}