{"id":1784,"date":"2025-02-14T16:15:25","date_gmt":"2025-02-14T08:15:25","guid":{"rendered":"https:\/\/topfoodmachine.com\/?post_type=product&#038;p=1784"},"modified":"2025-02-14T16:17:05","modified_gmt":"2025-02-14T08:17:05","slug":"dough-sheeter-machine","status":"publish","type":"product","link":"https:\/\/topfoodmachine.com\/es\/product\/dough-sheeter-machine\/","title":{"rendered":"m\u00e1quina laminadora de masa"},"content":{"rendered":"<div class=\"kk-star-ratings kksr-auto kksr-align-left kksr-valign-top\"     data-payload='{&quot;align&quot;:&quot;left&quot;,&quot;id&quot;:&quot;1784&quot;,&quot;slug&quot;:&quot;default&quot;,&quot;valign&quot;:&quot;top&quot;,&quot;ignore&quot;:&quot;&quot;,&quot;reference&quot;:&quot;auto&quot;,&quot;class&quot;:&quot;&quot;,&quot;count&quot;:&quot;20&quot;,&quot;legendonly&quot;:&quot;&quot;,&quot;readonly&quot;:&quot;&quot;,&quot;score&quot;:&quot;4.6&quot;,&quot;starsonly&quot;:&quot;&quot;,&quot;best&quot;:&quot;5&quot;,&quot;gap&quot;:&quot;5&quot;,&quot;greet&quot;:&quot;Rate this product&quot;,&quot;legend&quot;:&quot;4.6\\\/5 - (20 votos)&quot;,&quot;size&quot;:&quot;24&quot;,&quot;title&quot;:&quot;Dough sheeter machine&quot;,&quot;width&quot;:&quot;130.9&quot;,&quot;_legend&quot;:&quot;{score}\\\/{best} - ({count} {votes})&quot;,&quot;font_factor&quot;:&quot;1.25&quot;}'>              <div class=\"kksr-stars\">      <div class=\"kksr-stars-inactive\">             <div class=\"kksr-star\" data-star=\"1\" style=\"padding-right: 5px\">               <div class=\"kksr-icon\" style=\"width: 24px; height: 24px;\"><\/div>         <\/div>             <div class=\"kksr-star\" data-star=\"2\" style=\"padding-right: 5px\">               <div class=\"kksr-icon\" style=\"width: 24px; height: 24px;\"><\/div>         <\/div>             <div class=\"kksr-star\" data-star=\"3\" style=\"padding-right: 5px\">               <div class=\"kksr-icon\" style=\"width: 24px; height: 24px;\"><\/div>         <\/div>             <div class=\"kksr-star\" data-star=\"4\" style=\"padding-right: 5px\">               <div class=\"kksr-icon\" style=\"width: 24px; height: 24px;\"><\/div>         <\/div>             <div class=\"kksr-star\" data-star=\"5\" style=\"padding-right: 5px\">               <div class=\"kksr-icon\" style=\"width: 24px; height: 24px;\"><\/div>         <\/div>     <\/div>      <div class=\"kksr-stars-active\" style=\"width: 130.9px;\">             <div class=\"kksr-star\" style=\"padding-right: 5px\">               <div class=\"kksr-icon\" style=\"width: 24px; height: 24px;\"><\/div>         <\/div>             <div class=\"kksr-star\" style=\"padding-right: 5px\">               <div class=\"kksr-icon\" style=\"width: 24px; height: 24px;\"><\/div>         <\/div>             <div class=\"kksr-star\" style=\"padding-right: 5px\">               <div class=\"kksr-icon\" style=\"width: 24px; height: 24px;\"><\/div>         <\/div>             <div class=\"kksr-star\" style=\"padding-right: 5px\">               <div class=\"kksr-icon\" style=\"width: 24px; height: 24px;\"><\/div>         <\/div>             <div class=\"kksr-star\" style=\"padding-right: 5px\">               <div class=\"kksr-icon\" style=\"width: 24px; height: 24px;\"><\/div>         <\/div>     <\/div> <\/div>                   <div class=\"kksr-legend\" style=\"font-size: 19.2px;\">             4,6\/5 - (20 votos)    <\/div>     <\/div>  <p>La m\u00e1quina laminadora de masa puede enrollar sin esfuerzo la masa para las pieles de baozi, envolturas de empanadillas y pieles de wonton. Soporta un tama\u00f1o m\u00e1ximo de enrollado de 17 cm y ofrece tama\u00f1os personalizables para satisfacer diversas necesidades de producci\u00f3n.<\/p>    <p>Con una impresionante producci\u00f3n de 3000-4000 piezas por hora, asegura alta eficiencia. La m\u00e1quina crea masa con un centro m\u00e1s grueso y bordes m\u00e1s finos, entregando la textura perfecta para baozi, empanadillas y envolturas de want\u00e1n. <\/p>    <figure class=\"wp-block-embed is-type-video is-provider-youtube wp-block-embed-youtube wp-embed-aspect-16-9 wp-has-aspect-ratio\"><div class=\"wp-block-embed__wrapper\"> <iframe loading=\"lazy\" title=\"C\u00f3mo funciona la m\u00e1quina de rodillo de masa | Procesamiento de masa f\u00e1cil y eficiente #masa #rodillo #m\u00e1quina de alimentos\" width=\"500\" height=\"281\" src=\"https:\/\/www.youtube.com\/embed\/TiL7Dr69mjg?feature=oembed\" frameborder=\"0\" allow=\"accelerometer; autoplay; clipboard-write; encrypted-media; gyroscope; picture-in-picture; web-share\" referrerpolicy=\"strict-origin-when-cross-origin\" allowfullscreen><\/iframe> <\/div><figcaption class=\"wp-element-caption\">Video de trabajo de la m\u00e1quina de laminado de masa<\/figcaption><\/figure>    <h2 class=\"wp-block-heading\">m\u00e1quina laminadora de masa en venta<\/h2>    <p>La m\u00e1quina de laminado de masa, con un di\u00e1metro de rodado m\u00e1ximo de 17 cm, es capaz de procesar masas de diferentes grosores y tama\u00f1os. Tambi\u00e9n ofrece la flexibilidad de a\u00f1adir ghee, lo que la hace perfecta para crear costras hojaldradas y mantecosas.<\/p>    <p>El dise\u00f1o de la m\u00e1quina ofrece una excelente flexibilidad con diferentes opciones de moldes para lograr un centro grueso y bordes finos o una masa perfectamente plana.<\/p>    <h3 class=\"wp-block-heading\"><strong>Caracter\u00edsticas clave<\/strong><\/h3>    <div class=\"wp-block-media-text is-stacked-on-mobile\"><figure class=\"wp-block-media-text__media\"><img loading=\"lazy\" decoding=\"async\" width=\"720\" height=\"540\" src=\"https:\/\/topfoodmachine.com\/wp-content\/uploads\/2025\/02\/dough-roller.webp\" alt=\"rodillo de masa\" class=\"wp-image-1787 size-full\" srcset=\"https:\/\/topfoodmachine.com\/wp-content\/uploads\/2025\/02\/dough-roller.webp 720w, https:\/\/topfoodmachine.com\/wp-content\/uploads\/2025\/02\/dough-roller-300x225.webp 300w, https:\/\/topfoodmachine.com\/wp-content\/uploads\/2025\/02\/dough-roller-16x12.webp 16w\" sizes=\"auto, (max-width: 720px) 100vw, 720px\" \/><\/figure><div class=\"wp-block-media-text__content\"> <ul class=\"wp-block-list\"> <li><strong>Di\u00e1metro m\u00e1ximo<\/strong>. 17 cm (con un rango de di\u00e1metro de 50-170 mm), principalmente dependiente del ancho de la cinta transportadora.<\/li>    <li><strong>Capacidad de producci\u00f3n.<\/strong> 3000-4000 piezas por hora, o 40-60 piezas por minuto, asegurando alta eficiencia para la producci\u00f3n a gran escala.<\/li>    <li><strong>Efectos de la masa<\/strong>Opciones para crear masa con un centro grueso y bordes finos o masa perfectamente plana seg\u00fan el molde utilizado.<\/li>    <li><strong>Personalizaci\u00f3n.<\/strong> Tama\u00f1os personalizables disponibles, perfectos para diferentes requisitos de producci\u00f3n.<\/li>    <li><strong>Operaci\u00f3n simple.<\/strong> La pista de masa se ajusta regulando la ruta del transportador, asegurando un rodado de masa suave y consistente.<\/li>    <li><strong>Funci\u00f3n \u00fanica.<\/strong> La m\u00e1quina est\u00e1 dise\u00f1ada espec\u00edficamente para el laminado de masa sin otras funciones adicionales.<\/li> <\/ul> <\/div><\/div>    <h2 class=\"wp-block-heading\">Equipos de apoyo de la m\u00e1quina laminadora de masa<\/h2>    <p class=\"translation-block\">La <strong>M\u00e1quina Laminadora de Masa<\/strong> se vuelve a\u00fan m\u00e1s eficiente cuando se empareja con equipos de apoyo como la <strong><a href=\"https:\/\/topfoodmachine.com\/es\/product\/automatic-dough-divider-rounder\/\">M\u00e1quina Divisora de Masa<\/a><\/strong>. <\/p>    <p>Esta combinaci\u00f3n asegura un proceso de producci\u00f3n continuo y de alto volumen al no solo laminar la masa, sino tambi\u00e9n dividirla con precisi\u00f3n en porciones uniformes. <\/p>    <p>Al usar ambas m\u00e1quinas juntas, las empresas pueden mejorar enormemente la productividad y mantener una calidad de masa consistente.<\/p>    <figure class=\"wp-block-image size-full\"><img loading=\"lazy\" decoding=\"async\" width=\"720\" height=\"540\" src=\"https:\/\/topfoodmachine.com\/wp-content\/uploads\/2025\/02\/Dough-Sheeter-Machine-for-sale.webp\" alt=\"M\u00e1quina de laminado de masa en venta\" class=\"wp-image-1790\" srcset=\"https:\/\/topfoodmachine.com\/wp-content\/uploads\/2025\/02\/Dough-Sheeter-Machine-for-sale.webp 720w, https:\/\/topfoodmachine.com\/wp-content\/uploads\/2025\/02\/Dough-Sheeter-Machine-for-sale-300x225.webp 300w, https:\/\/topfoodmachine.com\/wp-content\/uploads\/2025\/02\/Dough-Sheeter-Machine-for-sale-16x12.webp 16w\" sizes=\"auto, (max-width: 720px) 100vw, 720px\" \/><figcaption class=\"wp-element-caption\">M\u00e1quina de laminado de masa en venta<\/figcaption><\/figure>    <h3 class=\"wp-block-heading\">Beneficios clave de combinar la m\u00e1quina laminadora de masa con la m\u00e1quina divisora de masa<\/h3>    <div class=\"wp-block-media-text has-media-on-the-right is-stacked-on-mobile\"><div class=\"wp-block-media-text__content\"> <ul class=\"wp-block-list\"> <li><strong>Porciones uniformes<\/strong>. La M\u00e1quina Divisora de Masa asegura porciones de masa iguales, lo que ayuda a mantener la consistencia en el tama\u00f1o y peso del producto final.<\/li>    <li><strong>Eficiencia aumentada<\/strong>. Juntas, las m\u00e1quinas reducen la mano de obra manual y aceleran la producci\u00f3n, permitiendo una mayor producci\u00f3n en menos tiempo.<\/li>    <li><strong>Mejora de la calidad del producto<\/strong>. Porciones de masa consistentes y un grosor uniforme conducen a resultados m\u00e1s consistentes en productos como pan, bollos o empanadillas.<\/li>    <li><strong>Versatilidad<\/strong>. Estas m\u00e1quinas se pueden utilizar para varios tipos de masa, ya sea para productos de panader\u00eda, empanadillas u otros productos a base de masa.<\/li> <\/ul> <\/div><figure class=\"wp-block-media-text__media\"><img loading=\"lazy\" decoding=\"async\" width=\"720\" height=\"540\" src=\"https:\/\/topfoodmachine.com\/wp-content\/uploads\/2024\/05\/electric-Dough-Divider-Rounder.webp\" alt=\"Divisor redondeador de masa el\u00e9ctrico\" class=\"wp-image-1254 size-full\" srcset=\"https:\/\/topfoodmachine.com\/wp-content\/uploads\/2024\/05\/electric-Dough-Divider-Rounder.webp 720w, https:\/\/topfoodmachine.com\/wp-content\/uploads\/2024\/05\/electric-Dough-Divider-Rounder-300x225.webp 300w, https:\/\/topfoodmachine.com\/wp-content\/uploads\/2024\/05\/electric-Dough-Divider-Rounder-16x12.webp 16w\" sizes=\"auto, (max-width: 720px) 100vw, 720px\" \/><\/figure><\/div>    <h2 class=\"wp-block-heading\">Preguntas frecuentes sobre la m\u00e1quina de rodillo de masa<\/h2>   <div id=\"rank-math-faq\" class=\"rank-math-block\"> <div class=\"rank-math-list\"> <div id=\"faq-question-1739515765950\" class=\"rank-math-list-item\"> <h3 class=\"rank-math-question\">\u00bfQu\u00e9 tipos de masa puede procesar la m\u00e1quina?<\/h3> <div class=\"rank-math-answer\">  <p>La m\u00e1quina es adecuada para una variedad de tipos de masa, incluyendo masa para empanadillas, baozi, envolturas de want\u00e1n y otros productos a base de pasteler\u00eda. Se puede utilizar tanto para masa blanda como firme.<\/p>  <\/div> <\/div> <div id=\"faq-question-1739516000319\" class=\"rank-math-list-item\"> <h3 class=\"rank-math-question\">\u00bfSe puede ajustar el grosor de la hoja de masa?<\/h3> <div class=\"rank-math-answer\">  <p>S\u00ed, el grosor de la hoja de masa se puede ajustar f\u00e1cilmente utilizando la configuraci\u00f3n de la m\u00e1quina. Esto permite personalizar el grosor de la masa para adaptarse a diferentes aplicaciones, como pieles m\u00e1s gruesas para baozi o hojas m\u00e1s delgadas para empanadillas.<\/p>  <\/div> <\/div> <div id=\"faq-question-1739516023109\" class=\"rank-math-list-item\"> <h3 class=\"rank-math-question\">\u00bfC\u00f3mo logra la m\u00e1quina de laminado de masa el efecto de \u2018centro m\u00e1s grueso y bordes m\u00e1s finos\u2019?<\/h3> <div class=\"rank-math-answer\">  <p class=\"translation-block\">La m\u00e1quina utiliza moldes especialmente dise\u00f1ados para crear hojas de masa con un <strong>centro m\u00e1s grueso<\/strong> y <strong>bordes m\u00e1s finos<\/strong>, lo que es ideal para ciertos tipos de empanadillas, pasteles y otros productos.<\/p>  <\/div> <\/div> <div id=\"faq-question-1739516091551\" class=\"rank-math-list-item\"> <h3 class=\"rank-math-question\">\u00bfEs f\u00e1cil de limpiar y mantener la m\u00e1quina?<\/h3> <div class=\"rank-math-answer\">  <p>S\u00ed, la m\u00e1quina de laminado de masa est\u00e1 dise\u00f1ada para un f\u00e1cil mantenimiento. Los componentes son f\u00e1cilmente accesibles para la limpieza, asegurando que pueda mantener los est\u00e1ndares de higiene y prolongar la vida \u00fatil de la m\u00e1quina.<\/p>  <\/div> <\/div> <\/div> <\/div>   <figure class=\"wp-block-image size-full\"><img loading=\"lazy\" decoding=\"async\" width=\"720\" height=\"540\" src=\"https:\/\/topfoodmachine.com\/wp-content\/uploads\/2025\/02\/dough.webp\" alt=\"masa\" class=\"wp-image-1791\" srcset=\"https:\/\/topfoodmachine.com\/wp-content\/uploads\/2025\/02\/dough.webp 720w, https:\/\/topfoodmachine.com\/wp-content\/uploads\/2025\/02\/dough-300x225.webp 300w, https:\/\/topfoodmachine.com\/wp-content\/uploads\/2025\/02\/dough-16x12.webp 16w\" sizes=\"auto, (max-width: 720px) 100vw, 720px\" \/><figcaption class=\"wp-element-caption\">masa<\/figcaption><\/figure>    <h2 class=\"wp-block-heading\">Caso exitoso de masa <a href=\"https:\/\/en.wikipedia.org\/wiki\/Roller\" data-type=\"link\" data-id=\"https:\/\/en.wikipedia.org\/wiki\/Roller\" target=\"_blank\" rel=\"noopener\">rodillo<\/a><\/h2>    <p class=\"translation-block\">Una empresa de alimentos, con sede en los <strong>EE. UU.<\/strong>, se especializa en la producci\u00f3n de baozi y empanadillas, pero enfrent\u00f3 problemas con el grosor desigual de la masa y baja eficiencia de producci\u00f3n. Estaban buscando una m\u00e1quina de laminado de masa de alta eficiencia para garantizar una calidad de masa consistente.<\/p>    <p>Despu\u00e9s de entender las necesidades del cliente, recomendamos la m\u00e1quina de laminado de masa, que permite un ajuste preciso del grosor de la masa, adecuada para producci\u00f3n a gran escala. Abordamos las preocupaciones del cliente sobre la producci\u00f3n y la facilidad de operaci\u00f3n<\/p>    <p>Despu\u00e9s de la implementaci\u00f3n, esta empresa de alimentos aument\u00f3 la producci\u00f3n, con una calidad de masa consistente. La eficiencia de producci\u00f3n mejor\u00f3 en un 30%, y el cliente estaba muy satisfecho con el rendimiento de la m\u00e1quina y los resultados de la masa.<\/p>    <figure class=\"wp-block-gallery has-nested-images columns-default is-cropped wp-block-gallery-2 is-layout-flex wp-block-gallery-is-layout-flex\"> <figure class=\"wp-block-image size-large\"><img loading=\"lazy\" decoding=\"async\" width=\"720\" height=\"540\" data-id=\"1788\" src=\"https:\/\/topfoodmachine.com\/wp-content\/uploads\/2025\/02\/dough-roller-details.webp\" alt=\"detalles del rodillo de masa\" class=\"wp-image-1788\" srcset=\"https:\/\/topfoodmachine.com\/wp-content\/uploads\/2025\/02\/dough-roller-details.webp 720w, https:\/\/topfoodmachine.com\/wp-content\/uploads\/2025\/02\/dough-roller-details-300x225.webp 300w, https:\/\/topfoodmachine.com\/wp-content\/uploads\/2025\/02\/dough-roller-details-16x12.webp 16w\" sizes=\"auto, (max-width: 720px) 100vw, 720px\" \/><figcaption class=\"wp-element-caption\">detalles del rodillo de masa<\/figcaption><\/figure>    <figure class=\"wp-block-image size-large\"><img loading=\"lazy\" decoding=\"async\" width=\"720\" height=\"540\" data-id=\"1789\" src=\"https:\/\/topfoodmachine.com\/wp-content\/uploads\/2025\/02\/Dough-Sheeter-Machine-price.webp\" alt=\"Precio de la m\u00e1quina de laminado de masa\" class=\"wp-image-1789\" srcset=\"https:\/\/topfoodmachine.com\/wp-content\/uploads\/2025\/02\/Dough-Sheeter-Machine-price.webp 720w, https:\/\/topfoodmachine.com\/wp-content\/uploads\/2025\/02\/Dough-Sheeter-Machine-price-300x225.webp 300w, https:\/\/topfoodmachine.com\/wp-content\/uploads\/2025\/02\/Dough-Sheeter-Machine-price-16x12.webp 16w\" sizes=\"auto, (max-width: 720px) 100vw, 720px\" \/><figcaption class=\"wp-element-caption\">Precio de la m\u00e1quina de laminado de masa<\/figcaption><\/figure> <\/figure>    <h2 class=\"wp-block-heading\">Conclusi\u00f3n<\/h2>    <p class=\"translation-block\">En conclusi\u00f3n, la <strong>m\u00e1quina de laminado de masa<\/strong> es una herramienta esencial para las empresas que buscan mejorar la eficiencia del procesamiento de masa mientras mantienen resultados de alta calidad. Con su capacidad para producir un grosor de masa consistente y manejar una producci\u00f3n de alto volumen, es perfecta para panader\u00edas, restaurantes y fabricantes de alimentos. <\/p>    <p class=\"translation-block\">Para m\u00e1s informaci\u00f3n o para preguntar sobre precios, no dude en <strong>contactarnos<\/strong>. Estamos felices de ayudarle con cualquier pregunta y proporcionar una soluci\u00f3n adaptada a las necesidades de su negocio.<\/p>","protected":false},"excerpt":{"rendered":"<p>La m\u00e1quina laminadora de masa puede enrollar sin esfuerzo la masa para las pieles de baozi, envolturas de empanadillas y pieles de wonton. Soporta un tama\u00f1o m\u00e1ximo de enrollado de 17 cm y ofrece tama\u00f1os personalizables para satisfacer diversas necesidades de producci\u00f3n.<\/p>","protected":false},"author":1,"featured_media":1786,"parent":0,"template":"","tags":[106],"product-type":[6],"class_list":["post-1784","product","type-product","status-publish","has-post-thumbnail","hentry","tag-dough-sheeter-machine","product-type-pastry-production-machine"],"_links":{"self":[{"href":"https:\/\/topfoodmachine.com\/es\/wp-json\/wp\/v2\/product\/1784","targetHints":{"allow":["GET"]}}],"collection":[{"href":"https:\/\/topfoodmachine.com\/es\/wp-json\/wp\/v2\/product"}],"about":[{"href":"https:\/\/topfoodmachine.com\/es\/wp-json\/wp\/v2\/types\/product"}],"author":[{"embeddable":true,"href":"https:\/\/topfoodmachine.com\/es\/wp-json\/wp\/v2\/users\/1"}],"wp:featuredmedia":[{"embeddable":true,"href":"https:\/\/topfoodmachine.com\/es\/wp-json\/wp\/v2\/media\/1786"}],"wp:attachment":[{"href":"https:\/\/topfoodmachine.com\/es\/wp-json\/wp\/v2\/media?parent=1784"}],"wp:term":[{"taxonomy":"post_tag","embeddable":true,"href":"https:\/\/topfoodmachine.com\/es\/wp-json\/wp\/v2\/tags?post=1784"},{"taxonomy":"product-type","embeddable":true,"href":"https:\/\/topfoodmachine.com\/es\/wp-json\/wp\/v2\/product-type?post=1784"}],"curies":[{"name":"wp","href":"https:\/\/api.w.org\/{rel}","templated":true}]}}