{"id":176,"date":"2022-07-20T07:26:08","date_gmt":"2022-07-20T07:26:08","guid":{"rendered":"https:\/\/topfoodmachine.com\/?post_type=product&#038;p=176"},"modified":"2025-11-24T11:33:05","modified_gmt":"2025-11-24T03:33:05","slug":"garlic-peeling-machine","status":"publish","type":"product","link":"https:\/\/topfoodmachine.com\/es\/product\/garlic-peeling-machine\/","title":{"rendered":"Peladora de ajos"},"content":{"rendered":"<div class=\"kk-star-ratings kksr-auto kksr-align-left kksr-valign-top\"     data-payload='{&quot;align&quot;:&quot;left&quot;,&quot;id&quot;:&quot;176&quot;,&quot;slug&quot;:&quot;default&quot;,&quot;valign&quot;:&quot;top&quot;,&quot;ignore&quot;:&quot;&quot;,&quot;reference&quot;:&quot;auto&quot;,&quot;class&quot;:&quot;&quot;,&quot;count&quot;:&quot;14&quot;,&quot;legendonly&quot;:&quot;&quot;,&quot;readonly&quot;:&quot;&quot;,&quot;score&quot;:&quot;4.7&quot;,&quot;starsonly&quot;:&quot;&quot;,&quot;best&quot;:&quot;5&quot;,&quot;gap&quot;:&quot;5&quot;,&quot;greet&quot;:&quot;Rate this product&quot;,&quot;legend&quot;:&quot;4.7\\\/5 - (14 votos)&quot;,&quot;size&quot;:&quot;24&quot;,&quot;title&quot;:&quot;Garlic Peeling Machine&quot;,&quot;width&quot;:&quot;133.8&quot;,&quot;_legend&quot;:&quot;{score}\\\/{best} - ({count} {votes})&quot;,&quot;font_factor&quot;:&quot;1.25&quot;}'>              <div class=\"kksr-stars\">      <div class=\"kksr-stars-inactive\">             <div class=\"kksr-star\" data-star=\"1\" style=\"padding-right: 5px\">               <div class=\"kksr-icon\" style=\"width: 24px; height: 24px;\"><\/div>         <\/div>             <div class=\"kksr-star\" data-star=\"2\" style=\"padding-right: 5px\">               <div class=\"kksr-icon\" style=\"width: 24px; height: 24px;\"><\/div>         <\/div>             <div class=\"kksr-star\" data-star=\"3\" style=\"padding-right: 5px\">               <div class=\"kksr-icon\" style=\"width: 24px; height: 24px;\"><\/div>         <\/div>             <div class=\"kksr-star\" data-star=\"4\" style=\"padding-right: 5px\">               <div class=\"kksr-icon\" style=\"width: 24px; height: 24px;\"><\/div>         <\/div>             <div class=\"kksr-star\" data-star=\"5\" style=\"padding-right: 5px\">               <div class=\"kksr-icon\" style=\"width: 24px; height: 24px;\"><\/div>         <\/div>     <\/div>      <div class=\"kksr-stars-active\" style=\"width: 133.8px;\">             <div class=\"kksr-star\" style=\"padding-right: 5px\">               <div class=\"kksr-icon\" style=\"width: 24px; height: 24px;\"><\/div>         <\/div>             <div class=\"kksr-star\" style=\"padding-right: 5px\">               <div class=\"kksr-icon\" style=\"width: 24px; height: 24px;\"><\/div>         <\/div>             <div class=\"kksr-star\" style=\"padding-right: 5px\">               <div class=\"kksr-icon\" style=\"width: 24px; height: 24px;\"><\/div>         <\/div>             <div class=\"kksr-star\" style=\"padding-right: 5px\">               <div class=\"kksr-icon\" style=\"width: 24px; height: 24px;\"><\/div>         <\/div>             <div class=\"kksr-star\" style=\"padding-right: 5px\">               <div class=\"kksr-icon\" style=\"width: 24px; height: 24px;\"><\/div>         <\/div>     <\/div> <\/div>                   <div class=\"kksr-legend\" style=\"font-size: 19.2px;\">             4,7\/5 - (14 votos)    <\/div>     <\/div>  <p class=\"translation-block\">La <strong>m\u00e1quina peladora de ajo<\/strong> es una soluci\u00f3n de alta eficiencia para un pelado limpio e higi\u00e9nico del ajo seco, adecuada para f\u00e1bricas de alimentos, granjas, restaurantes y mercados. Ofrecemos dos modelos: una unidad peque\u00f1a con una capacidad de <strong>60\u2013300 kg\/h<\/strong> para peque\u00f1os procesadores, y una unidad grande totalmente autom\u00e1tica con una capacidad de <strong>200\u20131000 kg\/h<\/strong> para producci\u00f3n continua y de alto volumen.<\/p>    <p class=\"translation-block\">Utilizando tecnolog\u00eda neum\u00e1tica seca avanzada, la m\u00e1quina pela el ajo sin agua y logra una <strong>tasa de pelado del 95\u201398%<\/strong> con da\u00f1os m\u00ednimos en los dientes. Su construcci\u00f3n en acero inoxidable 304 garantiza durabilidad, f\u00e1cil limpieza y pleno cumplimiento de las normas de seguridad alimentaria. En comparaci\u00f3n con el pelado manual, aumenta significativamente la eficiencia y reduce los costos laborales.<\/p>    <p>Todos los modelos soportan personalizaci\u00f3n en voltaje, capacidad y material. Con precios competitivos y rendimiento confiable, la m\u00e1quina peladora de ajo es una excelente opci\u00f3n para ampliar su negocio de procesamiento de ajo. Cont\u00e1ctenos para soluciones a medida y cotizaciones.<\/p>    <figure class=\"wp-block-embed is-type-video is-provider-youtube wp-block-embed-youtube wp-embed-aspect-9-16 wp-has-aspect-ratio\"><div class=\"wp-block-embed__wrapper\"> <iframe loading=\"lazy\" title=\"Automatic Garlic Peeling Line \u2013 Continuous Feeding &amp; Perfect Clove Integrity! #garlic #peeling\" width=\"422\" height=\"750\" src=\"https:\/\/www.youtube.com\/embed\/VhptQyFim8Y?feature=oembed\" frameborder=\"0\" allow=\"accelerometer; autoplay; clipboard-write; encrypted-media; gyroscope; picture-in-picture; web-share\" referrerpolicy=\"strict-origin-when-cross-origin\" allowfullscreen><\/iframe> <\/div><figcaption class=\"wp-element-caption\">Video de funcionamiento de la m\u00e1quina peladora de ajo<\/figcaption><\/figure>    <h2 class=\"wp-block-heading\">\u00bfPor qu\u00e9 necesitas comprar un <a href=\"https:\/\/en.wikipedia.org\/wiki\/Garlic\" data-type=\"link\" data-id=\"https:\/\/en.wikipedia.org\/wiki\/Garlic\" target=\"_blank\" rel=\"noopener\">ajo<\/a> \u00bfm\u00e1quina peladora?<\/h2>    <div class=\"wp-block-media-text is-stacked-on-mobile\"><figure class=\"wp-block-media-text__media\"><img loading=\"lazy\" decoding=\"async\" width=\"720\" height=\"540\" src=\"https:\/\/topfoodmachine.com\/wp-content\/uploads\/2022\/07\/garlic-peeler-for-sale.webp\" alt=\"pelador de ajo en venta\" class=\"wp-image-1427 size-full\" srcset=\"https:\/\/topfoodmachine.com\/wp-content\/uploads\/2022\/07\/garlic-peeler-for-sale.webp 720w, https:\/\/topfoodmachine.com\/wp-content\/uploads\/2022\/07\/garlic-peeler-for-sale-300x225.webp 300w, https:\/\/topfoodmachine.com\/wp-content\/uploads\/2022\/07\/garlic-peeler-for-sale-16x12.webp 16w\" sizes=\"auto, (max-width: 720px) 100vw, 720px\" \/><\/figure><div class=\"wp-block-media-text__content\"> <ul class=\"wp-block-list\"> <li><strong>Alta eficiencia para producci\u00f3n a gran escala<\/strong> <ul class=\"wp-block-list\"> <li>La alimentaci\u00f3n continua mediante cinta transportadora de cadena permite una operaci\u00f3n totalmente autom\u00e1tica, con una producci\u00f3n de hasta <strong>1000 kg\/h<\/strong>, ideal para procesamiento industrial.<\/li> <\/ul> <\/li>    <li><strong>Rendimiento de pelado sobresaliente (95%\u201398%)<\/strong> <ul class=\"wp-block-list\"> <li>Ofrece una alta tasa de pelado manteniendo los dientes de ajo enteros y sin da\u00f1os, asegurando un mayor rendimiento \u00fatil y reduciendo el desperdicio de materia prima.<\/li> <\/ul> <\/li>    <li><strong>Alimentaci\u00f3n suave, estable y ajustable<\/strong> <ul class=\"wp-block-list\"> <li>La alimentaci\u00f3n mediante cadena es constante y ajustable, perfecta para integrarse con separadores de ajo, clasificadores y m\u00e1quinas de envasado en l\u00edneas de producci\u00f3n automatizadas.<\/li> <\/ul> <\/li> <\/ul> <\/div><\/div>    <div class=\"wp-block-media-text has-media-on-the-right is-stacked-on-mobile\"><div class=\"wp-block-media-text__content\"> <ul class=\"wp-block-list\"> <li><strong>Pelado neum\u00e1tico seco\u2014No se requiere agua<\/strong><br>Previene moho, deterioro y decoloraci\u00f3n. Mantiene la apariencia y calidad natural del ajo, especialmente importante para mercados de exportaci\u00f3n.<\/li>    <li><strong>Duradera y f\u00e1cil de mantener<\/strong><br>Construida con acero inoxidable SUS304 para resistencia a la corrosi\u00f3n y higiene. Dise\u00f1o de bajo mantenimiento con menos piezas de desgaste.<\/li>    <li><strong>Compatible con est\u00e1ndares de voltaje global<\/strong><br>Soporta <strong>110V \/ 220V \/ 380V<\/strong>, adecuada para diferentes pa\u00edses, con opciones de personalizaci\u00f3n para adaptarse a las necesidades espec\u00edficas de la f\u00e1brica.<\/li> <\/ul> <\/div><figure class=\"wp-block-media-text__media\"><img loading=\"lazy\" decoding=\"async\" width=\"720\" height=\"540\" src=\"https:\/\/topfoodmachine.com\/wp-content\/uploads\/2022\/07\/garlic-peeler-for-business.webp\" alt=\"pelador de ajo para negocios\" class=\"wp-image-1426 size-full\" srcset=\"https:\/\/topfoodmachine.com\/wp-content\/uploads\/2022\/07\/garlic-peeler-for-business.webp 720w, https:\/\/topfoodmachine.com\/wp-content\/uploads\/2022\/07\/garlic-peeler-for-business-300x225.webp 300w, https:\/\/topfoodmachine.com\/wp-content\/uploads\/2022\/07\/garlic-peeler-for-business-16x12.webp 16w\" sizes=\"auto, (max-width: 720px) 100vw, 720px\" \/><\/figure><\/div>    <h2 class=\"wp-block-heading\">Se vende peladora de ajos peque\u00f1a<\/h2>    <p>Esta m\u00e1quina peladora de ajo tiene un tama\u00f1o peque\u00f1o y un buen rendimiento. Es ideal para plantas de procesamiento de vegetales, tiendas de vegetales, restaurantes, familias, etc. <\/p>    <p>Hay tres modelos de esta m\u00e1quina en nuestra f\u00e1brica, TZ-100, TZ-150 y TZ-300. Tienen diferentes capacidades de producci\u00f3n, tama\u00f1os, pesos, etc. La capacidad de este pelador de ajo puede alcanzar 300 kg por hora. <\/p>    <p>La m\u00e1quina necesita estar equipada con un compresor de aire. Y pueden pelar cebollas de menos de 4 cm de di\u00e1metro. Para precios detallados de la m\u00e1quina peladora peque\u00f1a, puede contactarnos en cualquier momento.<\/p>    <figure class=\"wp-block-image size-full\"><img loading=\"lazy\" decoding=\"async\" width=\"720\" height=\"540\" src=\"https:\/\/topfoodmachine.com\/wp-content\/uploads\/2022\/07\/garlic-peeling-machine.jpg\" alt=\"peladora de ajos\" class=\"wp-image-178\" srcset=\"https:\/\/topfoodmachine.com\/wp-content\/uploads\/2022\/07\/garlic-peeling-machine.jpg 720w, https:\/\/topfoodmachine.com\/wp-content\/uploads\/2022\/07\/garlic-peeling-machine-300x225.jpg 300w\" sizes=\"auto, (max-width: 720px) 100vw, 720px\" \/><figcaption class=\"wp-element-caption\">m\u00e1quina peladora de ajo peque\u00f1a<\/figcaption><\/figure>    <h2 class=\"wp-block-heading\">Datos t\u00e9cnicos de la peladora autom\u00e1tica de ajos Taizy<\/h2>    <figure class=\"wp-block-table\"><table><tbody><tr><td>Modelo<\/td><td>TZ-100<\/td><td>TZ-150<\/td><td>TZ-300<\/td><\/tr><tr><td>Capacidad<\/td><td>60-100kg\/hora<\/td><td>100-150kg\/hora<\/td><td>200-300kg\/hora<\/td><\/tr><tr><td>Flujo de aire<\/td><td>1,05 m\u00b3\/min<\/td><td>1,60 m\u00b3\/min<\/td><td>4m\u00b3\/min<\/td><\/tr><tr><td>Con poder a\u00e9reo<\/td><td>5,5-7,5 kw<\/td><td>7,5-11kw<\/td><td>15kW<\/td><\/tr><tr><td>Con presi\u00f3n de aire<\/td><td>7-9g\/c\u33a1<\/td><td>7-9g\/c\u33a1<\/td><td>7-9g\/c\u33a1<\/td><\/tr><tr><td>Poder total<\/td><td>0,2 kw<\/td><td>0,2 kw<\/td><td>0,4 kw<\/td><\/tr><tr><td>Tasa de pelado<\/td><td>95-98%<\/td><td>95-98%<\/td><td>95-98%<\/td><\/tr><tr><td>Tama\u00f1o<\/td><td>600*600*1350mm<\/td><td>650*950*1750mm<\/td><td>650*950*1750mm<\/td><\/tr><tr><td>Peso<\/td><td>650 kilos<\/td><td>800 kilos<\/td><td>850 kilos<\/td><\/tr><\/tbody><\/table><figcaption class=\"wp-element-caption\">par\u00e1metros de la m\u00e1quina peladora de ajo<\/figcaption><\/figure>    <h2 class=\"wp-block-heading\">M\u00e1quina peladora de ajo de alta capacidad en venta<\/h2>    <p>Esta m\u00e1quina peladora de ajo de tipo cadena es totalmente autom\u00e1tica y eficiente. Su capacidad de procesamiento var\u00eda de 200 kg por hora a 1000 kg por hora. Esta m\u00e1quina removedora de piel de ajo tiene la funci\u00f3n de separaci\u00f3n, alimentaci\u00f3n y pelado totalmente autom\u00e1ticas. La piel y el ajo se separan sin ning\u00fan da\u00f1o. <\/p>    <p>Con una estructura simple y un dise\u00f1o excelente, es muy f\u00e1cil de operar y mantener. Adem\u00e1s, el pelador de ajo comercial utiliza el principio neum\u00e1tico, los dientes de ajo pueden ser divididos y pelados sin necesidad de remojarlos en agua.<\/p>    <figure class=\"wp-block-image size-full\"><img loading=\"lazy\" decoding=\"async\" width=\"720\" height=\"540\" src=\"https:\/\/topfoodmachine.com\/wp-content\/uploads\/2022\/07\/high-capacity-chain-type-garlic-peeler.jpg\" alt=\"pelador de ajo de tipo cadena de alta capacidad\" class=\"wp-image-180\" srcset=\"https:\/\/topfoodmachine.com\/wp-content\/uploads\/2022\/07\/high-capacity-chain-type-garlic-peeler.jpg 720w, https:\/\/topfoodmachine.com\/wp-content\/uploads\/2022\/07\/high-capacity-chain-type-garlic-peeler-300x225.jpg 300w\" sizes=\"auto, (max-width: 720px) 100vw, 720px\" \/><figcaption class=\"wp-element-caption\">pelador de ajo de tipo cadena de alta capacidad<\/figcaption><\/figure>    <h2 class=\"wp-block-heading\">Par\u00e1metros de la peladora de ajos totalmente autom\u00e1tica<\/h2>    <figure class=\"wp-block-table\"><table><tbody><tr><td>Modelo<\/td><td>Voltaje<\/td><td>Fuerza<\/td><td>Dimensi\u00f3n (mm)<\/td><td>Capacidad<\/td><\/tr><tr><td>SL-200<\/td><td>110-220-380v<\/td><td>1100W<\/td><td>1300*550*1400<\/td><td>200kg\/h<\/td><\/tr><tr><td>SL-400<\/td><td>110-220-380v<\/td><td>1200W<\/td><td>1620*550*1400<\/td><td>400kg\/h<\/td><\/tr><tr><td>SL-600<\/td><td>110-220-380v<\/td><td>1500W<\/td><td>1820*600*1400<\/td><td>600kg\/hora<\/td><\/tr><tr><td>SL-1000<\/td><td>110-220-380v<\/td><td>3000W<\/td><td>2800*980*1700<\/td><td>1000kg\/hora<\/td><\/tr><\/tbody><\/table><figcaption class=\"wp-element-caption\">m\u00e1quina peladora de ajo totalmente autom\u00e1tica<\/figcaption><\/figure>    <h2 class=\"wp-block-heading\">\u00bfC\u00f3mo funciona la m\u00e1quina peladora de ajo?<\/h2>    <div class=\"wp-block-media-text is-stacked-on-mobile\"><figure class=\"wp-block-media-text__media\"><img loading=\"lazy\" decoding=\"async\" width=\"720\" height=\"540\" src=\"https:\/\/topfoodmachine.com\/wp-content\/uploads\/2022\/07\/garlic-peeler.webp\" alt=\"pelador de ajos\" class=\"wp-image-1428 size-full\" srcset=\"https:\/\/topfoodmachine.com\/wp-content\/uploads\/2022\/07\/garlic-peeler.webp 720w, https:\/\/topfoodmachine.com\/wp-content\/uploads\/2022\/07\/garlic-peeler-300x225.webp 300w, https:\/\/topfoodmachine.com\/wp-content\/uploads\/2022\/07\/garlic-peeler-16x12.webp 16w\" sizes=\"auto, (max-width: 720px) 100vw, 720px\" \/><\/figure><div class=\"wp-block-media-text__content\"> <ul class=\"wp-block-list\"> <li><strong>Alimentaci\u00f3n por cinta transportadora<\/strong> <ul class=\"wp-block-list\"> <li>Los dientes de ajo preprocesados o separados se entregan en la cinta transportadora de cadena, que los desplaza hacia adelante a una velocidad estable y controlada.<\/li> <\/ul> <\/li>    <li><strong>Pelado neum\u00e1tico seco<\/strong> <ul class=\"wp-block-list\"> <li>Al ingresar en la c\u00e1mara de pelado, el aire comprimido de alta velocidad y un tambor giratorio con componentes de fricci\u00f3n suave eliminan las pieles r\u00e1pidamente y sin da\u00f1ar los dientes.<\/li> <\/ul> <\/li>    <li><strong>Separaci\u00f3n autom\u00e1tica de piel y descarga<\/strong> <ul class=\"wp-block-list\"> <li>El flujo de aire transporta las pieles desprendidas a trav\u00e9s de una salida, mientras que los dientes de ajo limpios y pelados se descargan suavemente para el siguiente paso del proceso.<\/li> <\/ul> <\/li> <\/ul> <\/div><\/div>    <h2 class=\"wp-block-heading\">M\u00e1quina de soporte del pelador de ajo<\/h2>    <p class=\"translation-block\">El pelador de ajo se empareja perfectamente con la <a href=\"https:\/\/topfoodmachine.com\/es\/product\/garlic-bulb-separating-machine\/\" data-type=\"link\" data-id=\"https:\/\/topfoodmachine.com\/product\/garlic-bulb-separating-machine\/\">M\u00e1quina Separadora de Bulbos de Ajo<\/a>, mejorando la eficiencia del procesamiento de ajo. Mientras que el pelador elimina las pieles de manera r\u00e1pida y precisa, la M\u00e1quina Separadora acelera la separaci\u00f3n de los bulbos, optimizando la producci\u00f3n. <\/p>    <p>Juntos, optimizan el flujo de trabajo, reducen la mano de obra y maximizan la producci\u00f3n. Descubre c\u00f3mo esta soluci\u00f3n integrada puede elevar tus operaciones de procesamiento de ajo. Cont\u00e1ctanos hoy para saber m\u00e1s sobre nuestro equipo de procesamiento de ajo.<\/p>    <figure class=\"wp-block-image size-full\"><img loading=\"lazy\" decoding=\"async\" width=\"720\" height=\"540\" src=\"https:\/\/topfoodmachine.com\/wp-content\/uploads\/2024\/05\/1000-Garlic-Clove-Separating-Machine.webp\" alt=\"M\u00e1quina separadora de dientes de ajo de 1000\" class=\"wp-image-1347\" srcset=\"https:\/\/topfoodmachine.com\/wp-content\/uploads\/2024\/05\/1000-Garlic-Clove-Separating-Machine.webp 720w, https:\/\/topfoodmachine.com\/wp-content\/uploads\/2024\/05\/1000-Garlic-Clove-Separating-Machine-300x225.webp 300w, https:\/\/topfoodmachine.com\/wp-content\/uploads\/2024\/05\/1000-Garlic-Clove-Separating-Machine-16x12.webp 16w\" sizes=\"auto, (max-width: 720px) 100vw, 720px\" \/><figcaption class=\"wp-element-caption\">M\u00e1quina separadora de dientes de ajo de 1000<\/figcaption><\/figure>    <h2 class=\"wp-block-heading\">\u00bfPor qu\u00e9 elegirnos como su principal proveedor de m\u00e1quinas peladoras de ajo? &nbsp;<\/h2>    <p>Fundada en 2011, Taizy es un fabricante y exportador integral de m\u00e1quinas de procesamiento de alimentos. Nuestros productos se han exportado con \u00e9xito a m\u00e1s de 80 pa\u00edses y regiones. La m\u00e1quina peladora de ajo es uno de nuestros productos m\u00e1s populares. <\/p>    <p>Actualmente, hay principalmente dos tipos de m\u00e1quinas peladoras de ajo Taizy a la venta, un pelador de ajo peque\u00f1o y una m\u00e1quina peladora de ajo industrial de alta capacidad. Ambas disfrutan de buena calidad y buen precio. Y son adecuadas para diferentes requisitos y presupuestos de pelado de ajo. <\/p>    <p>\u00bfQuieres saber m\u00e1s detalles sobre estas m\u00e1quinas? Ponte en contacto con nosotros hoy para obtener la informaci\u00f3n m\u00e1s reciente y el mejor precio.<\/p>    <div class=\"wp-block-columns is-layout-flex wp-container-core-columns-is-layout-28f84493 wp-block-columns-is-layout-flex\"> <div class=\"wp-block-column is-layout-flow wp-block-column-is-layout-flow\"> <figure class=\"wp-block-image size-full\"><img loading=\"lazy\" decoding=\"async\" width=\"720\" height=\"540\" src=\"https:\/\/topfoodmachine.com\/wp-content\/uploads\/2022\/07\/small-garlic-peeling-machine-factory.jpg\" alt=\"f\u00e1brica de m\u00e1quinas peladoras de ajo peque\u00f1as\" class=\"wp-image-382\" srcset=\"https:\/\/topfoodmachine.com\/wp-content\/uploads\/2022\/07\/small-garlic-peeling-machine-factory.jpg 720w, https:\/\/topfoodmachine.com\/wp-content\/uploads\/2022\/07\/small-garlic-peeling-machine-factory-300x225.jpg 300w\" sizes=\"auto, (max-width: 720px) 100vw, 720px\" \/><figcaption class=\"wp-element-caption\">f\u00e1brica de m\u00e1quinas peladoras de ajo peque\u00f1as<\/figcaption><\/figure> <\/div>    <div class=\"wp-block-column is-layout-flow wp-block-column-is-layout-flow\"> <figure class=\"wp-block-image size-full\"><img loading=\"lazy\" decoding=\"async\" width=\"720\" height=\"540\" src=\"https:\/\/topfoodmachine.com\/wp-content\/uploads\/2022\/07\/large-automatic-garlic-peeler.jpg\" alt=\"pelador de ajo autom\u00e1tico grande\" class=\"wp-image-384\" srcset=\"https:\/\/topfoodmachine.com\/wp-content\/uploads\/2022\/07\/large-automatic-garlic-peeler.jpg 720w, https:\/\/topfoodmachine.com\/wp-content\/uploads\/2022\/07\/large-automatic-garlic-peeler-300x225.jpg 300w\" sizes=\"auto, (max-width: 720px) 100vw, 720px\" \/><figcaption class=\"wp-element-caption\">pelador de ajo autom\u00e1tico grande<\/figcaption><\/figure> <\/div> <\/div>    <h2 class=\"wp-block-heading\">\u00a1Cont\u00e1ctenos ahora!<\/h2>    <p>La m\u00e1quina peladora de ajo no solo maneja eficientemente las tareas de pelado de ajo, sino que tambi\u00e9n aumenta significativamente la eficiencia de producci\u00f3n. Con su dise\u00f1o avanzado y rendimiento confiable, se presenta como la opci\u00f3n ideal para el procesamiento de pelado de ajo. <\/p>    <p>Si buscas un equipo que ahorre tiempo, aumente la producci\u00f3n y garantice calidad, nuestra m\u00e1quina peladora de ajo es tu mejor opci\u00f3n. Cont\u00e1ctanos ahora para saber m\u00e1s o programar una prueba, y optimiza tu proceso de producci\u00f3n con eficiencia y facilidad.<\/p>    <figure class=\"wp-block-image size-full\"><img loading=\"lazy\" decoding=\"async\" width=\"720\" height=\"540\" src=\"https:\/\/topfoodmachine.com\/wp-content\/uploads\/2022\/07\/automatic-garlic-peeler.webp\" alt=\"pelador de ajo autom\u00e1tico\" class=\"wp-image-1425\" srcset=\"https:\/\/topfoodmachine.com\/wp-content\/uploads\/2022\/07\/automatic-garlic-peeler.webp 720w, https:\/\/topfoodmachine.com\/wp-content\/uploads\/2022\/07\/automatic-garlic-peeler-300x225.webp 300w, https:\/\/topfoodmachine.com\/wp-content\/uploads\/2022\/07\/automatic-garlic-peeler-16x12.webp 16w\" sizes=\"auto, (max-width: 720px) 100vw, 720px\" \/><figcaption class=\"wp-element-caption\">pelador de ajo autom\u00e1tico<\/figcaption><\/figure>","protected":false},"excerpt":{"rendered":"<p>La M\u00e1quina de Pelado de Ajo es un dispositivo de alta eficiencia para el pelado limpio e higi\u00e9nico del ajo seco, adecuado para f\u00e1bricas de alimentos, granjas, restaurantes y mercados.<\/p>","protected":false},"author":1,"featured_media":178,"parent":0,"template":"","tags":[15,33,49],"product-type":[3],"class_list":["post-176","product","type-product","status-publish","has-post-thumbnail","hentry","tag-fruit-vegetable-processing-machine","tag-garlic","tag-peeling-machine","product-type-fruit-vegetable-processing-machine"],"_links":{"self":[{"href":"https:\/\/topfoodmachine.com\/es\/wp-json\/wp\/v2\/product\/176","targetHints":{"allow":["GET"]}}],"collection":[{"href":"https:\/\/topfoodmachine.com\/es\/wp-json\/wp\/v2\/product"}],"about":[{"href":"https:\/\/topfoodmachine.com\/es\/wp-json\/wp\/v2\/types\/product"}],"author":[{"embeddable":true,"href":"https:\/\/topfoodmachine.com\/es\/wp-json\/wp\/v2\/users\/1"}],"wp:featuredmedia":[{"embeddable":true,"href":"https:\/\/topfoodmachine.com\/es\/wp-json\/wp\/v2\/media\/178"}],"wp:attachment":[{"href":"https:\/\/topfoodmachine.com\/es\/wp-json\/wp\/v2\/media?parent=176"}],"wp:term":[{"taxonomy":"post_tag","embeddable":true,"href":"https:\/\/topfoodmachine.com\/es\/wp-json\/wp\/v2\/tags?post=176"},{"taxonomy":"product-type","embeddable":true,"href":"https:\/\/topfoodmachine.com\/es\/wp-json\/wp\/v2\/product-type?post=176"}],"curies":[{"name":"wp","href":"https:\/\/api.w.org\/{rel}","templated":true}]}}