{"id":1744,"date":"2025-02-05T17:20:54","date_gmt":"2025-02-05T09:20:54","guid":{"rendered":"https:\/\/topfoodmachine.com\/?post_type=product&#038;p=1744"},"modified":"2025-02-06T09:36:08","modified_gmt":"2025-02-06T01:36:08","slug":"automatic-dumpling-making-machine","status":"publish","type":"product","link":"https:\/\/topfoodmachine.com\/es\/product\/automatic-dumpling-making-machine\/","title":{"rendered":"M\u00e1quina autom\u00e1tica para hacer empanadillas"},"content":{"rendered":"<div class=\"kk-star-ratings kksr-auto kksr-align-left kksr-valign-top\"     data-payload='{&quot;align&quot;:&quot;left&quot;,&quot;id&quot;:&quot;1744&quot;,&quot;slug&quot;:&quot;default&quot;,&quot;valign&quot;:&quot;top&quot;,&quot;ignore&quot;:&quot;&quot;,&quot;reference&quot;:&quot;auto&quot;,&quot;class&quot;:&quot;&quot;,&quot;count&quot;:&quot;26&quot;,&quot;legendonly&quot;:&quot;&quot;,&quot;readonly&quot;:&quot;&quot;,&quot;score&quot;:&quot;4.7&quot;,&quot;starsonly&quot;:&quot;&quot;,&quot;best&quot;:&quot;5&quot;,&quot;gap&quot;:&quot;5&quot;,&quot;greet&quot;:&quot;Rate this product&quot;,&quot;legend&quot;:&quot;4.7\\\/5 - (26 votos)&quot;,&quot;size&quot;:&quot;24&quot;,&quot;title&quot;:&quot;Automatic dumpling making machine&quot;,&quot;width&quot;:&quot;133.8&quot;,&quot;_legend&quot;:&quot;{score}\\\/{best} - ({count} {votes})&quot;,&quot;font_factor&quot;:&quot;1.25&quot;}'>              <div class=\"kksr-stars\">      <div class=\"kksr-stars-inactive\">             <div class=\"kksr-star\" data-star=\"1\" style=\"padding-right: 5px\">               <div class=\"kksr-icon\" style=\"width: 24px; height: 24px;\"><\/div>         <\/div>             <div class=\"kksr-star\" data-star=\"2\" style=\"padding-right: 5px\">               <div class=\"kksr-icon\" style=\"width: 24px; height: 24px;\"><\/div>         <\/div>             <div class=\"kksr-star\" data-star=\"3\" style=\"padding-right: 5px\">               <div class=\"kksr-icon\" style=\"width: 24px; height: 24px;\"><\/div>         <\/div>             <div class=\"kksr-star\" data-star=\"4\" style=\"padding-right: 5px\">               <div class=\"kksr-icon\" style=\"width: 24px; height: 24px;\"><\/div>         <\/div>             <div class=\"kksr-star\" data-star=\"5\" style=\"padding-right: 5px\">               <div class=\"kksr-icon\" style=\"width: 24px; height: 24px;\"><\/div>         <\/div>     <\/div>      <div class=\"kksr-stars-active\" style=\"width: 133.8px;\">             <div class=\"kksr-star\" style=\"padding-right: 5px\">               <div class=\"kksr-icon\" style=\"width: 24px; height: 24px;\"><\/div>         <\/div>             <div class=\"kksr-star\" style=\"padding-right: 5px\">               <div class=\"kksr-icon\" style=\"width: 24px; height: 24px;\"><\/div>         <\/div>             <div class=\"kksr-star\" style=\"padding-right: 5px\">               <div class=\"kksr-icon\" style=\"width: 24px; height: 24px;\"><\/div>         <\/div>             <div class=\"kksr-star\" style=\"padding-right: 5px\">               <div class=\"kksr-icon\" style=\"width: 24px; height: 24px;\"><\/div>         <\/div>             <div class=\"kksr-star\" style=\"padding-right: 5px\">               <div class=\"kksr-icon\" style=\"width: 24px; height: 24px;\"><\/div>         <\/div>     <\/div> <\/div>                   <div class=\"kksr-legend\" style=\"font-size: 19.2px;\">             4,7\/5 - (26 votos)    <\/div>     <\/div>  <p class=\"translation-block\">La <strong>m\u00e1quina autom\u00e1tica para hacer empanadillas<\/strong> puede producir una amplia gama de alimentos rellenos, como empanadillas, pasteles de curry, empanadillas de perlas, ravioles, empanadillas al vapor y rollos de primavera. Con una <strong>capacidad de producci\u00f3n de 4,000\u20136,000 piezas por hora<\/strong>, es ideal para empresas que buscan mejorar la eficiencia y la producci\u00f3n. <\/p>    <p class=\"translation-block\">La m\u00e1quina cuenta con <strong>moldes intercambiables<\/strong>, lo que permite una f\u00e1cil personalizaci\u00f3n de las formas y tama\u00f1os de las empanadillas para satisfacer diversas necesidades de producci\u00f3n. Construida con <strong>acero inoxidable de alta calidad<\/strong>, garantiza durabilidad, higiene y f\u00e1cil mantenimiento. <\/p>    <figure class=\"wp-block-embed is-type-video is-provider-youtube wp-block-embed-youtube wp-embed-aspect-16-9 wp-has-aspect-ratio\"><div class=\"wp-block-embed__wrapper\"> <iframe loading=\"lazy\" title=\"Fabricante autom\u00e1tico de empanadillas vers\u00e1til: \u00a1Haga empanadillas, bollos y m\u00e1s! #empanadillas #bollo #maquinadecomida\" width=\"500\" height=\"281\" src=\"https:\/\/www.youtube.com\/embed\/uZloTIwHh6U?feature=oembed\" frameborder=\"0\" allow=\"accelerometer; autoplay; clipboard-write; encrypted-media; gyroscope; picture-in-picture; web-share\" referrerpolicy=\"strict-origin-when-cross-origin\" allowfullscreen><\/iframe> <\/div><figcaption class=\"wp-element-caption\">video de trabajo de la m\u00e1quina autom\u00e1tica para hacer empanadillas<\/figcaption><\/figure>    <h2 class=\"wp-block-heading\">M\u00e1quina autom\u00e1tica para hacer empanadillas en venta<\/h2>    <p class=\"translation-block\">La <strong>m\u00e1quina autom\u00e1tica para hacer empanadillas en venta<\/strong> est\u00e1 dise\u00f1ada con un <strong>sistema de circulaci\u00f3n de enfriamiento por agua<\/strong>, previniendo efectivamente que la masa se sobrecaliente. Esto asegura que las envolturas de las empanadillas mantengan su textura y sabor ideales. <\/p>    <p class=\"translation-block\">La m\u00e1quina est\u00e1 equipada con <strong>cuatro controladores y un compresor de circulaci\u00f3n de agua fr\u00eda<\/strong>, que trabajan juntos para enfriar la masa, previniendo problemas de calidad causados por el exceso de calor.<\/p>    <figure class=\"wp-block-image size-full\"><img loading=\"lazy\" decoding=\"async\" width=\"720\" height=\"540\" src=\"https:\/\/topfoodmachine.com\/wp-content\/uploads\/2025\/02\/Automatic-dumpling-making-machine-capacity.webp\" alt=\"Capacidad de la m\u00e1quina autom\u00e1tica para hacer empanadillas\" class=\"wp-image-1746\" srcset=\"https:\/\/topfoodmachine.com\/wp-content\/uploads\/2025\/02\/Automatic-dumpling-making-machine-capacity.webp 720w, https:\/\/topfoodmachine.com\/wp-content\/uploads\/2025\/02\/Automatic-dumpling-making-machine-capacity-300x225.webp 300w, https:\/\/topfoodmachine.com\/wp-content\/uploads\/2025\/02\/Automatic-dumpling-making-machine-capacity-16x12.webp 16w\" sizes=\"auto, (max-width: 720px) 100vw, 720px\" \/><figcaption class=\"wp-element-caption\">Capacidad de la m\u00e1quina autom\u00e1tica para hacer empanadillas<\/figcaption><\/figure>    <p class=\"translation-block\">Construida con <strong>acero inoxidable de alta calidad<\/strong>, la m\u00e1quina es <strong>higi\u00e9nica, f\u00e1cil de limpiar y simple de mantener<\/strong>, lo que la convierte en una opci\u00f3n confiable para entornos de producci\u00f3n de alimentos. Adem\u00e1s, cuenta con un <strong>panel de control computarizado avanzado<\/strong> con un <strong>variador de frecuencia (VFD) para ajuste de velocidad sin escalonamientos<\/strong>, permitiendo a los usuarios controlar con precisi\u00f3n la velocidad y consistencia de la producci\u00f3n. <\/p>    <p class=\"translation-block\">Con su <strong>alta eficiencia y funcionalidad vers\u00e1til<\/strong>, esta m\u00e1quina para empanadillas es ideal para restaurantes, f\u00e1bricas de alimentos y negocios de alimentos congelados, asegurando tanto productividad como calidad.<\/p>    <figure class=\"wp-block-image size-full\"><img loading=\"lazy\" decoding=\"async\" width=\"720\" height=\"540\" src=\"https:\/\/topfoodmachine.com\/wp-content\/uploads\/2025\/02\/steamed-stuffed-bun-maker-price.webp\" alt=\"precio de la m\u00e1quina para hacer bollos al vapor rellenos\" class=\"wp-image-1750\" srcset=\"https:\/\/topfoodmachine.com\/wp-content\/uploads\/2025\/02\/steamed-stuffed-bun-maker-price.webp 720w, https:\/\/topfoodmachine.com\/wp-content\/uploads\/2025\/02\/steamed-stuffed-bun-maker-price-300x225.webp 300w, https:\/\/topfoodmachine.com\/wp-content\/uploads\/2025\/02\/steamed-stuffed-bun-maker-price-16x12.webp 16w\" sizes=\"auto, (max-width: 720px) 100vw, 720px\" \/><figcaption class=\"wp-element-caption\">precio de la m\u00e1quina para hacer bollos al vapor rellenos<\/figcaption><\/figure>    <h2 class=\"wp-block-heading\">Aplicaciones vers\u00e1tiles de la m\u00e1quina para hacer bollos al vapor rellenos<\/h2>    <p class=\"translation-block\">La <strong>m\u00e1quina para hacer bollos al vapor rellenos<\/strong> es una <strong>m\u00e1quina vers\u00e1til<\/strong> que tambi\u00e9n se puede utilizar para la producci\u00f3n de empanadillas, lo que la convierte en una excelente opci\u00f3n para empresas que buscan diversificar su gama de productos.<\/p>    <ul class=\"wp-block-list\"> <li><strong>Moldes intercambiables<\/strong> \u2013 La m\u00e1quina viene con <strong>un molde est\u00e1ndar<\/strong>, y se pueden comprar moldes adicionales de nosotros, lo que permite la producci\u00f3n de varios alimentos rellenos.<\/li>    <li><strong>Proporci\u00f3n precisa de masa y relleno<\/strong> \u2013 Mantiene una <strong>proporci\u00f3n de piel a relleno de 1:2<\/strong>, asegurando calidad y textura consistentes para cada producto.<\/li>    <li><strong>Sistema de enfriamiento por agua avanzado<\/strong> \u2013 Previene el sobrecalentamiento de la masa, con <strong>tuber\u00edas de agua refrigeradas dualmente conectadas a la salida de masa<\/strong> para mantener las envolturas suaves e intactas.<\/li>    <li><strong>Grosor de masa ajustable<\/strong> \u2013 El <strong>grosor de la piel se puede controlar<\/strong> ajustando la <strong>apertura en la salida de masa<\/strong>, permitiendo la personalizaci\u00f3n seg\u00fan los requisitos del producto.<\/li> <\/ul>    <figure class=\"wp-block-image size-full\"><img loading=\"lazy\" decoding=\"async\" width=\"720\" height=\"540\" src=\"https:\/\/topfoodmachine.com\/wp-content\/uploads\/2025\/02\/commercial-dumpling-machine.webp\" alt=\"m\u00e1quina comercial para empanadillas\" class=\"wp-image-1747\" srcset=\"https:\/\/topfoodmachine.com\/wp-content\/uploads\/2025\/02\/commercial-dumpling-machine.webp 720w, https:\/\/topfoodmachine.com\/wp-content\/uploads\/2025\/02\/commercial-dumpling-machine-300x225.webp 300w, https:\/\/topfoodmachine.com\/wp-content\/uploads\/2025\/02\/commercial-dumpling-machine-16x12.webp 16w\" sizes=\"auto, (max-width: 720px) 100vw, 720px\" \/><figcaption class=\"wp-element-caption\">m\u00e1quina comercial para empanadillas<\/figcaption><\/figure>    <p class=\"translation-block\">Con su <strong>funcionalidad flexible y control preciso<\/strong>, esta m\u00e1quina es una excelente inversi\u00f3n para empresas que producen bollos al vapor, empanadillas y otros alimentos rellenos.<\/p>    <h2 class=\"wp-block-heading\">Par\u00e1metros de la m\u00e1quina autom\u00e1tica para hacer empanadillas<\/h2>    <figure class=\"wp-block-table\"><table class=\"has-fixed-layout\"><tbody><tr><td>Modelo<\/td><td>ST-770<\/td><\/tr><tr><td>Peso de la m\u00e1quina<\/td><td>320 kilos<\/td><\/tr><tr><td>Peso del producto<\/td><td>15-60g<\/td><\/tr><tr><td>Capacidad<\/td><td>4,000\u20136,000 piezas por hora<\/td><\/tr><tr><td>Tama\u00f1o<\/td><td>1100*1000*1300mm<\/td><\/tr><tr><td>Voltaje<\/td><td>220v, 2.2kw, 50\/60hz<\/td><\/tr><\/tbody><\/table><figcaption class=\"wp-element-caption\">par\u00e1metros de la m\u00e1quina autom\u00e1tica para empanadillas<\/figcaption><\/figure>    <h2 class=\"wp-block-heading\">Consejos de uso de la m\u00e1quina autom\u00e1tica para hacer empanadillas<\/h2>    <p class=\"translation-block\">La <strong>m\u00e1quina autom\u00e1tica para hacer empanadillas<\/strong> es un equipo altamente adaptable que tambi\u00e9n puede producir <strong>bollos al vapor y panqueques rellenos<\/strong>. Para lograr un rendimiento \u00f3ptimo y calidad del producto, considere los siguientes consejos clave de uso:<\/p>    <figure class=\"wp-block-image size-full\"><img loading=\"lazy\" decoding=\"async\" width=\"720\" height=\"540\" src=\"https:\/\/topfoodmachine.com\/wp-content\/uploads\/2025\/02\/Automatic-dumpling-making-machine-details.webp\" alt=\"Detalles de la m\u00e1quina autom\u00e1tica para hacer empanadillas\" class=\"wp-image-1748\" srcset=\"https:\/\/topfoodmachine.com\/wp-content\/uploads\/2025\/02\/Automatic-dumpling-making-machine-details.webp 720w, https:\/\/topfoodmachine.com\/wp-content\/uploads\/2025\/02\/Automatic-dumpling-making-machine-details-300x225.webp 300w, https:\/\/topfoodmachine.com\/wp-content\/uploads\/2025\/02\/Automatic-dumpling-making-machine-details-16x12.webp 16w\" sizes=\"auto, (max-width: 720px) 100vw, 720px\" \/><figcaption class=\"wp-element-caption\">Detalles de la m\u00e1quina autom\u00e1tica para hacer empanadillas<\/figcaption><\/figure>    <h3 class=\"wp-block-heading\"><strong>Consejos clave de uso:<\/strong><\/h3>    <ul class=\"wp-block-list\"> <li><strong>Producci\u00f3n de bollos al vapor<\/strong> \u2013 Es esencial confirmar el <strong>tipo de relleno, peso y voltaje de la m\u00e1quina<\/strong> para asegurar un funcionamiento suave y una producci\u00f3n de alta calidad.<\/li>    <li><strong>Producci\u00f3n de panqueques rellenos<\/strong> \u2013 Hacer panqueques requiere una <strong>funci\u00f3n de prensado<\/strong>, lo que significa que un <strong>compresor de aire es necesario<\/strong> para lograr el grosor y la textura deseados.<\/li>    <li><strong>Consideraciones de tama\u00f1o<\/strong> \u2013 El <strong>el tama\u00f1o m\u00e1ximo del producto es de 15 cm<\/strong>, determinado principalmente por la <strong>configuraci\u00f3n de la cinta transportadora<\/strong>, por lo que pueden ser necesarios ajustes para diferentes tama\u00f1os de producto.<\/li> <\/ul>    <p class=\"translation-block\">Siguiendo estos consejos, los usuarios pueden <strong>maximizar la versatilidad de la m\u00e1quina<\/strong>, asegurando una producci\u00f3n eficiente de empanadillas, bollos al vapor y panqueques rellenos con calidad constante.<\/p>    <h2 class=\"wp-block-heading\">Precio de la m\u00e1quina autom\u00e1tica para hacer empanadillas<\/h2>    <figure class=\"wp-block-image size-full\"><img loading=\"lazy\" decoding=\"async\" width=\"720\" height=\"540\" src=\"https:\/\/topfoodmachine.com\/wp-content\/uploads\/2025\/02\/dumpling-making-machine-structure.webp\" alt=\"estructura de la m\u00e1quina para hacer empanadillas\" class=\"wp-image-1749\" srcset=\"https:\/\/topfoodmachine.com\/wp-content\/uploads\/2025\/02\/dumpling-making-machine-structure.webp 720w, https:\/\/topfoodmachine.com\/wp-content\/uploads\/2025\/02\/dumpling-making-machine-structure-300x225.webp 300w, https:\/\/topfoodmachine.com\/wp-content\/uploads\/2025\/02\/dumpling-making-machine-structure-16x12.webp 16w\" sizes=\"auto, (max-width: 720px) 100vw, 720px\" \/><figcaption class=\"wp-element-caption\">estructura de la m\u00e1quina para hacer empanadillas<\/figcaption><\/figure>    <p class=\"translation-block\">El <strong>costo de una <a href=\"https:\/\/en.wikipedia.org\/wiki\/Dumpling\" data-type=\"link\" data-id=\"https:\/\/en.wikipedia.org\/wiki\/Dumpling\" target=\"_blank\" rel=\"noopener\">m\u00e1quina para hacer empanadillas<\/a> autom\u00e1tica<\/strong> depende de varios factores, incluyendo su <strong>configuraci\u00f3n, opciones de moldes y funcionalidades adicionales<\/strong>. La m\u00e1quina viene con un <strong>molde est\u00e1ndar<\/strong>, pero se pueden personalizar moldes adicionales para ampliar sus capacidades de producci\u00f3n. <\/p>    <p class=\"translation-block\">Para hacer <strong>panqueques rellenos<\/strong>, se requiere un <strong>compresor de aire<\/strong> para lograr la textura adecuada a trav\u00e9s del prensado. Adem\u00e1s, el <strong>tama\u00f1o del producto, tipo de relleno, peso y requisitos de voltaje<\/strong> juegan un papel en la determinaci\u00f3n del modelo m\u00e1s adecuado. <\/p>    <p>Para encontrar la mejor m\u00e1quina para sus necesidades de producci\u00f3n, se recomienda consultar con nosotros para obtener detalles espec\u00edficos y opciones de personalizaci\u00f3n.<\/p>    <h2 class=\"wp-block-heading\">Conclusi\u00f3n<\/h2>    <figure class=\"wp-block-image size-full\"><img loading=\"lazy\" decoding=\"async\" width=\"720\" height=\"540\" src=\"https:\/\/topfoodmachine.com\/wp-content\/uploads\/2025\/02\/steamed-stuffed-bun-maker.webp\" alt=\"m\u00e1quina para hacer bollos al vapor rellenos\" class=\"wp-image-1751\" srcset=\"https:\/\/topfoodmachine.com\/wp-content\/uploads\/2025\/02\/steamed-stuffed-bun-maker.webp 720w, https:\/\/topfoodmachine.com\/wp-content\/uploads\/2025\/02\/steamed-stuffed-bun-maker-300x225.webp 300w, https:\/\/topfoodmachine.com\/wp-content\/uploads\/2025\/02\/steamed-stuffed-bun-maker-16x12.webp 16w\" sizes=\"auto, (max-width: 720px) 100vw, 720px\" \/><figcaption class=\"wp-element-caption\">m\u00e1quina para hacer bollos al vapor rellenos<\/figcaption><\/figure>    <p class=\"translation-block\">La <strong>M\u00e1quina Autom\u00e1tica para Hacer Empanadillas<\/strong> asegura una <strong>producci\u00f3n eficiente y de alta calidad<\/strong> con <strong>moldes personalizables, refrigeraci\u00f3n avanzada y control preciso<\/strong>. Hecha de <strong>acero inoxidable<\/strong>, es <strong>duradera, f\u00e1cil de limpiar y ideal para negocios de alimentos<\/strong>.<\/p>    <p class=\"translation-block\">Tambi\u00e9n ofrecemos <strong><a href=\"https:\/\/topfoodmachine.com\/es\/product\/noodle-maker-machine\/\" data-type=\"link\" data-id=\"https:\/\/topfoodmachine.com\/product\/noodle-maker-machine\/\">m\u00e1quinas para hacer fideos<\/a>, <a href=\"https:\/\/topfoodmachine.com\/es\/product\/tortilla-maker-machine\/\" data-type=\"link\" data-id=\"https:\/\/topfoodmachine.com\/product\/tortilla-maker-machine\/\">m\u00e1quinas para hacer tortillas<\/a> y otros equipos de procesamiento de pasta<\/strong>. <strong>\u00a1Cont\u00e1ctenos ahora<\/strong> para obtener detalles y soluciones personalizadas!<\/p>","protected":false},"excerpt":{"rendered":"<p>La M\u00e1quina Autom\u00e1tica para Hacer Empanadillas puede producir una amplia gama de alimentos rellenos, como empanadillas, bollos de curry, empanadillas de perlas, ravioles, empanadillas al vapor y rollos de primavera. <\/p>","protected":false},"author":1,"featured_media":1745,"parent":0,"template":"","tags":[103,17],"product-type":[6],"class_list":["post-1744","product","type-product","status-publish","has-post-thumbnail","hentry","tag-automatic-dumpling-making-machine","tag-pastry-production-machine","product-type-pastry-production-machine"],"_links":{"self":[{"href":"https:\/\/topfoodmachine.com\/es\/wp-json\/wp\/v2\/product\/1744","targetHints":{"allow":["GET"]}}],"collection":[{"href":"https:\/\/topfoodmachine.com\/es\/wp-json\/wp\/v2\/product"}],"about":[{"href":"https:\/\/topfoodmachine.com\/es\/wp-json\/wp\/v2\/types\/product"}],"author":[{"embeddable":true,"href":"https:\/\/topfoodmachine.com\/es\/wp-json\/wp\/v2\/users\/1"}],"wp:featuredmedia":[{"embeddable":true,"href":"https:\/\/topfoodmachine.com\/es\/wp-json\/wp\/v2\/media\/1745"}],"wp:attachment":[{"href":"https:\/\/topfoodmachine.com\/es\/wp-json\/wp\/v2\/media?parent=1744"}],"wp:term":[{"taxonomy":"post_tag","embeddable":true,"href":"https:\/\/topfoodmachine.com\/es\/wp-json\/wp\/v2\/tags?post=1744"},{"taxonomy":"product-type","embeddable":true,"href":"https:\/\/topfoodmachine.com\/es\/wp-json\/wp\/v2\/product-type?post=1744"}],"curies":[{"name":"wp","href":"https:\/\/api.w.org\/{rel}","templated":true}]}}