{"id":1669,"date":"2024-11-14T11:42:42","date_gmt":"2024-11-14T03:42:42","guid":{"rendered":"https:\/\/topfoodmachine.com\/?post_type=product&#038;p=1669"},"modified":"2024-11-14T11:42:43","modified_gmt":"2024-11-14T03:42:43","slug":"carrot-peeler-machine","status":"publish","type":"product","link":"https:\/\/topfoodmachine.com\/es\/product\/carrot-peeler-machine\/","title":{"rendered":"m\u00e1quina peladora de zanahorias"},"content":{"rendered":"<div class=\"kk-star-ratings kksr-auto kksr-align-left kksr-valign-top\"     data-payload='{&quot;align&quot;:&quot;left&quot;,&quot;id&quot;:&quot;1669&quot;,&quot;slug&quot;:&quot;default&quot;,&quot;valign&quot;:&quot;top&quot;,&quot;ignore&quot;:&quot;&quot;,&quot;reference&quot;:&quot;auto&quot;,&quot;class&quot;:&quot;&quot;,&quot;count&quot;:&quot;17&quot;,&quot;legendonly&quot;:&quot;&quot;,&quot;readonly&quot;:&quot;&quot;,&quot;score&quot;:&quot;4.6&quot;,&quot;starsonly&quot;:&quot;&quot;,&quot;best&quot;:&quot;5&quot;,&quot;gap&quot;:&quot;5&quot;,&quot;greet&quot;:&quot;Rate this product&quot;,&quot;legend&quot;:&quot;4.6\\\/5 - (17 votos)&quot;,&quot;size&quot;:&quot;24&quot;,&quot;title&quot;:&quot;Carrot peeler machine&quot;,&quot;width&quot;:&quot;130.9&quot;,&quot;_legend&quot;:&quot;{score}\\\/{best} - ({count} {votes})&quot;,&quot;font_factor&quot;:&quot;1.25&quot;}'>              <div class=\"kksr-stars\">      <div class=\"kksr-stars-inactive\">             <div class=\"kksr-star\" data-star=\"1\" style=\"padding-right: 5px\">               <div class=\"kksr-icon\" style=\"width: 24px; height: 24px;\"><\/div>         <\/div>             <div class=\"kksr-star\" data-star=\"2\" style=\"padding-right: 5px\">               <div class=\"kksr-icon\" style=\"width: 24px; height: 24px;\"><\/div>         <\/div>             <div class=\"kksr-star\" data-star=\"3\" style=\"padding-right: 5px\">               <div class=\"kksr-icon\" style=\"width: 24px; height: 24px;\"><\/div>         <\/div>             <div class=\"kksr-star\" data-star=\"4\" style=\"padding-right: 5px\">               <div class=\"kksr-icon\" style=\"width: 24px; height: 24px;\"><\/div>         <\/div>             <div class=\"kksr-star\" data-star=\"5\" style=\"padding-right: 5px\">               <div class=\"kksr-icon\" style=\"width: 24px; height: 24px;\"><\/div>         <\/div>     <\/div>      <div class=\"kksr-stars-active\" style=\"width: 130.9px;\">             <div class=\"kksr-star\" style=\"padding-right: 5px\">               <div class=\"kksr-icon\" style=\"width: 24px; height: 24px;\"><\/div>         <\/div>             <div class=\"kksr-star\" style=\"padding-right: 5px\">               <div class=\"kksr-icon\" style=\"width: 24px; height: 24px;\"><\/div>         <\/div>             <div class=\"kksr-star\" style=\"padding-right: 5px\">               <div class=\"kksr-icon\" style=\"width: 24px; height: 24px;\"><\/div>         <\/div>             <div class=\"kksr-star\" style=\"padding-right: 5px\">               <div class=\"kksr-icon\" style=\"width: 24px; height: 24px;\"><\/div>         <\/div>             <div class=\"kksr-star\" style=\"padding-right: 5px\">               <div class=\"kksr-icon\" style=\"width: 24px; height: 24px;\"><\/div>         <\/div>     <\/div> <\/div>                   <div class=\"kksr-legend\" style=\"font-size: 19.2px;\">             4,6\/5 - (17 votos)    <\/div>     <\/div>  <p>La M\u00e1quina Peladora de Zanahorias, fabricada con acero inoxidable 304 duradero, est\u00e1 dise\u00f1ada para un pelado r\u00e1pido y eficiente con una capacidad de 1500 zanahorias por hora. Con un sistema de cuchillas avanzado, asegura un pelado limpio y suave, haciendo que el proceso sea m\u00e1s r\u00e1pido y consistente que el pelado manual. <\/p>    <p>Esta herramienta de cocina inteligente ahorra tiempo valioso al permitir que grandes lotes de zanahorias sean peladas a la vez, eliminando la necesidad de pelar cada una individualmente con un cuchillo. Perfecta para uso comercial, aumenta la productividad mientras mantiene resultados de alta calidad.<\/p>    <figure class=\"wp-block-embed is-type-video is-provider-youtube wp-block-embed-youtube wp-embed-aspect-16-9 wp-has-aspect-ratio\"><div class=\"wp-block-embed__wrapper\"> <iframe loading=\"lazy\" title=\"M\u00e1quina Peladora de Zanahorias Industrial: Perfecta para Procesamiento de Alto Volumen #zanahoria #pelado #verduras\" width=\"500\" height=\"281\" src=\"https:\/\/www.youtube.com\/embed\/IBCPv5IOAI4?feature=oembed\" frameborder=\"0\" allow=\"accelerometer; autoplay; clipboard-write; encrypted-media; gyroscope; picture-in-picture; web-share\" referrerpolicy=\"strict-origin-when-cross-origin\" allowfullscreen><\/iframe> <\/div><figcaption class=\"wp-element-caption\">Video de trabajo de la m\u00e1quina peladora de zanahorias<\/figcaption><\/figure>    <h2 class=\"wp-block-heading\">ventajas de la m\u00e1quina peladora de zanahorias<\/h2>    <ul class=\"wp-block-list\"> <li><strong>Material de alta calidad.<\/strong> Construida con acero inoxidable y una superficie cepillada, la m\u00e1quina es duradera, segura y f\u00e1cil de limpiar, proporcionando un rendimiento duradero.<\/li>    <li><strong>Pelado eficiente.<\/strong> La m\u00e1quina ofrece una alta tasa de pelado con m\u00ednimas p\u00e9rdidas, asegurando un grosor de pelado \u00f3ptimo y una superficie suave y uniforme para cada zanahoria.<\/li>    <li><strong>Listo para automatizaci\u00f3n.<\/strong> Adecuada para integraci\u00f3n en una l\u00ednea de producci\u00f3n, la m\u00e1quina presenta un alto grado de automatizaci\u00f3n, mejorando la eficiencia operativa.<\/li>    <li><strong>Operaci\u00f3n confiable y segura.<\/strong> Con un mecanismo bien dise\u00f1ado, la m\u00e1quina asegura una operaci\u00f3n segura y confiable, reduciendo el riesgo de errores operativos.<\/li>    <li><strong>Bajo mantenimiento.<\/strong> La construcci\u00f3n de acero inoxidable y el dise\u00f1o simple facilitan el mantenimiento, asegurando un rendimiento constante a lo largo del tiempo.<\/li> <\/ul>    <figure class=\"wp-block-gallery has-nested-images columns-default is-cropped wp-block-gallery-2 is-layout-flex wp-block-gallery-is-layout-flex\"> <figure class=\"wp-block-image size-full\"><img loading=\"lazy\" decoding=\"async\" width=\"720\" height=\"540\" data-id=\"1671\" src=\"https:\/\/topfoodmachine.com\/wp-content\/uploads\/2024\/11\/Carrot-peeler-machine.webp\" alt=\"m\u00e1quina peladora de zanahorias\" class=\"wp-image-1671\" srcset=\"https:\/\/topfoodmachine.com\/wp-content\/uploads\/2024\/11\/Carrot-peeler-machine.webp 720w, https:\/\/topfoodmachine.com\/wp-content\/uploads\/2024\/11\/Carrot-peeler-machine-300x225.webp 300w, https:\/\/topfoodmachine.com\/wp-content\/uploads\/2024\/11\/Carrot-peeler-machine-16x12.webp 16w\" sizes=\"auto, (max-width: 720px) 100vw, 720px\" \/><figcaption class=\"wp-element-caption\">m\u00e1quina peladora de zanahorias<\/figcaption><\/figure>    <figure class=\"wp-block-image size-full\"><img loading=\"lazy\" decoding=\"async\" width=\"720\" height=\"540\" data-id=\"1672\" src=\"https:\/\/topfoodmachine.com\/wp-content\/uploads\/2024\/11\/carrot-peeling-machine-price.webp\" alt=\"precio de la m\u00e1quina peladora de zanahorias\" class=\"wp-image-1672\" srcset=\"https:\/\/topfoodmachine.com\/wp-content\/uploads\/2024\/11\/carrot-peeling-machine-price.webp 720w, https:\/\/topfoodmachine.com\/wp-content\/uploads\/2024\/11\/carrot-peeling-machine-price-300x225.webp 300w, https:\/\/topfoodmachine.com\/wp-content\/uploads\/2024\/11\/carrot-peeling-machine-price-16x12.webp 16w\" sizes=\"auto, (max-width: 720px) 100vw, 720px\" \/><figcaption class=\"wp-element-caption\">precio de la m\u00e1quina peladora de zanahorias<\/figcaption><\/figure> <\/figure>    <h2 class=\"wp-block-heading\">m\u00e1quina peladora de zanahorias m\u00e1quinas de soporte<\/h2>    <p>La M\u00e1quina Peladora de Zanahorias est\u00e1 dise\u00f1ada para trabajar sin problemas con otros equipos para mejorar la eficiencia del procesamiento y crear una l\u00ednea de producci\u00f3n completamente automatizada. <\/p>    <p class=\"translation-block\">Al emparejar la peladora con m\u00e1quinas de soporte como la&nbsp;<strong><a href=\"https:\/\/topfoodmachine.com\/es\/product\/automatic-vegetable-dicing-machine\/\" data-type=\"link\" data-id=\"https:\/\/topfoodmachine.com\/product\/automatic-vegetable-dicing-machine\/\">M\u00e1quina Autom\u00e1tica para Cortar Verduras<\/a><\/strong>&nbsp;y&nbsp;<strong><a href=\"https:\/\/topfoodmachine.com\/es\/product\/fruit-and-vegetable-grading-machine\/\" data-type=\"link\" data-id=\"https:\/\/topfoodmachine.com\/product\/fruit-and-vegetable-grading-machine\/\">M\u00e1quina de Clasificaci\u00f3n de Frutas y Verduras<\/a><\/strong>, todo el proceso desde el pelado hasta la clasificaci\u00f3n y el corte se puede optimizar para un rendimiento \u00f3ptimo.<\/p>    <ul class=\"wp-block-list\"> <li><strong>M\u00e1quina autom\u00e1tica de corte de verduras.<\/strong>&nbsp;Despu\u00e9s de pelar las zanahorias, esta m\u00e1quina las corta r\u00e1pidamente en piezas uniformes, aumentando la velocidad y consistencia de la l\u00ednea de procesamiento.<\/li>    <li><strong>M\u00e1quina de clasificaci\u00f3n de frutas y verduras.<\/strong>&nbsp;Esta m\u00e1quina clasifica las zanahorias seg\u00fan su tama\u00f1o y calidad.<\/li>    <li><strong>Eficiencia aumentada.<\/strong>&nbsp;Combinar estas m\u00e1quinas con la m\u00e1quina peladora de zanahorias permite un flujo de producci\u00f3n m\u00e1s suave y eficiente, reduciendo el trabajo manual y aumentando la producci\u00f3n total.<\/li>    <li><strong>Calidad de producto consistente.<\/strong>&nbsp;Con cada m\u00e1quina desempe\u00f1ando un papel dedicado, todo el proceso mantiene altos est\u00e1ndares de calidad, asegurando que cada zanahoria est\u00e9 perfectamente pelada, cortada y clasificada para su empaquetado o procesamiento adicional.<\/li> <\/ul>    <figure class=\"wp-block-gallery has-nested-images columns-default is-cropped wp-block-gallery-3 is-layout-flex wp-block-gallery-is-layout-flex\"> <figure class=\"wp-block-image size-large\"><img loading=\"lazy\" decoding=\"async\" width=\"720\" height=\"540\" data-id=\"669\" src=\"https:\/\/topfoodmachine.com\/wp-content\/uploads\/2023\/10\/vegetable-dicing-machine-with-a-good-price.webp\" alt=\"M\u00e1quina cortadora de verduras a buen precio.\" class=\"wp-image-669\" srcset=\"https:\/\/topfoodmachine.com\/wp-content\/uploads\/2023\/10\/vegetable-dicing-machine-with-a-good-price.webp 720w, https:\/\/topfoodmachine.com\/wp-content\/uploads\/2023\/10\/vegetable-dicing-machine-with-a-good-price-300x225.webp 300w\" sizes=\"auto, (max-width: 720px) 100vw, 720px\" \/><figcaption class=\"wp-element-caption\">M\u00e1quina cortadora de verduras a buen precio.<\/figcaption><\/figure>    <figure class=\"wp-block-image size-large\"><img loading=\"lazy\" decoding=\"async\" width=\"720\" height=\"540\" data-id=\"995\" src=\"https:\/\/topfoodmachine.com\/wp-content\/uploads\/2023\/11\/Fruit-and-vegetable-grading-machine.webp\" alt=\"Clasificadora de frutas y verduras\" class=\"wp-image-995\" srcset=\"https:\/\/topfoodmachine.com\/wp-content\/uploads\/2023\/11\/Fruit-and-vegetable-grading-machine.webp 720w, https:\/\/topfoodmachine.com\/wp-content\/uploads\/2023\/11\/Fruit-and-vegetable-grading-machine-300x225.webp 300w\" sizes=\"auto, (max-width: 720px) 100vw, 720px\" \/><figcaption class=\"wp-element-caption\">Clasificadora de frutas y verduras<\/figcaption><\/figure> <\/figure>    <p>Al incorporar estas m\u00e1quinas de apoyo, las empresas pueden mejorar significativamente su productividad, reducir desperdicios y mantener la m\u00e1s alta calidad en el procesamiento de zanahorias.<\/p>    <h2 class=\"wp-block-heading\">Par\u00e1metros de la m\u00e1quina peladora de zanahorias<\/h2>    <figure class=\"wp-block-table\"><table class=\"has-fixed-layout\"><tbody><tr><td>Modelo<\/td><td>TZ-500<\/td><\/tr><tr><td>Tama\u00f1o<\/td><td>1980*450*1050mm<\/td><\/tr><tr><td>Peso<\/td><td>120 kilos<\/td><\/tr><tr><td>Voltaje<\/td><td>220v<\/td><\/tr><tr><td>Fuerza<\/td><td>500w<\/td><\/tr><tr><td>Material<\/td><td>acero inoxidable 304<\/td><\/tr><tr><td>Capacidad<\/td><td>1500pcs\/h<\/td><\/tr><\/tbody><\/table><figcaption class=\"wp-element-caption\">par\u00e1metros de la m\u00e1quina peladora de zanahorias<\/figcaption><\/figure>    <figure class=\"wp-block-image size-full\"><img loading=\"lazy\" decoding=\"async\" width=\"720\" height=\"540\" src=\"https:\/\/topfoodmachine.com\/wp-content\/uploads\/2024\/11\/carrot-peeling-machine.webp\" alt=\"m\u00e1quina peladora de zanahorias\" class=\"wp-image-1673\" srcset=\"https:\/\/topfoodmachine.com\/wp-content\/uploads\/2024\/11\/carrot-peeling-machine.webp 720w, https:\/\/topfoodmachine.com\/wp-content\/uploads\/2024\/11\/carrot-peeling-machine-300x225.webp 300w, https:\/\/topfoodmachine.com\/wp-content\/uploads\/2024\/11\/carrot-peeling-machine-16x12.webp 16w\" sizes=\"auto, (max-width: 720px) 100vw, 720px\" \/><figcaption class=\"wp-element-caption\">m\u00e1quina peladora de zanahorias<\/figcaption><\/figure>    <h2 class=\"wp-block-heading\">Preguntas frecuentes sobre la m\u00e1quina peladora de zanahorias<\/h2>   <div id=\"rank-math-faq\" class=\"rank-math-block\"> <div class=\"rank-math-list\"> <div id=\"faq-question-1731480129767\" class=\"rank-math-list-item\"> <h3 class=\"rank-math-question\"><strong>\u00bfCu\u00e1l es la eficiencia de pelado de la <a href=\"https:\/\/en.wikipedia.org\/wiki\/Carrot\" data-type=\"link\" data-id=\"https:\/\/en.wikipedia.org\/wiki\/Carrot\" target=\"_blank\" rel=\"noopener\">Zanahoria<\/a> \u00bfM\u00e1quina Peladora?<\/strong><\/h3> <div class=\"rank-math-answer\">  <p class=\"translation-block\">La M\u00e1quina Peladora de Zanahorias tiene una alta tasa de pelado con m\u00ednimo desperdicio. Elimina la piel de manera eficiente mientras mantiene la zanahoria intacta, asegurando una p\u00e9rdida m\u00ednima. La m\u00e1quina generalmente maneja hasta <strong>1500 zanahorias por hora<\/strong>, dependiendo del tama\u00f1o y tipo de zanahorias que se procesen.<\/p>  <\/div> <\/div> <div id=\"faq-question-1731480167029\" class=\"rank-math-list-item\"> <h3 class=\"rank-math-question\"><strong>\u00bfEs f\u00e1cil de limpiar la m\u00e1quina peladora de zanahorias?<\/strong><\/h3> <div class=\"rank-math-answer\">  <p>S\u00ed, la M\u00e1quina Peladora de Zanahorias est\u00e1 dise\u00f1ada para una f\u00e1cil limpieza. La superficie lisa de acero inoxidable y la estructura simple permiten una limpieza r\u00e1pida y efectiva, asegurando la higiene en los entornos de procesamiento de alimentos.<\/p>  <\/div> <\/div> <div id=\"faq-question-1731480186540\" class=\"rank-math-list-item\"> <h3 class=\"rank-math-question\"><strong>\u00bfSe puede usar la peladora de zanahorias para otras verduras o frutas?<\/strong><\/h3> <div class=\"rank-math-answer\">  <p>Aunque la m\u00e1quina est\u00e1 dise\u00f1ada principalmente para pelar zanahorias, tambi\u00e9n se puede usar para pelar otras verduras de ra\u00edz, como papas o remolachas, dependiendo del modelo.<\/p>  <\/div> <\/div> <div id=\"faq-question-1731480213898\" class=\"rank-math-list-item\"> <h3 class=\"rank-math-question\"><strong>\u00bfC\u00f3mo puedo asegurarme de que el grosor del pelado sea correcto?<\/strong><\/h3> <div class=\"rank-math-answer\">  <p>La M\u00e1quina Peladora de Zanahorias est\u00e1 dise\u00f1ada para pelar autom\u00e1ticamente las zanahorias con un grosor \u00f3ptimo que asegura un desperdicio m\u00ednimo. Se pueden hacer ajustes para diferentes tipos de zanahorias para lograr un pelado consistente y preciso.<\/p>  <\/div> <\/div> <div id=\"faq-question-1731480226369\" class=\"rank-math-list-item\"> <h3 class=\"rank-math-question\"><strong>\u00bfSe puede integrar la m\u00e1quina peladora de zanahorias en una l\u00ednea de producci\u00f3n?<\/strong><\/h3> <div class=\"rank-math-answer\">  <p class=\"translation-block\">S\u00ed, la M\u00e1quina Peladora de Zanahorias se puede integrar f\u00e1cilmente en una l\u00ednea de producci\u00f3n automatizada. Se puede emparejar con otras m\u00e1quinas, como <strong>M\u00e1quinas Autom\u00e1ticas de Picado de Verduras<\/strong> y <strong>M\u00e1quinas de Clasificaci\u00f3n de Frutas y Verduras<\/strong>, para optimizar todo el sistema de procesamiento.<\/p>  <\/div> <\/div> <div id=\"faq-question-1731480249736\" class=\"rank-math-list-item\"> <h3 class=\"rank-math-question\"><strong>\u00bfQu\u00e9 tipo de mantenimiento se requiere para la m\u00e1quina peladora de zanahorias?<\/strong><\/h3> <div class=\"rank-math-answer\">  <p>La m\u00e1quina requiere un mantenimiento m\u00ednimo, que consiste principalmente en limpieza de rutina y revisiones ocasionales de las cuchillas y el motor. Aseg\u00farese de que las cuchillas est\u00e9n afiladas cuando sea necesario y que las partes m\u00f3viles est\u00e9n lubricadas regularmente para mantener la m\u00e1quina funcionando sin problemas.<\/p>  <\/div> <\/div> <\/div> <\/div>   <figure class=\"wp-block-gallery has-nested-images columns-default is-cropped wp-block-gallery-4 is-layout-flex wp-block-gallery-is-layout-flex\"> <figure class=\"wp-block-image size-large\"><img loading=\"lazy\" decoding=\"async\" width=\"720\" height=\"540\" data-id=\"1675\" src=\"https:\/\/topfoodmachine.com\/wp-content\/uploads\/2024\/11\/Carrot-peeler-machine-cutter.webp\" alt=\"cortador de la m\u00e1quina peladora de zanahorias\" class=\"wp-image-1675\" srcset=\"https:\/\/topfoodmachine.com\/wp-content\/uploads\/2024\/11\/Carrot-peeler-machine-cutter.webp 720w, https:\/\/topfoodmachine.com\/wp-content\/uploads\/2024\/11\/Carrot-peeler-machine-cutter-300x225.webp 300w, https:\/\/topfoodmachine.com\/wp-content\/uploads\/2024\/11\/Carrot-peeler-machine-cutter-16x12.webp 16w\" sizes=\"auto, (max-width: 720px) 100vw, 720px\" \/><figcaption class=\"wp-element-caption\">cortador de la m\u00e1quina peladora de zanahorias<\/figcaption><\/figure>    <figure class=\"wp-block-image size-large\"><img loading=\"lazy\" decoding=\"async\" width=\"720\" height=\"540\" data-id=\"1677\" src=\"https:\/\/topfoodmachine.com\/wp-content\/uploads\/2024\/11\/effective-carrot-peeling-machine.webp\" alt=\"m\u00e1quina peladora de zanahorias efectiva\" class=\"wp-image-1677\" srcset=\"https:\/\/topfoodmachine.com\/wp-content\/uploads\/2024\/11\/effective-carrot-peeling-machine.webp 720w, https:\/\/topfoodmachine.com\/wp-content\/uploads\/2024\/11\/effective-carrot-peeling-machine-300x225.webp 300w, https:\/\/topfoodmachine.com\/wp-content\/uploads\/2024\/11\/effective-carrot-peeling-machine-16x12.webp 16w\" sizes=\"auto, (max-width: 720px) 100vw, 720px\" \/><figcaption class=\"wp-element-caption\">m\u00e1quina peladora de zanahorias efectiva<\/figcaption><\/figure> <\/figure>    <h2 class=\"wp-block-heading\">Conclusi\u00f3n<\/h2>    <p>Como proveedor l\u00edder en la industria de maquinaria para procesamiento de alimentos, nuestra empresa aporta a\u00f1os de experiencia, altos est\u00e1ndares de calidad y un compromiso con la satisfacci\u00f3n del cliente. Ofrecemos soluciones personalizadas para satisfacer sus necesidades espec\u00edficas, asegurando que nuestras m\u00e1quinas se integren sin problemas en su proceso de producci\u00f3n. <\/p>    <p>Si est\u00e1 buscando aumentar su productividad con equipos confiables y rentables, le animamos a que se comunique para obtener m\u00e1s informaci\u00f3n y un presupuesto personalizado. <\/p>","protected":false},"excerpt":{"rendered":"<p>La m\u00e1quina peladora de zanahorias, fabricada con acero inoxidable 304 duradero, est\u00e1 dise\u00f1ada para pelar de manera r\u00e1pida y eficiente con una capacidad de 1500 zanahorias por hora.<\/p>","protected":false},"author":1,"featured_media":1678,"parent":0,"template":"","tags":[90,30,42],"product-type":[3],"class_list":["post-1669","product","type-product","status-publish","has-post-thumbnail","hentry","tag-carrot-peeler-machine","tag-food-machine","tag-vegetable","product-type-fruit-vegetable-processing-machine"],"_links":{"self":[{"href":"https:\/\/topfoodmachine.com\/es\/wp-json\/wp\/v2\/product\/1669","targetHints":{"allow":["GET"]}}],"collection":[{"href":"https:\/\/topfoodmachine.com\/es\/wp-json\/wp\/v2\/product"}],"about":[{"href":"https:\/\/topfoodmachine.com\/es\/wp-json\/wp\/v2\/types\/product"}],"author":[{"embeddable":true,"href":"https:\/\/topfoodmachine.com\/es\/wp-json\/wp\/v2\/users\/1"}],"wp:featuredmedia":[{"embeddable":true,"href":"https:\/\/topfoodmachine.com\/es\/wp-json\/wp\/v2\/media\/1678"}],"wp:attachment":[{"href":"https:\/\/topfoodmachine.com\/es\/wp-json\/wp\/v2\/media?parent=1669"}],"wp:term":[{"taxonomy":"post_tag","embeddable":true,"href":"https:\/\/topfoodmachine.com\/es\/wp-json\/wp\/v2\/tags?post=1669"},{"taxonomy":"product-type","embeddable":true,"href":"https:\/\/topfoodmachine.com\/es\/wp-json\/wp\/v2\/product-type?post=1669"}],"curies":[{"name":"wp","href":"https:\/\/api.w.org\/{rel}","templated":true}]}}