{"id":1461,"date":"2024-07-19T16:51:05","date_gmt":"2024-07-19T08:51:05","guid":{"rendered":"https:\/\/topfoodmachine.com\/?post_type=product&#038;p=1461"},"modified":"2024-07-19T18:08:15","modified_gmt":"2024-07-19T10:08:15","slug":"quick-freezing-machine","status":"publish","type":"product","link":"https:\/\/topfoodmachine.com\/es\/product\/quick-freezing-machine\/","title":{"rendered":"M\u00e1quina de congelaci\u00f3n r\u00e1pida | M\u00e1quina de congelaci\u00f3n instant\u00e1nea"},"content":{"rendered":"<div class=\"kk-star-ratings kksr-auto kksr-align-left kksr-valign-top\"     data-payload='{&quot;align&quot;:&quot;left&quot;,&quot;id&quot;:&quot;1461&quot;,&quot;slug&quot;:&quot;default&quot;,&quot;valign&quot;:&quot;top&quot;,&quot;ignore&quot;:&quot;&quot;,&quot;reference&quot;:&quot;auto&quot;,&quot;class&quot;:&quot;&quot;,&quot;count&quot;:&quot;25&quot;,&quot;legendonly&quot;:&quot;&quot;,&quot;readonly&quot;:&quot;&quot;,&quot;score&quot;:&quot;4.7&quot;,&quot;starsonly&quot;:&quot;&quot;,&quot;best&quot;:&quot;5&quot;,&quot;gap&quot;:&quot;5&quot;,&quot;greet&quot;:&quot;Rate this product&quot;,&quot;legend&quot;:&quot;4.7\\\/5 - (25 votos)&quot;,&quot;size&quot;:&quot;24&quot;,&quot;title&quot;:&quot;Quick freezing machine | Instant freezer machine&quot;,&quot;width&quot;:&quot;133.8&quot;,&quot;_legend&quot;:&quot;{score}\\\/{best} - ({count} {votes})&quot;,&quot;font_factor&quot;:&quot;1.25&quot;}'>              <div class=\"kksr-stars\">      <div class=\"kksr-stars-inactive\">             <div class=\"kksr-star\" data-star=\"1\" style=\"padding-right: 5px\">               <div class=\"kksr-icon\" style=\"width: 24px; height: 24px;\"><\/div>         <\/div>             <div class=\"kksr-star\" data-star=\"2\" style=\"padding-right: 5px\">               <div class=\"kksr-icon\" style=\"width: 24px; height: 24px;\"><\/div>         <\/div>             <div class=\"kksr-star\" data-star=\"3\" style=\"padding-right: 5px\">               <div class=\"kksr-icon\" style=\"width: 24px; height: 24px;\"><\/div>         <\/div>             <div class=\"kksr-star\" data-star=\"4\" style=\"padding-right: 5px\">               <div class=\"kksr-icon\" style=\"width: 24px; height: 24px;\"><\/div>         <\/div>             <div class=\"kksr-star\" data-star=\"5\" style=\"padding-right: 5px\">               <div class=\"kksr-icon\" style=\"width: 24px; height: 24px;\"><\/div>         <\/div>     <\/div>      <div class=\"kksr-stars-active\" style=\"width: 133.8px;\">             <div class=\"kksr-star\" style=\"padding-right: 5px\">               <div class=\"kksr-icon\" style=\"width: 24px; height: 24px;\"><\/div>         <\/div>             <div class=\"kksr-star\" style=\"padding-right: 5px\">               <div class=\"kksr-icon\" style=\"width: 24px; height: 24px;\"><\/div>         <\/div>             <div class=\"kksr-star\" style=\"padding-right: 5px\">               <div class=\"kksr-icon\" style=\"width: 24px; height: 24px;\"><\/div>         <\/div>             <div class=\"kksr-star\" style=\"padding-right: 5px\">               <div class=\"kksr-icon\" style=\"width: 24px; height: 24px;\"><\/div>         <\/div>             <div class=\"kksr-star\" style=\"padding-right: 5px\">               <div class=\"kksr-icon\" style=\"width: 24px; height: 24px;\"><\/div>         <\/div>     <\/div> <\/div>                   <div class=\"kksr-legend\" style=\"font-size: 19.2px;\">             4,7\/5 - (25 votos)    <\/div>     <\/div>  <p>Las m\u00e1quinas de congelaci\u00f3n r\u00e1pida, tambi\u00e9n conocidas como m\u00e1quinas de congelaci\u00f3n instant\u00e1nea, congelan r\u00e1pidamente los alimentos para preservar la calidad, la textura y el valor nutricional minimizando la formaci\u00f3n de cristales de hielo. Esenciales en la industria alimentaria, congelan eficientemente grandes cantidades de mariscos, carnes, frutas, verduras y comidas listas para comer.<\/p>    <p>Las m\u00e1quinas de congelaci\u00f3n r\u00e1pida tienen rangos de temperatura ajustables de 0 a -45 grados Celsius, acomodando diversas necesidades de congelaci\u00f3n. Cada bandeja puede contener hasta 6 kilogramos de alimentos, con tiempos de trabajo t\u00edpicos de 60 a 90 minutos, mejorando la eficiencia y reduciendo el tiempo de congelaci\u00f3n. Esto las hace invaluables para extender la vida \u00fatil, reducir el desperdicio y garantizar la seguridad y calidad de los alimentos.<\/p>    <figure class=\"wp-block-embed is-type-video is-provider-youtube wp-block-embed-youtube wp-embed-aspect-4-3 wp-has-aspect-ratio\"><div class=\"wp-block-embed__wrapper\"> <iframe loading=\"lazy\" title=\"Eligiendo la m\u00e1quina de congelaci\u00f3n r\u00e1pida adecuada para su negocio #congelador #congelaci\u00f3n #procesamientodealimentos\" width=\"500\" height=\"375\" src=\"https:\/\/www.youtube.com\/embed\/rUSXv2atb5g?feature=oembed\" frameborder=\"0\" allow=\"accelerometer; autoplay; clipboard-write; encrypted-media; gyroscope; picture-in-picture; web-share\" referrerpolicy=\"strict-origin-when-cross-origin\" allowfullscreen><\/iframe> <\/div><figcaption class=\"wp-element-caption\">Video de trabajo de la m\u00e1quina de congelaci\u00f3n r\u00e1pida<\/figcaption><\/figure>    <h2 class=\"wp-block-heading\">Aplicaci\u00f3n de la m\u00e1quina de congelaci\u00f3n r\u00e1pida<\/h2>    <h3 class=\"wp-block-heading\"><strong>Industria alimentaria<\/strong><\/h3>    <ul class=\"wp-block-list\"> <li><strong>Mariscos<\/strong>. Asegura frescura y previene el deterioro al congelar r\u00e1pidamente pescados y mariscos, manteniendo su sabor y textura.<\/li>    <li><strong>Carnes<\/strong>. Utilizada para congelar carne de res, aves y cerdo, extendiendo la vida \u00fatil y reduciendo el riesgo de quemaduras por congelaci\u00f3n.<\/li>    <li><strong>Frutas y verduras<\/strong>. Preserva el valor nutricional, el sabor y la textura de las frutas y verduras para su uso en per\u00edodos fuera de temporada.<\/li>    <li><strong>Comidas listas para comer<\/strong>. Esencial para congelar comidas precocinadas y alimentos convenientes, asegurando almacenamiento a largo plazo sin comprometer la calidad.<\/li> <\/ul>    <figure class=\"wp-block-image size-large\"><img loading=\"lazy\" decoding=\"async\" width=\"720\" height=\"467\" src=\"https:\/\/topfoodmachine.com\/wp-content\/uploads\/2022\/08\/meat-cutting-machine-applications.jpg\" alt=\"carne\" class=\"wp-image-301\" srcset=\"https:\/\/topfoodmachine.com\/wp-content\/uploads\/2022\/08\/meat-cutting-machine-applications.jpg 720w, https:\/\/topfoodmachine.com\/wp-content\/uploads\/2022\/08\/meat-cutting-machine-applications-300x195.jpg 300w\" sizes=\"auto, (max-width: 720px) 100vw, 720px\" \/><figcaption class=\"wp-element-caption\">carne<\/figcaption><\/figure>    <h3 class=\"wp-block-heading\"><strong>Productos de panader\u00eda<\/strong><\/h3>    <ul class=\"wp-block-list\"> <li><strong>Masa y pasteles<\/strong>. Congela r\u00e1pidamente productos de masa y pasteler\u00eda para mantener su frescura y asegurar consistencia en la cocci\u00f3n.<\/li> <\/ul>    <h3 class=\"wp-block-heading\"><strong>Productos l\u00e1cteos<\/strong><\/h3>    <ul class=\"wp-block-list\"> <li><strong>Helados y postres congelados<\/strong>. Utilizada en la producci\u00f3n de helados y postres congelados para congelar r\u00e1pidamente la mezcla, previniendo la formaci\u00f3n de grandes cristales de hielo y asegurando una textura suave.<\/li> <\/ul>    <figure class=\"wp-block-image size-full\"><img loading=\"lazy\" decoding=\"async\" width=\"720\" height=\"540\" src=\"https:\/\/topfoodmachine.com\/wp-content\/uploads\/2024\/04\/cake.webp\" alt=\"pastel\" class=\"wp-image-1229\" srcset=\"https:\/\/topfoodmachine.com\/wp-content\/uploads\/2024\/04\/cake.webp 720w, https:\/\/topfoodmachine.com\/wp-content\/uploads\/2024\/04\/cake-300x225.webp 300w, https:\/\/topfoodmachine.com\/wp-content\/uploads\/2024\/04\/cake-16x12.webp 16w\" sizes=\"auto, (max-width: 720px) 100vw, 720px\" \/><figcaption class=\"wp-element-caption\">pastel<\/figcaption><\/figure>    <h3 class=\"wp-block-heading\"><strong>Industria farmac\u00e9utica<\/strong><\/h3>    <ul class=\"wp-block-list\"> <li><strong>Almacenamiento de vacunas<\/strong>. Importante para la preservaci\u00f3n de vacunas y otros productos farmac\u00e9uticos sensibles a la temperatura, asegurando su eficacia y seguridad.<\/li> <\/ul>    <h3 class=\"wp-block-heading\"><strong>Biotecnolog\u00eda<\/strong><\/h3>    <ul class=\"wp-block-list\"> <li><strong>Preservaci\u00f3n celular<\/strong>. Utilizada para la preservaci\u00f3n de muestras biol\u00f3gicas, incluyendo c\u00e9lulas, tejidos y enzimas, para aplicaciones de investigaci\u00f3n y m\u00e9dicas.<\/li> <\/ul>    <h3 class=\"wp-block-heading\"><strong>Agricultura<\/strong><\/h3>    <ul class=\"wp-block-list\"> <li><strong>Preservaci\u00f3n de semillas<\/strong>. Utilizada para congelar semillas agr\u00edcolas, extendiendo su viabilidad y asegurando una germinaci\u00f3n exitosa.<\/li> <\/ul>    <figure class=\"wp-block-image size-full\"><img loading=\"lazy\" decoding=\"async\" width=\"720\" height=\"540\" src=\"https:\/\/topfoodmachine.com\/wp-content\/uploads\/2024\/07\/seeds.webp\" alt=\"semillas\" class=\"wp-image-1468\" srcset=\"https:\/\/topfoodmachine.com\/wp-content\/uploads\/2024\/07\/seeds.webp 720w, https:\/\/topfoodmachine.com\/wp-content\/uploads\/2024\/07\/seeds-300x225.webp 300w, https:\/\/topfoodmachine.com\/wp-content\/uploads\/2024\/07\/seeds-16x12.webp 16w\" sizes=\"auto, (max-width: 720px) 100vw, 720px\" \/><figcaption class=\"wp-element-caption\">semillas<\/figcaption><\/figure>    <h3 class=\"wp-block-heading\"><strong>Procesamiento de alimentos<\/strong><\/h3>    <ul class=\"wp-block-list\"> <li><strong>blanquear<\/strong>. La congelaci\u00f3n r\u00e1pida se utiliza para enfriar r\u00e1pidamente verduras blanqueadas antes del envasado, manteniendo el color y la textura.<\/li> <\/ul>    <figure class=\"wp-block-gallery has-nested-images columns-default is-cropped wp-block-gallery-2 is-layout-flex wp-block-gallery-is-layout-flex\"> <figure class=\"wp-block-image size-full\"><img loading=\"lazy\" decoding=\"async\" width=\"720\" height=\"540\" data-id=\"1469\" src=\"https:\/\/topfoodmachine.com\/wp-content\/uploads\/2024\/07\/instant-freezing-machine.webp\" alt=\"m\u00e1quina de congelaci\u00f3n instant\u00e1nea\" class=\"wp-image-1469\" srcset=\"https:\/\/topfoodmachine.com\/wp-content\/uploads\/2024\/07\/instant-freezing-machine.webp 720w, https:\/\/topfoodmachine.com\/wp-content\/uploads\/2024\/07\/instant-freezing-machine-300x225.webp 300w, https:\/\/topfoodmachine.com\/wp-content\/uploads\/2024\/07\/instant-freezing-machine-16x12.webp 16w\" sizes=\"auto, (max-width: 720px) 100vw, 720px\" \/><figcaption class=\"wp-element-caption\">m\u00e1quina de congelaci\u00f3n instant\u00e1nea<\/figcaption><\/figure>    <figure class=\"wp-block-image size-full\"><img loading=\"lazy\" decoding=\"async\" width=\"720\" height=\"540\" data-id=\"1470\" src=\"https:\/\/topfoodmachine.com\/wp-content\/uploads\/2024\/07\/quick-freezer.webp\" alt=\"congelador r\u00e1pido\" class=\"wp-image-1470\" srcset=\"https:\/\/topfoodmachine.com\/wp-content\/uploads\/2024\/07\/quick-freezer.webp 720w, https:\/\/topfoodmachine.com\/wp-content\/uploads\/2024\/07\/quick-freezer-300x225.webp 300w, https:\/\/topfoodmachine.com\/wp-content\/uploads\/2024\/07\/quick-freezer-16x12.webp 16w\" sizes=\"auto, (max-width: 720px) 100vw, 720px\" \/><figcaption class=\"wp-element-caption\">congelador r\u00e1pido<\/figcaption><\/figure> <\/figure>    <h2 class=\"wp-block-heading\">Ventajas clave de la m\u00e1quina de congelaci\u00f3n instant\u00e1nea<\/h2>    <ul class=\"wp-block-list\"> <li><strong>Alta eficiencia energ\u00e9tica<\/strong>. Utiliza compresores importados conocidos por su uso eficiente de energ\u00eda, a pesar de niveles de ruido m\u00e1s altos, asegurando un enfriamiento y congelaci\u00f3n r\u00e1pidos.<\/li>    <li><strong>Tecnolog\u00eda de descongelaci\u00f3n el\u00e9ctrica<\/strong>. Mejora la seguridad y ahorra electricidad en comparaci\u00f3n con m\u00e9todos tradicionales, reduciendo costos operativos y necesidades de mantenimiento.<\/li>    <li><strong>Sistema de control de temperatura por microcomputadora<\/strong>. Permite una regulaci\u00f3n precisa de la temperatura dentro de los rangos permitidos, optimizando las condiciones de congelaci\u00f3n para diferentes tipos de alimentos para mantener la calidad.<\/li>    <li><strong>Capacidad de congelaci\u00f3n r\u00e1pida<\/strong>. Permite la congelaci\u00f3n r\u00e1pida de art\u00edculos alimenticios, preservando frescura, textura y valor nutricional mientras se extiende la vida \u00fatil.<\/li> <\/ul>    <figure class=\"wp-block-gallery has-nested-images columns-default is-cropped wp-block-gallery-3 is-layout-flex wp-block-gallery-is-layout-flex\"> <figure class=\"wp-block-image size-large\"><img loading=\"lazy\" decoding=\"async\" width=\"720\" height=\"540\" data-id=\"1464\" src=\"https:\/\/topfoodmachine.com\/wp-content\/uploads\/2024\/07\/automatic-Instant-freezer-machine.webp\" alt=\"m\u00e1quina de congelaci\u00f3n instant\u00e1nea autom\u00e1tica\" class=\"wp-image-1464\" srcset=\"https:\/\/topfoodmachine.com\/wp-content\/uploads\/2024\/07\/automatic-Instant-freezer-machine.webp 720w, https:\/\/topfoodmachine.com\/wp-content\/uploads\/2024\/07\/automatic-Instant-freezer-machine-300x225.webp 300w, https:\/\/topfoodmachine.com\/wp-content\/uploads\/2024\/07\/automatic-Instant-freezer-machine-16x12.webp 16w\" sizes=\"auto, (max-width: 720px) 100vw, 720px\" \/><figcaption class=\"wp-element-caption\">m\u00e1quina de congelaci\u00f3n instant\u00e1nea autom\u00e1tica<\/figcaption><\/figure>    <figure class=\"wp-block-image size-large\"><img loading=\"lazy\" decoding=\"async\" width=\"720\" height=\"540\" data-id=\"1465\" src=\"https:\/\/topfoodmachine.com\/wp-content\/uploads\/2024\/07\/commercial-Instant-freezer-machine.webp\" alt=\"m\u00e1quina de congelaci\u00f3n instant\u00e1nea comercial\" class=\"wp-image-1465\" srcset=\"https:\/\/topfoodmachine.com\/wp-content\/uploads\/2024\/07\/commercial-Instant-freezer-machine.webp 720w, https:\/\/topfoodmachine.com\/wp-content\/uploads\/2024\/07\/commercial-Instant-freezer-machine-300x225.webp 300w, https:\/\/topfoodmachine.com\/wp-content\/uploads\/2024\/07\/commercial-Instant-freezer-machine-16x12.webp 16w\" sizes=\"auto, (max-width: 720px) 100vw, 720px\" \/><figcaption class=\"wp-element-caption\">m\u00e1quina de congelaci\u00f3n instant\u00e1nea comercial<\/figcaption><\/figure> <\/figure>    <h2 class=\"wp-block-heading\">Par\u00e1metros de la m\u00e1quina de congelaci\u00f3n r\u00e1pida<\/h2>    <figure class=\"wp-block-table\"><table><tbody><tr><td><strong>Modelo<\/strong><strong><\/strong><\/td><td><strong>Bandejas<\/strong><strong><\/strong><\/td><td><strong>Tama\u00f1o (mm)<\/strong><strong><\/strong><\/td><td><strong>Potencia total<\/strong><strong><\/strong><\/td><td><strong>Volumen (L)<\/strong><strong><\/strong><\/td><td><strong>Voltaje (V)<\/strong><strong><\/strong><\/td><td><strong>Rango de temperatura (\u00b0C)<\/strong><strong><\/strong><\/td><td><strong>Espaciado de estantes (mm)<\/strong><strong><\/strong><\/td><td><strong>M\u00e9todo de refrigeraci\u00f3n<\/strong><strong><\/strong><\/td><\/tr><tr><td>TZ-C5<\/td><td>5<\/td><td>880*900*1270<\/td><td>1.5P, 1200W<\/td><td>120<\/td><td>220<\/td><td>0~-45<\/td><td>80<\/td><td>Refrigeraci\u00f3n por aire<\/td><\/tr><tr><td>TZ-C7<\/td><td>7<\/td><td>880*900*1850<\/td><td>1.5P, 1200W<\/td><td>120<\/td><td>220<\/td><td>0~-45<\/td><td>80<\/td><td>Refrigeraci\u00f3n por aire<\/td><\/tr><tr><td>TZ-C10<\/td><td>10<\/td><td>880*900*1850<\/td><td>2P, 1500W<\/td><td>300<\/td><td>220<\/td><td>0~-45<\/td><td>80<\/td><td>Refrigeraci\u00f3n por aire<\/td><\/tr><tr><td>TZ-C12<\/td><td>12<\/td><td>880*900*1850<\/td><td>2P, 1500W<\/td><td>300<\/td><td>220<\/td><td>0~-45<\/td><td>80<\/td><td>Refrigeraci\u00f3n por aire<\/td><\/tr><\/tbody><\/table><figcaption class=\"wp-element-caption\">Par\u00e1metros de la m\u00e1quina de congelaci\u00f3n instant\u00e1nea<\/figcaption><\/figure>    <figure class=\"wp-block-gallery has-nested-images columns-default is-cropped wp-block-gallery-4 is-layout-flex wp-block-gallery-is-layout-flex\"> <figure class=\"wp-block-image size-full\"><img loading=\"lazy\" decoding=\"async\" width=\"720\" height=\"540\" data-id=\"1466\" src=\"https:\/\/topfoodmachine.com\/wp-content\/uploads\/2024\/07\/industrial-Instant-freezer-machine.webp\" alt=\"m\u00e1quina de congelaci\u00f3n instant\u00e1nea industrial\" class=\"wp-image-1466\" srcset=\"https:\/\/topfoodmachine.com\/wp-content\/uploads\/2024\/07\/industrial-Instant-freezer-machine.webp 720w, https:\/\/topfoodmachine.com\/wp-content\/uploads\/2024\/07\/industrial-Instant-freezer-machine-300x225.webp 300w, https:\/\/topfoodmachine.com\/wp-content\/uploads\/2024\/07\/industrial-Instant-freezer-machine-16x12.webp 16w\" sizes=\"auto, (max-width: 720px) 100vw, 720px\" \/><figcaption class=\"wp-element-caption\">m\u00e1quina de congelaci\u00f3n instant\u00e1nea industrial<\/figcaption><\/figure>    <figure class=\"wp-block-image size-full\"><img loading=\"lazy\" decoding=\"async\" width=\"720\" height=\"540\" data-id=\"1471\" src=\"https:\/\/topfoodmachine.com\/wp-content\/uploads\/2024\/07\/Quick-freezing-machine-for-sale.webp\" alt=\"M\u00e1quina de congelaci\u00f3n r\u00e1pida en venta\" class=\"wp-image-1471\" srcset=\"https:\/\/topfoodmachine.com\/wp-content\/uploads\/2024\/07\/Quick-freezing-machine-for-sale.webp 720w, https:\/\/topfoodmachine.com\/wp-content\/uploads\/2024\/07\/Quick-freezing-machine-for-sale-300x225.webp 300w, https:\/\/topfoodmachine.com\/wp-content\/uploads\/2024\/07\/Quick-freezing-machine-for-sale-16x12.webp 16w\" sizes=\"auto, (max-width: 720px) 100vw, 720px\" \/><figcaption class=\"wp-element-caption\">M\u00e1quina de congelaci\u00f3n r\u00e1pida en venta<\/figcaption><\/figure> <\/figure>    <h2 class=\"wp-block-heading\">Por qu\u00e9 elegir nuestra congelaci\u00f3n r\u00e1pida <a href=\"https:\/\/en.wikipedia.org\/wiki\/Freezing\" data-type=\"link\" data-id=\"https:\/\/en.wikipedia.org\/wiki\/Freezing\" target=\"_blank\" rel=\"noopener\">congelaci\u00f3n<\/a> m\u00e1quina<\/h2>    <p>Nuestras m\u00e1quinas de congelaci\u00f3n r\u00e1pida est\u00e1n dise\u00f1adas para ofrecer un rendimiento confiable, respaldadas por asistencia en l\u00ednea las 24 horas y servicios de mantenimiento de por vida. Cada m\u00e1quina viene con manuales en ingl\u00e9s y videos instructivos, asegurando una operaci\u00f3n sencilla. <\/p>    <p>Se realizan rigurosos controles de calidad en todos los componentes, incluidos los marcos de acero inoxidable, tornillos y rodamientos, para mantener los est\u00e1ndares de la industria. Antes del env\u00edo, se realizan pruebas extensivas y documentaci\u00f3n en video que valida la integridad operativa de las m\u00e1quinas a su llegada.<\/p>    <figure class=\"wp-block-image size-full\"><img loading=\"lazy\" decoding=\"async\" width=\"720\" height=\"540\" src=\"https:\/\/topfoodmachine.com\/wp-content\/uploads\/2024\/07\/Quick-freezing-machine-for-business.webp\" alt=\"M\u00e1quina de congelaci\u00f3n r\u00e1pida para negocios\" class=\"wp-image-1472\" srcset=\"https:\/\/topfoodmachine.com\/wp-content\/uploads\/2024\/07\/Quick-freezing-machine-for-business.webp 720w, https:\/\/topfoodmachine.com\/wp-content\/uploads\/2024\/07\/Quick-freezing-machine-for-business-300x225.webp 300w, https:\/\/topfoodmachine.com\/wp-content\/uploads\/2024\/07\/Quick-freezing-machine-for-business-16x12.webp 16w\" sizes=\"auto, (max-width: 720px) 100vw, 720px\" \/><figcaption class=\"wp-element-caption\">M\u00e1quina de congelaci\u00f3n r\u00e1pida para negocios<\/figcaption><\/figure>    <p>En caso de cualquier problema operativo, nuestra generosa garant\u00eda de un a\u00f1o asegura una pronta resoluci\u00f3n. Los clientes pueden acelerar los diagn\u00f3sticos proporcionando videos de retroalimentaci\u00f3n y facilitando soluciones r\u00e1pidas. Para problemas derivados de un funcionamiento inadecuado, las piezas est\u00e1n disponibles a costo, mientras que los defectos de fabricaci\u00f3n se rectifican con reemplazos gratuitos. <\/p>    <p>Nuestro dedicado equipo de soporte t\u00e9cnico est\u00e1 listo para ayudar con el reemplazo de piezas y procedimientos de mantenimiento, asegurando una operaci\u00f3n sin problemas.<\/p>    <figure class=\"wp-block-image size-full\"><img loading=\"lazy\" decoding=\"async\" width=\"720\" height=\"540\" src=\"https:\/\/topfoodmachine.com\/wp-content\/uploads\/2024\/07\/Instant-freezer-machine.webp\" alt=\"m\u00e1quina de congelaci\u00f3n instant\u00e1nea\" class=\"wp-image-1467\" srcset=\"https:\/\/topfoodmachine.com\/wp-content\/uploads\/2024\/07\/Instant-freezer-machine.webp 720w, https:\/\/topfoodmachine.com\/wp-content\/uploads\/2024\/07\/Instant-freezer-machine-300x225.webp 300w, https:\/\/topfoodmachine.com\/wp-content\/uploads\/2024\/07\/Instant-freezer-machine-16x12.webp 16w\" sizes=\"auto, (max-width: 720px) 100vw, 720px\" \/><figcaption class=\"wp-element-caption\">m\u00e1quina de congelaci\u00f3n instant\u00e1nea<\/figcaption><\/figure>    <h2 class=\"wp-block-heading\">Invierta en nuestra m\u00e1quina de congelaci\u00f3n r\u00e1pida<\/h2>    <p>Nuestras m\u00e1quinas de congelaci\u00f3n r\u00e1pida son altamente eficientes y tecnol\u00f3gicamente avanzadas. Aseguran la calidad y frescura de los alimentos. Estas m\u00e1quinas brindan soporte confiable y soluciones optimizadas para sus operaciones comerciales. \u00a1Cont\u00e1ctenos ahora para obtener informaci\u00f3n detallada y precios!<\/p>    <p class=\"translation-block\">Adem\u00e1s, nuestras m\u00e1quinas de congelaci\u00f3n r\u00e1pida pueden integrarse sin problemas con <a href=\"https:\/\/topfoodmachine.com\/es\/product\/french-fries-production-lines\/\" data-type=\"link\" data-id=\"https:\/\/topfoodmachine.com\/product\/french-fries-production-lines\/\">l\u00edneas de producci\u00f3n de papas fritas<\/a>, <a href=\"https:\/\/topfoodmachine.com\/es\/product\/chicken-feet-processing-line\/\" data-type=\"link\" data-id=\"https:\/\/topfoodmachine.com\/product\/chicken-feet-processing-line\/\">l\u00edneas de procesamiento de patas de pollo<\/a>, o <a href=\"https:\/\/topfoodmachine.com\/es\/products\/egg-meat-processing-machine\/\" data-type=\"link\" data-id=\"https:\/\/topfoodmachine.com\/products\/egg-meat-processing-machine\/\">maquinaria de procesamiento de carne<\/a>, ofreciendo sinergia integral para sus l\u00edneas de producci\u00f3n.<\/p>    <figure class=\"wp-block-gallery has-nested-images columns-default is-cropped wp-block-gallery-5 is-layout-flex wp-block-gallery-is-layout-flex\"> <figure class=\"wp-block-image size-large\"><img loading=\"lazy\" decoding=\"async\" width=\"720\" height=\"540\" data-id=\"59\" src=\"https:\/\/topfoodmachine.com\/wp-content\/uploads\/2022\/07\/french-fries-production-line.png\" alt=\"l\u00ednea de producci\u00f3n de papas fritas\" class=\"wp-image-59\" srcset=\"https:\/\/topfoodmachine.com\/wp-content\/uploads\/2022\/07\/french-fries-production-line.png 720w, https:\/\/topfoodmachine.com\/wp-content\/uploads\/2022\/07\/french-fries-production-line-300x225.png 300w\" sizes=\"auto, (max-width: 720px) 100vw, 720px\" \/><\/figure>    <figure class=\"wp-block-image size-large\"><img loading=\"lazy\" decoding=\"async\" width=\"720\" height=\"540\" data-id=\"1098\" src=\"https:\/\/topfoodmachine.com\/wp-content\/uploads\/2023\/12\/Chicken-feet-processing-line.webp\" alt=\"L\u00ednea de procesamiento de patas de pollo\" class=\"wp-image-1098\" srcset=\"https:\/\/topfoodmachine.com\/wp-content\/uploads\/2023\/12\/Chicken-feet-processing-line.webp 720w, https:\/\/topfoodmachine.com\/wp-content\/uploads\/2023\/12\/Chicken-feet-processing-line-300x225.webp 300w\" sizes=\"auto, (max-width: 720px) 100vw, 720px\" \/><figcaption class=\"wp-element-caption\">L\u00ednea de procesamiento de patas de pollo<\/figcaption><\/figure>    <figure class=\"wp-block-image size-large\"><img loading=\"lazy\" decoding=\"async\" width=\"720\" height=\"540\" data-id=\"828\" src=\"https:\/\/topfoodmachine.com\/wp-content\/uploads\/2023\/10\/fish-meat-separating-machine.webp\" alt=\"maquina separadora de carne de pescado\" class=\"wp-image-828\" srcset=\"https:\/\/topfoodmachine.com\/wp-content\/uploads\/2023\/10\/fish-meat-separating-machine.webp 720w, https:\/\/topfoodmachine.com\/wp-content\/uploads\/2023\/10\/fish-meat-separating-machine-300x225.webp 300w\" sizes=\"auto, (max-width: 720px) 100vw, 720px\" \/><figcaption class=\"wp-element-caption\">maquina separadora de carne de pescado<\/figcaption><\/figure> <\/figure>    <p><\/p>","protected":false},"excerpt":{"rendered":"<p>Las m\u00e1quinas de congelaci\u00f3n r\u00e1pida, tambi\u00e9n conocidas como m\u00e1quinas de congelaci\u00f3n instant\u00e1nea, congelan r\u00e1pidamente los alimentos para preservar la calidad, textura y valor nutricional al minimizar la formaci\u00f3n de cristales de hielo.<\/p>","protected":false},"author":1,"featured_media":1463,"parent":0,"template":"","tags":[57,56],"product-type":[4],"class_list":["post-1461","product","type-product","status-publish","has-post-thumbnail","hentry","tag-freezer","tag-freezing-machine","product-type-frying-equipment"],"_links":{"self":[{"href":"https:\/\/topfoodmachine.com\/es\/wp-json\/wp\/v2\/product\/1461","targetHints":{"allow":["GET"]}}],"collection":[{"href":"https:\/\/topfoodmachine.com\/es\/wp-json\/wp\/v2\/product"}],"about":[{"href":"https:\/\/topfoodmachine.com\/es\/wp-json\/wp\/v2\/types\/product"}],"author":[{"embeddable":true,"href":"https:\/\/topfoodmachine.com\/es\/wp-json\/wp\/v2\/users\/1"}],"wp:featuredmedia":[{"embeddable":true,"href":"https:\/\/topfoodmachine.com\/es\/wp-json\/wp\/v2\/media\/1463"}],"wp:attachment":[{"href":"https:\/\/topfoodmachine.com\/es\/wp-json\/wp\/v2\/media?parent=1461"}],"wp:term":[{"taxonomy":"post_tag","embeddable":true,"href":"https:\/\/topfoodmachine.com\/es\/wp-json\/wp\/v2\/tags?post=1461"},{"taxonomy":"product-type","embeddable":true,"href":"https:\/\/topfoodmachine.com\/es\/wp-json\/wp\/v2\/product-type?post=1461"}],"curies":[{"name":"wp","href":"https:\/\/api.w.org\/{rel}","templated":true}]}}