{"id":1444,"date":"2024-07-16T11:15:25","date_gmt":"2024-07-16T03:15:25","guid":{"rendered":"https:\/\/topfoodmachine.com\/?post_type=product&#038;p=1444"},"modified":"2025-11-03T18:01:25","modified_gmt":"2025-11-03T10:01:25","slug":"stainless-steel-crusher","status":"publish","type":"product","link":"https:\/\/topfoodmachine.com\/es\/product\/stainless-steel-crusher\/","title":{"rendered":"m\u00e1quina de molienda de polvo"},"content":{"rendered":"<div class=\"kk-star-ratings kksr-auto kksr-align-left kksr-valign-top\"     data-payload='{&quot;align&quot;:&quot;left&quot;,&quot;id&quot;:&quot;1444&quot;,&quot;slug&quot;:&quot;default&quot;,&quot;valign&quot;:&quot;top&quot;,&quot;ignore&quot;:&quot;&quot;,&quot;reference&quot;:&quot;auto&quot;,&quot;class&quot;:&quot;&quot;,&quot;count&quot;:&quot;5&quot;,&quot;legendonly&quot;:&quot;&quot;,&quot;readonly&quot;:&quot;&quot;,&quot;score&quot;:&quot;4.7&quot;,&quot;starsonly&quot;:&quot;&quot;,&quot;best&quot;:&quot;5&quot;,&quot;gap&quot;:&quot;5&quot;,&quot;greet&quot;:&quot;Rate this product&quot;,&quot;legend&quot;:&quot;4.7\\\/5 - (5 votos)&quot;,&quot;size&quot;:&quot;24&quot;,&quot;title&quot;:&quot;Powder grinder machine&quot;,&quot;width&quot;:&quot;133.8&quot;,&quot;_legend&quot;:&quot;{score}\\\/{best} - ({count} {votes})&quot;,&quot;font_factor&quot;:&quot;1.25&quot;}'>              <div class=\"kksr-stars\">      <div class=\"kksr-stars-inactive\">             <div class=\"kksr-star\" data-star=\"1\" style=\"padding-right: 5px\">               <div class=\"kksr-icon\" style=\"width: 24px; height: 24px;\"><\/div>         <\/div>             <div class=\"kksr-star\" data-star=\"2\" style=\"padding-right: 5px\">               <div class=\"kksr-icon\" style=\"width: 24px; height: 24px;\"><\/div>         <\/div>             <div class=\"kksr-star\" data-star=\"3\" style=\"padding-right: 5px\">               <div class=\"kksr-icon\" style=\"width: 24px; height: 24px;\"><\/div>         <\/div>             <div class=\"kksr-star\" data-star=\"4\" style=\"padding-right: 5px\">               <div class=\"kksr-icon\" style=\"width: 24px; height: 24px;\"><\/div>         <\/div>             <div class=\"kksr-star\" data-star=\"5\" style=\"padding-right: 5px\">               <div class=\"kksr-icon\" style=\"width: 24px; height: 24px;\"><\/div>         <\/div>     <\/div>      <div class=\"kksr-stars-active\" style=\"width: 133.8px;\">             <div class=\"kksr-star\" style=\"padding-right: 5px\">               <div class=\"kksr-icon\" style=\"width: 24px; height: 24px;\"><\/div>         <\/div>             <div class=\"kksr-star\" style=\"padding-right: 5px\">               <div class=\"kksr-icon\" style=\"width: 24px; height: 24px;\"><\/div>         <\/div>             <div class=\"kksr-star\" style=\"padding-right: 5px\">               <div class=\"kksr-icon\" style=\"width: 24px; height: 24px;\"><\/div>         <\/div>             <div class=\"kksr-star\" style=\"padding-right: 5px\">               <div class=\"kksr-icon\" style=\"width: 24px; height: 24px;\"><\/div>         <\/div>             <div class=\"kksr-star\" style=\"padding-right: 5px\">               <div class=\"kksr-icon\" style=\"width: 24px; height: 24px;\"><\/div>         <\/div>     <\/div> <\/div>                   <div class=\"kksr-legend\" style=\"font-size: 19.2px;\">             4.7\/5 - (5 votos)    <\/div>     <\/div>  <p class=\"translation-block\">La<strong>m\u00e1quina de molienda de polvo<\/strong>es un equipo duradero de acero inoxidable para un procesamiento eficiente de alimentos. Puede moler diversos materiales duros como granos, pimienta, jengibre, ma\u00edz y az\u00facar con alta precisi\u00f3n. <\/p>    <p>Con discos de molienda intercambiables, soporta diferentes requisitos de finura y capacidades de 150 a 400 kg\/h, lo que la hace ideal para producci\u00f3n tanto peque\u00f1a como a gran escala. F\u00e1cil de limpiar y mantener, esta m\u00e1quina garantiza una operaci\u00f3n higi\u00e9nica y un rendimiento constante.<\/p>    <figure class=\"wp-block-embed is-type-video is-provider-youtube wp-block-embed-youtube wp-embed-aspect-16-9 wp-has-aspect-ratio\"><div class=\"wp-block-embed__wrapper\"> <iframe loading=\"lazy\" title=\"Triturador de acero inoxidable en acci\u00f3n: Prueba de eficiencia de trituraci\u00f3n #procesamientodealimentos #trituraci\u00f3n #molienda\" width=\"500\" height=\"281\" src=\"https:\/\/www.youtube.com\/embed\/Rcn9MEi9pwo?feature=oembed\" frameborder=\"0\" allow=\"accelerometer; autoplay; clipboard-write; encrypted-media; gyroscope; picture-in-picture; web-share\" referrerpolicy=\"strict-origin-when-cross-origin\" allowfullscreen><\/iframe> <\/div><figcaption class=\"wp-element-caption\">Video de trabajo de la m\u00e1quina trituradora de polvo<\/figcaption><\/figure>    <h2 class=\"wp-block-heading\">\u00bfQu\u00e9 materiales son adecuados para la m\u00e1quina de molienda de granos?<\/h2>    <p>La m\u00e1quina de moler granos puede manejar eficazmente una amplia gama de materiales s\u00f3lidos alimenticios. Sobresale en moler diversos granos y cereales, incluyendo trigo, arroz, cebada y avena.<\/p>    <figure class=\"wp-block-gallery has-nested-images columns-default is-cropped wp-block-gallery-2 is-layout-flex wp-block-gallery-is-layout-flex\"> <figure class=\"wp-block-image size-large\"><img loading=\"lazy\" decoding=\"async\" width=\"720\" height=\"540\" data-id=\"1447\" src=\"https:\/\/topfoodmachine.com\/wp-content\/uploads\/2024\/07\/chilli-powder.webp\" alt=\"polvo de chile\" class=\"wp-image-1447\" srcset=\"https:\/\/topfoodmachine.com\/wp-content\/uploads\/2024\/07\/chilli-powder.webp 720w, https:\/\/topfoodmachine.com\/wp-content\/uploads\/2024\/07\/chilli-powder-300x225.webp 300w, https:\/\/topfoodmachine.com\/wp-content\/uploads\/2024\/07\/chilli-powder-16x12.webp 16w\" sizes=\"auto, (max-width: 720px) 100vw, 720px\" \/><figcaption class=\"wp-element-caption\">polvo de chile<\/figcaption><\/figure>    <figure class=\"wp-block-image size-large\"><img loading=\"lazy\" decoding=\"async\" width=\"720\" height=\"540\" data-id=\"1450\" src=\"https:\/\/topfoodmachine.com\/wp-content\/uploads\/2024\/07\/yam-powder.webp\" alt=\"polvo de \u00f1ame\" class=\"wp-image-1450\" srcset=\"https:\/\/topfoodmachine.com\/wp-content\/uploads\/2024\/07\/yam-powder.webp 720w, https:\/\/topfoodmachine.com\/wp-content\/uploads\/2024\/07\/yam-powder-300x225.webp 300w, https:\/\/topfoodmachine.com\/wp-content\/uploads\/2024\/07\/yam-powder-16x12.webp 16w\" sizes=\"auto, (max-width: 720px) 100vw, 720px\" \/><figcaption class=\"wp-element-caption\">polvo de \u00f1ame<\/figcaption><\/figure> <\/figure>    <p>Adem\u00e1s, muele eficientemente ingredientes de condimento como pimientos, asegurando un tama\u00f1o de part\u00edcula consistente para una mejor extracci\u00f3n de sabor en aplicaciones culinarias. <\/p>    <p>Adem\u00e1s, la trituradora destaca en el procesamiento de verduras de ra\u00edz s\u00f3lidas como los \u00f1ames, descomponi\u00e9ndolos eficientemente en part\u00edculas finas adecuadas para diversas preparaciones alimenticias.<\/p>    <p>A continuaci\u00f3n, examinaremos la estructura robusta de nuestra m\u00e1quina trituradora de polvo.<\/p>    <figure class=\"wp-block-gallery has-nested-images columns-2 is-cropped wp-block-gallery-3 is-layout-flex wp-block-gallery-is-layout-flex\"> <figure class=\"wp-block-image size-large\"><img loading=\"lazy\" decoding=\"async\" width=\"720\" height=\"540\" data-id=\"1448\" src=\"https:\/\/topfoodmachine.com\/wp-content\/uploads\/2024\/07\/grain-powder-grinder-application.webp\" alt=\"aplicaci\u00f3n de la trituradora de polvo de grano\" class=\"wp-image-1448\" srcset=\"https:\/\/topfoodmachine.com\/wp-content\/uploads\/2024\/07\/grain-powder-grinder-application.webp 720w, https:\/\/topfoodmachine.com\/wp-content\/uploads\/2024\/07\/grain-powder-grinder-application-300x225.webp 300w, https:\/\/topfoodmachine.com\/wp-content\/uploads\/2024\/07\/grain-powder-grinder-application-16x12.webp 16w\" sizes=\"auto, (max-width: 720px) 100vw, 720px\" \/><figcaption class=\"wp-element-caption\">aplicaci\u00f3n de la trituradora de polvo de grano<\/figcaption><\/figure>    <figure class=\"wp-block-image size-large\"><img loading=\"lazy\" decoding=\"async\" width=\"720\" height=\"540\" data-id=\"1449\" src=\"https:\/\/topfoodmachine.com\/wp-content\/uploads\/2024\/07\/spice-crusher-application.webp\" alt=\"aplicaci\u00f3n del triturador de especias\" class=\"wp-image-1449\" srcset=\"https:\/\/topfoodmachine.com\/wp-content\/uploads\/2024\/07\/spice-crusher-application.webp 720w, https:\/\/topfoodmachine.com\/wp-content\/uploads\/2024\/07\/spice-crusher-application-300x225.webp 300w, https:\/\/topfoodmachine.com\/wp-content\/uploads\/2024\/07\/spice-crusher-application-16x12.webp 16w\" sizes=\"auto, (max-width: 720px) 100vw, 720px\" \/><figcaption class=\"wp-element-caption\">aplicaci\u00f3n del triturador de especias<\/figcaption><\/figure> <\/figure>    <h2 class=\"wp-block-heading\">Estructura de la m\u00e1quina de molienda de polvo<\/h2>    <figure class=\"wp-block-image size-full\"><img loading=\"lazy\" decoding=\"async\" width=\"720\" height=\"540\" src=\"https:\/\/topfoodmachine.com\/wp-content\/uploads\/2024\/07\/structure-of-Stainless-steel-crusher.webp\" alt=\"estructura de la m\u00e1quina trituradora de polvo\" class=\"wp-image-1451\" srcset=\"https:\/\/topfoodmachine.com\/wp-content\/uploads\/2024\/07\/structure-of-Stainless-steel-crusher.webp 720w, https:\/\/topfoodmachine.com\/wp-content\/uploads\/2024\/07\/structure-of-Stainless-steel-crusher-300x225.webp 300w, https:\/\/topfoodmachine.com\/wp-content\/uploads\/2024\/07\/structure-of-Stainless-steel-crusher-16x12.webp 16w\" sizes=\"auto, (max-width: 720px) 100vw, 720px\" \/><figcaption class=\"wp-element-caption\">estructura de la m\u00e1quina trituradora de polvo<\/figcaption><\/figure>    <p>A continuaci\u00f3n, profundizaremos en los principios operativos detr\u00e1s de nuestro molino de polvo de grano.<\/p>    <h2 class=\"wp-block-heading\">Principio de funcionamiento del molino de polvo de grano<\/h2>    <p class=\"translation-block\">La<strong>molinillo de polvo de grano<\/strong>funciona en base al movimiento relativo entre un disco m\u00f3vil de alta velocidad y un disco estacionario. Esta interacci\u00f3n permite que la m\u00e1quina pulverice eficientemente los granos mediante m\u00faltiples mecanismos, asegurando una salida de polvo uniforme y fina.<\/p>    <div class=\"wp-block-media-text is-stacked-on-mobile\"><figure class=\"wp-block-media-text__media\"><img loading=\"lazy\" decoding=\"async\" width=\"720\" height=\"540\" src=\"https:\/\/topfoodmachine.com\/wp-content\/uploads\/2024\/07\/automatic-Grain-grinder-machine.webp\" alt=\"m\u00e1quina trituradora de grano autom\u00e1tica\" class=\"wp-image-1452 size-full\" srcset=\"https:\/\/topfoodmachine.com\/wp-content\/uploads\/2024\/07\/automatic-Grain-grinder-machine.webp 720w, https:\/\/topfoodmachine.com\/wp-content\/uploads\/2024\/07\/automatic-Grain-grinder-machine-300x225.webp 300w, https:\/\/topfoodmachine.com\/wp-content\/uploads\/2024\/07\/automatic-Grain-grinder-machine-16x12.webp 16w\" sizes=\"auto, (max-width: 720px) 100vw, 720px\" \/><\/figure><div class=\"wp-block-media-text__content\"> <h3 class=\"wp-block-heading\"><strong>Caracter\u00edsticas clave y mecanismos de funcionamiento<\/strong><\/h3>    <ul class=\"wp-block-list\"> <li><strong>Trituraci\u00f3n efectiva:<\/strong> Pulveriza los materiales mediante impacto de dientes, cizalladura, fricci\u00f3n y colisiones de part\u00edculas.<\/li>    <li><strong>Operaci\u00f3n suave y bajo nivel de ruido:<\/strong> Garantiza un rendimiento silencioso adecuado para la producci\u00f3n continua.<\/li> <\/ul> <\/div><\/div>    <div class=\"wp-block-media-text has-media-on-the-right is-stacked-on-mobile\"><div class=\"wp-block-media-text__content\"> <ul class=\"wp-block-list\"> <li><strong>Descarga directa:<\/strong> Los materiales triturados se descargan inmediatamente desde la c\u00e1mara de molienda.<\/li>    <li><strong>Tama\u00f1o de part\u00edcula ajustable:<\/strong> Se pueden seleccionar pantallas de apertura diferente para controlar la granularidad del producto final seg\u00fan los requisitos de procesamiento.<\/li> <\/ul> <\/div><figure class=\"wp-block-media-text__media\"><img loading=\"lazy\" decoding=\"async\" width=\"720\" height=\"540\" src=\"https:\/\/topfoodmachine.com\/wp-content\/uploads\/2024\/07\/Stainless-steel-crusher-for-business.webp\" alt=\"Triturador de acero inoxidable para negocios\" class=\"wp-image-1458 size-full\" srcset=\"https:\/\/topfoodmachine.com\/wp-content\/uploads\/2024\/07\/Stainless-steel-crusher-for-business.webp 720w, https:\/\/topfoodmachine.com\/wp-content\/uploads\/2024\/07\/Stainless-steel-crusher-for-business-300x225.webp 300w, https:\/\/topfoodmachine.com\/wp-content\/uploads\/2024\/07\/Stainless-steel-crusher-for-business-16x12.webp 16w\" sizes=\"auto, (max-width: 720px) 100vw, 720px\" \/><\/figure><\/div>    <p>Esta combinaci\u00f3n de dise\u00f1o y funcionalidad hace que el molinillo de polvo de grano sea altamente eficiente y vers\u00e1til para diversas aplicaciones de procesamiento de granos.<\/p>    <p>A continuaci\u00f3n, detallaremos las especificaciones y par\u00e1metros de nuestra m\u00e1quina trituradora de polvo de especias.<\/p>    <h2 class=\"wp-block-heading\">Par\u00e1metros de la m\u00e1quina de molienda de polvo de especias<\/h2>    <figure class=\"wp-block-table\"><table><tbody><tr><td>Modelo<\/td><td>TZ-20B<\/td><td>TZ-30B<\/td><td>TZ-40B<\/td><\/tr><tr><td>Capacidad (kg\/h)<\/td><td>15-150<\/td><td>30-300<\/td><td>80-400<\/td><\/tr><tr><td>Finura de molienda (malla)<\/td><td>20-120<\/td><td>20-120<\/td><td>20-120<\/td><\/tr><tr><td>L\u00edmite de material (mm)<\/td><td>10<\/td><td>10<\/td><td>10<\/td><\/tr><tr><td>Voltaje<\/td><td>380V, 4KW<\/td><td>380V, 5.5KW<\/td><td>380V, 7.5KW<\/td><\/tr><tr><td>Velocidad del motor (r\/min)<\/td><td>5300<\/td><td>4500<\/td><td>3800<\/td><\/tr><tr><td>Dimensiones del producto (mm)<\/td><td>690x710x1140<\/td><td>760x760x1300<\/td><td>790x870x1370<\/td><\/tr><tr><td>Peso (kg)<\/td><td>150<\/td><td>200<\/td><td>260<\/td><\/tr><\/tbody><\/table><figcaption class=\"wp-element-caption\">par\u00e1metros del molino de grano<\/figcaption><\/figure>    <figure class=\"wp-block-image size-full\"><img loading=\"lazy\" decoding=\"async\" width=\"720\" height=\"540\" src=\"https:\/\/topfoodmachine.com\/wp-content\/uploads\/2024\/07\/effective-Grain-grinder-machine.webp\" alt=\"m\u00e1quina trituradora de grano efectiva\" class=\"wp-image-1454\" srcset=\"https:\/\/topfoodmachine.com\/wp-content\/uploads\/2024\/07\/effective-Grain-grinder-machine.webp 720w, https:\/\/topfoodmachine.com\/wp-content\/uploads\/2024\/07\/effective-Grain-grinder-machine-300x225.webp 300w, https:\/\/topfoodmachine.com\/wp-content\/uploads\/2024\/07\/effective-Grain-grinder-machine-16x12.webp 16w\" sizes=\"auto, (max-width: 720px) 100vw, 720px\" \/><figcaption class=\"wp-element-caption\">m\u00e1quina trituradora de grano efectiva<\/figcaption><\/figure>    <h2 class=\"wp-block-heading\">Preguntas frecuentes sobre la m\u00e1quina de molienda de polvo<\/h2>   <div id=\"rank-math-faq\" class=\"rank-math-block\"> <div class=\"rank-math-list\"> <div id=\"faq-question-1721039298471\" class=\"rank-math-list-item\"> <h3 class=\"rank-math-question\">\u00bfCu\u00e1l es la capacidad de producci\u00f3n de la m\u00e1quina de molienda de polvo de cacao?<\/h3> <div class=\"rank-math-answer\">  <p>La capacidad de producci\u00f3n de nuestras m\u00e1quinas de molienda de polvo es vers\u00e1til y puede adaptarse a las demandas del cliente. T\u00edpicamente, nuestras m\u00e1quinas ofrecen capacidades variables que van de 150 a 400 kg\/h, atendiendo a diferentes escalas de necesidades de producci\u00f3n.<\/p>  <\/div> <\/div> <div id=\"faq-question-1721039305494\" class=\"rank-math-list-item\"> <h3 class=\"rank-math-question\">\u00bfCu\u00e1l es la finura del producto terminado?<\/h3> <div class=\"rank-math-answer\">  <p>Generalmente, la m\u00e1quina de molienda de polvo logra una finura de part\u00edcula que var\u00eda de 20 a 40 mallas. Esta molienda precisa asegura que el producto terminado cumpla con los requisitos de tama\u00f1o de part\u00edcula adecuados para diversas aplicaciones de procesamiento de alimentos e industriales.<\/p>  <\/div> <\/div> <div id=\"faq-question-1721039336757\" class=\"rank-math-list-item\"> <h3 class=\"rank-math-question\">\u00bfDe qu\u00e9 material est\u00e1 hecho el producto?<\/h3> <div class=\"rank-math-answer\">  <p>Nuestras m\u00e1quinas trituradoras de polvo est\u00e1n construidas principalmente de acero inoxidable 304 de alta calidad. El acero inoxidable ofrece una excelente resistencia a la corrosi\u00f3n y durabilidad, asegurando un funcionamiento estable a largo plazo y cumplimiento con los est\u00e1ndares de higiene requeridos en equipos de procesamiento de alimentos.<\/p>  <\/div> <\/div> <div id=\"faq-question-1721039354345\" class=\"rank-math-list-item\"> <h3 class=\"rank-math-question\">\u00bfCu\u00e1l es el voltaje de la m\u00e1quina?<\/h3> <div class=\"rank-math-answer\">  <p>El voltaje de nuestras m\u00e1quinas de molienda de polvo se puede ajustar de acuerdo con los requisitos de voltaje de la zona local del cliente. Proporcionamos opciones para el reemplazo de transformadores para adaptarse a diferentes condiciones de voltaje en diferentes pa\u00edses y regiones, asegurando que la m\u00e1quina funcione de manera segura y efectiva.<\/p>  <\/div> <\/div> <div id=\"faq-question-1721039377053\" class=\"rank-math-list-item\"> <h3 class=\"rank-math-question\">\u00bfSe pueden realizar pagos utilizando una tarjeta de cr\u00e9dito?<\/h3> <div class=\"rank-math-answer\">  <p>Los pagos se pueden realizar utilizando una tarjeta de cr\u00e9dito a trav\u00e9s de la plataforma Alibaba. Este m\u00e9todo de pago es conveniente y seguro, ofreciendo a los clientes opciones de pago flexibles.<\/p>  <\/div> <\/div> <\/div> <\/div>   <figure class=\"wp-block-gallery has-nested-images columns-default is-cropped wp-block-gallery-4 is-layout-flex wp-block-gallery-is-layout-flex\"> <figure class=\"wp-block-image size-large\"><img loading=\"lazy\" decoding=\"async\" width=\"720\" height=\"540\" data-id=\"1456\" src=\"https:\/\/topfoodmachine.com\/wp-content\/uploads\/2024\/07\/Grain-powder-mill-grinder-details.webp\" alt=\"detalles del molino de polvo de grano\" class=\"wp-image-1456\" srcset=\"https:\/\/topfoodmachine.com\/wp-content\/uploads\/2024\/07\/Grain-powder-mill-grinder-details.webp 720w, https:\/\/topfoodmachine.com\/wp-content\/uploads\/2024\/07\/Grain-powder-mill-grinder-details-300x225.webp 300w, https:\/\/topfoodmachine.com\/wp-content\/uploads\/2024\/07\/Grain-powder-mill-grinder-details-16x12.webp 16w\" sizes=\"auto, (max-width: 720px) 100vw, 720px\" \/><figcaption class=\"wp-element-caption\">detalles del molino de polvo de grano<\/figcaption><\/figure>    <figure class=\"wp-block-image size-large\"><img loading=\"lazy\" decoding=\"async\" width=\"720\" height=\"540\" data-id=\"1455\" src=\"https:\/\/topfoodmachine.com\/wp-content\/uploads\/2024\/07\/exported-Grain-powder-mill-grinder.webp\" alt=\"molino de polvo de grano exportado\" class=\"wp-image-1455\" srcset=\"https:\/\/topfoodmachine.com\/wp-content\/uploads\/2024\/07\/exported-Grain-powder-mill-grinder.webp 720w, https:\/\/topfoodmachine.com\/wp-content\/uploads\/2024\/07\/exported-Grain-powder-mill-grinder-300x225.webp 300w, https:\/\/topfoodmachine.com\/wp-content\/uploads\/2024\/07\/exported-Grain-powder-mill-grinder-16x12.webp 16w\" sizes=\"auto, (max-width: 720px) 100vw, 720px\" \/><figcaption class=\"wp-element-caption\">molino de polvo de grano exportado<\/figcaption><\/figure> <\/figure>    <h2 class=\"wp-block-heading\">m\u00e1quina de soporte de <a href=\"https:\/\/en.wikipedia.org\/wiki\/Stainless_steel\" data-type=\"link\" data-id=\"https:\/\/en.wikipedia.org\/wiki\/Stainless_steel\" target=\"_blank\" rel=\"noopener\">acero inoxidable<\/a> triturador<\/h2>    <p class=\"translation-block\">La<strong>M\u00e1quina de molienda de polvo<\/strong>, junto con la<strong><a href=\"https:\/\/topfoodmachine.com\/es\/product\/spice-powder-packing-machine\/\" data-type=\"link\" data-id=\"https:\/\/topfoodmachine.com\/product\/spice-powder-packing-machine\/\">M\u00e1quina de envasado de polvo de especias<\/a><\/strong>, proporciona una soluci\u00f3n integral para el procesamiento y envasado de alimentos. <\/p>    <p>El molinillo de acero inoxidable produce eficientemente polvos de especias uniformes, mientras que la m\u00e1quina de envasado automatiza la pesada y el embalaje, aumentando la productividad, reduciendo la mano de obra y garantizando un embalaje consistente y sin errores.<\/p>    <figure class=\"wp-block-gallery has-nested-images columns-default is-cropped wp-block-gallery-5 is-layout-flex wp-block-gallery-is-layout-flex\"> <figure class=\"wp-block-image size-large\"><img loading=\"lazy\" decoding=\"async\" width=\"600\" height=\"450\" data-id=\"322\" src=\"https:\/\/topfoodmachine.com\/wp-content\/uploads\/2022\/08\/ginger-powder-packing-machine.jpg\" alt=\"empaquetadora de jengibre en polvo\" class=\"wp-image-322\" srcset=\"https:\/\/topfoodmachine.com\/wp-content\/uploads\/2022\/08\/ginger-powder-packing-machine.jpg 600w, https:\/\/topfoodmachine.com\/wp-content\/uploads\/2022\/08\/ginger-powder-packing-machine-300x225.jpg 300w\" sizes=\"auto, (max-width: 600px) 100vw, 600px\" \/><figcaption class=\"wp-element-caption\">empaquetadora de jengibre en polvo<\/figcaption><\/figure>    <figure class=\"wp-block-image size-large\"><img loading=\"lazy\" decoding=\"async\" width=\"720\" height=\"540\" data-id=\"1457\" src=\"https:\/\/topfoodmachine.com\/wp-content\/uploads\/2024\/07\/Stainless-steel-crusher-for-sale.webp\" alt=\"Triturador de acero inoxidable en venta\" class=\"wp-image-1457\" srcset=\"https:\/\/topfoodmachine.com\/wp-content\/uploads\/2024\/07\/Stainless-steel-crusher-for-sale.webp 720w, https:\/\/topfoodmachine.com\/wp-content\/uploads\/2024\/07\/Stainless-steel-crusher-for-sale-300x225.webp 300w, https:\/\/topfoodmachine.com\/wp-content\/uploads\/2024\/07\/Stainless-steel-crusher-for-sale-16x12.webp 16w\" sizes=\"auto, (max-width: 720px) 100vw, 720px\" \/><figcaption class=\"wp-element-caption\">Triturador de acero inoxidable en venta<\/figcaption><\/figure> <\/figure>    <h2 class=\"wp-block-heading\">\u00a1Deje su mensaje!<\/h2>    <p>Para obtener m\u00e1s informaci\u00f3n sobre la compra de nuestro triturador de acero inoxidable o para consultar sobre especificaciones del producto y opciones de personalizaci\u00f3n, no dude en contactar a nuestro equipo de servicio al cliente. <\/p>    <p>Estamos comprometidos a proporcionarle soluciones de trituraci\u00f3n eficientes, duraderas y vers\u00e1tiles que satisfagan sus necesidades en el procesamiento de alimentos y aplicaciones industriales.<\/p>    <p>Cont\u00e1ctenos hoy para explorar c\u00f3mo nuestro triturador de acero inoxidable puede integrarse en sus procesos de producci\u00f3n, brindando mayor valor y eficiencia.<\/p>    <figure class=\"wp-block-gallery has-nested-images columns-default is-cropped wp-block-gallery-6 is-layout-flex wp-block-gallery-is-layout-flex\"> <figure class=\"wp-block-image size-large\"><img loading=\"lazy\" decoding=\"async\" width=\"720\" height=\"540\" data-id=\"1459\" src=\"https:\/\/topfoodmachine.com\/wp-content\/uploads\/2024\/07\/Grain-grinder-machine-in-stock.webp\" alt=\"M\u00e1quina de molienda de granos en stock\" class=\"wp-image-1459\" srcset=\"https:\/\/topfoodmachine.com\/wp-content\/uploads\/2024\/07\/Grain-grinder-machine-in-stock.webp 720w, https:\/\/topfoodmachine.com\/wp-content\/uploads\/2024\/07\/Grain-grinder-machine-in-stock-300x225.webp 300w, https:\/\/topfoodmachine.com\/wp-content\/uploads\/2024\/07\/Grain-grinder-machine-in-stock-16x12.webp 16w\" sizes=\"auto, (max-width: 720px) 100vw, 720px\" \/><figcaption class=\"wp-element-caption\">M\u00e1quina de molienda de granos en stock<\/figcaption><\/figure>    <figure class=\"wp-block-image size-large\"><img loading=\"lazy\" decoding=\"async\" width=\"720\" height=\"540\" data-id=\"1453\" src=\"https:\/\/topfoodmachine.com\/wp-content\/uploads\/2024\/07\/commercial-Grain-powder-mill-grinder.webp\" alt=\"Molino triturador de polvo de grano comercial\" class=\"wp-image-1453\" srcset=\"https:\/\/topfoodmachine.com\/wp-content\/uploads\/2024\/07\/commercial-Grain-powder-mill-grinder.webp 720w, https:\/\/topfoodmachine.com\/wp-content\/uploads\/2024\/07\/commercial-Grain-powder-mill-grinder-300x225.webp 300w, https:\/\/topfoodmachine.com\/wp-content\/uploads\/2024\/07\/commercial-Grain-powder-mill-grinder-16x12.webp 16w\" sizes=\"auto, (max-width: 720px) 100vw, 720px\" \/><figcaption class=\"wp-element-caption\">Molino triturador de polvo de grano comercial<\/figcaption><\/figure> <\/figure>","protected":false},"excerpt":{"rendered":"<p>La m\u00e1quina de molienda de polvo es un equipo duradero de acero inoxidable para un procesamiento eficiente de alimentos.<\/p>","protected":false},"author":1,"featured_media":1446,"parent":0,"template":"","tags":[52,53,55,54],"product-type":[5],"class_list":["post-1444","product","type-product","status-publish","has-post-thumbnail","hentry","tag-crusher","tag-grain","tag-grinder","tag-powder","product-type-nuts-processing-machine"],"_links":{"self":[{"href":"https:\/\/topfoodmachine.com\/es\/wp-json\/wp\/v2\/product\/1444","targetHints":{"allow":["GET"]}}],"collection":[{"href":"https:\/\/topfoodmachine.com\/es\/wp-json\/wp\/v2\/product"}],"about":[{"href":"https:\/\/topfoodmachine.com\/es\/wp-json\/wp\/v2\/types\/product"}],"author":[{"embeddable":true,"href":"https:\/\/topfoodmachine.com\/es\/wp-json\/wp\/v2\/users\/1"}],"wp:featuredmedia":[{"embeddable":true,"href":"https:\/\/topfoodmachine.com\/es\/wp-json\/wp\/v2\/media\/1446"}],"wp:attachment":[{"href":"https:\/\/topfoodmachine.com\/es\/wp-json\/wp\/v2\/media?parent=1444"}],"wp:term":[{"taxonomy":"post_tag","embeddable":true,"href":"https:\/\/topfoodmachine.com\/es\/wp-json\/wp\/v2\/tags?post=1444"},{"taxonomy":"product-type","embeddable":true,"href":"https:\/\/topfoodmachine.com\/es\/wp-json\/wp\/v2\/product-type?post=1444"}],"curies":[{"name":"wp","href":"https:\/\/api.w.org\/{rel}","templated":true}]}}