{"id":1430,"date":"2024-07-05T11:41:54","date_gmt":"2024-07-05T03:41:54","guid":{"rendered":"https:\/\/topfoodmachine.com\/?post_type=product&#038;p=1430"},"modified":"2026-01-19T15:51:29","modified_gmt":"2026-01-19T07:51:29","slug":"pancake-making-machine","status":"publish","type":"product","link":"https:\/\/topfoodmachine.com\/es\/product\/pancake-making-machine\/","title":{"rendered":"M\u00e1quina para hacer panqueques | Hacedor de panqueques"},"content":{"rendered":"<div class=\"kk-star-ratings kksr-auto kksr-align-left kksr-valign-top\"     data-payload='{&quot;align&quot;:&quot;left&quot;,&quot;id&quot;:&quot;1430&quot;,&quot;slug&quot;:&quot;default&quot;,&quot;valign&quot;:&quot;top&quot;,&quot;ignore&quot;:&quot;&quot;,&quot;reference&quot;:&quot;auto&quot;,&quot;class&quot;:&quot;&quot;,&quot;count&quot;:&quot;12&quot;,&quot;legendonly&quot;:&quot;&quot;,&quot;readonly&quot;:&quot;&quot;,&quot;score&quot;:&quot;4.8&quot;,&quot;starsonly&quot;:&quot;&quot;,&quot;best&quot;:&quot;5&quot;,&quot;gap&quot;:&quot;5&quot;,&quot;greet&quot;:&quot;Rate this product&quot;,&quot;legend&quot;:&quot;4.8\\\/5 - (12 votos)&quot;,&quot;size&quot;:&quot;24&quot;,&quot;title&quot;:&quot;Pancake making machine | Pancake maker&quot;,&quot;width&quot;:&quot;136.7&quot;,&quot;_legend&quot;:&quot;{score}\\\/{best} - ({count} {votes})&quot;,&quot;font_factor&quot;:&quot;1.25&quot;}'>              <div class=\"kksr-stars\">      <div class=\"kksr-stars-inactive\">             <div class=\"kksr-star\" data-star=\"1\" style=\"padding-right: 5px\">               <div class=\"kksr-icon\" style=\"width: 24px; height: 24px;\"><\/div>         <\/div>             <div class=\"kksr-star\" data-star=\"2\" style=\"padding-right: 5px\">               <div class=\"kksr-icon\" style=\"width: 24px; height: 24px;\"><\/div>         <\/div>             <div class=\"kksr-star\" data-star=\"3\" style=\"padding-right: 5px\">               <div class=\"kksr-icon\" style=\"width: 24px; height: 24px;\"><\/div>         <\/div>             <div class=\"kksr-star\" data-star=\"4\" style=\"padding-right: 5px\">               <div class=\"kksr-icon\" style=\"width: 24px; height: 24px;\"><\/div>         <\/div>             <div class=\"kksr-star\" data-star=\"5\" style=\"padding-right: 5px\">               <div class=\"kksr-icon\" style=\"width: 24px; height: 24px;\"><\/div>         <\/div>     <\/div>      <div class=\"kksr-stars-active\" style=\"width: 136.7px;\">             <div class=\"kksr-star\" style=\"padding-right: 5px\">               <div class=\"kksr-icon\" style=\"width: 24px; height: 24px;\"><\/div>         <\/div>             <div class=\"kksr-star\" style=\"padding-right: 5px\">               <div class=\"kksr-icon\" style=\"width: 24px; height: 24px;\"><\/div>         <\/div>             <div class=\"kksr-star\" style=\"padding-right: 5px\">               <div class=\"kksr-icon\" style=\"width: 24px; height: 24px;\"><\/div>         <\/div>             <div class=\"kksr-star\" style=\"padding-right: 5px\">               <div class=\"kksr-icon\" style=\"width: 24px; height: 24px;\"><\/div>         <\/div>             <div class=\"kksr-star\" style=\"padding-right: 5px\">               <div class=\"kksr-icon\" style=\"width: 24px; height: 24px;\"><\/div>         <\/div>     <\/div> <\/div>                   <div class=\"kksr-legend\" style=\"font-size: 19.2px;\">             4,8\/5 - (12 votos)    <\/div>     <\/div>  <p>Nuestra m\u00e1quina para hacer panqueques puede lograr una producci\u00f3n eficiente y consistente, ofreciendo opciones de calefacci\u00f3n el\u00e9ctrica y neum\u00e1tica para satisfacer diferentes necesidades operativas. Con 2, 4 o 6 placas de horneado, cada una controlada de forma independiente, garantiza una cocci\u00f3n precisa y una calidad uniforme del panqueque. <\/p>    <p>Fabricada con acero inoxidable de alta calidad, la m\u00e1quina es duradera, higi\u00e9nica y f\u00e1cil de limpiar, mientras que su dise\u00f1o f\u00e1cil de usar permite que operadores de cualquier nivel de experiencia la utilicen sin esfuerzo.<\/p>    <p class=\"translation-block\">Esta m\u00e1quina es ideal para cocinas comerciales, restaurantes, panader\u00edas y f\u00e1bricas de alimentos, ayudando a ahorrar tiempo y mano de obra mientras produce grandes cantidades de panqueques. Ofrecemos dos modelos populares, <strong>TZ-4<\/strong> y <strong>TZ-6<\/strong>, ambos capaces de fabricar panqueques con un <strong>di\u00e1metro de 35 cm<\/strong>, proporcionando un rendimiento confiable y una producci\u00f3n constante para diversas escalas de producci\u00f3n.<\/p>    <figure class=\"wp-block-embed is-type-video is-provider-youtube wp-block-embed-youtube wp-embed-aspect-16-9 wp-has-aspect-ratio\"><div class=\"wp-block-embed__wrapper\"> <iframe loading=\"lazy\" title=\"C\u00f3mo usar la m\u00e1quina para hacer pancakes definitiva para pancakes esponjosos #pancake #procesamientodealimentos #pasteler\u00eda\" width=\"500\" height=\"281\" src=\"https:\/\/www.youtube.com\/embed\/wOn_DOV-WZw?feature=oembed\" frameborder=\"0\" allow=\"accelerometer; autoplay; clipboard-write; encrypted-media; gyroscope; picture-in-picture; web-share\" referrerpolicy=\"strict-origin-when-cross-origin\" allowfullscreen><\/iframe> <\/div><figcaption class=\"wp-element-caption\">Video de trabajo de la m\u00e1quina para hacer pancakes<\/figcaption><\/figure>    <h2 class=\"wp-block-heading\">Hacedor de panqueques autom\u00e1tico para negocios<\/h2>    <p class=\"translation-block\">Nuestra m\u00e1quina autom\u00e1tica de panqueques est\u00e1 dise\u00f1ada para una producci\u00f3n flexible y eficiente de panqueques, capaz de fabricar <strong>panqueques redondos y cuadrados<\/strong> para satisfacer las diversas demandas del mercado. Puede producir panqueques redondos con un <strong>di\u00e1metro m\u00e1ximo de hasta 60 cm<\/strong>, mientras que el grosor del panqueque se controla mediante la consistencia de la masa y puede ajustarse hasta <strong>1 mm<\/strong>, garantizando resultados uniformes y alta calidad del producto.<\/p>    <p class=\"translation-block\">Gracias a su gran adaptabilidad, esta m\u00e1quina para hacer panqueques es adecuada para una amplia gama de aplicaciones comerciales, incluyendo <strong>cadenas de comida r\u00e1pida, restaurantes de desayuno, servicios de catering y grandes eventos de banquetes<\/strong>, donde se requieren diferentes formas, tama\u00f1os y una producci\u00f3n constante de panqueques.<\/p>    <figure class=\"wp-block-image size-full\"><img loading=\"lazy\" decoding=\"async\" width=\"720\" height=\"540\" src=\"https:\/\/topfoodmachine.com\/wp-content\/uploads\/2024\/07\/commercial-Pancake-maker.webp\" alt=\"M\u00e1quina comercial para hacer pancakes\" class=\"wp-image-1433\" srcset=\"https:\/\/topfoodmachine.com\/wp-content\/uploads\/2024\/07\/commercial-Pancake-maker.webp 720w, https:\/\/topfoodmachine.com\/wp-content\/uploads\/2024\/07\/commercial-Pancake-maker-300x225.webp 300w, https:\/\/topfoodmachine.com\/wp-content\/uploads\/2024\/07\/commercial-Pancake-maker-16x12.webp 16w\" sizes=\"auto, (max-width: 720px) 100vw, 720px\" \/><figcaption class=\"wp-element-caption\">M\u00e1quina comercial para hacer pancakes<\/figcaption><\/figure>    <h2 class=\"wp-block-heading\">Ventajas de la m\u00e1quina para hacer panqueques<\/h2>    <div class=\"wp-block-media-text is-stacked-on-mobile\"><figure class=\"wp-block-media-text__media\"><img loading=\"lazy\" decoding=\"async\" width=\"720\" height=\"540\" src=\"https:\/\/topfoodmachine.com\/wp-content\/uploads\/2024\/07\/exported-Pancake-maker.webp\" alt=\"M\u00e1quina para hacer pancakes exportada\" class=\"wp-image-1434 size-full\" srcset=\"https:\/\/topfoodmachine.com\/wp-content\/uploads\/2024\/07\/exported-Pancake-maker.webp 720w, https:\/\/topfoodmachine.com\/wp-content\/uploads\/2024\/07\/exported-Pancake-maker-300x225.webp 300w, https:\/\/topfoodmachine.com\/wp-content\/uploads\/2024\/07\/exported-Pancake-maker-16x12.webp 16w\" sizes=\"auto, (max-width: 720px) 100vw, 720px\" \/><\/figure><div class=\"wp-block-media-text__content\"> <ul class=\"wp-block-list\"> <li><strong>Opciones de calefacci\u00f3n vers\u00e1tiles:<\/strong> El fabricante de panqueques soporta calefacci\u00f3n el\u00e9ctrica y de gas y tambi\u00e9n puede estar equipado con sistemas avanzados de control de temperatura, asegurando una ajuste preciso del calor y un uso eficiente de la energ\u00eda durante el proceso de cocci\u00f3n.<\/li>    <li><strong>Configuraciones de placas flexibles:<\/strong> Disponible con m\u00faltiples opciones de placas de horneado, cada placa puede ser controlada de forma independiente. Esto permite que la m\u00e1quina se adapte a diferentes tama\u00f1os de cocina y necesidades de producci\u00f3n, desde peque\u00f1os caf\u00e9s hasta grandes cadenas de restaurantes.<\/li> <\/ul> <\/div><\/div>    <div class=\"wp-block-media-text has-media-on-the-right is-stacked-on-mobile\"><div class=\"wp-block-media-text__content\"> <ul class=\"wp-block-list\"> <li><strong>Alta eficiencia de producci\u00f3n:<\/strong> El calentamiento r\u00e1pido combinado con un control preciso de la temperatura permite una producci\u00f3n continua y de alto volumen de panqueques, ayudando a reducir los tiempos de espera durante las horas punta y mejorar la eficiencia operativa general.<\/li>    <li><strong>Dise\u00f1o de seguridad mejorado:<\/strong> Equipado con bases antideslizantes, mangos resistentes al calor y protecci\u00f3n contra sobrecalentamiento, la m\u00e1quina garantiza un funcionamiento seguro y estable incluso en condiciones de trabajo a altas temperaturas.<\/li> <\/ul> <\/div><figure class=\"wp-block-media-text__media\"><img loading=\"lazy\" decoding=\"async\" width=\"720\" height=\"540\" src=\"https:\/\/topfoodmachine.com\/wp-content\/uploads\/2024\/07\/pancake-forming-machine.webp\" alt=\"M\u00e1quina formadora de pancakes\" class=\"wp-image-1435 size-full\" srcset=\"https:\/\/topfoodmachine.com\/wp-content\/uploads\/2024\/07\/pancake-forming-machine.webp 720w, https:\/\/topfoodmachine.com\/wp-content\/uploads\/2024\/07\/pancake-forming-machine-300x225.webp 300w, https:\/\/topfoodmachine.com\/wp-content\/uploads\/2024\/07\/pancake-forming-machine-16x12.webp 16w\" sizes=\"auto, (max-width: 720px) 100vw, 720px\" \/><\/figure><\/div>    <h2 class=\"wp-block-heading\">M\u00e1quina vers\u00e1til para hacer panqueques<\/h2>    <p>La m\u00e1quina para hacer pancakes es incre\u00edblemente vers\u00e1til, ofreciendo una comodidad y eficiencia inigualables para diversos entornos comerciales. En restaurantes, cafeter\u00edas, tiendas de desayuno y locales de comida r\u00e1pida, esta m\u00e1quina puede producir grandes cantidades de pancakes r\u00e1pidamente, aumentando significativamente la velocidad del servicio y mejorando la satisfacci\u00f3n del cliente. Su capacidad para producir consistentemente pancakes de alta calidad la convierte en una herramienta indispensable para cocinas ocupadas. <\/p>    <p>Adem\u00e1s, esta m\u00e1quina es perfecta para eventos especiales como bodas, fiestas de cumplea\u00f1os y reuniones corporativas, permitiendo a los caterers servir deliciosos pancakes de manera r\u00e1pida y sin esfuerzo. No importa el escenario comercial, la m\u00e1quina para hacer pancakes ofrece un rendimiento excepcional, convirti\u00e9ndola en un activo esencial para cualquier negocio que busque elevar su oferta gastron\u00f3mica y optimizar sus operaciones.<\/p>    <figure class=\"wp-block-gallery has-nested-images columns-default is-cropped wp-block-gallery-2 is-layout-flex wp-block-gallery-is-layout-flex\"> <figure class=\"wp-block-image size-full\"><img loading=\"lazy\" decoding=\"async\" width=\"720\" height=\"540\" data-id=\"1436\" src=\"https:\/\/topfoodmachine.com\/wp-content\/uploads\/2024\/07\/Pancake-maker-for-business.webp\" alt=\"M\u00e1quina para hacer pancakes para negocios\" class=\"wp-image-1436\" srcset=\"https:\/\/topfoodmachine.com\/wp-content\/uploads\/2024\/07\/Pancake-maker-for-business.webp 720w, https:\/\/topfoodmachine.com\/wp-content\/uploads\/2024\/07\/Pancake-maker-for-business-300x225.webp 300w, https:\/\/topfoodmachine.com\/wp-content\/uploads\/2024\/07\/Pancake-maker-for-business-16x12.webp 16w\" sizes=\"auto, (max-width: 720px) 100vw, 720px\" \/><figcaption class=\"wp-element-caption\">M\u00e1quina para hacer pancakes para negocios<\/figcaption><\/figure>    <figure class=\"wp-block-image size-full\"><img loading=\"lazy\" decoding=\"async\" width=\"720\" height=\"540\" data-id=\"1441\" src=\"https:\/\/topfoodmachine.com\/wp-content\/uploads\/2024\/07\/pancake.webp\" alt=\"pancake\" class=\"wp-image-1441\" srcset=\"https:\/\/topfoodmachine.com\/wp-content\/uploads\/2024\/07\/pancake.webp 720w, https:\/\/topfoodmachine.com\/wp-content\/uploads\/2024\/07\/pancake-300x225.webp 300w, https:\/\/topfoodmachine.com\/wp-content\/uploads\/2024\/07\/pancake-16x12.webp 16w\" sizes=\"auto, (max-width: 720px) 100vw, 720px\" \/><figcaption class=\"wp-element-caption\">pancake<\/figcaption><\/figure>    <figure class=\"wp-block-image size-full\"><img loading=\"lazy\" decoding=\"async\" width=\"720\" height=\"540\" data-id=\"1440\" src=\"https:\/\/topfoodmachine.com\/wp-content\/uploads\/2024\/07\/final-product-of-pancake-maker.webp\" alt=\"producto final de la m\u00e1quina para hacer pancakes\" class=\"wp-image-1440\" srcset=\"https:\/\/topfoodmachine.com\/wp-content\/uploads\/2024\/07\/final-product-of-pancake-maker.webp 720w, https:\/\/topfoodmachine.com\/wp-content\/uploads\/2024\/07\/final-product-of-pancake-maker-300x225.webp 300w, https:\/\/topfoodmachine.com\/wp-content\/uploads\/2024\/07\/final-product-of-pancake-maker-16x12.webp 16w\" sizes=\"auto, (max-width: 720px) 100vw, 720px\" \/><figcaption class=\"wp-element-caption\">producto final de la m\u00e1quina para hacer pancakes<\/figcaption><\/figure> <\/figure>    <h2 class=\"wp-block-heading\">Materiales de la m\u00e1quina formadora de panqueques<\/h2>    <p>Nuestra m\u00e1quina formadora de pancakes est\u00e1 construida con materiales de alta calidad para garantizar estabilidad y durabilidad.<\/p>    <div class=\"wp-block-media-text is-stacked-on-mobile\"><figure class=\"wp-block-media-text__media\"><img loading=\"lazy\" decoding=\"async\" width=\"720\" height=\"540\" src=\"https:\/\/topfoodmachine.com\/wp-content\/uploads\/2024\/07\/pancakes.webp\" alt=\"pancakes\" class=\"wp-image-1438 size-full\" srcset=\"https:\/\/topfoodmachine.com\/wp-content\/uploads\/2024\/07\/pancakes.webp 720w, https:\/\/topfoodmachine.com\/wp-content\/uploads\/2024\/07\/pancakes-300x225.webp 300w, https:\/\/topfoodmachine.com\/wp-content\/uploads\/2024\/07\/pancakes-16x12.webp 16w\" sizes=\"auto, (max-width: 720px) 100vw, 720px\" \/><\/figure><div class=\"wp-block-media-text__content\"> <ul class=\"wp-block-list\"> <li><strong>Placas de horneado<\/strong>Hechas de acero 45#, estas placas ofrecen una excelente resistencia al desgaste y propiedades de conducci\u00f3n del calor. Asegura un calentamiento uniforme de la masa y una calidad y velocidad de cocci\u00f3n de panqueques consistentes.<\/li>    <li><strong>Placas deslizantes<\/strong>Construidas de acero inoxidable, estas placas son resistentes a la oxidaci\u00f3n y f\u00e1ciles de limpiar, manteniendo los est\u00e1ndares de higiene durante las operaciones y proporcionando un uso confiable a largo plazo.<\/li> <\/ul> <\/div><\/div>    <div class=\"wp-block-media-text has-media-on-the-right is-stacked-on-mobile\"><div class=\"wp-block-media-text__content\"> <ul class=\"wp-block-list\"> <li><strong>Estufa<\/strong>Los componentes de la estufa est\u00e1n hechos de acero inoxidable. Conocido por su resistencia a la corrosi\u00f3n y tolerancia a altas temperaturas, adecuado para operaciones prolongadas a alta temperatura para garantizar la estabilidad y seguridad del equipo.<\/li>    <li><strong>Marco de soporte<\/strong>El marco est\u00e1 hecho de tubos cuadrados galvanizados, proporcionando una robusta durabilidad y estabilidad para soportar toda la m\u00e1quina, adapt\u00e1ndose a varios entornos y condiciones operativas.<\/li> <\/ul> <\/div><figure class=\"wp-block-media-text__media\"><img loading=\"lazy\" decoding=\"async\" width=\"720\" height=\"540\" src=\"https:\/\/topfoodmachine.com\/wp-content\/uploads\/2024\/07\/Pancake-maker-for-sale.webp\" alt=\"M\u00e1quina para hacer pancakes en venta\" class=\"wp-image-1437 size-full\" srcset=\"https:\/\/topfoodmachine.com\/wp-content\/uploads\/2024\/07\/Pancake-maker-for-sale.webp 720w, https:\/\/topfoodmachine.com\/wp-content\/uploads\/2024\/07\/Pancake-maker-for-sale-300x225.webp 300w, https:\/\/topfoodmachine.com\/wp-content\/uploads\/2024\/07\/Pancake-maker-for-sale-16x12.webp 16w\" sizes=\"auto, (max-width: 720px) 100vw, 720px\" \/><\/figure><\/div>    <p>Estos materiales seleccionados aseguran que nuestra m\u00e1quina formadora de pancakes funcione de manera eficiente y confiable a largo plazo. Proporcionan una producci\u00f3n de pancakes de alta calidad y garantizan un rendimiento confiable para nuestros clientes.<\/p>    <h2 class=\"wp-block-heading\">Par\u00e1metros de la m\u00e1quina formadora de panqueques<\/h2>    <figure class=\"wp-block-table\"><table><tbody><tr><td>Modelo<\/td><td>TZ-4<\/td><td>TZ-6<\/td><\/tr><tr><td>Tama\u00f1o<\/td><td>2500*560*750mm<\/td><td>3000*550*750mm<\/td><\/tr><tr><td>Di\u00e1metro<\/td><td>35cm<\/td><td>35cm<\/td><\/tr><tr><td>Peso<\/td><td>190kg<\/td><td>170kg<\/td><\/tr><\/tbody><\/table><figcaption class=\"wp-element-caption\">par\u00e1metros de la m\u00e1quina para hacer pancakes<\/figcaption><\/figure>    <h2 class=\"wp-block-heading\">Conclusi\u00f3n<\/h2>    <p class=\"translation-block\">Elija nuestra <a href=\"https:\/\/en.wikipedia.org\/wiki\/Pancake\" data-type=\"link\" data-id=\"https:\/\/en.wikipedia.org\/wiki\/Pancake\" target=\"_blank\" rel=\"noopener\">m\u00e1quina para hacer panqueques<\/a> para un rendimiento estable, configuraciones flexibles y alta eficiencia. Tambi\u00e9n ofrecemos una amplia gama de <a href=\"https:\/\/topfoodmachine.com\/es\/products\/pastry-production-machine\/\" data-type=\"link\" data-id=\"https:\/\/topfoodmachine.com\/products\/pastry-production-machine\/\">m\u00e1quinas de pasteler\u00eda<\/a>, incluyendo m\u00e1quinas para crepes y waffles, todas dise\u00f1adas para una operaci\u00f3n eficiente y f\u00e1cil de usar. Cont\u00e1ctenos ahora para aprender c\u00f3mo nuestras m\u00e1quinas de alimentos pueden ayudar a mejorar su producci\u00f3n y hacer crecer su negocio.<\/p>    <figure class=\"wp-block-image size-full\"><img loading=\"lazy\" decoding=\"async\" width=\"720\" height=\"540\" src=\"https:\/\/topfoodmachine.com\/wp-content\/uploads\/2024\/07\/Pancake-making-machine-display.webp\" alt=\"pantalla de la m\u00e1quina para hacer pancakes\" class=\"wp-image-1439\" srcset=\"https:\/\/topfoodmachine.com\/wp-content\/uploads\/2024\/07\/Pancake-making-machine-display.webp 720w, https:\/\/topfoodmachine.com\/wp-content\/uploads\/2024\/07\/Pancake-making-machine-display-300x225.webp 300w, https:\/\/topfoodmachine.com\/wp-content\/uploads\/2024\/07\/Pancake-making-machine-display-16x12.webp 16w\" sizes=\"auto, (max-width: 720px) 100vw, 720px\" \/><figcaption class=\"wp-element-caption\">pantalla de la m\u00e1quina para hacer pancakes<\/figcaption><\/figure>","protected":false},"excerpt":{"rendered":"<p>Nuestra m\u00e1quina para hacer panqueques puede lograr una producci\u00f3n eficiente y consistente, ofreciendo opciones de calefacci\u00f3n el\u00e9ctrica y neum\u00e1tica para satisfacer diferentes necesidades operativas.<\/p>","protected":false},"author":1,"featured_media":1432,"parent":0,"template":"","tags":[30,51,50,25],"product-type":[6],"class_list":["post-1430","product","type-product","status-publish","has-post-thumbnail","hentry","tag-food-machine","tag-food-processing","tag-pancake","tag-pastry","product-type-pastry-production-machine"],"_links":{"self":[{"href":"https:\/\/topfoodmachine.com\/es\/wp-json\/wp\/v2\/product\/1430","targetHints":{"allow":["GET"]}}],"collection":[{"href":"https:\/\/topfoodmachine.com\/es\/wp-json\/wp\/v2\/product"}],"about":[{"href":"https:\/\/topfoodmachine.com\/es\/wp-json\/wp\/v2\/types\/product"}],"author":[{"embeddable":true,"href":"https:\/\/topfoodmachine.com\/es\/wp-json\/wp\/v2\/users\/1"}],"wp:featuredmedia":[{"embeddable":true,"href":"https:\/\/topfoodmachine.com\/es\/wp-json\/wp\/v2\/media\/1432"}],"wp:attachment":[{"href":"https:\/\/topfoodmachine.com\/es\/wp-json\/wp\/v2\/media?parent=1430"}],"wp:term":[{"taxonomy":"post_tag","embeddable":true,"href":"https:\/\/topfoodmachine.com\/es\/wp-json\/wp\/v2\/tags?post=1430"},{"taxonomy":"product-type","embeddable":true,"href":"https:\/\/topfoodmachine.com\/es\/wp-json\/wp\/v2\/product-type?post=1430"}],"curies":[{"name":"wp","href":"https:\/\/api.w.org\/{rel}","templated":true}]}}