{"id":1392,"date":"2024-06-06T11:49:21","date_gmt":"2024-06-06T03:49:21","guid":{"rendered":"https:\/\/topfoodmachine.com\/?post_type=product&#038;p=1392"},"modified":"2024-06-06T13:58:00","modified_gmt":"2024-06-06T05:58:00","slug":"frying-machine-deep-fryer","status":"publish","type":"product","link":"https:\/\/topfoodmachine.com\/es\/product\/frying-machine-deep-fryer\/","title":{"rendered":"M\u00e1quina de fre\u00edr | Freidora profunda"},"content":{"rendered":"<div class=\"kk-star-ratings kksr-auto kksr-align-left kksr-valign-top\"     data-payload='{&quot;align&quot;:&quot;left&quot;,&quot;id&quot;:&quot;1392&quot;,&quot;slug&quot;:&quot;default&quot;,&quot;valign&quot;:&quot;top&quot;,&quot;ignore&quot;:&quot;&quot;,&quot;reference&quot;:&quot;auto&quot;,&quot;class&quot;:&quot;&quot;,&quot;count&quot;:&quot;26&quot;,&quot;legendonly&quot;:&quot;&quot;,&quot;readonly&quot;:&quot;&quot;,&quot;score&quot;:&quot;4.6&quot;,&quot;starsonly&quot;:&quot;&quot;,&quot;best&quot;:&quot;5&quot;,&quot;gap&quot;:&quot;5&quot;,&quot;greet&quot;:&quot;Rate this product&quot;,&quot;legend&quot;:&quot;4.6\\\/5 - (26 votos)&quot;,&quot;size&quot;:&quot;24&quot;,&quot;title&quot;:&quot;Frying machine | Deep fryer&quot;,&quot;width&quot;:&quot;130.9&quot;,&quot;_legend&quot;:&quot;{score}\\\/{best} - ({count} {votes})&quot;,&quot;font_factor&quot;:&quot;1.25&quot;}'>              <div class=\"kksr-stars\">      <div class=\"kksr-stars-inactive\">             <div class=\"kksr-star\" data-star=\"1\" style=\"padding-right: 5px\">               <div class=\"kksr-icon\" style=\"width: 24px; height: 24px;\"><\/div>         <\/div>             <div class=\"kksr-star\" data-star=\"2\" style=\"padding-right: 5px\">               <div class=\"kksr-icon\" style=\"width: 24px; height: 24px;\"><\/div>         <\/div>             <div class=\"kksr-star\" data-star=\"3\" style=\"padding-right: 5px\">               <div class=\"kksr-icon\" style=\"width: 24px; height: 24px;\"><\/div>         <\/div>             <div class=\"kksr-star\" data-star=\"4\" style=\"padding-right: 5px\">               <div class=\"kksr-icon\" style=\"width: 24px; height: 24px;\"><\/div>         <\/div>             <div class=\"kksr-star\" data-star=\"5\" style=\"padding-right: 5px\">               <div class=\"kksr-icon\" style=\"width: 24px; height: 24px;\"><\/div>         <\/div>     <\/div>      <div class=\"kksr-stars-active\" style=\"width: 130.9px;\">             <div class=\"kksr-star\" style=\"padding-right: 5px\">               <div class=\"kksr-icon\" style=\"width: 24px; height: 24px;\"><\/div>         <\/div>             <div class=\"kksr-star\" style=\"padding-right: 5px\">               <div class=\"kksr-icon\" style=\"width: 24px; height: 24px;\"><\/div>         <\/div>             <div class=\"kksr-star\" style=\"padding-right: 5px\">               <div class=\"kksr-icon\" style=\"width: 24px; height: 24px;\"><\/div>         <\/div>             <div class=\"kksr-star\" style=\"padding-right: 5px\">               <div class=\"kksr-icon\" style=\"width: 24px; height: 24px;\"><\/div>         <\/div>             <div class=\"kksr-star\" style=\"padding-right: 5px\">               <div class=\"kksr-icon\" style=\"width: 24px; height: 24px;\"><\/div>         <\/div>     <\/div> <\/div>                   <div class=\"kksr-legend\" style=\"font-size: 19.2px;\">             4,6\/5 - (26 votos)    <\/div>     <\/div>  <p>La m\u00e1quina de fre\u00edr profunda es un equipo de preparaci\u00f3n de comida r\u00e1pida ampliamente utilizado en la industria de restaurantes y f\u00e1bricas de procesamiento de alimentos. Nuestra serie incluye tres modelos: el tipo cuadrado semiautom\u00e1tico, el tipo de olla redonda y el tipo continuo totalmente autom\u00e1tico. Cada modelo se puede personalizar con opciones de calefacci\u00f3n el\u00e9ctrica o a gas.<\/p>    <p>Con una temperatura m\u00e1xima de 180 grados Celsius, nuestras freidoras aseguran un calentamiento r\u00e1pido y uniforme de los ingredientes, preservando su sabor y nutrientes. Para reducir a\u00fan m\u00e1s el trabajo manual, ofrecemos la opci\u00f3n de agregar tolvas de alimentaci\u00f3n adicionales, extendiendo los ciclos de producci\u00f3n y disminuyendo la necesidad de intervenci\u00f3n humana, mejorando as\u00ed la eficiencia de producci\u00f3n.<\/p>    <figure class=\"wp-block-image size-full\"><img loading=\"lazy\" decoding=\"async\" width=\"720\" height=\"540\" src=\"https:\/\/topfoodmachine.com\/wp-content\/uploads\/2024\/06\/automatic-deep-fryer.webp\" alt=\"freidora autom\u00e1tica profunda\" class=\"wp-image-1394\" srcset=\"https:\/\/topfoodmachine.com\/wp-content\/uploads\/2024\/06\/automatic-deep-fryer.webp 720w, https:\/\/topfoodmachine.com\/wp-content\/uploads\/2024\/06\/automatic-deep-fryer-300x225.webp 300w, https:\/\/topfoodmachine.com\/wp-content\/uploads\/2024\/06\/automatic-deep-fryer-16x12.webp 16w\" sizes=\"auto, (max-width: 720px) 100vw, 720px\" \/><figcaption class=\"wp-element-caption\">freidora autom\u00e1tica profunda<\/figcaption><\/figure>    <h2 class=\"wp-block-heading\"><strong>M\u00e1quina de fre\u00edr diversa para tus necesidades<\/strong><strong><\/strong><\/h2>    <p>Nuestra serie de freidoras comprende tres tipos principales: el tipo cuadrado semiautom\u00e1tico, el tipo de olla redonda y el tipo continuo totalmente autom\u00e1tico. Cada tipo ofrece caracter\u00edsticas y funcionalidades \u00fanicas para satisfacer diversos requisitos de los clientes.<\/p>    <h3 class=\"wp-block-heading\"><strong>Tipo cuadrado semiautom\u00e1tico<\/strong><\/h3>    <div class=\"wp-block-media-text is-stacked-on-mobile\"><figure class=\"wp-block-media-text__media\"><img loading=\"lazy\" decoding=\"async\" width=\"720\" height=\"540\" src=\"https:\/\/topfoodmachine.com\/wp-content\/uploads\/2024\/06\/Semi-automatic-Square-Type-deep-frying-machine.webp\" alt=\"M\u00e1quina de fre\u00edr tipo cuadrado semiautom\u00e1tica\" class=\"wp-image-1395 size-full\" srcset=\"https:\/\/topfoodmachine.com\/wp-content\/uploads\/2024\/06\/Semi-automatic-Square-Type-deep-frying-machine.webp 720w, https:\/\/topfoodmachine.com\/wp-content\/uploads\/2024\/06\/Semi-automatic-Square-Type-deep-frying-machine-300x225.webp 300w, https:\/\/topfoodmachine.com\/wp-content\/uploads\/2024\/06\/Semi-automatic-Square-Type-deep-frying-machine-16x12.webp 16w\" sizes=\"auto, (max-width: 720px) 100vw, 720px\" \/><\/figure><div class=\"wp-block-media-text__content\"> <p>Esta freidora requiere operaci\u00f3n manual, proporcionando una interfaz f\u00e1cil de usar para gestionar la carga y recuperaci\u00f3n de ingredientes, asegurando procesos de fritura precisos y seguros. <\/p>    <p>Adem\u00e1s, las cestas de la freidora son f\u00e1cilmente removibles para una limpieza y mantenimiento convenientes.<\/p> <\/div><\/div>    <h3 class=\"wp-block-heading\"><strong>Tipo de olla redonda<\/strong><\/h3>    <div class=\"wp-block-media-text has-media-on-the-right is-stacked-on-mobile\"><div class=\"wp-block-media-text__content\"> <p>Bas\u00e1ndose en el tipo cuadrado semiautom\u00e1tico, la freidora de olla redonda integra una funci\u00f3n de agitaci\u00f3n para un calentamiento m\u00e1s uniforme de los ingredientes. <\/p>    <p>Adem\u00e1s, cuenta con capacidades de dispensaci\u00f3n autom\u00e1tica, mejorando a\u00fan m\u00e1s la eficiencia de producci\u00f3n.<\/p> <\/div><figure class=\"wp-block-media-text__media\"><img loading=\"lazy\" decoding=\"async\" width=\"720\" height=\"540\" src=\"https:\/\/topfoodmachine.com\/wp-content\/uploads\/2024\/06\/Round-Pot-Type-frying-machine.webp\" alt=\"M\u00e1quina de fre\u00edr tipo olla redonda\" class=\"wp-image-1396 size-full\" srcset=\"https:\/\/topfoodmachine.com\/wp-content\/uploads\/2024\/06\/Round-Pot-Type-frying-machine.webp 720w, https:\/\/topfoodmachine.com\/wp-content\/uploads\/2024\/06\/Round-Pot-Type-frying-machine-300x225.webp 300w, https:\/\/topfoodmachine.com\/wp-content\/uploads\/2024\/06\/Round-Pot-Type-frying-machine-16x12.webp 16w\" sizes=\"auto, (max-width: 720px) 100vw, 720px\" \/><\/figure><\/div>    <h3 class=\"wp-block-heading\"><strong>Tipo completamente autom\u00e1tico continuo<\/strong><\/h3>    <div class=\"wp-block-media-text is-stacked-on-mobile\"><figure class=\"wp-block-media-text__media\"><img loading=\"lazy\" decoding=\"async\" width=\"720\" height=\"540\" src=\"https:\/\/topfoodmachine.com\/wp-content\/uploads\/2024\/06\/Continuous-Fully-Automatic-Type-frying-machine.webp\" alt=\"M\u00e1quina de fre\u00edr totalmente autom\u00e1tica continua\" class=\"wp-image-1397 size-full\" srcset=\"https:\/\/topfoodmachine.com\/wp-content\/uploads\/2024\/06\/Continuous-Fully-Automatic-Type-frying-machine.webp 720w, https:\/\/topfoodmachine.com\/wp-content\/uploads\/2024\/06\/Continuous-Fully-Automatic-Type-frying-machine-300x225.webp 300w, https:\/\/topfoodmachine.com\/wp-content\/uploads\/2024\/06\/Continuous-Fully-Automatic-Type-frying-machine-16x12.webp 16w\" sizes=\"auto, (max-width: 720px) 100vw, 720px\" \/><\/figure><div class=\"wp-block-media-text__content\"> <p>Equipado con una estructura de cinta transportadora, esta freidora facilita el transporte continuo de ingredientes, aumentando significativamente la eficiencia de producci\u00f3n. El dise\u00f1o de la cinta transportadora tambi\u00e9n simplifica las tareas de limpieza y mantenimiento. <\/p>    <p>Este modelo ofrece opciones de personalizaci\u00f3n para tama\u00f1o, di\u00e1metro de agujero y ancho para satisfacer requisitos de producci\u00f3n espec\u00edficos.<\/p> <\/div><\/div>    <h2 class=\"wp-block-heading\"><strong>Aplicaciones de la m\u00e1quina de fre\u00edr<\/strong><strong><\/strong><\/h2>    <p>La m\u00e1quina de fre\u00edr encuentra aplicaciones generalizadas en varios entornos, particularmente en la industria de restaurantes y sectores de procesamiento de alimentos. <\/p>    <p>En restaurantes y locales de comida r\u00e1pida, la m\u00e1quina de fre\u00edr profunda se erige como un equipo vital para preparar una variedad de alimentos fritos como papas fritas, nuggets de pollo, filetes de pescado y m\u00e1s. Su calentamiento r\u00e1pido y capacidad de producci\u00f3n eficiente permiten a los establecimientos satisfacer r\u00e1pidamente la demanda de los clientes, ofreciendo delicias crujientes y doradas.<\/p>    <p>Dentro de las f\u00e1bricas de procesamiento de alimentos, la m\u00e1quina de fre\u00edr tambi\u00e9n desempe\u00f1a un papel crucial. Se emplea para la producci\u00f3n a gran escala de alimentos fritos, incluidos alimentos congelados y aperitivos. Sus caracter\u00edsticas personalizables permiten a los fabricantes ajustar la producci\u00f3n de manera flexible seg\u00fan las demandas del mercado y las especificaciones del producto, atendiendo a diversos requisitos de los clientes.<\/p>    <figure class=\"wp-block-image size-full\"><img loading=\"lazy\" decoding=\"async\" width=\"720\" height=\"540\" src=\"https:\/\/topfoodmachine.com\/wp-content\/uploads\/2024\/06\/commercial-deep-fryer.webp\" alt=\"freidora profunda comercial\" class=\"wp-image-1398\" srcset=\"https:\/\/topfoodmachine.com\/wp-content\/uploads\/2024\/06\/commercial-deep-fryer.webp 720w, https:\/\/topfoodmachine.com\/wp-content\/uploads\/2024\/06\/commercial-deep-fryer-300x225.webp 300w, https:\/\/topfoodmachine.com\/wp-content\/uploads\/2024\/06\/commercial-deep-fryer-16x12.webp 16w\" sizes=\"auto, (max-width: 720px) 100vw, 720px\" \/><figcaption class=\"wp-element-caption\">freidora profunda comercial<\/figcaption><\/figure>    <p>Adem\u00e1s, las m\u00e1quinas de fre\u00edr profundas se ven com\u00fanmente en eventos a gran escala y banquetes. Facilitan la preparaci\u00f3n r\u00e1pida de grandes cantidades de alimentos fritos, proporcionando a los asistentes opciones de aperitivos deliciosos y mejorando la vitalidad y el disfrute de la ocasi\u00f3n.<\/p>    <p>En general, las m\u00e1quinas de fre\u00edr son vers\u00e1tiles en diversos entornos, ya sea en peque\u00f1os restaurantes o en f\u00e1bricas a gran escala, aprovechando su eficiencia y velocidad para ofrecer alimentos fritos de alta calidad a los consumidores.<\/p>    <h2 class=\"wp-block-heading\"><strong>Beneficios de comprar la freidora profunda<\/strong>ing m\u00e1quina<\/h2>    <figure class=\"wp-block-image size-full\"><img loading=\"lazy\" decoding=\"async\" width=\"720\" height=\"540\" src=\"https:\/\/topfoodmachine.com\/wp-content\/uploads\/2024\/06\/details-of-frying-machine.webp\" alt=\"detalles de la m\u00e1quina de fre\u00edr\" class=\"wp-image-1399\" srcset=\"https:\/\/topfoodmachine.com\/wp-content\/uploads\/2024\/06\/details-of-frying-machine.webp 720w, https:\/\/topfoodmachine.com\/wp-content\/uploads\/2024\/06\/details-of-frying-machine-300x225.webp 300w, https:\/\/topfoodmachine.com\/wp-content\/uploads\/2024\/06\/details-of-frying-machine-16x12.webp 16w\" sizes=\"auto, (max-width: 720px) 100vw, 720px\" \/><figcaption class=\"wp-element-caption\">detalles de la m\u00e1quina de fre\u00edr<\/figcaption><\/figure>    <ul class=\"wp-block-list\"> <li>Eficiencia de producci\u00f3n mejorada: Las freidoras profundas pueden calentar y procesar ingredientes de manera r\u00e1pida y continua, mejorando significativamente la eficiencia de producci\u00f3n de alimentos. En comparaci\u00f3n con la fritura manual, las freidoras profundas pueden producir grandes cantidades de alimentos en poco tiempo, ahorrando en costos de mano de obra y tiempo.<\/li>    <li>Calidad de los alimentos mantenida: Las freidoras profundas permiten un control preciso de la temperatura del aceite y el tiempo de fritura, asegurando que los alimentos se calienten de manera uniforme y manteniendo su sabor, color y nutrientes. Esto contribuye a proporcionar alimentos fritos de alta calidad que satisfacen las preferencias de sabor de los consumidores.<\/li>    <li>Opciones de men\u00fa ampliadas: Las freidoras profundas pueden preparar una amplia variedad de alimentos fritos, incluidas papas fritas, nuggets de pollo, filetes de pescado, rollitos de primavera y m\u00e1s. Comprar una freidora profunda puede ampliar las opciones del men\u00fa para restaurantes o instalaciones de procesamiento de alimentos, atrayendo a m\u00e1s clientes y aumentando las ventas.<\/li>    <li>Mejores est\u00e1ndares de seguridad e higiene: Las freidoras profundas cuentan con un control preciso de temperatura y funciones de protecci\u00f3n de seguridad, reduciendo el riesgo de accidentes durante la fritura. Adem\u00e1s, el dise\u00f1o de las freidoras profundas facilita la limpieza y el mantenimiento, mejorando los est\u00e1ndares de higiene y asegurando la seguridad alimentaria.<\/li> <\/ul>    <figure class=\"wp-block-image size-large\"><img loading=\"lazy\" decoding=\"async\" width=\"720\" height=\"540\" src=\"https:\/\/topfoodmachine.com\/wp-content\/uploads\/2024\/06\/Frying-machine-with-good-price.webp\" alt=\"m\u00e1quina de fre\u00edr a buen precio\" class=\"wp-image-1402\" srcset=\"https:\/\/topfoodmachine.com\/wp-content\/uploads\/2024\/06\/Frying-machine-with-good-price.webp 720w, https:\/\/topfoodmachine.com\/wp-content\/uploads\/2024\/06\/Frying-machine-with-good-price-300x225.webp 300w, https:\/\/topfoodmachine.com\/wp-content\/uploads\/2024\/06\/Frying-machine-with-good-price-16x12.webp 16w\" sizes=\"auto, (max-width: 720px) 100vw, 720px\" \/><figcaption class=\"wp-element-caption\">m\u00e1quina de fre\u00edr a buen precio<\/figcaption><\/figure>    <h2 class=\"wp-block-heading\">Par\u00e1metros de <a href=\"https:\/\/en.wikipedia.org\/wiki\/Frying\" data-type=\"link\" data-id=\"https:\/\/en.wikipedia.org\/wiki\/Frying\" target=\"_blank\" rel=\"noopener\">fre\u00edr<\/a> m\u00e1quina en venta<\/h2>    <figure class=\"wp-block-table\"><table><tbody><tr><td>MODELO<\/td><td>POTENCIA<br>\uff08kW\uff09<\/td><td>DIMENSI\u00d3N<br>\uff08longitud\u00d7ancho\u00d7altura\uff09 \uff08mm\uff09<\/td><td>DIMENSI\u00d3N DEL TANQUE DE FRITURA<br>\uff08longitud\u00d7ancho\u00d7altura\uff09 \uff08mm\uff09<\/td><td>CAPACIDAD DE ACEITE<br>\uff08Kg\uff09<\/td><\/tr><tr><td>KS-400<\/td><td>6<\/td><td>480\u00d7640\u00d7900<\/td><td>400\u00d7440\u00d7280<\/td><td>28<\/td><\/tr><tr><td>KS-500<\/td><td>6\/9<\/td><td>580\u00d7640\u00d7900<\/td><td>500\u00d7440\u00d7280<\/td><td>35<\/td><\/tr><tr><td>KS-600<\/td><td>12<\/td><td>680\u00d7640\u00d7900<\/td><td>600\u00d7440\u00d7280<\/td><td>40<\/td><\/tr><tr><td>KS-650<\/td><td>12<\/td><td>730\u00d7640\u00d7840<\/td><td>650\u00d7440\u00d7280<\/td><td>45<\/td><\/tr><tr><td>KS-750S\uff08tanque dual\uff09<\/td><td>4.5\/6.0<\/td><td>840\u00d7640\u00d7900<\/td><td>300\/450\u00d7440\u00d7260<\/td><td>20\/32<\/td><\/tr><tr><td>KS-800<\/td><td>15<\/td><td>880\u00d7640\u00d7900<\/td><td>800\u00d7440\u00d7280<\/td><td>55<\/td><\/tr><tr><td>KS-850<\/td><td>15\/18<\/td><td>930\u00d7640\u00d7900<\/td><td>850\u00d7440\u00d7280<\/td><td>58<\/td><\/tr><tr><td>KS-1000<\/td><td>18\/24<\/td><td>1080\u00d7650\u00d7950<\/td><td>1000\u00d7450\u00d7300<\/td><td>70<\/td><\/tr><tr><td>KS-1200<\/td><td>24\/36<\/td><td>1280\u00d7750\u00d71200<\/td><td>1200\u00d7550\u00d7260<\/td><td>88<\/td><\/tr><tr><td>KS-1500<\/td><td>36<\/td><td>1580\u00d7650\u00d7950<\/td><td>1500\u00d7450\u00d7300<\/td><td>100<\/td><\/tr><tr><td>KS-2000<\/td><td>48<\/td><td>2080\u00d7600\u00d7950<\/td><td>2000\u00d7500\u00d7300<\/td><td>166<\/td><\/tr><tr><td>KS-3000<\/td><td>72<\/td><td>3160\u00d7760\u00d71050<\/td><td>3000\u00d7600\u00d7400<\/td><td>400<\/td><\/tr><\/tbody><\/table><figcaption class=\"wp-element-caption\">par\u00e1metros de la m\u00e1quina de fre\u00edr profunda<\/figcaption><\/figure>    <figure class=\"wp-block-gallery has-nested-images columns-default is-cropped wp-block-gallery-2 is-layout-flex wp-block-gallery-is-layout-flex\"> <figure class=\"wp-block-image size-large\"><img loading=\"lazy\" decoding=\"async\" width=\"720\" height=\"540\" data-id=\"1400\" src=\"https:\/\/topfoodmachine.com\/wp-content\/uploads\/2024\/06\/fryer-machine-for-business.webp\" alt=\"m\u00e1quina de fre\u00edr para negocios\" class=\"wp-image-1400\" srcset=\"https:\/\/topfoodmachine.com\/wp-content\/uploads\/2024\/06\/fryer-machine-for-business.webp 720w, https:\/\/topfoodmachine.com\/wp-content\/uploads\/2024\/06\/fryer-machine-for-business-300x225.webp 300w, https:\/\/topfoodmachine.com\/wp-content\/uploads\/2024\/06\/fryer-machine-for-business-16x12.webp 16w\" sizes=\"auto, (max-width: 720px) 100vw, 720px\" \/><figcaption class=\"wp-element-caption\">m\u00e1quina de fre\u00edr para negocios<\/figcaption><\/figure>    <figure class=\"wp-block-image size-large\"><img loading=\"lazy\" decoding=\"async\" width=\"720\" height=\"540\" data-id=\"1401\" src=\"https:\/\/topfoodmachine.com\/wp-content\/uploads\/2024\/06\/Frying-machine-for-sale.webp\" alt=\"M\u00e1quina de fre\u00edr a la venta\" class=\"wp-image-1401\" srcset=\"https:\/\/topfoodmachine.com\/wp-content\/uploads\/2024\/06\/Frying-machine-for-sale.webp 720w, https:\/\/topfoodmachine.com\/wp-content\/uploads\/2024\/06\/Frying-machine-for-sale-300x225.webp 300w, https:\/\/topfoodmachine.com\/wp-content\/uploads\/2024\/06\/Frying-machine-for-sale-16x12.webp 16w\" sizes=\"auto, (max-width: 720px) 100vw, 720px\" \/><figcaption class=\"wp-element-caption\">M\u00e1quina de fre\u00edr a la venta<\/figcaption><\/figure> <\/figure>    <h2 class=\"wp-block-heading\"><strong>\u00a1Cont\u00e1ctanos!<\/strong><\/h2>    <p>A medida que consideras tus aventuras culinarias, nuestra m\u00e1quina de fre\u00edr profunda est\u00e1 lista para elevar tu experiencia de fritura a nuevas alturas. <\/p>    <p>Con su eficiencia inigualable, control preciso y dedicaci\u00f3n a la calidad, nuestra freidora profunda asegura que cada creaci\u00f3n crujiente deleite el paladar y deje una impresi\u00f3n duradera.<\/p>    <p>Cont\u00e1ctanos ahora para preguntar sobre nuestra m\u00e1quina de fre\u00edr profunda y descubre c\u00f3mo puede revolucionar tus operaciones en la cocina.<\/p>","protected":false},"excerpt":{"rendered":"<p>La m\u00e1quina de fre\u00edr profunda es un equipo de preparaci\u00f3n de alimentos r\u00e1pidos ampliamente utilizado en la industria de restaurantes y f\u00e1bricas de procesamiento de alimentos.<\/p>","protected":false},"author":1,"featured_media":1393,"parent":0,"template":"","tags":[44,43],"product-type":[4],"class_list":["post-1392","product","type-product","status-publish","has-post-thumbnail","hentry","tag-fryer","tag-frying-machine","product-type-frying-equipment"],"_links":{"self":[{"href":"https:\/\/topfoodmachine.com\/es\/wp-json\/wp\/v2\/product\/1392","targetHints":{"allow":["GET"]}}],"collection":[{"href":"https:\/\/topfoodmachine.com\/es\/wp-json\/wp\/v2\/product"}],"about":[{"href":"https:\/\/topfoodmachine.com\/es\/wp-json\/wp\/v2\/types\/product"}],"author":[{"embeddable":true,"href":"https:\/\/topfoodmachine.com\/es\/wp-json\/wp\/v2\/users\/1"}],"wp:featuredmedia":[{"embeddable":true,"href":"https:\/\/topfoodmachine.com\/es\/wp-json\/wp\/v2\/media\/1393"}],"wp:attachment":[{"href":"https:\/\/topfoodmachine.com\/es\/wp-json\/wp\/v2\/media?parent=1392"}],"wp:term":[{"taxonomy":"post_tag","embeddable":true,"href":"https:\/\/topfoodmachine.com\/es\/wp-json\/wp\/v2\/tags?post=1392"},{"taxonomy":"product-type","embeddable":true,"href":"https:\/\/topfoodmachine.com\/es\/wp-json\/wp\/v2\/product-type?post=1392"}],"curies":[{"name":"wp","href":"https:\/\/api.w.org\/{rel}","templated":true}]}}