{"id":1373,"date":"2024-05-24T15:08:47","date_gmt":"2024-05-24T07:08:47","guid":{"rendered":"https:\/\/topfoodmachine.com\/?post_type=product&#038;p=1373"},"modified":"2024-05-24T15:08:48","modified_gmt":"2024-05-24T07:08:48","slug":"onion-root-cutting-machine","status":"publish","type":"product","link":"https:\/\/topfoodmachine.com\/es\/product\/onion-root-cutting-machine\/","title":{"rendered":"m\u00e1quina cortadora de ra\u00edces de cebolla"},"content":{"rendered":"<div class=\"kk-star-ratings kksr-auto kksr-align-left kksr-valign-top\"     data-payload='{&quot;align&quot;:&quot;left&quot;,&quot;id&quot;:&quot;1373&quot;,&quot;slug&quot;:&quot;default&quot;,&quot;valign&quot;:&quot;top&quot;,&quot;ignore&quot;:&quot;&quot;,&quot;reference&quot;:&quot;auto&quot;,&quot;class&quot;:&quot;&quot;,&quot;count&quot;:&quot;12&quot;,&quot;legendonly&quot;:&quot;&quot;,&quot;readonly&quot;:&quot;&quot;,&quot;score&quot;:&quot;4.7&quot;,&quot;starsonly&quot;:&quot;&quot;,&quot;best&quot;:&quot;5&quot;,&quot;gap&quot;:&quot;5&quot;,&quot;greet&quot;:&quot;Rate this product&quot;,&quot;legend&quot;:&quot;4.7\\\/5 - (12 votos)&quot;,&quot;size&quot;:&quot;24&quot;,&quot;title&quot;:&quot;Onion root cutting machine&quot;,&quot;width&quot;:&quot;133.8&quot;,&quot;_legend&quot;:&quot;{score}\\\/{best} - ({count} {votes})&quot;,&quot;font_factor&quot;:&quot;1.25&quot;}'>              <div class=\"kksr-stars\">      <div class=\"kksr-stars-inactive\">             <div class=\"kksr-star\" data-star=\"1\" style=\"padding-right: 5px\">               <div class=\"kksr-icon\" style=\"width: 24px; height: 24px;\"><\/div>         <\/div>             <div class=\"kksr-star\" data-star=\"2\" style=\"padding-right: 5px\">               <div class=\"kksr-icon\" style=\"width: 24px; height: 24px;\"><\/div>         <\/div>             <div class=\"kksr-star\" data-star=\"3\" style=\"padding-right: 5px\">               <div class=\"kksr-icon\" style=\"width: 24px; height: 24px;\"><\/div>         <\/div>             <div class=\"kksr-star\" data-star=\"4\" style=\"padding-right: 5px\">               <div class=\"kksr-icon\" style=\"width: 24px; height: 24px;\"><\/div>         <\/div>             <div class=\"kksr-star\" data-star=\"5\" style=\"padding-right: 5px\">               <div class=\"kksr-icon\" style=\"width: 24px; height: 24px;\"><\/div>         <\/div>     <\/div>      <div class=\"kksr-stars-active\" style=\"width: 133.8px;\">             <div class=\"kksr-star\" style=\"padding-right: 5px\">               <div class=\"kksr-icon\" style=\"width: 24px; height: 24px;\"><\/div>         <\/div>             <div class=\"kksr-star\" style=\"padding-right: 5px\">               <div class=\"kksr-icon\" style=\"width: 24px; height: 24px;\"><\/div>         <\/div>             <div class=\"kksr-star\" style=\"padding-right: 5px\">               <div class=\"kksr-icon\" style=\"width: 24px; height: 24px;\"><\/div>         <\/div>             <div class=\"kksr-star\" style=\"padding-right: 5px\">               <div class=\"kksr-icon\" style=\"width: 24px; height: 24px;\"><\/div>         <\/div>             <div class=\"kksr-star\" style=\"padding-right: 5px\">               <div class=\"kksr-icon\" style=\"width: 24px; height: 24px;\"><\/div>         <\/div>     <\/div> <\/div>                   <div class=\"kksr-legend\" style=\"font-size: 19.2px;\">             4,7\/5 - (12 votos)    <\/div>     <\/div>  <p>Nuestra m\u00e1quina cortadora de ra\u00edces de cebolla est\u00e1 dise\u00f1ada para abordar la eficiencia y las preocupaciones de costos en la industria de procesamiento de cebollas. <\/p>    <p>Empleando tecnolog\u00eda de corte avanzada, esta m\u00e1quina puede cortar simult\u00e1neamente tanto las ra\u00edces como los tallos de las cebollas, permitiendo un procesamiento integral.<\/p>    <figure class=\"wp-block-image size-full\"><img loading=\"lazy\" decoding=\"async\" width=\"720\" height=\"540\" src=\"https:\/\/topfoodmachine.com\/wp-content\/uploads\/2024\/05\/Onion-root-cutting-machine.webp\" alt=\"m\u00e1quina cortadora de ra\u00edces de cebolla\" class=\"wp-image-1380\" srcset=\"https:\/\/topfoodmachine.com\/wp-content\/uploads\/2024\/05\/Onion-root-cutting-machine.webp 720w, https:\/\/topfoodmachine.com\/wp-content\/uploads\/2024\/05\/Onion-root-cutting-machine-300x225.webp 300w, https:\/\/topfoodmachine.com\/wp-content\/uploads\/2024\/05\/Onion-root-cutting-machine-16x12.webp 16w\" sizes=\"auto, (max-width: 720px) 100vw, 720px\" \/><figcaption class=\"wp-element-caption\">m\u00e1quina cortadora de ra\u00edces de cebolla<\/figcaption><\/figure>    <h2 class=\"wp-block-heading\">\u00bfQu\u00e9 materiales son adecuados para la m\u00e1quina separadora de ra\u00edces de cebolla?<\/h2>    <p>Nuestra m\u00e1quina cortadora de ra\u00edces de cebolla est\u00e1 dise\u00f1ada principalmente para procesar cebollas, pero tambi\u00e9n puede manejar otras verduras de ra\u00edz con caracter\u00edsticas similares, como ajo, chalotes, r\u00e1banos y nabos. Su dise\u00f1o adaptable asegura un corte eficiente y preciso de varios tama\u00f1os y formas de cebollas, satisfaciendo las diversas necesidades de la industria de procesamiento de alimentos. <\/p>    <p>Adem\u00e1s, la m\u00e1quina puede personalizarse para adaptarse a requisitos espec\u00edficos de procesamiento, proporcionando soluciones a medida para nuestros clientes.<\/p>    <figure class=\"wp-block-gallery has-nested-images columns-default is-cropped wp-block-gallery-2 is-layout-flex wp-block-gallery-is-layout-flex\"> <figure class=\"wp-block-image size-large\"><img loading=\"lazy\" decoding=\"async\" width=\"720\" height=\"540\" data-id=\"1374\" src=\"https:\/\/topfoodmachine.com\/wp-content\/uploads\/2024\/05\/finished-products-of-onion-cutter-machine.webp\" alt=\"productos terminados de la m\u00e1quina cortadora de cebolla\" class=\"wp-image-1374\" srcset=\"https:\/\/topfoodmachine.com\/wp-content\/uploads\/2024\/05\/finished-products-of-onion-cutter-machine.webp 720w, https:\/\/topfoodmachine.com\/wp-content\/uploads\/2024\/05\/finished-products-of-onion-cutter-machine-300x225.webp 300w, https:\/\/topfoodmachine.com\/wp-content\/uploads\/2024\/05\/finished-products-of-onion-cutter-machine-16x12.webp 16w\" sizes=\"auto, (max-width: 720px) 100vw, 720px\" \/><figcaption class=\"wp-element-caption\">productos terminados de la m\u00e1quina cortadora de cebolla<\/figcaption><\/figure>    <figure class=\"wp-block-image size-large\"><img loading=\"lazy\" decoding=\"async\" width=\"720\" height=\"540\" data-id=\"1375\" src=\"https:\/\/topfoodmachine.com\/wp-content\/uploads\/2024\/05\/onion.webp\" alt=\"cebolla\" class=\"wp-image-1375\" srcset=\"https:\/\/topfoodmachine.com\/wp-content\/uploads\/2024\/05\/onion.webp 720w, https:\/\/topfoodmachine.com\/wp-content\/uploads\/2024\/05\/onion-300x225.webp 300w, https:\/\/topfoodmachine.com\/wp-content\/uploads\/2024\/05\/onion-16x12.webp 16w\" sizes=\"auto, (max-width: 720px) 100vw, 720px\" \/><figcaption class=\"wp-element-caption\">cebolla<\/figcaption><\/figure> <\/figure>    <h2 class=\"wp-block-heading\">Principales ventajas de la m\u00e1quina cortadora de ra\u00edces de cebolla<\/h2>    <p>Nuestra m\u00e1quina cortadora de ra\u00edces de cebolla ofrece una versatilidad inigualable, manejando cebollas desde un tama\u00f1o m\u00ednimo de 5 cent\u00edmetros hasta tama\u00f1os m\u00e1s grandes sin limitaci\u00f3n. <\/p>    <p>Simplifica la operaci\u00f3n al requerir que las cebollas se coloquen de lado, reduciendo el tiempo de capacitaci\u00f3n para los operadores. Construido con materiales de alta calidad, incluyendo un mecanismo de corte especialmente procesado, asegura durabilidad y un mantenimiento m\u00ednimo. <\/p>    <p>Adem\u00e1s, sus motores de alta eficiencia energ\u00e9tica contribuyen al ahorro de costos y a los esfuerzos de sostenibilidad. En resumen, nuestra m\u00e1quina combina versatilidad, facilidad de uso, durabilidad y eficiencia energ\u00e9tica para satisfacer las diversas necesidades de la industria de procesamiento de cebollas.<\/p>    <figure class=\"wp-block-image size-full\"><img loading=\"lazy\" decoding=\"async\" width=\"720\" height=\"540\" src=\"https:\/\/topfoodmachine.com\/wp-content\/uploads\/2024\/05\/garlic-root-cutter.webp\" alt=\"cortadora de ra\u00edces de ajo\" class=\"wp-image-1376\" srcset=\"https:\/\/topfoodmachine.com\/wp-content\/uploads\/2024\/05\/garlic-root-cutter.webp 720w, https:\/\/topfoodmachine.com\/wp-content\/uploads\/2024\/05\/garlic-root-cutter-300x225.webp 300w, https:\/\/topfoodmachine.com\/wp-content\/uploads\/2024\/05\/garlic-root-cutter-16x12.webp 16w\" sizes=\"auto, (max-width: 720px) 100vw, 720px\" \/><figcaption class=\"wp-element-caption\">cortadora de ra\u00edces de ajo<\/figcaption><\/figure>    <h2 class=\"wp-block-heading\">Par\u00e1metros de la m\u00e1quina cortadora de ra\u00edces de cebolla<\/h2>    <figure class=\"wp-block-table\"><table><tbody><tr><td>Capacidad<\/td><td>500kg\/hora<\/td><\/tr><tr><td>Voltaje<\/td><td>380v<\/td><\/tr><tr><td>Fuerza<\/td><td>1,5 kw<\/td><\/tr><tr><td>Tama\u00f1o<\/td><td>280*81*150cm<\/td><\/tr><tr><td>Peso<\/td><td>60kg<\/td><\/tr><\/tbody><\/table><figcaption class=\"wp-element-caption\">par\u00e1metros de la m\u00e1quina de corte de ra\u00edces de cebolla<\/figcaption><\/figure>    <h2 class=\"wp-block-heading\">Equipos de apoyo de la m\u00e1quina cortadora de ra\u00edces de ajo<\/h2>    <figure class=\"wp-block-image size-full\"><img loading=\"lazy\" decoding=\"async\" width=\"720\" height=\"540\" src=\"https:\/\/topfoodmachine.com\/wp-content\/uploads\/2024\/05\/garlic-root-cutting-machine-1.webp\" alt=\"m\u00e1quina de corte de ra\u00edces de ajo\" class=\"wp-image-1377\" srcset=\"https:\/\/topfoodmachine.com\/wp-content\/uploads\/2024\/05\/garlic-root-cutting-machine-1.webp 720w, https:\/\/topfoodmachine.com\/wp-content\/uploads\/2024\/05\/garlic-root-cutting-machine-1-300x225.webp 300w, https:\/\/topfoodmachine.com\/wp-content\/uploads\/2024\/05\/garlic-root-cutting-machine-1-16x12.webp 16w\" sizes=\"auto, (max-width: 720px) 100vw, 720px\" \/><figcaption class=\"wp-element-caption\">m\u00e1quina de corte de ra\u00edces de ajo<\/figcaption><\/figure>    <p class=\"translation-block\">Nuestra m\u00e1quina cortadora de ra\u00edces de ajo no solo procesa eficientemente grandes cantidades de ajo, sino que tambi\u00e9n se integra sin problemas con nuestra <a href=\"https:\/\/topfoodmachine.com\/es\/product\/garlic-bulb-separating-machine\/\" data-type=\"link\" data-id=\"https:\/\/topfoodmachine.com\/product\/garlic-bulb-separating-machine\/\">M\u00e1quina Separadora de Bulbos de Ajo<\/a> para un procesamiento adicional despu\u00e9s de su uso. Esta combinaci\u00f3n completa eficazmente las tareas de separaci\u00f3n y procesamiento, proporcionando una soluci\u00f3n integral para su l\u00ednea de producci\u00f3n.<\/p>    <p class=\"translation-block\">Adem\u00e1s, si su materia prima son cebollas, nuestra m\u00e1quina cortadora de ra\u00edces de cebolla ofrece una versatilidad similar. Despu\u00e9s de usar la m\u00e1quina cortadora de ra\u00edces de cebolla, puede complementarla con nuestra <a href=\"https:\/\/topfoodmachine.com\/es\/product\/onion-peeling-machine\/\" data-type=\"link\" data-id=\"https:\/\/topfoodmachine.com\/product\/onion-peeling-machine\/\">M\u00e1quina Peladora de Cebollas<\/a> o <a href=\"https:\/\/topfoodmachine.com\/es\/product\/automatic-vegetable-dicing-machine\/\" data-type=\"link\" data-id=\"https:\/\/topfoodmachine.com\/product\/automatic-vegetable-dicing-machine\/\">M\u00e1quina Cortadora de Verduras Autom\u00e1tica<\/a> para el procesamiento posterior. <\/p>    <p>Estos dispositivos complementarios mejoran significativamente la eficiencia de producci\u00f3n, aseguran un funcionamiento fluido de la l\u00ednea de producci\u00f3n y entregan productos terminados de alta calidad.<\/p>    <h2 class=\"wp-block-heading\">Cont\u00e1ctenos<\/h2>    <figure class=\"wp-block-image size-full\"><img loading=\"lazy\" decoding=\"async\" width=\"720\" height=\"540\" src=\"https:\/\/topfoodmachine.com\/wp-content\/uploads\/2024\/05\/onion-root-cutter.webp\" alt=\"cortadora de ra\u00edces de cebolla\" class=\"wp-image-1378\" srcset=\"https:\/\/topfoodmachine.com\/wp-content\/uploads\/2024\/05\/onion-root-cutter.webp 720w, https:\/\/topfoodmachine.com\/wp-content\/uploads\/2024\/05\/onion-root-cutter-300x225.webp 300w, https:\/\/topfoodmachine.com\/wp-content\/uploads\/2024\/05\/onion-root-cutter-16x12.webp 16w\" sizes=\"auto, (max-width: 720px) 100vw, 720px\" \/><figcaption class=\"wp-element-caption\">cortadora de ra\u00edces de cebolla<\/figcaption><\/figure>    <p class=\"translation-block\">Haga de nuestra <a href=\"https:\/\/en.wikipedia.org\/wiki\/Onion\" data-type=\"link\" data-id=\"https:\/\/en.wikipedia.org\/wiki\/Onion\" target=\"_blank\" rel=\"noopener\">M\u00e1quina Cortadora de Ra\u00edces de Cebolla<\/a> su aliado de confianza para optimizar sus operaciones de procesamiento, mejorar la productividad, reducir costos y garantizar una calidad de producto excepcional. <\/p>    <p>Ya sea que est\u00e9 involucrado en producci\u00f3n a gran escala o procesamiento personalizado, nuestra m\u00e1quina est\u00e1 dise\u00f1ada para satisfacer sus necesidades. \u00a1Cont\u00e1ctenos ahora para obtener m\u00e1s informaci\u00f3n y comience a optimizar su l\u00ednea de producci\u00f3n hoy!<\/p>    <p><\/p>","protected":false},"excerpt":{"rendered":"<p>Nuestra m\u00e1quina cortadora de ra\u00edces de cebolla est\u00e1 dise\u00f1ada para abordar la eficiencia y las preocupaciones de costos en la industria de procesamiento de cebollas. <\/p>","protected":false},"author":1,"featured_media":1382,"parent":0,"template":"","tags":[39,40,38,41],"product-type":[3],"class_list":["post-1373","product","type-product","status-publish","has-post-thumbnail","hentry","tag-cutting","tag-foodmachine","tag-onion","tag-root","product-type-fruit-vegetable-processing-machine"],"_links":{"self":[{"href":"https:\/\/topfoodmachine.com\/es\/wp-json\/wp\/v2\/product\/1373","targetHints":{"allow":["GET"]}}],"collection":[{"href":"https:\/\/topfoodmachine.com\/es\/wp-json\/wp\/v2\/product"}],"about":[{"href":"https:\/\/topfoodmachine.com\/es\/wp-json\/wp\/v2\/types\/product"}],"author":[{"embeddable":true,"href":"https:\/\/topfoodmachine.com\/es\/wp-json\/wp\/v2\/users\/1"}],"wp:featuredmedia":[{"embeddable":true,"href":"https:\/\/topfoodmachine.com\/es\/wp-json\/wp\/v2\/media\/1382"}],"wp:attachment":[{"href":"https:\/\/topfoodmachine.com\/es\/wp-json\/wp\/v2\/media?parent=1373"}],"wp:term":[{"taxonomy":"post_tag","embeddable":true,"href":"https:\/\/topfoodmachine.com\/es\/wp-json\/wp\/v2\/tags?post=1373"},{"taxonomy":"product-type","embeddable":true,"href":"https:\/\/topfoodmachine.com\/es\/wp-json\/wp\/v2\/product-type?post=1373"}],"curies":[{"name":"wp","href":"https:\/\/api.w.org\/{rel}","templated":true}]}}