{"id":1315,"date":"2024-05-16T15:08:39","date_gmt":"2024-05-16T07:08:39","guid":{"rendered":"https:\/\/topfoodmachine.com\/?post_type=product&#038;p=1315"},"modified":"2024-05-23T10:26:21","modified_gmt":"2024-05-23T02:26:21","slug":"commercial-bakery-oven-rotary-rack-oven","status":"publish","type":"product","link":"https:\/\/topfoodmachine.com\/es\/product\/commercial-bakery-oven-rotary-rack-oven\/","title":{"rendered":"Horno de panader\u00eda comercial | Horno de estante rotatorio"},"content":{"rendered":"<div class=\"kk-star-ratings kksr-auto kksr-align-left kksr-valign-top\"     data-payload='{&quot;align&quot;:&quot;left&quot;,&quot;id&quot;:&quot;1315&quot;,&quot;slug&quot;:&quot;default&quot;,&quot;valign&quot;:&quot;top&quot;,&quot;ignore&quot;:&quot;&quot;,&quot;reference&quot;:&quot;auto&quot;,&quot;class&quot;:&quot;&quot;,&quot;count&quot;:&quot;13&quot;,&quot;legendonly&quot;:&quot;&quot;,&quot;readonly&quot;:&quot;&quot;,&quot;score&quot;:&quot;4.8&quot;,&quot;starsonly&quot;:&quot;&quot;,&quot;best&quot;:&quot;5&quot;,&quot;gap&quot;:&quot;5&quot;,&quot;greet&quot;:&quot;Rate this product&quot;,&quot;legend&quot;:&quot;4.8\\\/5 - (13 votos)&quot;,&quot;size&quot;:&quot;24&quot;,&quot;title&quot;:&quot;Commercial bakery oven | Rotary rack oven&quot;,&quot;width&quot;:&quot;136.7&quot;,&quot;_legend&quot;:&quot;{score}\\\/{best} - ({count} {votes})&quot;,&quot;font_factor&quot;:&quot;1.25&quot;}'>              <div class=\"kksr-stars\">      <div class=\"kksr-stars-inactive\">             <div class=\"kksr-star\" data-star=\"1\" style=\"padding-right: 5px\">               <div class=\"kksr-icon\" style=\"width: 24px; height: 24px;\"><\/div>         <\/div>             <div class=\"kksr-star\" data-star=\"2\" style=\"padding-right: 5px\">               <div class=\"kksr-icon\" style=\"width: 24px; height: 24px;\"><\/div>         <\/div>             <div class=\"kksr-star\" data-star=\"3\" style=\"padding-right: 5px\">               <div class=\"kksr-icon\" style=\"width: 24px; height: 24px;\"><\/div>         <\/div>             <div class=\"kksr-star\" data-star=\"4\" style=\"padding-right: 5px\">               <div class=\"kksr-icon\" style=\"width: 24px; height: 24px;\"><\/div>         <\/div>             <div class=\"kksr-star\" data-star=\"5\" style=\"padding-right: 5px\">               <div class=\"kksr-icon\" style=\"width: 24px; height: 24px;\"><\/div>         <\/div>     <\/div>      <div class=\"kksr-stars-active\" style=\"width: 136.7px;\">             <div class=\"kksr-star\" style=\"padding-right: 5px\">               <div class=\"kksr-icon\" style=\"width: 24px; height: 24px;\"><\/div>         <\/div>             <div class=\"kksr-star\" style=\"padding-right: 5px\">               <div class=\"kksr-icon\" style=\"width: 24px; height: 24px;\"><\/div>         <\/div>             <div class=\"kksr-star\" style=\"padding-right: 5px\">               <div class=\"kksr-icon\" style=\"width: 24px; height: 24px;\"><\/div>         <\/div>             <div class=\"kksr-star\" style=\"padding-right: 5px\">               <div class=\"kksr-icon\" style=\"width: 24px; height: 24px;\"><\/div>         <\/div>             <div class=\"kksr-star\" style=\"padding-right: 5px\">               <div class=\"kksr-icon\" style=\"width: 24px; height: 24px;\"><\/div>         <\/div>     <\/div> <\/div>                   <div class=\"kksr-legend\" style=\"font-size: 19.2px;\">             4,8\/5 - (13 votos)    <\/div>     <\/div>  <p class=\"translation-block\"><strong>El horno de panader\u00eda comercial<\/strong> es su arma secreta en el negocio de la panader\u00eda. Nuestro horno combina tecnolog\u00eda de punta para ofrecerle una ventaja \u00fanica. M\u00e1s all\u00e1 de la eficiencia energ\u00e9tica, empleamos tecnolog\u00eda de control de temperatura de \u00faltima generaci\u00f3n para garantizar que sus delicias horneadas siempre tengan una textura excepcional y una calidad constante.<\/p>    <p>En comparaci\u00f3n con los hornos tradicionales, nuestro producto no solo mejora la eficiencia de producci\u00f3n, sino que tambi\u00e9n reduce el consumo de energ\u00eda, haciendo que su negocio sea m\u00e1s competitivo. <\/p>    <p>Ya sea que est\u00e9 dirigiendo una panader\u00eda, cafeter\u00eda o restaurante, nuestro horno satisface sus necesidades, ofreciendo una eficiencia, confiabilidad y garant\u00eda de calidad inigualables. Ilumine su viaje de horneado con una fusi\u00f3n perfecta de delicias e innovaci\u00f3n.<\/p>    <figure class=\"wp-block-image size-full\"><img loading=\"lazy\" decoding=\"async\" width=\"720\" height=\"540\" src=\"https:\/\/topfoodmachine.com\/wp-content\/uploads\/2024\/05\/Commercial-bakery-oven-for-sale.webp\" alt=\"Horno de panader\u00eda comercial en venta\" class=\"wp-image-1323\" srcset=\"https:\/\/topfoodmachine.com\/wp-content\/uploads\/2024\/05\/Commercial-bakery-oven-for-sale.webp 720w, https:\/\/topfoodmachine.com\/wp-content\/uploads\/2024\/05\/Commercial-bakery-oven-for-sale-300x225.webp 300w, https:\/\/topfoodmachine.com\/wp-content\/uploads\/2024\/05\/Commercial-bakery-oven-for-sale-16x12.webp 16w\" sizes=\"auto, (max-width: 720px) 100vw, 720px\" \/><figcaption class=\"wp-element-caption\">Horno de panader\u00eda comercial en venta<\/figcaption><\/figure>    <h2 class=\"wp-block-heading\"><strong>Horno de panader\u00eda comercial y horno de estante rotativo<\/strong> en venta<\/h2>    <p>Ya sea que est\u00e9s dirigiendo una peque\u00f1a panader\u00eda, un bullicioso caf\u00e9 o una cocina de hotel a gran escala, elegir el horno adecuado es esencial para tus necesidades de reposter\u00eda. <\/p>    <p class=\"translation-block\">Ofrecemos dos tipos de hornos para satisfacer sus requisitos: el <strong>horno de panader\u00eda comercial<\/strong> y el <strong>horno de estante rotatorio<\/strong>. Exploremos las caracter\u00edsticas de cada uno.<\/p>    <h2 class=\"wp-block-heading\"><strong>Horno de panader\u00eda comercial<\/strong><\/h2>    <p>Nuestro horno de panader\u00eda comercial est\u00e1 dise\u00f1ado para proporcionar un control de temperatura preciso y alta eficiencia para todas tus necesidades de reposter\u00eda. Aqu\u00ed est\u00e1 el porqu\u00e9 es una de las mejores opciones:<\/p>    <figure class=\"wp-block-gallery has-nested-images columns-default is-cropped wp-block-gallery-2 is-layout-flex wp-block-gallery-is-layout-flex\"> <figure class=\"wp-block-image size-large\"><img loading=\"lazy\" decoding=\"async\" width=\"720\" height=\"540\" data-id=\"1319\" src=\"https:\/\/topfoodmachine.com\/wp-content\/uploads\/2024\/05\/Commercial-bakery-oven-for-business.webp\" alt=\"Horno de panader\u00eda comercial para negocios\" class=\"wp-image-1319\" srcset=\"https:\/\/topfoodmachine.com\/wp-content\/uploads\/2024\/05\/Commercial-bakery-oven-for-business.webp 720w, https:\/\/topfoodmachine.com\/wp-content\/uploads\/2024\/05\/Commercial-bakery-oven-for-business-300x225.webp 300w, https:\/\/topfoodmachine.com\/wp-content\/uploads\/2024\/05\/Commercial-bakery-oven-for-business-16x12.webp 16w\" sizes=\"auto, (max-width: 720px) 100vw, 720px\" \/><figcaption class=\"wp-element-caption\">Horno de panader\u00eda comercial para negocios<\/figcaption><\/figure>    <figure class=\"wp-block-image size-large\"><img loading=\"lazy\" decoding=\"async\" width=\"720\" height=\"540\" data-id=\"1320\" src=\"https:\/\/topfoodmachine.com\/wp-content\/uploads\/2024\/05\/Rotary-rack-oven-for-sale.webp\" alt=\"Horno de estante rotativo en venta\" class=\"wp-image-1320\" srcset=\"https:\/\/topfoodmachine.com\/wp-content\/uploads\/2024\/05\/Rotary-rack-oven-for-sale.webp 720w, https:\/\/topfoodmachine.com\/wp-content\/uploads\/2024\/05\/Rotary-rack-oven-for-sale-300x225.webp 300w, https:\/\/topfoodmachine.com\/wp-content\/uploads\/2024\/05\/Rotary-rack-oven-for-sale-16x12.webp 16w\" sizes=\"auto, (max-width: 720px) 100vw, 720px\" \/><figcaption class=\"wp-element-caption\">Horno de estante rotativo en venta<\/figcaption><\/figure> <\/figure>    <h3 class=\"wp-block-heading\"><strong>Caracter\u00edsticas clave<\/strong><\/h3>    <ul class=\"wp-block-list\"> <li><strong>Material:<\/strong> El panel frontal est\u00e1 hecho de una placa de acero inoxidable de 1.2 mm de grosor, mientras que los paneles laterales est\u00e1n construidos de chapa galvanizada. El horno est\u00e1 equipado con un aislamiento mejorado, utilizando algod\u00f3n de s\u00edlice-al\u00famina resistente a altas temperaturas, asegurando una excelente aislamiento t\u00e9rmico y eficiencia energ\u00e9tica.<\/li>    <li><strong>C\u00e1mara de horneado:<\/strong> Presenta placas de aleaci\u00f3n de aluminio de grado alimenticio para una transferencia de calor r\u00e1pida y uniforme, asegurando la seguridad y calidad de sus productos horneados. La placa inferior est\u00e1 hecha de hierro, proporcionando estabilidad y evitando deformaciones.<\/li>    <li><strong>Panel de control:<\/strong> Equipado con un panel de control digital mec\u00e1nico, permitiendo el control independiente para cada capa. El horno ofrece un control de temperatura de alta precisi\u00f3n con configuraciones y operaci\u00f3n simples. Cada capa viene con un temporizador para mayor comodidad.<\/li>    <li><strong>Otras caracter\u00edsticas:<\/strong> El vidrio templado de doble capa proporciona una visibilidad clara del proceso de horneado. Las manijas esmeriladas aseguran aislamiento t\u00e9rmico, seguridad y comodidad. Las opciones de personalizaci\u00f3n incluyen un cuerpo completamente de acero inoxidable.<\/li> <\/ul>    <figure class=\"wp-block-image size-full\"><img loading=\"lazy\" decoding=\"async\" width=\"720\" height=\"540\" src=\"https:\/\/topfoodmachine.com\/wp-content\/uploads\/2024\/05\/Commercial-bakery-oven-control-panel.webp\" alt=\"Panel de control del horno de panader\u00eda comercial\" class=\"wp-image-1321\" srcset=\"https:\/\/topfoodmachine.com\/wp-content\/uploads\/2024\/05\/Commercial-bakery-oven-control-panel.webp 720w, https:\/\/topfoodmachine.com\/wp-content\/uploads\/2024\/05\/Commercial-bakery-oven-control-panel-300x225.webp 300w, https:\/\/topfoodmachine.com\/wp-content\/uploads\/2024\/05\/Commercial-bakery-oven-control-panel-16x12.webp 16w\" sizes=\"auto, (max-width: 720px) 100vw, 720px\" \/><figcaption class=\"wp-element-caption\">Panel de control del horno de panader\u00eda comercial<\/figcaption><\/figure>    <h3 class=\"wp-block-heading\">Par\u00e1metros del horno de panader\u00eda comercial<\/h3>    <figure class=\"wp-block-table\"><table><tbody><tr><td>Nombre<\/td><td>Horno de panader\u00eda<\/td><\/tr><tr><td>Voltaje<\/td><td>220V\/50Hz<\/td><\/tr><tr><td>Fuerza<\/td><td>0.1KW<\/td><\/tr><tr><td>Rango de temperatura<\/td><td>temperatura ambiente-400\u2103<\/td><\/tr><tr><td>Capacidad<\/td><td>30kg\/h<\/td><\/tr><tr><td>Capas de parrilla<\/td><td>3capas\u00d71=3bandejas<\/td><\/tr><tr><td>Tama\u00f1o total<\/td><td>1000*730*1700mm<\/td><\/tr><tr><td>Peso neto<\/td><td>80kg<\/td><\/tr><tr><td>Material<\/td><td>acero inoxidable<\/td><\/tr><tr><td>Dimensi\u00f3n del plato<\/td><td>400*600mm<\/td><\/tr><\/tbody><\/table><figcaption class=\"wp-element-caption\">Par\u00e1metros del horno de panader\u00eda<\/figcaption><\/figure>    <h2 class=\"wp-block-heading\"><strong>Horno de estante rotativo<\/strong><\/h2>    <p>Nuestro horno de estante rotativo es un horno de estilo carrito dise\u00f1ado para una alta capacidad de producci\u00f3n y una cocci\u00f3n uniforme. Aqu\u00ed est\u00e1 el porqu\u00e9 es perfecto para operaciones de reposter\u00eda a gran escala:<\/p>    <figure class=\"wp-block-image size-full\"><img loading=\"lazy\" decoding=\"async\" width=\"720\" height=\"540\" src=\"https:\/\/topfoodmachine.com\/wp-content\/uploads\/2024\/05\/exported-Rotary-rack-oven.webp\" alt=\"Horno de estante rotativo exportado\" class=\"wp-image-1322\" srcset=\"https:\/\/topfoodmachine.com\/wp-content\/uploads\/2024\/05\/exported-Rotary-rack-oven.webp 720w, https:\/\/topfoodmachine.com\/wp-content\/uploads\/2024\/05\/exported-Rotary-rack-oven-300x225.webp 300w, https:\/\/topfoodmachine.com\/wp-content\/uploads\/2024\/05\/exported-Rotary-rack-oven-16x12.webp 16w\" sizes=\"auto, (max-width: 720px) 100vw, 720px\" \/><figcaption class=\"wp-element-caption\">Horno de estante rotativo exportado<\/figcaption><\/figure>    <h3 class=\"wp-block-heading\"><strong>Caracter\u00edsticas clave<\/strong><\/h3>    <ul class=\"wp-block-list\"> <li><strong>Horneado uniforme:<\/strong> El horno cuenta con circulaci\u00f3n de aire caliente para un calentamiento uniforme, asegurando resultados de horneado consistentes.<\/li>    <li><strong>Alta capacidad de producci\u00f3n:<\/strong> Con su gran tama\u00f1o y dise\u00f1o eficiente, el horno de estante rotativo puede manejar grandes vol\u00famenes de horneado.<\/li>    <li><strong>Control de temperatura y tiempo:<\/strong> Ajuste y configure f\u00e1cilmente la temperatura y el tiempo de horneado para satisfacer sus necesidades.<\/li>    <li><strong>Opciones de combustible vers\u00e1tiles:<\/strong> Disponible en versiones el\u00e9ctricas, de gas natural y de gas licuado de petr\u00f3leo (GLP). Tenga en cuenta que la versi\u00f3n de GLP requiere un cargo adicional.<\/li> <\/ul>    <h3 class=\"wp-block-heading\">Par\u00e1metros del horno de estante rotatorio<\/h3>    <figure class=\"wp-block-image size-full\"><img loading=\"lazy\" decoding=\"async\" width=\"720\" height=\"540\" src=\"https:\/\/topfoodmachine.com\/wp-content\/uploads\/2024\/05\/automatic-Rotary-rack-oven.webp\" alt=\"Horno de estante rotativo autom\u00e1tico\" class=\"wp-image-1318\" srcset=\"https:\/\/topfoodmachine.com\/wp-content\/uploads\/2024\/05\/automatic-Rotary-rack-oven.webp 720w, https:\/\/topfoodmachine.com\/wp-content\/uploads\/2024\/05\/automatic-Rotary-rack-oven-300x225.webp 300w, https:\/\/topfoodmachine.com\/wp-content\/uploads\/2024\/05\/automatic-Rotary-rack-oven-16x12.webp 16w\" sizes=\"auto, (max-width: 720px) 100vw, 720px\" \/><figcaption class=\"wp-element-caption\">Horno de estante rotativo autom\u00e1tico<\/figcaption><\/figure>    <figure class=\"wp-block-table\"><table><tbody><tr><td>Nombre<\/td><td>Horno rotativo (el\u00e9ctrico)<\/td><\/tr><tr><td>Voltaje<\/td><td>380V\/50Hz<\/td><\/tr><tr><td>Fuerza<\/td><td>24KW\/h<\/td><\/tr><tr><td>Potencia de conducci\u00f3n<\/td><td>2.5kw\/h<\/td><\/tr><tr><td>Rango de temperatura<\/td><td>temperatura ambiente-400\u2103<\/td><\/tr><tr><td>Capacidad<\/td><td>50kg\/h<\/td><\/tr><tr><td>Tama\u00f1o de la parrilla<\/td><td>610*465*1450mm<\/td><\/tr><tr><td>Capas de parrilla<\/td><td>16 capas\u00d71=16 bandejas<\/td><\/tr><tr><td>Tama\u00f1o total<\/td><td>1750*1530*1950mm<\/td><\/tr><tr><td>Peso neto<\/td><td>1000kg<\/td><\/tr><tr><td>Peso bruto<\/td><td>1100kg<\/td><\/tr><tr><td>Material<\/td><td>acero inoxidable<\/td><\/tr><tr><td>Dimensi\u00f3n del plato<\/td><td>400*600mm<\/td><\/tr><\/tbody><\/table><figcaption class=\"wp-element-caption\">Par\u00e1metros del horno de estante rotativo<\/figcaption><\/figure>    <h2 class=\"wp-block-heading\">Aplicaci\u00f3n del horno de panader\u00eda comercial<\/h2>    <figure class=\"wp-block-gallery has-nested-images columns-default is-cropped wp-block-gallery-3 is-layout-flex wp-block-gallery-is-layout-flex\"> <figure class=\"wp-block-image size-large\"><img loading=\"lazy\" decoding=\"async\" width=\"720\" height=\"540\" data-id=\"1324\" src=\"https:\/\/topfoodmachine.com\/wp-content\/uploads\/2024\/05\/Bakeries-and-Pastry-Shops.webp\" alt=\"Panader\u00edas y pasteler\u00edas\" class=\"wp-image-1324\" srcset=\"https:\/\/topfoodmachine.com\/wp-content\/uploads\/2024\/05\/Bakeries-and-Pastry-Shops.webp 720w, https:\/\/topfoodmachine.com\/wp-content\/uploads\/2024\/05\/Bakeries-and-Pastry-Shops-300x225.webp 300w, https:\/\/topfoodmachine.com\/wp-content\/uploads\/2024\/05\/Bakeries-and-Pastry-Shops-16x12.webp 16w\" sizes=\"auto, (max-width: 720px) 100vw, 720px\" \/><figcaption class=\"wp-element-caption\">Panader\u00edas y pasteler\u00edas<\/figcaption><\/figure>    <figure class=\"wp-block-image size-large\"><img loading=\"lazy\" decoding=\"async\" width=\"720\" height=\"540\" data-id=\"1325\" src=\"https:\/\/topfoodmachine.com\/wp-content\/uploads\/2024\/05\/Food-Processing-Plants-and-Factories.webp\" alt=\"Plantas y f\u00e1bricas de procesamiento de alimentos\" class=\"wp-image-1325\" srcset=\"https:\/\/topfoodmachine.com\/wp-content\/uploads\/2024\/05\/Food-Processing-Plants-and-Factories.webp 720w, https:\/\/topfoodmachine.com\/wp-content\/uploads\/2024\/05\/Food-Processing-Plants-and-Factories-300x225.webp 300w, https:\/\/topfoodmachine.com\/wp-content\/uploads\/2024\/05\/Food-Processing-Plants-and-Factories-16x12.webp 16w\" sizes=\"auto, (max-width: 720px) 100vw, 720px\" \/><figcaption class=\"wp-element-caption\">Plantas y f\u00e1bricas de procesamiento de alimentos<\/figcaption><\/figure> <\/figure>    <ol class=\"wp-block-list\"> <li><strong>Panader\u00edas y pasteler\u00edas:<\/strong> Los hornos de panader\u00eda comerciales son equipos esenciales para panader\u00edas y pasteler\u00edas. Se utilizan para hornear una variedad de productos como pan, pasteles, galletas, pasteles y muffins, atendiendo a las diversas necesidades de los clientes.<\/li>    <li><strong>Cafeter\u00edas y casas de t\u00e9:<\/strong> En cafeter\u00edas y casas de t\u00e9, los hornos de panader\u00eda comerciales se utilizan com\u00fanmente para hornear pan fresco, pasteles y galletas, ofreciendo a los clientes deliciosos bocadillos y golosinas.<\/li>    <li><strong>Hoteles y restaurantes:<\/strong> En las cocinas de hoteles y restaurantes, se utilizan hornos de panader\u00eda comerciales para producir varios art\u00edculos como pan, pasteles, postres y bocadillos, proporcionando a los hu\u00e9spedes productos horneados de alta calidad.<\/li>    <li><strong>Plantas y f\u00e1bricas de procesamiento de alimentos:<\/strong> Los hornos de panader\u00eda comerciales tambi\u00e9n se utilizan ampliamente en plantas y f\u00e1bricas de procesamiento de alimentos para la producci\u00f3n a gran escala de varios productos horneados para satisfacer la demanda del mercado.<\/li>    <li><strong>Escuelas y estudios de formaci\u00f3n en panader\u00eda:<\/strong> Los hornos de panader\u00eda comerciales se utilizan en escuelas y estudios de formaci\u00f3n en panader\u00eda con fines de ense\u00f1anza y capacitaci\u00f3n, ayudando a los estudiantes a dominar t\u00e9cnicas y habilidades de horneado.<\/li> <\/ol>    <h2 class=\"wp-block-heading\">Principio de funcionamiento del horno de panader\u00eda comercial<\/h2>    <figure class=\"wp-block-image size-full\"><img loading=\"lazy\" decoding=\"async\" width=\"720\" height=\"540\" src=\"https:\/\/topfoodmachine.com\/wp-content\/uploads\/2024\/05\/Commercial-bakery-oven-in-stock.webp\" alt=\"Horno de panader\u00eda comercial en stock\" class=\"wp-image-1326\" srcset=\"https:\/\/topfoodmachine.com\/wp-content\/uploads\/2024\/05\/Commercial-bakery-oven-in-stock.webp 720w, https:\/\/topfoodmachine.com\/wp-content\/uploads\/2024\/05\/Commercial-bakery-oven-in-stock-300x225.webp 300w, https:\/\/topfoodmachine.com\/wp-content\/uploads\/2024\/05\/Commercial-bakery-oven-in-stock-16x12.webp 16w\" sizes=\"auto, (max-width: 720px) 100vw, 720px\" \/><figcaption class=\"wp-element-caption\">Horno de panader\u00eda comercial en stock<\/figcaption><\/figure>    <p>Los hornos de panader\u00eda comercial, especialmente los hornos de triple nivel, utilizan tanto calor radiante como conducci\u00f3n para calentar y hornear pizzas. Estos hornos cuentan con elementos de calefacci\u00f3n superiores e inferiores. El elemento superior utiliza calefacci\u00f3n por aire, aunque con menor eficiencia t\u00e9rmica, mientras que el elemento inferior ofrece una fuerte retenci\u00f3n de calor.<\/p>    <p>Mientras los t\u00e9cnicos profesionales manejan la operaci\u00f3n y el control, es importante evitar ciclos de encendido y apagado frecuentes en el cuidado y mantenimiento del horno. Esto asegura resultados de cocci\u00f3n consistentes y prolonga la vida \u00fatil del horno.<\/p>    <h2 class=\"wp-block-heading\">Conclusi\u00f3n<\/h2>    <figure class=\"wp-block-image size-large\"><img loading=\"lazy\" decoding=\"async\" width=\"720\" height=\"540\" src=\"https:\/\/topfoodmachine.com\/wp-content\/uploads\/2024\/05\/Commercial-bakery-oven-with-good-price.webp\" alt=\"Horno de panader\u00eda comercial a buen precio\" class=\"wp-image-1327\" srcset=\"https:\/\/topfoodmachine.com\/wp-content\/uploads\/2024\/05\/Commercial-bakery-oven-with-good-price.webp 720w, https:\/\/topfoodmachine.com\/wp-content\/uploads\/2024\/05\/Commercial-bakery-oven-with-good-price-300x225.webp 300w, https:\/\/topfoodmachine.com\/wp-content\/uploads\/2024\/05\/Commercial-bakery-oven-with-good-price-16x12.webp 16w\" sizes=\"auto, (max-width: 720px) 100vw, 720px\" \/><figcaption class=\"wp-element-caption\">Horno de panader\u00eda comercial a buen precio<\/figcaption><\/figure>    <p class=\"translation-block\">Elige nuestro <a href=\"https:\/\/en.wikipedia.org\/wiki\/Oven\" data-type=\"link\" data-id=\"https:\/\/en.wikipedia.org\/wiki\/Oven\" target=\"_blank\" rel=\"noopener\">Horno<\/a> de Panader\u00eda Comercial para elevar tu juego de horneado. Con un control de temperatura preciso y un calentamiento eficiente, asegura resultados de horneado consistentes y de alta calidad cada vez. <\/p>    <p class=\"translation-block\">\u00a1Actualice su equipo de horneado ahora y experimente la diferencia en calidad y eficiencia! No olvide, combina perfectamente con nuestras <a href=\"https:\/\/topfoodmachine.com\/es\/product\/cookie-making-machine\/\" data-type=\"link\" data-id=\"https:\/\/topfoodmachine.com\/product\/cookie-making-machine\/\">m\u00e1quinas para hacer galletas<\/a> para a\u00fan m\u00e1s versatilidad en la horneada!<\/p>    <p><\/p>","protected":false},"excerpt":{"rendered":"<p>Cuando se trata del negocio de la panader\u00eda, elegir un horno de panader\u00eda comercial eficiente y confiable es crucial. Nuestro horno de panader\u00eda incorpora tecnolog\u00eda de vanguardia, ofreciendo ventajas \u00fanicas para sus operaciones de panader\u00eda.<\/p>","protected":false},"author":1,"featured_media":1317,"parent":0,"template":"","tags":[22,25],"product-type":[6],"class_list":["post-1315","product","type-product","status-publish","has-post-thumbnail","hentry","tag-bakery-oven","tag-pastry","product-type-pastry-production-machine"],"_links":{"self":[{"href":"https:\/\/topfoodmachine.com\/es\/wp-json\/wp\/v2\/product\/1315","targetHints":{"allow":["GET"]}}],"collection":[{"href":"https:\/\/topfoodmachine.com\/es\/wp-json\/wp\/v2\/product"}],"about":[{"href":"https:\/\/topfoodmachine.com\/es\/wp-json\/wp\/v2\/types\/product"}],"author":[{"embeddable":true,"href":"https:\/\/topfoodmachine.com\/es\/wp-json\/wp\/v2\/users\/1"}],"wp:featuredmedia":[{"embeddable":true,"href":"https:\/\/topfoodmachine.com\/es\/wp-json\/wp\/v2\/media\/1317"}],"wp:attachment":[{"href":"https:\/\/topfoodmachine.com\/es\/wp-json\/wp\/v2\/media?parent=1315"}],"wp:term":[{"taxonomy":"post_tag","embeddable":true,"href":"https:\/\/topfoodmachine.com\/es\/wp-json\/wp\/v2\/tags?post=1315"},{"taxonomy":"product-type","embeddable":true,"href":"https:\/\/topfoodmachine.com\/es\/wp-json\/wp\/v2\/product-type?post=1315"}],"curies":[{"name":"wp","href":"https:\/\/api.w.org\/{rel}","templated":true}]}}