{"id":1302,"date":"2024-05-10T17:42:34","date_gmt":"2024-05-10T09:42:34","guid":{"rendered":"https:\/\/topfoodmachine.com\/?post_type=product&#038;p=1302"},"modified":"2025-10-17T17:35:04","modified_gmt":"2025-10-17T09:35:04","slug":"noodle-maker-machine","status":"publish","type":"product","link":"https:\/\/topfoodmachine.com\/es\/product\/noodle-maker-machine\/","title":{"rendered":"M\u00e1quina para hacer fideos"},"content":{"rendered":"<div class=\"kk-star-ratings kksr-auto kksr-align-left kksr-valign-top\"     data-payload='{&quot;align&quot;:&quot;left&quot;,&quot;id&quot;:&quot;1302&quot;,&quot;slug&quot;:&quot;default&quot;,&quot;valign&quot;:&quot;top&quot;,&quot;ignore&quot;:&quot;&quot;,&quot;reference&quot;:&quot;auto&quot;,&quot;class&quot;:&quot;&quot;,&quot;count&quot;:&quot;16&quot;,&quot;legendonly&quot;:&quot;&quot;,&quot;readonly&quot;:&quot;&quot;,&quot;score&quot;:&quot;4.6&quot;,&quot;starsonly&quot;:&quot;&quot;,&quot;best&quot;:&quot;5&quot;,&quot;gap&quot;:&quot;5&quot;,&quot;greet&quot;:&quot;Rate this product&quot;,&quot;legend&quot;:&quot;4.6\\\/5 - (16 votos)&quot;,&quot;size&quot;:&quot;24&quot;,&quot;title&quot;:&quot;Noodle maker machine&quot;,&quot;width&quot;:&quot;130.9&quot;,&quot;_legend&quot;:&quot;{score}\\\/{best} - ({count} {votes})&quot;,&quot;font_factor&quot;:&quot;1.25&quot;}'>              <div class=\"kksr-stars\">      <div class=\"kksr-stars-inactive\">             <div class=\"kksr-star\" data-star=\"1\" style=\"padding-right: 5px\">               <div class=\"kksr-icon\" style=\"width: 24px; height: 24px;\"><\/div>         <\/div>             <div class=\"kksr-star\" data-star=\"2\" style=\"padding-right: 5px\">               <div class=\"kksr-icon\" style=\"width: 24px; height: 24px;\"><\/div>         <\/div>             <div class=\"kksr-star\" data-star=\"3\" style=\"padding-right: 5px\">               <div class=\"kksr-icon\" style=\"width: 24px; height: 24px;\"><\/div>         <\/div>             <div class=\"kksr-star\" data-star=\"4\" style=\"padding-right: 5px\">               <div class=\"kksr-icon\" style=\"width: 24px; height: 24px;\"><\/div>         <\/div>             <div class=\"kksr-star\" data-star=\"5\" style=\"padding-right: 5px\">               <div class=\"kksr-icon\" style=\"width: 24px; height: 24px;\"><\/div>         <\/div>     <\/div>      <div class=\"kksr-stars-active\" style=\"width: 130.9px;\">             <div class=\"kksr-star\" style=\"padding-right: 5px\">               <div class=\"kksr-icon\" style=\"width: 24px; height: 24px;\"><\/div>         <\/div>             <div class=\"kksr-star\" style=\"padding-right: 5px\">               <div class=\"kksr-icon\" style=\"width: 24px; height: 24px;\"><\/div>         <\/div>             <div class=\"kksr-star\" style=\"padding-right: 5px\">               <div class=\"kksr-icon\" style=\"width: 24px; height: 24px;\"><\/div>         <\/div>             <div class=\"kksr-star\" style=\"padding-right: 5px\">               <div class=\"kksr-icon\" style=\"width: 24px; height: 24px;\"><\/div>         <\/div>             <div class=\"kksr-star\" style=\"padding-right: 5px\">               <div class=\"kksr-icon\" style=\"width: 24px; height: 24px;\"><\/div>         <\/div>     <\/div> <\/div>                   <div class=\"kksr-legend\" style=\"font-size: 19.2px;\">             4,6\/5 - (16 votos)    <\/div>     <\/div>  <p>La m\u00e1quina multifuncional para hacer fideos procesa eficientemente harina, agua y otros ingredientes en varios tipos de fideos, incluyendo fideos de ma\u00edz, fideos de trigo sarraceno y fideos de arroz, con diferentes grosores. <\/p>    <p>Utilizando extrusi\u00f3n continua, esta vers\u00e1til m\u00e1quina para hacer fideos de ma\u00edz transforma los ingredientes sin esfuerzo en deliciosos fideos. <\/p>    <p>Con una capacidad de 30 a 130 kg\/h, es adecuada tanto para aplicaciones de catering como de procesamiento de alimentos, ofreciendo un rendimiento confiable y flexibilidad para entornos de alta demanda.<\/p>    <figure class=\"wp-block-embed is-type-video is-provider-youtube wp-block-embed-youtube wp-embed-aspect-16-9 wp-has-aspect-ratio\"><div class=\"wp-block-embed__wrapper\"> <iframe loading=\"lazy\" title=\"M\u00e1quina para hacer fideos: Recetas de fideos r\u00e1pidas, f\u00e1ciles y divertidas #fideos #m\u00e1quinapara hacerfideos #procesamientodealimentos\" width=\"500\" height=\"281\" src=\"https:\/\/www.youtube.com\/embed\/g81J27r6n8s?feature=oembed\" frameborder=\"0\" allow=\"accelerometer; autoplay; clipboard-write; encrypted-media; gyroscope; picture-in-picture; web-share\" referrerpolicy=\"strict-origin-when-cross-origin\" allowfullscreen><\/iframe> <\/div><figcaption class=\"wp-element-caption\">video de trabajo de la m\u00e1quina para hacer fideos<\/figcaption><\/figure>    <h2 class=\"wp-block-heading\">Variedades de fideos con nuestra m\u00e1quina multifuncional para hacer fideos<\/h2>    <p>Nuestra m\u00e1quina multifuncional para hacer fideos puede producir una variedad de fideos, incluyendo:<\/p>    <ul class=\"wp-block-list\"> <li><strong>Pasta italiana cl\u00e1sica<\/strong>. Crea tipos de pasta tradicionales como espagueti, fettuccine y tagliatelle.<\/li>    <li><strong>Fideos de ma\u00edz<\/strong>. Haga f\u00e1cilmente deliciosos fideos de ma\u00edz para varios platos.<\/li>    <li><strong>Fideos de alforf\u00f3n<\/strong>. Produce fideos de alforf\u00f3n \u00fanicos y sabrosos que son saludables y deliciosos.<\/li>    <li><strong>Fideos de arroz<\/strong>. Haga fideos de arroz delicados, perfectos para platos de inspiraci\u00f3n asi\u00e1tica.<\/li>    <li><strong>Fideos de konjac<\/strong>. Prepare fideos de konjac bajos en calor\u00edas y altos en fibra, ideales para quienes buscan una alternativa saludable.<\/li> <\/ul>    <figure class=\"wp-block-gallery has-nested-images columns-default is-cropped wp-block-gallery-2 is-layout-flex wp-block-gallery-is-layout-flex\"> <figure class=\"wp-block-image size-large\"><img loading=\"lazy\" decoding=\"async\" width=\"720\" height=\"540\" data-id=\"1307\" src=\"https:\/\/topfoodmachine.com\/wp-content\/uploads\/2024\/05\/corn-noodles.webp\" alt=\"fideos de ma\u00edz\" class=\"wp-image-1307\" srcset=\"https:\/\/topfoodmachine.com\/wp-content\/uploads\/2024\/05\/corn-noodles.webp 720w, https:\/\/topfoodmachine.com\/wp-content\/uploads\/2024\/05\/corn-noodles-300x225.webp 300w, https:\/\/topfoodmachine.com\/wp-content\/uploads\/2024\/05\/corn-noodles-16x12.webp 16w\" sizes=\"auto, (max-width: 720px) 100vw, 720px\" \/><figcaption class=\"wp-element-caption\">fideos de ma\u00edz<\/figcaption><\/figure>    <figure class=\"wp-block-image size-full\"><img loading=\"lazy\" decoding=\"async\" width=\"720\" height=\"540\" data-id=\"1309\" src=\"https:\/\/topfoodmachine.com\/wp-content\/uploads\/2024\/05\/konjac-noodle.webp\" alt=\"fideos de konjac\" class=\"wp-image-1309\" srcset=\"https:\/\/topfoodmachine.com\/wp-content\/uploads\/2024\/05\/konjac-noodle.webp 720w, https:\/\/topfoodmachine.com\/wp-content\/uploads\/2024\/05\/konjac-noodle-300x225.webp 300w, https:\/\/topfoodmachine.com\/wp-content\/uploads\/2024\/05\/konjac-noodle-16x12.webp 16w\" sizes=\"auto, (max-width: 720px) 100vw, 720px\" \/><figcaption class=\"wp-element-caption\">fideos de konjac<\/figcaption><\/figure> <\/figure>    <p>Habiendo explorado los diversos tipos de fideos que nuestra m\u00e1quina multifuncional puede producir, ahora profundizaremos en c\u00f3mo funciona la m\u00e1quina para hacer fideos de konjac, proporcionando una comprensi\u00f3n m\u00e1s profunda de su funcionalidad y operaci\u00f3n.<\/p>    <h2 class=\"wp-block-heading\">\u00bfC\u00f3mo funciona la m\u00e1quina para hacer fideos de konjac?<\/h2>    <div class=\"wp-block-media-text is-stacked-on-mobile\"><figure class=\"wp-block-media-text__media\"><img loading=\"lazy\" decoding=\"async\" width=\"720\" height=\"540\" src=\"https:\/\/topfoodmachine.com\/wp-content\/uploads\/2024\/05\/exported-Noodle-maker-machine.webp\" alt=\"m\u00e1quina para hacer fideos exportada\" class=\"wp-image-1310 size-full\" srcset=\"https:\/\/topfoodmachine.com\/wp-content\/uploads\/2024\/05\/exported-Noodle-maker-machine.webp 720w, https:\/\/topfoodmachine.com\/wp-content\/uploads\/2024\/05\/exported-Noodle-maker-machine-300x225.webp 300w, https:\/\/topfoodmachine.com\/wp-content\/uploads\/2024\/05\/exported-Noodle-maker-machine-16x12.webp 16w\" sizes=\"auto, (max-width: 720px) 100vw, 720px\" \/><\/figure><div class=\"wp-block-media-text__content\"> <ul class=\"wp-block-list\"> <li><strong>Paso 1: Preparaci\u00f3n de la masa<\/strong> <ul class=\"wp-block-list\"> <li>Mezcle la harina y el agua en la proporci\u00f3n adecuada.<\/li>    <li>Aseg\u00farese de que la masa tenga la adherencia y elasticidad correctas para la extrusi\u00f3n.<\/li> <\/ul> <\/li>    <li><strong>Paso 2: Alimentaci\u00f3n de la masa<\/strong> <ul class=\"wp-block-list\"> <li>Coloque la masa preparada en el puerto de alimentaci\u00f3n de la m\u00e1quina.<\/li> <\/ul> <\/li>    <li><strong>Paso 3: Proceso de extrusi\u00f3n<\/strong> <ul class=\"wp-block-list\"> <li>Dentro de la m\u00e1quina, un sistema de extrusi\u00f3n por tornillo impulsa la masa hacia adelante.<\/li>    <li>La masa se prensa a trav\u00e9s de los orificios de la matriz, formando fideos de la forma y tama\u00f1o deseados.<\/li> <\/ul> <\/li> <\/ul> <\/div><\/div>    <p>Despu\u00e9s de comprender el proceso de trabajo, pasaremos a discutir los par\u00e1metros espec\u00edficos de la m\u00e1quina para hacer fideos, ayud\u00e1ndote a entender sus especificaciones t\u00e9cnicas y caracter\u00edsticas de rendimiento para decisiones de inversi\u00f3n informadas.<\/p>    <h2 class=\"wp-block-heading\">Par\u00e1metros de la m\u00e1quina para hacer fideos<\/h2>    <div class=\"wp-block-media-text has-media-on-the-right is-stacked-on-mobile\"><div class=\"wp-block-media-text__content\"> <ul class=\"wp-block-list\"> <li>Tama\u00f1o: 800*720*1650mm<\/li>    <li>Voltaje: 380v<\/li>    <li>Peso: 400kg<\/li>    <li>Potencia: 11kw<\/li>    <li>Capacidad: 30-130kg\/h<\/li> <\/ul> <\/div><figure class=\"wp-block-media-text__media\"><img loading=\"lazy\" decoding=\"async\" width=\"720\" height=\"540\" src=\"https:\/\/topfoodmachine.com\/wp-content\/uploads\/2024\/05\/Noodle-maker-machine-for-sale.webp\" alt=\"m\u00e1quina para hacer fideos en venta\" class=\"wp-image-1311 size-full\" srcset=\"https:\/\/topfoodmachine.com\/wp-content\/uploads\/2024\/05\/Noodle-maker-machine-for-sale.webp 720w, https:\/\/topfoodmachine.com\/wp-content\/uploads\/2024\/05\/Noodle-maker-machine-for-sale-300x225.webp 300w, https:\/\/topfoodmachine.com\/wp-content\/uploads\/2024\/05\/Noodle-maker-machine-for-sale-16x12.webp 16w\" sizes=\"auto, (max-width: 720px) 100vw, 720px\" \/><\/figure><\/div>    <p>Una vez que tengas una comprensi\u00f3n detallada de los par\u00e1metros de la m\u00e1quina, exploraremos c\u00f3mo el equipo suplementario puede mejorar la eficiencia de producci\u00f3n de fideos, proporcion\u00e1ndote una soluci\u00f3n integral.<\/p>    <h2 class=\"wp-block-heading\">Equipos complementarios de la m\u00e1quina para hacer fideos<\/h2>    <p>Adem\u00e1s de la m\u00e1quina para hacer fideos en s\u00ed, tambi\u00e9n ofrecemos equipo suplementario que incluye la m\u00e1quina mezcladora de harina, la m\u00e1quina cortadora y la m\u00e1quina de secado, para facilitar el proceso de hacer fideos.<\/p>    <h3 class=\"wp-block-heading\"><strong>M\u00e1quina mezcladora de harina<\/strong><\/h3>    <p>La m\u00e1quina mezcladora de harina te ayuda a mezclar completamente la harina y el agua, asegurando una textura y suavidad uniformes de la masa. Mezcla r\u00e1pidamente la harina, eliminando el tedioso proceso de mezclar a mano y facilitando la preparaci\u00f3n de la masa.<\/p>    <figure class=\"wp-block-gallery has-nested-images columns-default is-cropped wp-block-gallery-3 is-layout-flex wp-block-gallery-is-layout-flex\"> <figure class=\"wp-block-image size-large\"><img loading=\"lazy\" decoding=\"async\" width=\"720\" height=\"540\" data-id=\"1312\" src=\"https:\/\/topfoodmachine.com\/wp-content\/uploads\/2024\/05\/effective-Flour-Mixing-Machine.webp\" alt=\"M\u00e1quina mezcladora de harina efectiva\" class=\"wp-image-1312\" srcset=\"https:\/\/topfoodmachine.com\/wp-content\/uploads\/2024\/05\/effective-Flour-Mixing-Machine.webp 720w, https:\/\/topfoodmachine.com\/wp-content\/uploads\/2024\/05\/effective-Flour-Mixing-Machine-300x225.webp 300w, https:\/\/topfoodmachine.com\/wp-content\/uploads\/2024\/05\/effective-Flour-Mixing-Machine-16x12.webp 16w\" sizes=\"auto, (max-width: 720px) 100vw, 720px\" \/><figcaption class=\"wp-element-caption\">M\u00e1quina mezcladora de harina efectiva<\/figcaption><\/figure>    <figure class=\"wp-block-image size-large\"><img loading=\"lazy\" decoding=\"async\" width=\"720\" height=\"540\" data-id=\"1313\" src=\"https:\/\/topfoodmachine.com\/wp-content\/uploads\/2024\/05\/Flour-Mixing-Machine.webp\" alt=\"M\u00e1quina mezcladora de harina\" class=\"wp-image-1313\" srcset=\"https:\/\/topfoodmachine.com\/wp-content\/uploads\/2024\/05\/Flour-Mixing-Machine.webp 720w, https:\/\/topfoodmachine.com\/wp-content\/uploads\/2024\/05\/Flour-Mixing-Machine-300x225.webp 300w, https:\/\/topfoodmachine.com\/wp-content\/uploads\/2024\/05\/Flour-Mixing-Machine-16x12.webp 16w\" sizes=\"auto, (max-width: 720px) 100vw, 720px\" \/><figcaption class=\"wp-element-caption\">M\u00e1quina mezcladora de harina<\/figcaption><\/figure> <\/figure>    <h3 class=\"wp-block-heading\"><strong>m\u00e1quina de corte<\/strong><\/h3>    <p>La m\u00e1quina cortadora te permite cortar la masa extruida en la longitud y forma deseadas, como espaguetis o fideos anchos. Es f\u00e1cil de operar y puede cortar los fideos r\u00e1pida y precisamente, asegurando una forma y tama\u00f1o consistentes.<\/p>    <h3 class=\"wp-block-heading\"><strong><a href=\"https:\/\/topfoodmachine.com\/es\/product\/food-drying-machine-vegetable-dryer\/\" data-type=\"link\" data-id=\"https:\/\/topfoodmachine.com\/product\/food-drying-machine-vegetable-dryer\/\">m\u00e1quina de secado<\/a><\/strong><\/h3>    <p>La m\u00e1quina de secado te ayuda a secar r\u00e1pidamente los fideos reci\u00e9n hechos, extendiendo su vida \u00fatil. Utiliza tecnolog\u00eda de control de temperatura y humedad para secar los fideos de manera r\u00e1pida y uniforme, manteniendo su textura y sabor.<\/p>    <figure class=\"wp-block-gallery has-nested-images columns-default is-cropped wp-block-gallery-4 is-layout-flex wp-block-gallery-is-layout-flex\"> <figure class=\"wp-block-image size-large\"><img loading=\"lazy\" decoding=\"async\" width=\"720\" height=\"540\" data-id=\"1411\" src=\"https:\/\/topfoodmachine.com\/wp-content\/uploads\/2024\/06\/food-dryer.webp\" alt=\"deshidratador de alimentos\" class=\"wp-image-1411\" srcset=\"https:\/\/topfoodmachine.com\/wp-content\/uploads\/2024\/06\/food-dryer.webp 720w, https:\/\/topfoodmachine.com\/wp-content\/uploads\/2024\/06\/food-dryer-300x225.webp 300w, https:\/\/topfoodmachine.com\/wp-content\/uploads\/2024\/06\/food-dryer-16x12.webp 16w\" sizes=\"auto, (max-width: 720px) 100vw, 720px\" \/><figcaption class=\"wp-element-caption\">deshidratador de alimentos<\/figcaption><\/figure>    <figure class=\"wp-block-image size-large\"><img loading=\"lazy\" decoding=\"async\" width=\"720\" height=\"540\" data-id=\"1414\" src=\"https:\/\/topfoodmachine.com\/wp-content\/uploads\/2024\/06\/vegetable-dryer.webp\" alt=\"deshidratador de verduras\" class=\"wp-image-1414\" srcset=\"https:\/\/topfoodmachine.com\/wp-content\/uploads\/2024\/06\/vegetable-dryer.webp 720w, https:\/\/topfoodmachine.com\/wp-content\/uploads\/2024\/06\/vegetable-dryer-300x225.webp 300w, https:\/\/topfoodmachine.com\/wp-content\/uploads\/2024\/06\/vegetable-dryer-16x12.webp 16w\" sizes=\"auto, (max-width: 720px) 100vw, 720px\" \/><figcaption class=\"wp-element-caption\">deshidratador de verduras<\/figcaption><\/figure> <\/figure>    <p>Con una comprensi\u00f3n de las funciones del equipo suplementario, procederemos a discutir los beneficios de invertir en una m\u00e1quina para hacer fideos, ayud\u00e1ndote a evaluar su valor y ventajas.<\/p>    <h2 class=\"wp-block-heading\">Ventajas de la m\u00e1quina para hacer fideos<\/h2>    <div class=\"wp-block-media-text is-stacked-on-mobile\"><figure class=\"wp-block-media-text__media\"><img loading=\"lazy\" decoding=\"async\" width=\"720\" height=\"540\" src=\"https:\/\/topfoodmachine.com\/wp-content\/uploads\/2024\/05\/noodle-making-machine-for-sale.webp\" alt=\"m\u00e1quina para hacer fideos en venta\" class=\"wp-image-1525 size-full\" srcset=\"https:\/\/topfoodmachine.com\/wp-content\/uploads\/2024\/05\/noodle-making-machine-for-sale.webp 720w, https:\/\/topfoodmachine.com\/wp-content\/uploads\/2024\/05\/noodle-making-machine-for-sale-300x225.webp 300w, https:\/\/topfoodmachine.com\/wp-content\/uploads\/2024\/05\/noodle-making-machine-for-sale-16x12.webp 16w\" sizes=\"auto, (max-width: 720px) 100vw, 720px\" \/><\/figure><div class=\"wp-block-media-text__content\"> <ul class=\"wp-block-list\"> <li><strong>Variedad de tipos de fideos:<\/strong> Moldes m\u00faltiples producen fideos finos, anchos, de pasta y huecos.<\/li>    <li><strong>Duradero y seguro:<\/strong> Fabricado en acero inoxidable o pl\u00e1stico de grado alimentario para un uso duradero y seguro para alimentos.<\/li> <\/ul> <\/div><\/div>    <div class=\"wp-block-media-text has-media-on-the-right is-stacked-on-mobile\"><div class=\"wp-block-media-text__content\"> <ul class=\"wp-block-list\"> <li><strong>Producci\u00f3n de fideos instant\u00e1neos:<\/strong> Prepara r\u00e1pidamente fideos instant\u00e1neos para estilos de vida ocupados.<\/li>    <li><strong>Dise\u00f1o eficiente:<\/strong> Cuerpo de acero inoxidable y moldes antiadherentes garantizan un funcionamiento suave.<\/li>    <li><strong>Funci\u00f3n mejorada:<\/strong> El sistema de doble ventilador evita que los fideos se peguen.<\/li> <\/ul> <\/div><figure class=\"wp-block-media-text__media\"><img loading=\"lazy\" decoding=\"async\" width=\"720\" height=\"540\" src=\"https:\/\/topfoodmachine.com\/wp-content\/uploads\/2024\/05\/noodle-making-machine-molds.webp\" alt=\"moldes de m\u00e1quina para hacer fideos\" class=\"wp-image-1314 size-full\" srcset=\"https:\/\/topfoodmachine.com\/wp-content\/uploads\/2024\/05\/noodle-making-machine-molds.webp 720w, https:\/\/topfoodmachine.com\/wp-content\/uploads\/2024\/05\/noodle-making-machine-molds-300x225.webp 300w, https:\/\/topfoodmachine.com\/wp-content\/uploads\/2024\/05\/noodle-making-machine-molds-16x12.webp 16w\" sizes=\"auto, (max-width: 720px) 100vw, 720px\" \/><\/figure><\/div>    <p>Habiendo discutido los numerosos beneficios de invertir en una m\u00e1quina para hacer fideos, ahora exploraremos por qu\u00e9 los fideos se han vuelto tan populares a nivel mundial, ofreciendo un contexto adicional del mercado.<\/p>    <h2 class=\"wp-block-heading\">\u00bfPor qu\u00e9 se ha vuelto tan popular comer fideos?<\/h2>    <div class=\"wp-block-media-text is-stacked-on-mobile\"><figure class=\"wp-block-media-text__media\"><img loading=\"lazy\" decoding=\"async\" width=\"720\" height=\"540\" src=\"https:\/\/topfoodmachine.com\/wp-content\/uploads\/2024\/05\/noodle-1.webp\" alt=\"fideo\" class=\"wp-image-1526 size-full\" srcset=\"https:\/\/topfoodmachine.com\/wp-content\/uploads\/2024\/05\/noodle-1.webp 720w, https:\/\/topfoodmachine.com\/wp-content\/uploads\/2024\/05\/noodle-1-300x225.webp 300w, https:\/\/topfoodmachine.com\/wp-content\/uploads\/2024\/05\/noodle-1-16x12.webp 16w\" sizes=\"auto, (max-width: 720px) 100vw, 720px\" \/><\/figure><div class=\"wp-block-media-text__content\"> <ul class=\"wp-block-list\"> <li><strong>Impulso r\u00e1pido de energ\u00eda:<\/strong> Rico en carbohidratos para energ\u00eda r\u00e1pida antes o despu\u00e9s del ejercicio.<\/li>    <li><strong>Variedad nutricional:<\/strong> Los fideos de trigo integral a\u00f1aden fibra; los fideos de legumbres o prote\u00ednas aumentan la ingesta de prote\u00ednas.<\/li> <\/ul> <\/div><\/div>    <div class=\"wp-block-media-text has-media-on-the-right is-stacked-on-mobile\"><div class=\"wp-block-media-text__content\"> <ul class=\"wp-block-list\"> <li><strong>Opciones diversas:<\/strong> Incluye pasta italiana, fideos de trigo sarraceno y fideos de konjac para diferentes gustos y dietas.<\/li>    <li><strong>Cocci\u00f3n flexible:<\/strong> Puede hervirse, fre\u00edrse o cocerse al vapor y combinarse con diversos ingredientes.<\/li>    <li><strong>Preparaci\u00f3n conveniente:<\/strong> R\u00e1pido y f\u00e1cil de preparar, ideal para estilos de vida ocupados.<\/li> <\/ul> <\/div><figure class=\"wp-block-media-text__media\"><img loading=\"lazy\" decoding=\"async\" width=\"720\" height=\"540\" src=\"https:\/\/topfoodmachine.com\/wp-content\/uploads\/2024\/05\/noodles.webp\" alt=\"fideos\" class=\"wp-image-1527 size-full\" srcset=\"https:\/\/topfoodmachine.com\/wp-content\/uploads\/2024\/05\/noodles.webp 720w, https:\/\/topfoodmachine.com\/wp-content\/uploads\/2024\/05\/noodles-300x225.webp 300w, https:\/\/topfoodmachine.com\/wp-content\/uploads\/2024\/05\/noodles-16x12.webp 16w\" sizes=\"auto, (max-width: 720px) 100vw, 720px\" \/><\/figure><\/div>    <h2 class=\"wp-block-heading\">Conclusi\u00f3n<\/h2>    <p class=\"translation-block\"><strong>M\u00e1quina para hacer fideos<\/strong>admite la producci\u00f3n de m\u00faltiples variedades de fideos\u2014desde fideos de ma\u00edz y arroz hasta<a href=\"https:\/\/en.wikipedia.org\/wiki\/Amorphophallus_konjac\" data-type=\"link\" data-id=\"https:\/\/en.wikipedia.org\/wiki\/Amorphophallus_konjac\" target=\"_blank\" rel=\"noopener\">konjac<\/a>y trigo sarraceno.<\/p>    <p>Gracias al dise\u00f1o de extrusi\u00f3n continua y al equipo de apoyo opcional (mezcladores, cortadores, secadores), esta m\u00e1quina es adecuada tanto para peque\u00f1os comercios como para plantas de procesamiento de alimentos que buscan calidad constante, facilidad operativa y diversidad de productos.<\/p>","protected":false},"excerpt":{"rendered":"<p>La m\u00e1quina multifuncional para hacer fideos procesa eficientemente harina, agua y otros ingredientes en varios tipos de fideos, incluyendo fideos de ma\u00edz, fideos de trigo sarraceno y fideos de arroz, con diferentes grosores.<\/p>","protected":false},"author":1,"featured_media":1305,"parent":0,"template":"","tags":[28,25],"product-type":[6],"class_list":["post-1302","product","type-product","status-publish","has-post-thumbnail","hentry","tag-noodle","tag-pastry","product-type-pastry-production-machine"],"_links":{"self":[{"href":"https:\/\/topfoodmachine.com\/es\/wp-json\/wp\/v2\/product\/1302","targetHints":{"allow":["GET"]}}],"collection":[{"href":"https:\/\/topfoodmachine.com\/es\/wp-json\/wp\/v2\/product"}],"about":[{"href":"https:\/\/topfoodmachine.com\/es\/wp-json\/wp\/v2\/types\/product"}],"author":[{"embeddable":true,"href":"https:\/\/topfoodmachine.com\/es\/wp-json\/wp\/v2\/users\/1"}],"wp:featuredmedia":[{"embeddable":true,"href":"https:\/\/topfoodmachine.com\/es\/wp-json\/wp\/v2\/media\/1305"}],"wp:attachment":[{"href":"https:\/\/topfoodmachine.com\/es\/wp-json\/wp\/v2\/media?parent=1302"}],"wp:term":[{"taxonomy":"post_tag","embeddable":true,"href":"https:\/\/topfoodmachine.com\/es\/wp-json\/wp\/v2\/tags?post=1302"},{"taxonomy":"product-type","embeddable":true,"href":"https:\/\/topfoodmachine.com\/es\/wp-json\/wp\/v2\/product-type?post=1302"}],"curies":[{"name":"wp","href":"https:\/\/api.w.org\/{rel}","templated":true}]}}