{"id":1290,"date":"2024-05-10T14:54:23","date_gmt":"2024-05-10T06:54:23","guid":{"rendered":"https:\/\/topfoodmachine.com\/?post_type=product&#038;p=1290"},"modified":"2025-08-20T18:22:19","modified_gmt":"2025-08-20T10:22:19","slug":"ice-cream-cone-making-machine","status":"publish","type":"product","link":"https:\/\/topfoodmachine.com\/es\/product\/ice-cream-cone-making-machine\/","title":{"rendered":"m\u00e1quina para hacer conos de helado"},"content":{"rendered":"<div class=\"kk-star-ratings kksr-auto kksr-align-left kksr-valign-top\"     data-payload='{&quot;align&quot;:&quot;left&quot;,&quot;id&quot;:&quot;1290&quot;,&quot;slug&quot;:&quot;default&quot;,&quot;valign&quot;:&quot;top&quot;,&quot;ignore&quot;:&quot;&quot;,&quot;reference&quot;:&quot;auto&quot;,&quot;class&quot;:&quot;&quot;,&quot;count&quot;:&quot;23&quot;,&quot;legendonly&quot;:&quot;&quot;,&quot;readonly&quot;:&quot;&quot;,&quot;score&quot;:&quot;4.7&quot;,&quot;starsonly&quot;:&quot;&quot;,&quot;best&quot;:&quot;5&quot;,&quot;gap&quot;:&quot;5&quot;,&quot;greet&quot;:&quot;Rate this product&quot;,&quot;legend&quot;:&quot;4.7\\\/5 - (23 votos)&quot;,&quot;size&quot;:&quot;24&quot;,&quot;title&quot;:&quot;Ice cream cone making machine&quot;,&quot;width&quot;:&quot;133.8&quot;,&quot;_legend&quot;:&quot;{score}\\\/{best} - ({count} {votes})&quot;,&quot;font_factor&quot;:&quot;1.25&quot;}'>              <div class=\"kksr-stars\">      <div class=\"kksr-stars-inactive\">             <div class=\"kksr-star\" data-star=\"1\" style=\"padding-right: 5px\">               <div class=\"kksr-icon\" style=\"width: 24px; height: 24px;\"><\/div>         <\/div>             <div class=\"kksr-star\" data-star=\"2\" style=\"padding-right: 5px\">               <div class=\"kksr-icon\" style=\"width: 24px; height: 24px;\"><\/div>         <\/div>             <div class=\"kksr-star\" data-star=\"3\" style=\"padding-right: 5px\">               <div class=\"kksr-icon\" style=\"width: 24px; height: 24px;\"><\/div>         <\/div>             <div class=\"kksr-star\" data-star=\"4\" style=\"padding-right: 5px\">               <div class=\"kksr-icon\" style=\"width: 24px; height: 24px;\"><\/div>         <\/div>             <div class=\"kksr-star\" data-star=\"5\" style=\"padding-right: 5px\">               <div class=\"kksr-icon\" style=\"width: 24px; height: 24px;\"><\/div>         <\/div>     <\/div>      <div class=\"kksr-stars-active\" style=\"width: 133.8px;\">             <div class=\"kksr-star\" style=\"padding-right: 5px\">               <div class=\"kksr-icon\" style=\"width: 24px; height: 24px;\"><\/div>         <\/div>             <div class=\"kksr-star\" style=\"padding-right: 5px\">               <div class=\"kksr-icon\" style=\"width: 24px; height: 24px;\"><\/div>         <\/div>             <div class=\"kksr-star\" style=\"padding-right: 5px\">               <div class=\"kksr-icon\" style=\"width: 24px; height: 24px;\"><\/div>         <\/div>             <div class=\"kksr-star\" style=\"padding-right: 5px\">               <div class=\"kksr-icon\" style=\"width: 24px; height: 24px;\"><\/div>         <\/div>             <div class=\"kksr-star\" style=\"padding-right: 5px\">               <div class=\"kksr-icon\" style=\"width: 24px; height: 24px;\"><\/div>         <\/div>     <\/div> <\/div>                   <div class=\"kksr-legend\" style=\"font-size: 19.2px;\">             4,7\/5 - (23 votos)    <\/div>     <\/div>  <p class=\"translation-block\">La <strong>m\u00e1quina para fabricar conos de helado<\/strong> est\u00e1 hecha de acero inoxidable de alta calidad, esta <strong>m\u00e1quina autom\u00e1tica para conos de helado<\/strong> garantiza higiene, durabilidad y f\u00e1cil mantenimiento. Con una producci\u00f3n <strong>capacidad que va de 250 a 3,000 unidades por hora<\/strong>, satisface las necesidades tanto de peque\u00f1os negocios como de f\u00e1bricas a gran escala. <\/p>    <p>La m\u00e1quina ofrece control preciso de temperatura, calentamiento r\u00e1pido y rendimiento de horneado consistente, produciendo conos crujientes y uniformes en cada uso.<\/p>    <p class=\"translation-block\">Ampliamente utilizada en <strong>tiendas de helados, plantas de procesamiento de alimentos y cocinas comerciales<\/strong>, esta <strong>maquina comercial para conos<\/strong> mejora la productividad al tiempo que reduce los costos laborales. Sus moldes personalizables permiten diferentes formas y tama\u00f1os de conos, ayudando a las empresas a adaptar su oferta a la demanda del mercado. <\/p>    <figure class=\"wp-block-embed is-type-video is-provider-youtube wp-block-embed-youtube wp-embed-aspect-16-9 wp-has-aspect-ratio\"><div class=\"wp-block-embed__wrapper\"> <iframe loading=\"lazy\" title=\"Hacer conos de helado es sencillo: las mejores opciones de m\u00e1quinas comerciales #helado #procesamientodealimentos\" width=\"500\" height=\"281\" src=\"https:\/\/www.youtube.com\/embed\/UWmyxUEXWuc?feature=oembed\" frameborder=\"0\" allow=\"accelerometer; autoplay; clipboard-write; encrypted-media; gyroscope; picture-in-picture; web-share\" referrerpolicy=\"strict-origin-when-cross-origin\" allowfullscreen><\/iframe> <\/div><figcaption class=\"wp-element-caption\">Video de trabajo de la m\u00e1quina de hacer conos de helado<\/figcaption><\/figure>    <h2 class=\"wp-block-heading\">m\u00e1quina para hacer conos de helado en venta<\/h2>    <div class=\"wp-block-media-text is-stacked-on-mobile\"><figure class=\"wp-block-media-text__media\"><img loading=\"lazy\" decoding=\"async\" width=\"720\" height=\"540\" src=\"https:\/\/topfoodmachine.com\/wp-content\/uploads\/2024\/05\/Ice-cream-cone-making-machine-molds.webp\" alt=\"moldes de m\u00e1quina para hacer conos de helado\" class=\"wp-image-1293 size-full\" srcset=\"https:\/\/topfoodmachine.com\/wp-content\/uploads\/2024\/05\/Ice-cream-cone-making-machine-molds.webp 720w, https:\/\/topfoodmachine.com\/wp-content\/uploads\/2024\/05\/Ice-cream-cone-making-machine-molds-300x225.webp 300w, https:\/\/topfoodmachine.com\/wp-content\/uploads\/2024\/05\/Ice-cream-cone-making-machine-molds-16x12.webp 16w\" sizes=\"auto, (max-width: 720px) 100vw, 720px\" \/><\/figure><div class=\"wp-block-media-text__content\"> <p><strong>Descripci\u00f3n del producto<\/strong><\/p>    <ul class=\"wp-block-list\"> <li>\u200b<strong>Productos<\/strong>. Conos de oblea personalizables, tazas de caf\u00e9 comestibles y formas creativas.<\/li>    <li>\u200b<strong>Tipo<\/strong>. Fabricante de conos de helado totalmente automatizado para uso comercial.<\/li>    <li>\u200b<strong>Capacidad<\/strong>. Salida ajustable de<strong>250 a 3,000 piezas\/hora<\/strong>&nbsp;para adaptarse a peque\u00f1as cafeter\u00edas o grandes f\u00e1bricas.<\/li> <\/ul>    <p><strong>Modelos m\u00e1s recomendados<\/strong><\/p>    <ul class=\"wp-block-list\"> <li>\u200b<strong>modelo de 24 conos<\/strong>. Ideal para panader\u00edas de tama\u00f1o mediano o tiendas de helados.<\/li>    <li>\u200b<strong>modelo de 32 conos<\/strong>. Perfecto para l\u00edneas de producci\u00f3n de alto volumen.<\/li> <\/ul> <\/div><\/div>    <div class=\"wp-block-media-text has-media-on-the-right is-stacked-on-mobile\"><div class=\"wp-block-media-text__content\"> <p><strong>Caracter\u00edsticas principales<\/strong><\/p>    <ul class=\"wp-block-list\"> <li>\u200b<strong>Material<\/strong>: <ul class=\"wp-block-list\"> <li>\u200b<strong>Carcasa de acero inoxidable<\/strong>&nbsp;+<strong>moldes de aleaci\u00f3n de aluminio<\/strong>&nbsp;\u2013 Elegante, higi\u00e9nico y resistente a la corrosi\u00f3n.<\/li>    <li>\u200b<strong>Moldes de hierro fundido<\/strong>&nbsp;\u2013 Asegura una distribuci\u00f3n uniforme del calor para una textura consistente.<\/li> <\/ul> <\/li>    <li>\u200b<strong>Dise\u00f1o<\/strong>: <ul class=\"wp-block-list\"> <li>\u200b<strong>Aislamiento antiadherente<\/strong>&nbsp;\u2013 Recubrimientos de grado alimenticio evitan la adhesi\u00f3n del molde, garantizando la seguridad alimentaria.<\/li>    <li>\u200b<strong>Control de temperatura de precisi\u00f3n<\/strong>&nbsp;\u2013 Mantiene condiciones \u00f3ptimas de cocci\u00f3n para conos crujientes y dorados.<\/li> <\/ul> <\/li>    <li>\u200b<strong>Flexibilidad<\/strong>. Cambie moldes en minutos para producir diversas formas y tama\u00f1os.<\/li> <\/ul> <\/div><figure class=\"wp-block-media-text__media\"><img loading=\"lazy\" decoding=\"async\" width=\"720\" height=\"540\" src=\"https:\/\/topfoodmachine.com\/wp-content\/uploads\/2024\/05\/best-cone-maker.webp\" alt=\"mejor fabricante de conos\" class=\"wp-image-1291 size-full\" srcset=\"https:\/\/topfoodmachine.com\/wp-content\/uploads\/2024\/05\/best-cone-maker.webp 720w, https:\/\/topfoodmachine.com\/wp-content\/uploads\/2024\/05\/best-cone-maker-300x225.webp 300w, https:\/\/topfoodmachine.com\/wp-content\/uploads\/2024\/05\/best-cone-maker-16x12.webp 16w\" sizes=\"auto, (max-width: 720px) 100vw, 720px\" \/><\/figure><\/div>    <div class=\"wp-block-media-text is-stacked-on-mobile\"><figure class=\"wp-block-media-text__media\"><img loading=\"lazy\" decoding=\"async\" width=\"720\" height=\"540\" src=\"https:\/\/topfoodmachine.com\/wp-content\/uploads\/2024\/05\/commercial-Ice-cream-cone-making-machine.webp\" alt=\"m\u00e1quina comercial para hacer conos de helado\" class=\"wp-image-1292 size-full\" srcset=\"https:\/\/topfoodmachine.com\/wp-content\/uploads\/2024\/05\/commercial-Ice-cream-cone-making-machine.webp 720w, https:\/\/topfoodmachine.com\/wp-content\/uploads\/2024\/05\/commercial-Ice-cream-cone-making-machine-300x225.webp 300w, https:\/\/topfoodmachine.com\/wp-content\/uploads\/2024\/05\/commercial-Ice-cream-cone-making-machine-16x12.webp 16w\" sizes=\"auto, (max-width: 720px) 100vw, 720px\" \/><\/figure><div class=\"wp-block-media-text__content\"> <p><strong>Construcci\u00f3n duradera<\/strong><\/p>    <ul class=\"wp-block-list\"> <li>\u200b<strong>Marco<\/strong>. Perfiles y placas de acero soldadas para estabilidad.<\/li>    <li>\u200b<strong>Componentes cr\u00edticos<\/strong>. Piezas de acero inoxidable mejoran la longevidad y facilitan la limpieza.<\/li> <\/ul>    <p class=\"translation-block\"><strong>Ideal para<\/strong>:<\/p>    <ul class=\"wp-block-list\"> <li>Helader\u00edas, cadenas de caf\u00e9, f\u00e1bricas de postres y startups de alimentos.<\/li>    <li>Empresas que priorizan<strong>higiene<\/strong>,<strong>velocidad<\/strong>, y<strong>variedad de productos<\/strong>.<\/li> <\/ul>    <p class=\"translation-block\"><strong>Beneficios adicionales<\/strong>:<\/p>    <ul class=\"wp-block-list\"> <li>Bajo mantenimiento con piezas reemplazables.<\/li>    <li>Cumple con los est\u00e1ndares globales de seguridad alimentaria (por ejemplo, FDA, CE).<\/li> <\/ul> <\/div><\/div>    <h2 class=\"wp-block-heading\">\u00bfCu\u00e1les son las materias primas de la m\u00e1quina de conos?<\/h2>    <div class=\"wp-block-media-text has-media-on-the-right is-stacked-on-mobile\"><div class=\"wp-block-media-text__content\"> <ul class=\"wp-block-list\"> <li><strong>Harina<\/strong>. Proporciona estructura y textura a los conos.<\/li>    <li><strong>Az\u00facar<\/strong>. Agrega dulzura y ayuda a lograr un color dorado durante la cocci\u00f3n.<\/li>    <li><strong class=\"\">Huevos<\/strong>. Act\u00faa como un agente aglutinante, ayudando a unir los ingredientes y proporcionar estructura al cono.<\/li>    <li><strong class=\"\">Leche<\/strong>. Agrega humedad y mejora la textura y el sabor del cono.<\/li>    <li><strong class=\"\">Aromatizantes<\/strong>. Se pueden a\u00f1adir extracto de vainilla u otros sabores para realzar el sabor del cono.<\/li>    <li><strong>Sal<\/strong>. A menudo se agrega para equilibrar la dulzura y mejorar la textura.<\/li> <\/ul> <\/div><figure class=\"wp-block-media-text__media\"><img loading=\"lazy\" decoding=\"async\" width=\"720\" height=\"540\" src=\"https:\/\/topfoodmachine.com\/wp-content\/uploads\/2024\/05\/ice-cream-cone.webp\" alt=\"cono de helado\" class=\"wp-image-1294 size-full\" srcset=\"https:\/\/topfoodmachine.com\/wp-content\/uploads\/2024\/05\/ice-cream-cone.webp 720w, https:\/\/topfoodmachine.com\/wp-content\/uploads\/2024\/05\/ice-cream-cone-300x225.webp 300w, https:\/\/topfoodmachine.com\/wp-content\/uploads\/2024\/05\/ice-cream-cone-16x12.webp 16w\" sizes=\"auto, (max-width: 720px) 100vw, 720px\" \/><\/figure><\/div>    <h2 class=\"wp-block-heading\">Caracter\u00edsticas clave del helado <a href=\"https:\/\/en.wikipedia.org\/wiki\/Wafer\" data-type=\"link\" data-id=\"https:\/\/en.wikipedia.org\/wiki\/Wafer\" target=\"_blank\" rel=\"noopener\">oblea<\/a> m\u00e1quina<\/h2>    <div class=\"wp-block-media-text is-stacked-on-mobile\"><figure class=\"wp-block-media-text__media\"><img loading=\"lazy\" decoding=\"async\" width=\"720\" height=\"540\" src=\"https:\/\/topfoodmachine.com\/wp-content\/uploads\/2024\/05\/cone-maker.webp\" alt=\"fabricante de conos\" class=\"wp-image-1296 size-full\" srcset=\"https:\/\/topfoodmachine.com\/wp-content\/uploads\/2024\/05\/cone-maker.webp 720w, https:\/\/topfoodmachine.com\/wp-content\/uploads\/2024\/05\/cone-maker-300x225.webp 300w, https:\/\/topfoodmachine.com\/wp-content\/uploads\/2024\/05\/cone-maker-16x12.webp 16w\" sizes=\"auto, (max-width: 720px) 100vw, 720px\" \/><\/figure><div class=\"wp-block-media-text__content\"> <ul class=\"wp-block-list\"> <li><strong>Grado comercial<\/strong> \u2013 Dise\u00f1ado para uso intensivo en <strong>helader\u00edas, cafeter\u00edas, panader\u00edas y restaurantes<\/strong>, asegurando alta eficiencia y fiabilidad. <\/li>    <li><strong>Producci\u00f3n vers\u00e1til<\/strong> \u2013 Puede producir <strong>conos de oblea personalizados, tazas de caf\u00e9 comestibles, conos de az\u00facar y cuencos de oblea<\/strong>, atendiendo a diversas demandas de los clientes. <\/li>    <li><strong>Construcci\u00f3n de alta calidad<\/strong> \u2013 Construido con una <strong>carcasa de acero inoxidable y moldes de aleaci\u00f3n de aluminio<\/strong>, asegurando durabilidad, resistencia a la corrosi\u00f3n y una apariencia elegante. <\/li> <\/ul> <\/div><\/div>    <div class=\"wp-block-media-text has-media-on-the-right is-stacked-on-mobile\"><div class=\"wp-block-media-text__content\"> <ul class=\"wp-block-list\"> <li><strong>M\u00faltiples modelos disponibles<\/strong> \u2013 Ofrece una gama de modelos, con los <strong>modelos de 24 y 32 conos<\/strong> siendo altamente recomendados para <strong>alta eficiencia de producci\u00f3n y flexibilidad<\/strong>.<\/li>    <li><strong>Rendimiento consistente<\/strong> \u2013 Asegura <strong>calentamiento uniforme y control preciso de la temperatura<\/strong>, lo que lleva a conos horneados uniformemente con una textura perfecta.<\/li> <\/ul> <\/div><figure class=\"wp-block-media-text__media\"><img loading=\"lazy\" decoding=\"async\" width=\"720\" height=\"540\" src=\"https:\/\/topfoodmachine.com\/wp-content\/uploads\/2024\/05\/wafer-cone.webp\" alt=\"cono de oblea\" class=\"wp-image-1295 size-full\" srcset=\"https:\/\/topfoodmachine.com\/wp-content\/uploads\/2024\/05\/wafer-cone.webp 720w, https:\/\/topfoodmachine.com\/wp-content\/uploads\/2024\/05\/wafer-cone-300x225.webp 300w, https:\/\/topfoodmachine.com\/wp-content\/uploads\/2024\/05\/wafer-cone-16x12.webp 16w\" sizes=\"auto, (max-width: 720px) 100vw, 720px\" \/><\/figure><\/div>    <div class=\"wp-block-media-text is-stacked-on-mobile\"><figure class=\"wp-block-media-text__media\"><img loading=\"lazy\" decoding=\"async\" width=\"720\" height=\"540\" src=\"https:\/\/topfoodmachine.com\/wp-content\/uploads\/2024\/05\/details-of-Ice-cream-cone-making-machine.webp\" alt=\"detalles de la m\u00e1quina para hacer conos de helado\" class=\"wp-image-1297 size-full\" srcset=\"https:\/\/topfoodmachine.com\/wp-content\/uploads\/2024\/05\/details-of-Ice-cream-cone-making-machine.webp 720w, https:\/\/topfoodmachine.com\/wp-content\/uploads\/2024\/05\/details-of-Ice-cream-cone-making-machine-300x225.webp 300w, https:\/\/topfoodmachine.com\/wp-content\/uploads\/2024\/05\/details-of-Ice-cream-cone-making-machine-16x12.webp 16w\" sizes=\"auto, (max-width: 720px) 100vw, 720px\" \/><\/figure><div class=\"wp-block-media-text__content\"> <ul class=\"wp-block-list\"> <li><strong>Dise\u00f1o eficiente en energ\u00eda<\/strong> \u2013 Elementos de calefacci\u00f3n optimizados ayudan <strong>a reducir el consumo de energ\u00eda mientras mantienen alta eficiencia<\/strong>, lo que lo convierte en una soluci\u00f3n rentable.<\/li>    <li><strong>Materiales de grado alimenticio<\/strong> \u2013 Equipado con <strong>moldes de conos de oblea antiadherentes y de grado alimenticio<\/strong> para evitar que se peguen y garantizar la higiene, seguridad y alta calidad del producto.<\/li> <\/ul> <\/div><\/div>    <h2 class=\"wp-block-heading\">Par\u00e1metros de la m\u00e1quina de conos de helado<\/h2>    <figure class=\"wp-block-table\"><table><tbody><tr><td>Modelo<\/td><td>DST-10<\/td><td>DST-12<\/td><td>DST-24<\/td><td>DST-24C<\/td><td>DST-32C<\/td><td>DST-40C<\/td><td>DST-60C<\/td><\/tr><tr><td>Capacidad (piezas\/h)<\/td><td>250-300<\/td><td>300-350<\/td><td>600-800<\/td><td>600-800<\/td><td>800-1000<\/td><td>1200-1400<\/td><td>2400-3000<\/td><\/tr><tr><td>Fuerza<\/td><td>4,5 kw<\/td><td>6.5kw<\/td><td>17kw<\/td><td>12kw<\/td><td>15kW<\/td><td>18kw<\/td><td>21kw<\/td><\/tr><tr><td>Voltaje<\/td><td>220v<\/td><td>220v<\/td><td>220v\/380v<\/td><td>220v\/380v<\/td><td>220v\/380v<\/td><td>220v\/380v<\/td><td>220v\/380v<\/td><\/tr><tr><td>Tama\u00f1o de la m\u00e1quina (mm)<\/td><td>760\u00d7600\u00d71050<\/td><td>800\u00d7700\u00d7880<\/td><td>1050\u00d7800\u00d7900<\/td><td>730\u00d7800\u00d71370<\/td><td>880\u00d7880\u00d71380<\/td><td>1080\u00d7800\u00d71440<\/td><td>1260x1140x1640<\/td><\/tr><tr><td>Tama\u00f1o del paquete (mm)<\/td><td>970\u00d7680\u00d71200<\/td><td>940\u00d7760\u00d71070<\/td><td>1160\u00d7880\u00d71140<\/td><td>890\u00d7820\u00d71500<\/td><td>900\u00d71000\u00d71540<\/td><td>1180\u00d7920\u00d71650<\/td><td>1350x1250x1780<\/td><\/tr><tr><td>Peso (kg)<\/td><td>200<\/td><td>180<\/td><td>280<\/td><td>350<\/td><td>320<\/td><td>600<\/td><td>850<\/td><\/tr><\/tbody><\/table><figcaption class=\"wp-element-caption\">Par\u00e1metros de la m\u00e1quina para hacer conos de helado<\/figcaption><\/figure>    <h2 class=\"wp-block-heading\">Preguntas frecuentes sobre la m\u00e1quina de hacer conos de helado<\/h2>   <div id=\"rank-math-faq\" class=\"rank-math-block\"> <div class=\"rank-math-list\"> <div id=\"faq-question-1715312540153\" class=\"rank-math-list-item\"> <h3 class=\"rank-math-question\">1. \u00bfCu\u00e1l es el m\u00e9todo de calefacci\u00f3n?<\/h3> <div class=\"rank-math-answer\">  <p>Calefacci\u00f3n el\u00e9ctrica.<\/p>  <\/div> <\/div> <div id=\"faq-question-1715312611292\" class=\"rank-math-list-item\"> <h3 class=\"rank-math-question\">2. \u00bfCu\u00e1l es la temperatura de calefacci\u00f3n?<\/h3> <div class=\"rank-math-answer\">  <p>Preajuste la temperatura de horneado en el controlador de temperatura. Para m\u00e1quinas nuevas, el molde superior generalmente se establece en 220\u00b0C y el molde inferior en 200\u00b0C, y luego se enciende la energ\u00eda para aumentar la temperatura hasta alcanzar la temperatura establecida (toma aproximadamente 30-40 minutos).<\/p>  <\/div> <\/div> <div id=\"faq-question-1715312717180\" class=\"rank-math-list-item\"> <h3 class=\"rank-math-question\">3. \u00bfEsta m\u00e1quina necesita un compresor de aire?<\/h3> <div class=\"rank-math-answer\">  <p>No.<\/p>  <\/div> <\/div> <div id=\"faq-question-1715312917589\" class=\"rank-math-list-item\"> <h3 class=\"rank-math-question\">4. \u00bfQu\u00e9 accesorios son piezas de desgaste?<\/h3> <div class=\"rank-math-answer\">  <p>1. Raspador <br \/>2. Alimentador <br \/>3. Calentamiento el\u00e9ctrico largo <br \/>4. Tubo de calentamiento el\u00e9ctrico corto<\/p>  <\/div> <\/div> <div id=\"faq-question-1715320297564\" class=\"rank-math-list-item\"> <h3 class=\"rank-math-question\">5. \u00bfEs oblea o cono crujiente?<\/h3> <div class=\"rank-math-answer\">  <p>Oblea.<\/p>  <\/div> <\/div> <\/div> <\/div>   <figure class=\"wp-block-gallery has-nested-images columns-default is-cropped wp-block-gallery-2 is-layout-flex wp-block-gallery-is-layout-flex\"> <figure class=\"wp-block-image size-large\"><img loading=\"lazy\" decoding=\"async\" width=\"720\" height=\"540\" data-id=\"1298\" src=\"https:\/\/topfoodmachine.com\/wp-content\/uploads\/2024\/05\/Ice-cream-cone-making-machine-for-sale.webp\" alt=\"m\u00e1quina para hacer conos de helado en venta\" class=\"wp-image-1298\" srcset=\"https:\/\/topfoodmachine.com\/wp-content\/uploads\/2024\/05\/Ice-cream-cone-making-machine-for-sale.webp 720w, https:\/\/topfoodmachine.com\/wp-content\/uploads\/2024\/05\/Ice-cream-cone-making-machine-for-sale-300x225.webp 300w, https:\/\/topfoodmachine.com\/wp-content\/uploads\/2024\/05\/Ice-cream-cone-making-machine-for-sale-16x12.webp 16w\" sizes=\"auto, (max-width: 720px) 100vw, 720px\" \/><figcaption class=\"wp-element-caption\">m\u00e1quina para hacer conos de helado en venta<\/figcaption><\/figure>    <figure class=\"wp-block-image size-large\"><img loading=\"lazy\" decoding=\"async\" width=\"720\" height=\"540\" data-id=\"1299\" src=\"https:\/\/topfoodmachine.com\/wp-content\/uploads\/2024\/05\/ice-cream-wafer-machine.webp\" alt=\"m\u00e1quina de obleas de helado\" class=\"wp-image-1299\" srcset=\"https:\/\/topfoodmachine.com\/wp-content\/uploads\/2024\/05\/ice-cream-wafer-machine.webp 720w, https:\/\/topfoodmachine.com\/wp-content\/uploads\/2024\/05\/ice-cream-wafer-machine-300x225.webp 300w, https:\/\/topfoodmachine.com\/wp-content\/uploads\/2024\/05\/ice-cream-wafer-machine-16x12.webp 16w\" sizes=\"auto, (max-width: 720px) 100vw, 720px\" \/><figcaption class=\"wp-element-caption\">m\u00e1quina de obleas de helado<\/figcaption><\/figure> <\/figure>    <h2 class=\"wp-block-heading\">Conclusi\u00f3n<\/h2>    <p>En conclusi\u00f3n, nuestra M\u00e1quina para fabricar conos de helado ofrece una forma f\u00e1cil y eficiente de producir conos perfectamente formados y crujientes para su helader\u00eda, cafeter\u00eda o restaurante. <\/p>    <p class=\"translation-block\">Adem\u00e1s de la m\u00e1quina de hacer conos de helado, tambi\u00e9n ofrecemos una <a href=\"https:\/\/topfoodmachine.com\/es\/product\/egg-roll-machine\/\" data-type=\"link\" data-id=\"https:\/\/topfoodmachine.com\/product\/egg-roll-machine\/\">m\u00e1quina de rollos de huevo<\/a> para satisfacer sus diversas necesidades. No dude en contactarnos si tiene alguna consulta o necesita m\u00e1s informaci\u00f3n. Estamos aqu\u00ed para servirle.<\/p>    <figure class=\"wp-block-image size-full\"><img loading=\"lazy\" decoding=\"async\" width=\"720\" height=\"540\" src=\"https:\/\/topfoodmachine.com\/wp-content\/uploads\/2024\/05\/wafer-making-machine.webp\" alt=\"m\u00e1quina para hacer obleas\" class=\"wp-image-1300\" srcset=\"https:\/\/topfoodmachine.com\/wp-content\/uploads\/2024\/05\/wafer-making-machine.webp 720w, https:\/\/topfoodmachine.com\/wp-content\/uploads\/2024\/05\/wafer-making-machine-300x225.webp 300w, https:\/\/topfoodmachine.com\/wp-content\/uploads\/2024\/05\/wafer-making-machine-16x12.webp 16w\" sizes=\"auto, (max-width: 720px) 100vw, 720px\" \/><figcaption class=\"wp-element-caption\">m\u00e1quina para hacer obleas<\/figcaption><\/figure>","protected":false},"excerpt":{"rendered":"<p>La m\u00e1quina para hacer conos de helado est\u00e1 hecha de acero inoxidable de alta calidad, esta m\u00e1quina autom\u00e1tica de conos de helado garantiza higiene, durabilidad y f\u00e1cil mantenimiento.<\/p>","protected":false},"author":1,"featured_media":1303,"parent":0,"template":"","tags":[30,29,114],"product-type":[6],"class_list":["post-1290","product","type-product","status-publish","has-post-thumbnail","hentry","tag-food-machine","tag-ice-cream","tag-ice-cream-cone-making-machine","product-type-pastry-production-machine"],"_links":{"self":[{"href":"https:\/\/topfoodmachine.com\/es\/wp-json\/wp\/v2\/product\/1290","targetHints":{"allow":["GET"]}}],"collection":[{"href":"https:\/\/topfoodmachine.com\/es\/wp-json\/wp\/v2\/product"}],"about":[{"href":"https:\/\/topfoodmachine.com\/es\/wp-json\/wp\/v2\/types\/product"}],"author":[{"embeddable":true,"href":"https:\/\/topfoodmachine.com\/es\/wp-json\/wp\/v2\/users\/1"}],"wp:featuredmedia":[{"embeddable":true,"href":"https:\/\/topfoodmachine.com\/es\/wp-json\/wp\/v2\/media\/1303"}],"wp:attachment":[{"href":"https:\/\/topfoodmachine.com\/es\/wp-json\/wp\/v2\/media?parent=1290"}],"wp:term":[{"taxonomy":"post_tag","embeddable":true,"href":"https:\/\/topfoodmachine.com\/es\/wp-json\/wp\/v2\/tags?post=1290"},{"taxonomy":"product-type","embeddable":true,"href":"https:\/\/topfoodmachine.com\/es\/wp-json\/wp\/v2\/product-type?post=1290"}],"curies":[{"name":"wp","href":"https:\/\/api.w.org\/{rel}","templated":true}]}}