{"id":1253,"date":"2024-05-08T15:23:14","date_gmt":"2024-05-08T07:23:14","guid":{"rendered":"https:\/\/topfoodmachine.com\/?post_type=product&#038;p=1253"},"modified":"2024-09-18T15:40:09","modified_gmt":"2024-09-18T07:40:09","slug":"automatic-dough-divider-rounder","status":"publish","type":"product","link":"https:\/\/topfoodmachine.com\/es\/product\/automatic-dough-divider-rounder\/","title":{"rendered":"M\u00e1quina autom\u00e1tica de divisi\u00f3n y redondeo de masa"},"content":{"rendered":"<div class=\"kk-star-ratings kksr-auto kksr-align-left kksr-valign-top\"     data-payload='{&quot;align&quot;:&quot;left&quot;,&quot;id&quot;:&quot;1253&quot;,&quot;slug&quot;:&quot;default&quot;,&quot;valign&quot;:&quot;top&quot;,&quot;ignore&quot;:&quot;&quot;,&quot;reference&quot;:&quot;auto&quot;,&quot;class&quot;:&quot;&quot;,&quot;count&quot;:&quot;13&quot;,&quot;legendonly&quot;:&quot;&quot;,&quot;readonly&quot;:&quot;&quot;,&quot;score&quot;:&quot;4.8&quot;,&quot;starsonly&quot;:&quot;&quot;,&quot;best&quot;:&quot;5&quot;,&quot;gap&quot;:&quot;5&quot;,&quot;greet&quot;:&quot;Rate this product&quot;,&quot;legend&quot;:&quot;4.8\\\/5 - (13 votos)&quot;,&quot;size&quot;:&quot;24&quot;,&quot;title&quot;:&quot;Automatic Dough Divider Rounder Machine&quot;,&quot;width&quot;:&quot;136.7&quot;,&quot;_legend&quot;:&quot;{score}\\\/{best} - ({count} {votes})&quot;,&quot;font_factor&quot;:&quot;1.25&quot;}'>              <div class=\"kksr-stars\">      <div class=\"kksr-stars-inactive\">             <div class=\"kksr-star\" data-star=\"1\" style=\"padding-right: 5px\">               <div class=\"kksr-icon\" style=\"width: 24px; height: 24px;\"><\/div>         <\/div>             <div class=\"kksr-star\" data-star=\"2\" style=\"padding-right: 5px\">               <div class=\"kksr-icon\" style=\"width: 24px; height: 24px;\"><\/div>         <\/div>             <div class=\"kksr-star\" data-star=\"3\" style=\"padding-right: 5px\">               <div class=\"kksr-icon\" style=\"width: 24px; height: 24px;\"><\/div>         <\/div>             <div class=\"kksr-star\" data-star=\"4\" style=\"padding-right: 5px\">               <div class=\"kksr-icon\" style=\"width: 24px; height: 24px;\"><\/div>         <\/div>             <div class=\"kksr-star\" data-star=\"5\" style=\"padding-right: 5px\">               <div class=\"kksr-icon\" style=\"width: 24px; height: 24px;\"><\/div>         <\/div>     <\/div>      <div class=\"kksr-stars-active\" style=\"width: 136.7px;\">             <div class=\"kksr-star\" style=\"padding-right: 5px\">               <div class=\"kksr-icon\" style=\"width: 24px; height: 24px;\"><\/div>         <\/div>             <div class=\"kksr-star\" style=\"padding-right: 5px\">               <div class=\"kksr-icon\" style=\"width: 24px; height: 24px;\"><\/div>         <\/div>             <div class=\"kksr-star\" style=\"padding-right: 5px\">               <div class=\"kksr-icon\" style=\"width: 24px; height: 24px;\"><\/div>         <\/div>             <div class=\"kksr-star\" style=\"padding-right: 5px\">               <div class=\"kksr-icon\" style=\"width: 24px; height: 24px;\"><\/div>         <\/div>             <div class=\"kksr-star\" style=\"padding-right: 5px\">               <div class=\"kksr-icon\" style=\"width: 24px; height: 24px;\"><\/div>         <\/div>     <\/div> <\/div>                   <div class=\"kksr-legend\" style=\"font-size: 19.2px;\">             4,8\/5 - (13 votos)    <\/div>     <\/div>  <p>La m\u00e1quina autom\u00e1tica de divisi\u00f3n y redondeo de masa puede cortar y moldear eficientemente varios productos de pasteler\u00eda como pan, pasteles y bollos al vapor. Dise\u00f1ada para versatilidad y precisi\u00f3n, esta m\u00e1quina est\u00e1 disponible en dos modelos: el\u00e9ctrico y neum\u00e1tico. <\/p>    <p>Ofrece una capacidad de 150-200 kg\/h, lo que la hace ideal para entornos que van desde bulliciosas plantas de procesamiento de alimentos de pasteler\u00eda hasta encantadoras panader\u00edas. <\/p>    <p>Al automatizar las tareas de divisi\u00f3n y redondeo de la masa, nuestra m\u00e1quina no solo reduce significativamente los costos de mano de obra y tiempo, sino que tambi\u00e9n asegura que cada bola de masa est\u00e9 formada de manera consistente a la perfecci\u00f3n.<\/p>    <figure class=\"wp-block-embed is-type-video is-provider-youtube wp-block-embed-youtube wp-embed-aspect-16-9 wp-has-aspect-ratio\"><div class=\"wp-block-embed__wrapper\"> <iframe loading=\"lazy\" title=\"Divisor y redondeador autom\u00e1tico comercial en acci\u00f3n #procesamientodealimentos #m\u00e1quinaalimentaria #masa\" width=\"500\" height=\"281\" src=\"https:\/\/www.youtube.com\/embed\/Cj6xAoSfAPg?feature=oembed\" frameborder=\"0\" allow=\"accelerometer; autoplay; clipboard-write; encrypted-media; gyroscope; picture-in-picture; web-share\" referrerpolicy=\"strict-origin-when-cross-origin\" allowfullscreen><\/iframe> <\/div><figcaption class=\"wp-element-caption\">Video de trabajo de la m\u00e1quina autom\u00e1tica de divisi\u00f3n y redondeo de masa<\/figcaption><\/figure>    <h2 class=\"wp-block-heading\">m\u00e1quina comercial para cortar bolas de masa de pizza <\/h2>    <p>Nuestra m\u00e1quina comercial de corte de bolas de masa para pizza est\u00e1 dise\u00f1ada para una porci\u00f3n precisa de masa, asegurando un peso consistente para cada porci\u00f3n. Ofrecemos dos modelos para satisfacer diferentes necesidades:<\/p>    <ul class=\"wp-block-list\"> <li>Modelo el\u00e9ctrico. Ofrece una precisi\u00f3n mejorada, asegurando una porci\u00f3n de masa altamente precisa y consistente.<\/li>    <li>Modelo neum\u00e1tico. Una alternativa confiable que proporciona porciones fiables para requisitos est\u00e1ndar.<\/li> <\/ul>    <p>Equipado con un transportador de tornillo, esta m\u00e1quina se puede personalizar con tres tipos diferentes de moldes para acomodar varios tama\u00f1os y formas de masa. <\/p>    <figure class=\"wp-block-gallery has-nested-images columns-default is-cropped wp-block-gallery-2 is-layout-flex wp-block-gallery-is-layout-flex\"> <figure class=\"wp-block-image size-large\"><img loading=\"lazy\" decoding=\"async\" width=\"720\" height=\"540\" data-id=\"1254\" src=\"https:\/\/topfoodmachine.com\/wp-content\/uploads\/2024\/05\/electric-Dough-Divider-Rounder.webp\" alt=\"Divisor redondeador de masa el\u00e9ctrico\" class=\"wp-image-1254\" srcset=\"https:\/\/topfoodmachine.com\/wp-content\/uploads\/2024\/05\/electric-Dough-Divider-Rounder.webp 720w, https:\/\/topfoodmachine.com\/wp-content\/uploads\/2024\/05\/electric-Dough-Divider-Rounder-300x225.webp 300w, https:\/\/topfoodmachine.com\/wp-content\/uploads\/2024\/05\/electric-Dough-Divider-Rounder-16x12.webp 16w\" sizes=\"auto, (max-width: 720px) 100vw, 720px\" \/><figcaption class=\"wp-element-caption\">Divisor redondeador de masa el\u00e9ctrico<\/figcaption><\/figure>    <figure class=\"wp-block-image size-large\"><img loading=\"lazy\" decoding=\"async\" width=\"720\" height=\"540\" data-id=\"1255\" src=\"https:\/\/topfoodmachine.com\/wp-content\/uploads\/2024\/05\/pneumatic-pizza-dough-cutting-machine.webp\" alt=\"m\u00e1quina de corte de masa de pizza neum\u00e1tica\" class=\"wp-image-1255\" srcset=\"https:\/\/topfoodmachine.com\/wp-content\/uploads\/2024\/05\/pneumatic-pizza-dough-cutting-machine.webp 720w, https:\/\/topfoodmachine.com\/wp-content\/uploads\/2024\/05\/pneumatic-pizza-dough-cutting-machine-300x225.webp 300w, https:\/\/topfoodmachine.com\/wp-content\/uploads\/2024\/05\/pneumatic-pizza-dough-cutting-machine-16x12.webp 16w\" sizes=\"auto, (max-width: 720px) 100vw, 720px\" \/><figcaption class=\"wp-element-caption\">m\u00e1quina de corte de masa de pizza neum\u00e1tica<\/figcaption><\/figure> <\/figure>    <h2 class=\"wp-block-heading\">Amplia aplicaci\u00f3n del divisor y redondeador de masa<\/h2>    <p>El divisor y redondeador de masa encuentra amplia aplicaci\u00f3n en varios entornos de producci\u00f3n de alimentos, particularmente en panader\u00edas, pasteler\u00edas y cocinas comerciales. Aqu\u00ed est\u00e1 el porqu\u00e9 de su uso tan extendido:<\/p>    <div class=\"wp-block-media-text is-stacked-on-mobile\"><figure class=\"wp-block-media-text__media\"><img loading=\"lazy\" decoding=\"async\" width=\"720\" height=\"540\" src=\"https:\/\/topfoodmachine.com\/wp-content\/uploads\/2024\/05\/breads.webp\" alt=\"panes\" class=\"wp-image-1617 size-full\" srcset=\"https:\/\/topfoodmachine.com\/wp-content\/uploads\/2024\/05\/breads.webp 720w, https:\/\/topfoodmachine.com\/wp-content\/uploads\/2024\/05\/breads-300x225.webp 300w, https:\/\/topfoodmachine.com\/wp-content\/uploads\/2024\/05\/breads-16x12.webp 16w\" sizes=\"auto, (max-width: 720px) 100vw, 720px\" \/><\/figure><div class=\"wp-block-media-text__content\"> <h3 class=\"wp-block-heading\">Panader\u00edas<\/h3>    <p class=\"translation-block\"><strong>Bollos y panecillos<\/strong>. Ideal para dividir y redondear masa para varios tipos de bollos y panecillos, como panecillos de hamburguesa, panecillos de perrito caliente y panecillos de cena.<\/p>    <p class=\"translation-block\"><strong>Producci\u00f3n de pan<\/strong>. Utilizado extensamente en la producci\u00f3n de pan, asegurando un tama\u00f1o y peso uniforme de las porciones de masa para resultados de horneado consistentes.<\/p> <\/div><\/div>    <div class=\"wp-block-media-text has-media-on-the-right is-stacked-on-mobile\"><div class=\"wp-block-media-text__content\"> <h3 class=\"wp-block-heading\">Panader\u00edas<\/h3>    <p class=\"translation-block\"><strong>Bollos dulces y panecillos de canela<\/strong>. Perfecto para crear porciones uniformes de masa para bollos dulces, panecillos de canela y otros pasteles.<\/p>    <p class=\"translation-block\"><strong>Croissants y pasteles daneses<\/strong>. Ayuda a dividir y dar forma a la masa para pasteles laminados como croissants y pasteles daneses.<\/p> <\/div><figure class=\"wp-block-media-text__media\"><img loading=\"lazy\" decoding=\"async\" width=\"720\" height=\"540\" src=\"https:\/\/topfoodmachine.com\/wp-content\/uploads\/2024\/05\/croissant.webp\" alt=\"croissant\" class=\"wp-image-1614 size-full\" srcset=\"https:\/\/topfoodmachine.com\/wp-content\/uploads\/2024\/05\/croissant.webp 720w, https:\/\/topfoodmachine.com\/wp-content\/uploads\/2024\/05\/croissant-300x225.webp 300w, https:\/\/topfoodmachine.com\/wp-content\/uploads\/2024\/05\/croissant-16x12.webp 16w\" sizes=\"auto, (max-width: 720px) 100vw, 720px\" \/><\/figure><\/div>    <div class=\"wp-block-media-text is-stacked-on-mobile\"><figure class=\"wp-block-media-text__media\"><img loading=\"lazy\" decoding=\"async\" width=\"720\" height=\"540\" src=\"https:\/\/topfoodmachine.com\/wp-content\/uploads\/2024\/05\/pizza.webp\" alt=\"pizza\" class=\"wp-image-1615 size-full\" srcset=\"https:\/\/topfoodmachine.com\/wp-content\/uploads\/2024\/05\/pizza.webp 720w, https:\/\/topfoodmachine.com\/wp-content\/uploads\/2024\/05\/pizza-300x225.webp 300w, https:\/\/topfoodmachine.com\/wp-content\/uploads\/2024\/05\/pizza-16x12.webp 16w\" sizes=\"auto, (max-width: 720px) 100vw, 720px\" \/><\/figure><div class=\"wp-block-media-text__content\"> <h3 class=\"wp-block-heading\">Cocinas comerciales<\/h3>    <p class=\"translation-block\"><strong>Producci\u00f3n de tortillas y pan plano<\/strong>. \u00datil para dividir y redondear masa para tortillas, panes planos y otros productos similares.<\/p>    <p class=\"translation-block\"><strong>Producci\u00f3n de pizza<\/strong>. Utilizado en pizzer\u00edas para dividir y dar forma a la masa para bases de pizza, asegurando consistencia en tama\u00f1o y grosor.<\/p> <\/div><\/div>    <h2 class=\"wp-block-heading\">M\u00e1quina de soporte del divisor y redondeador de masa para pizza<\/h2>    <p>Nuestro divisor y redondeador de masa para pizza se combina a la perfecci\u00f3n con una m\u00e1quina de redondeo para elevar la calidad y apariencia de tus porciones de masa. Esta combinaci\u00f3n no solo asegura una divisi\u00f3n precisa, sino que tambi\u00e9n perfecciona el proceso de redondeo, resultando en bolas de masa uniformes y est\u00e9ticamente agradables.<\/p>    <figure class=\"wp-block-image size-full\"><img loading=\"lazy\" decoding=\"async\" width=\"720\" height=\"540\" src=\"https:\/\/topfoodmachine.com\/wp-content\/uploads\/2024\/05\/commercial-dough-dividing-machine.webp\" alt=\"m\u00e1quina comercial de divisi\u00f3n de masa\" class=\"wp-image-1257\" srcset=\"https:\/\/topfoodmachine.com\/wp-content\/uploads\/2024\/05\/commercial-dough-dividing-machine.webp 720w, https:\/\/topfoodmachine.com\/wp-content\/uploads\/2024\/05\/commercial-dough-dividing-machine-300x225.webp 300w, https:\/\/topfoodmachine.com\/wp-content\/uploads\/2024\/05\/commercial-dough-dividing-machine-16x12.webp 16w\" sizes=\"auto, (max-width: 720px) 100vw, 720px\" \/><figcaption class=\"wp-element-caption\">m\u00e1quina comercial de divisi\u00f3n de masa<\/figcaption><\/figure>    <h3 class=\"wp-block-heading\"><strong>Beneficios clave<\/strong><\/h3>    <ul class=\"wp-block-list\"> <li><strong>Divisi\u00f3n precisa de la masa<\/strong>. Logra una porci\u00f3n precisa de la masa para resultados consistentes.<\/li>    <li><strong>Redondeo perfecto<\/strong>. Mejora la apariencia de cada bola de masa, haci\u00e9ndolas m\u00e1s redondas y visualmente atractivas.<\/li>    <li><strong>Calidad consistente<\/strong>. Cumple con altos est\u00e1ndares de apariencia y calidad requeridos por panader\u00edas, pizzer\u00edas y cocinas comerciales.<\/li> <\/ul>    <p>Al integrar nuestra m\u00e1quina de redondeo, nuestro divisor y redondeador de masa para pizza proporciona una soluci\u00f3n eficiente y confiable para la preparaci\u00f3n de masa. Esta configuraci\u00f3n optimiza tu proceso de producci\u00f3n mientras asegura una excelente consistencia y presentaci\u00f3n del producto.<\/p>    <figure class=\"wp-block-gallery has-nested-images columns-default is-cropped wp-block-gallery-3 is-layout-flex wp-block-gallery-is-layout-flex\"> <figure class=\"wp-block-image size-large\"><img loading=\"lazy\" decoding=\"async\" width=\"720\" height=\"540\" data-id=\"1262\" src=\"https:\/\/topfoodmachine.com\/wp-content\/uploads\/2024\/05\/dough.webp\" alt=\"masa\" class=\"wp-image-1262\" srcset=\"https:\/\/topfoodmachine.com\/wp-content\/uploads\/2024\/05\/dough.webp 720w, https:\/\/topfoodmachine.com\/wp-content\/uploads\/2024\/05\/dough-300x225.webp 300w, https:\/\/topfoodmachine.com\/wp-content\/uploads\/2024\/05\/dough-16x12.webp 16w\" sizes=\"auto, (max-width: 720px) 100vw, 720px\" \/><figcaption class=\"wp-element-caption\">masa<\/figcaption><\/figure>    <figure class=\"wp-block-image size-full\"><img loading=\"lazy\" decoding=\"async\" width=\"720\" height=\"540\" data-id=\"1264\" src=\"https:\/\/topfoodmachine.com\/wp-content\/uploads\/2024\/05\/pizza-dough-3.webp\" alt=\"masa de pizza\" class=\"wp-image-1264\" srcset=\"https:\/\/topfoodmachine.com\/wp-content\/uploads\/2024\/05\/pizza-dough-3.webp 720w, https:\/\/topfoodmachine.com\/wp-content\/uploads\/2024\/05\/pizza-dough-3-300x225.webp 300w, https:\/\/topfoodmachine.com\/wp-content\/uploads\/2024\/05\/pizza-dough-3-16x12.webp 16w\" sizes=\"auto, (max-width: 720px) 100vw, 720px\" \/><figcaption class=\"wp-element-caption\">masa de pizza<\/figcaption><\/figure> <\/figure>    <h2 class=\"wp-block-heading\">Par\u00e1metros de la m\u00e1quina divisora de masa<\/h2>    <figure class=\"wp-block-table\"><table><tbody><tr><td>Voltaje<\/td><td>220v<\/td><\/tr><tr><td>Fuerza<\/td><td>400w<\/td><\/tr><tr><td>Tama\u00f1o<\/td><td>59*42*64cm<\/td><\/tr><tr><td>Capacidad<\/td><td>150-200kg\/h<\/td><\/tr><\/tbody><\/table><figcaption class=\"wp-element-caption\">par\u00e1metros del divisor y redondeador de masa<\/figcaption><\/figure>    <figure class=\"wp-block-image size-full\"><img loading=\"lazy\" decoding=\"async\" width=\"720\" height=\"540\" src=\"https:\/\/topfoodmachine.com\/wp-content\/uploads\/2024\/05\/automatic-dough-dividing-machine.webp\" alt=\"m\u00e1quina autom\u00e1tica de divisi\u00f3n de masa\" class=\"wp-image-1256\" srcset=\"https:\/\/topfoodmachine.com\/wp-content\/uploads\/2024\/05\/automatic-dough-dividing-machine.webp 720w, https:\/\/topfoodmachine.com\/wp-content\/uploads\/2024\/05\/automatic-dough-dividing-machine-300x225.webp 300w, https:\/\/topfoodmachine.com\/wp-content\/uploads\/2024\/05\/automatic-dough-dividing-machine-16x12.webp 16w\" sizes=\"auto, (max-width: 720px) 100vw, 720px\" \/><figcaption class=\"wp-element-caption\">m\u00e1quina autom\u00e1tica de divisi\u00f3n de masa<\/figcaption><\/figure>    <h2 class=\"wp-block-heading\">Ventajas clave de la m\u00e1quina divisora de masa<\/h2>    <ul class=\"wp-block-list\"> <li><strong>Procesamiento eficiente de la masa.<\/strong> Esta m\u00e1quina est\u00e1 dise\u00f1ada para un procesamiento \u00f3ptimo de la masa, capaz de manejar 500 kg de harina con 350 g de agua a\u00f1adida, ofreciendo resultados consistentemente excelentes.<\/li>    <li><strong>Tama\u00f1o y peso de masa ajustables.<\/strong> Ofrece un f\u00e1cil ajuste del tama\u00f1o y peso de las bolas de masa utilizando diferentes moldes. El rango de ajuste de la masa es de 0 a 500 g, permitiendo una operaci\u00f3n vers\u00e1til y personalizaci\u00f3n.<\/li>    <li><strong>Alta eficiencia de transmisi\u00f3n y seguridad.<\/strong> Con una estructura compacta y alta eficiencia de transmisi\u00f3n, la m\u00e1quina incorpora un mecanismo de embrague mec\u00e1nico en la parte cuantitativa. Este dise\u00f1o mejora la seguridad, la fiabilidad y simplifica el mantenimiento.<\/li> <\/ul>    <figure class=\"wp-block-gallery has-nested-images columns-default is-cropped wp-block-gallery-4 is-layout-flex wp-block-gallery-is-layout-flex\"> <figure class=\"wp-block-image size-large\"><img loading=\"lazy\" decoding=\"async\" width=\"720\" height=\"540\" data-id=\"1258\" src=\"https:\/\/topfoodmachine.com\/wp-content\/uploads\/2024\/05\/details-of-dough-dividing-machine.webp\" alt=\"detalles de la m\u00e1quina de divisi\u00f3n de masa\" class=\"wp-image-1258\" srcset=\"https:\/\/topfoodmachine.com\/wp-content\/uploads\/2024\/05\/details-of-dough-dividing-machine.webp 720w, https:\/\/topfoodmachine.com\/wp-content\/uploads\/2024\/05\/details-of-dough-dividing-machine-300x225.webp 300w, https:\/\/topfoodmachine.com\/wp-content\/uploads\/2024\/05\/details-of-dough-dividing-machine-16x12.webp 16w\" sizes=\"auto, (max-width: 720px) 100vw, 720px\" \/><figcaption class=\"wp-element-caption\">detalles de la m\u00e1quina de divisi\u00f3n de masa<\/figcaption><\/figure>    <figure class=\"wp-block-image size-large\"><img loading=\"lazy\" decoding=\"async\" width=\"720\" height=\"540\" data-id=\"1259\" src=\"https:\/\/topfoodmachine.com\/wp-content\/uploads\/2024\/05\/dough-divider-rounder-moulds.webp\" alt=\"moldes para divisor y redondeador de masa\" class=\"wp-image-1259\" srcset=\"https:\/\/topfoodmachine.com\/wp-content\/uploads\/2024\/05\/dough-divider-rounder-moulds.webp 720w, https:\/\/topfoodmachine.com\/wp-content\/uploads\/2024\/05\/dough-divider-rounder-moulds-300x225.webp 300w, https:\/\/topfoodmachine.com\/wp-content\/uploads\/2024\/05\/dough-divider-rounder-moulds-16x12.webp 16w\" sizes=\"auto, (max-width: 720px) 100vw, 720px\" \/><figcaption class=\"wp-element-caption\">moldes para divisor y redondeador de masa<\/figcaption><\/figure> <\/figure>    <h2 class=\"wp-block-heading\">Preguntas frecuentes sobre la m\u00e1quina divisora y redondeadora de masa<\/h2>   <div id=\"rank-math-faq\" class=\"rank-math-block\"> <div class=\"rank-math-list\"> <div id=\"faq-question-1726638992206\" class=\"rank-math-list-item\"> <h3 class=\"rank-math-question\"><strong>\u00bfCu\u00e1l es la diferencia entre los modelos el\u00e9ctricos y neum\u00e1ticos?<\/strong><\/h3> <div class=\"rank-math-answer\">  <p>El modelo el\u00e9ctrico ofrece mayor precisi\u00f3n en la porci\u00f3n de masa en comparaci\u00f3n con el modelo neum\u00e1tico. Ambos modelos est\u00e1n dise\u00f1ados para adaptarse a diferentes necesidades y entornos operativos.<\/p>  <\/div> <\/div> <div id=\"faq-question-1726639029577\" class=\"rank-math-list-item\"> <h3 class=\"rank-math-question\">\u00bfSe puede ajustar la m\u00e1quina para diferentes tama\u00f1os y pesos de masa?<\/h3> <div class=\"rank-math-answer\">  <p>S\u00ed, la m\u00e1quina se puede equipar con diferentes moldes para acomodar varios tama\u00f1os y formas de masa, asegurando flexibilidad en la producci\u00f3n.<\/p>  <\/div> <\/div> <div id=\"faq-question-1726639056590\" class=\"rank-math-list-item\"> <h3 class=\"rank-math-question\">\u00bfHay opciones de personalizaci\u00f3n disponibles?<\/h3> <div class=\"rank-math-answer\">  <p>S\u00ed, ofrecemos varias opciones de personalizaci\u00f3n, incluyendo diferentes tipos y tama\u00f1os de moldes, para satisfacer requisitos y preferencias espec\u00edficas de producci\u00f3n.<\/p>  <\/div> <\/div> <div id=\"faq-question-1726639122900\" class=\"rank-math-list-item\"> <h3 class=\"rank-math-question\">\u00bfCu\u00e1l es el precio de la m\u00e1quina autom\u00e1tica divisora y redondeadora de masa?<\/h3> <div class=\"rank-math-answer\">  <p>El precio de la m\u00e1quina divisora redondeadora autom\u00e1tica de masa var\u00eda seg\u00fan el modelo (el\u00e9ctrico o neum\u00e1tico), capacidad y opciones de personalizaci\u00f3n. <br \/>Para un presupuesto detallado, cont\u00e1ctenos directamente con sus requisitos espec\u00edficos. Ofrecemos precios competitivos y podemos ofrecer descuentos por pedidos al por mayor o asociaciones a largo plazo.<\/p>  <\/div> <\/div> <\/div> <\/div>   <h2 class=\"wp-block-heading\">\u00bfPor qu\u00e9 elegirnos?<\/h2>    <p>Elegir nuestra m\u00e1quina autom\u00e1tica de divisi\u00f3n y redondeo de masa viene con el beneficio adicional de asociarse con una empresa reconocida por sus fortalezas y servicio excepcional.<\/p>    <div class=\"wp-block-media-text is-stacked-on-mobile\"><figure class=\"wp-block-media-text__media\"><img loading=\"lazy\" decoding=\"async\" width=\"720\" height=\"540\" src=\"https:\/\/topfoodmachine.com\/wp-content\/uploads\/2024\/05\/dough-divider-rounder-supplier.webp\" alt=\"proveedor de divisor y redondeador de masa\" class=\"wp-image-1260 size-full\" srcset=\"https:\/\/topfoodmachine.com\/wp-content\/uploads\/2024\/05\/dough-divider-rounder-supplier.webp 720w, https:\/\/topfoodmachine.com\/wp-content\/uploads\/2024\/05\/dough-divider-rounder-supplier-300x225.webp 300w, https:\/\/topfoodmachine.com\/wp-content\/uploads\/2024\/05\/dough-divider-rounder-supplier-16x12.webp 16w\" sizes=\"auto, (max-width: 720px) 100vw, 720px\" \/><\/figure><div class=\"wp-block-media-text__content\"> <ul class=\"wp-block-list\"> <li><strong>Log\u00edstica r\u00e1pida.<\/strong> Aseguramos la entrega r\u00e1pida de su maquinaria, minimizando el tiempo de inactividad y manteniendo su producci\u00f3n en horario.<\/li>    <li><strong>Excelente servicio al cliente.<\/strong> Nuestro equipo de soporte dedicado se compromete a proporcionar asistencia amigable y conocedora, desde la instalaci\u00f3n hasta el mantenimiento continuo.<\/li>    <li><strong>Fondo empresarial s\u00f3lido.<\/strong> Con a\u00f1os de experiencia en la industria y una s\u00f3lida reputaci\u00f3n, ofrecemos equipos fiables y de alta calidad que cumplen con los m\u00e1s altos est\u00e1ndares.<\/li> <\/ul> <\/div><\/div>    <p>Al elegirnos, te beneficias no solo de equipos de primera categor\u00eda, sino tambi\u00e9n de un socio confiable dedicado a apoyar tu \u00e9xito.<\/p>    <h2 class=\"wp-block-heading\">Conclusi\u00f3n<\/h2>    <p class=\"translation-block\">En conclusi\u00f3n, la m\u00e1quina autom\u00e1tica de <a href=\"https:\/\/en.wikipedia.org\/wiki\/Dough\" data-type=\"link\" data-id=\"https:\/\/en.wikipedia.org\/wiki\/Dough\" target=\"_blank\" rel=\"noopener\">masa<\/a> ofrece una eficiencia y precisi\u00f3n excepcionales para sus necesidades de procesamiento de masa, entregando bolas de masa consistentes y perfectamente formadas cada vez. <\/p>    <figure class=\"wp-block-image size-full\"><img loading=\"lazy\" decoding=\"async\" width=\"720\" height=\"540\" src=\"https:\/\/topfoodmachine.com\/wp-content\/uploads\/2024\/05\/Noodle-maker-machine.webp\" alt=\"M\u00e1quina para hacer fideos\" class=\"wp-image-1305\" srcset=\"https:\/\/topfoodmachine.com\/wp-content\/uploads\/2024\/05\/Noodle-maker-machine.webp 720w, https:\/\/topfoodmachine.com\/wp-content\/uploads\/2024\/05\/Noodle-maker-machine-300x225.webp 300w, https:\/\/topfoodmachine.com\/wp-content\/uploads\/2024\/05\/Noodle-maker-machine-16x12.webp 16w\" sizes=\"auto, (max-width: 720px) 100vw, 720px\" \/><figcaption class=\"wp-element-caption\">M\u00e1quina para hacer fideos<\/figcaption><\/figure>    <p class=\"translation-block\">Para aquellos que buscan expandir sus capacidades de producci\u00f3n, nuestra empresa tambi\u00e9n ofrece una gama de otras m\u00e1quinas para pasta, incluyendo <a href=\"https:\/\/topfoodmachine.com\/es\/product\/noodle-maker-machine\/\" data-type=\"link\" data-id=\"https:\/\/topfoodmachine.com\/product\/noodle-maker-machine\/\">m\u00e1quinas para hacer fideos<\/a> para satisfacer diversos requisitos culinarios. Explora nuestra l\u00ednea completa para encontrar el equipo perfecto que mejore tu proceso de producci\u00f3n.<\/p>","protected":false},"excerpt":{"rendered":"<p>La m\u00e1quina autom\u00e1tica de divisi\u00f3n y redondeo de masa puede cortar y moldear eficientemente varios productos de pasteler\u00eda como pan, pasteles y bollos al vapor.<\/p>","protected":false},"author":1,"featured_media":1266,"parent":0,"template":"","tags":[82,24,83],"product-type":[6],"class_list":["post-1253","product","type-product","status-publish","has-post-thumbnail","hentry","tag-dough","tag-dough-divider-rounder","tag-dough-divider-rounder-machine","product-type-pastry-production-machine"],"_links":{"self":[{"href":"https:\/\/topfoodmachine.com\/es\/wp-json\/wp\/v2\/product\/1253","targetHints":{"allow":["GET"]}}],"collection":[{"href":"https:\/\/topfoodmachine.com\/es\/wp-json\/wp\/v2\/product"}],"about":[{"href":"https:\/\/topfoodmachine.com\/es\/wp-json\/wp\/v2\/types\/product"}],"author":[{"embeddable":true,"href":"https:\/\/topfoodmachine.com\/es\/wp-json\/wp\/v2\/users\/1"}],"wp:featuredmedia":[{"embeddable":true,"href":"https:\/\/topfoodmachine.com\/es\/wp-json\/wp\/v2\/media\/1266"}],"wp:attachment":[{"href":"https:\/\/topfoodmachine.com\/es\/wp-json\/wp\/v2\/media?parent=1253"}],"wp:term":[{"taxonomy":"post_tag","embeddable":true,"href":"https:\/\/topfoodmachine.com\/es\/wp-json\/wp\/v2\/tags?post=1253"},{"taxonomy":"product-type","embeddable":true,"href":"https:\/\/topfoodmachine.com\/es\/wp-json\/wp\/v2\/product-type?post=1253"}],"curies":[{"name":"wp","href":"https:\/\/api.w.org\/{rel}","templated":true}]}}