{"id":1235,"date":"2024-04-29T14:29:18","date_gmt":"2024-04-29T06:29:18","guid":{"rendered":"https:\/\/topfoodmachine.com\/?post_type=product&#038;p=1235"},"modified":"2024-04-29T14:29:19","modified_gmt":"2024-04-29T06:29:19","slug":"cookie-making-machine","status":"publish","type":"product","link":"https:\/\/topfoodmachine.com\/es\/product\/cookie-making-machine\/","title":{"rendered":"M\u00e1quina para hacer galletas\uff5cDepositor de galletas"},"content":{"rendered":"<div class=\"kk-star-ratings kksr-auto kksr-align-left kksr-valign-top\"     data-payload='{&quot;align&quot;:&quot;left&quot;,&quot;id&quot;:&quot;1235&quot;,&quot;slug&quot;:&quot;default&quot;,&quot;valign&quot;:&quot;top&quot;,&quot;ignore&quot;:&quot;&quot;,&quot;reference&quot;:&quot;auto&quot;,&quot;class&quot;:&quot;&quot;,&quot;count&quot;:&quot;25&quot;,&quot;legendonly&quot;:&quot;&quot;,&quot;readonly&quot;:&quot;&quot;,&quot;score&quot;:&quot;4.5&quot;,&quot;starsonly&quot;:&quot;&quot;,&quot;best&quot;:&quot;5&quot;,&quot;gap&quot;:&quot;5&quot;,&quot;greet&quot;:&quot;Rate this product&quot;,&quot;legend&quot;:&quot;4.5\\\/5 - (25 votos)&quot;,&quot;size&quot;:&quot;24&quot;,&quot;title&quot;:&quot;Cookie making machine\uff5cBiscuit depositor&quot;,&quot;width&quot;:&quot;128&quot;,&quot;_legend&quot;:&quot;{score}\\\/{best} - ({count} {votes})&quot;,&quot;font_factor&quot;:&quot;1.25&quot;}'>              <div class=\"kksr-stars\">      <div class=\"kksr-stars-inactive\">             <div class=\"kksr-star\" data-star=\"1\" style=\"padding-right: 5px\">               <div class=\"kksr-icon\" style=\"width: 24px; height: 24px;\"><\/div>         <\/div>             <div class=\"kksr-star\" data-star=\"2\" style=\"padding-right: 5px\">               <div class=\"kksr-icon\" style=\"width: 24px; height: 24px;\"><\/div>         <\/div>             <div class=\"kksr-star\" data-star=\"3\" style=\"padding-right: 5px\">               <div class=\"kksr-icon\" style=\"width: 24px; height: 24px;\"><\/div>         <\/div>             <div class=\"kksr-star\" data-star=\"4\" style=\"padding-right: 5px\">               <div class=\"kksr-icon\" style=\"width: 24px; height: 24px;\"><\/div>         <\/div>             <div class=\"kksr-star\" data-star=\"5\" style=\"padding-right: 5px\">               <div class=\"kksr-icon\" style=\"width: 24px; height: 24px;\"><\/div>         <\/div>     <\/div>      <div class=\"kksr-stars-active\" style=\"width: 128px;\">             <div class=\"kksr-star\" style=\"padding-right: 5px\">               <div class=\"kksr-icon\" style=\"width: 24px; height: 24px;\"><\/div>         <\/div>             <div class=\"kksr-star\" style=\"padding-right: 5px\">               <div class=\"kksr-icon\" style=\"width: 24px; height: 24px;\"><\/div>         <\/div>             <div class=\"kksr-star\" style=\"padding-right: 5px\">               <div class=\"kksr-icon\" style=\"width: 24px; height: 24px;\"><\/div>         <\/div>             <div class=\"kksr-star\" style=\"padding-right: 5px\">               <div class=\"kksr-icon\" style=\"width: 24px; height: 24px;\"><\/div>         <\/div>             <div class=\"kksr-star\" style=\"padding-right: 5px\">               <div class=\"kksr-icon\" style=\"width: 24px; height: 24px;\"><\/div>         <\/div>     <\/div> <\/div>                   <div class=\"kksr-legend\" style=\"font-size: 19.2px;\">             4,5\/5 - (25 votos)    <\/div>     <\/div>  <p>La m\u00e1quina para hacer galletas es un dispositivo \u00fanico que extruye masa en varias formas para producir galletas. Al simplemente cambiar diferentes moldes, esta m\u00e1quina puede crear galletas de diferentes formas, d\u00e1ndoles apariencias \u00fanicas y atractivas. Las galletas hechas por la m\u00e1quina para hacer galletas tienen formas especiales, patrones limpios y dise\u00f1os hermosos.<\/p>    <p>Adem\u00e1s, la m\u00e1quina para hacer galletas se puede emparejar con un horno para hornear las galletas despu\u00e9s de que se les d\u00e9 forma. Esta l\u00ednea de producci\u00f3n completa aumenta significativamente la eficiencia de la producci\u00f3n de galletas.<\/p>    <p>Compacta y automatizada, la m\u00e1quina para hacer galletas es adecuada tanto para f\u00e1bricas de galletas peque\u00f1as como grandes. Ofrece versatilidad y eficiencia, lo que la convierte en la opci\u00f3n perfecta para producir una amplia variedad de galletas deliciosas.<\/p>    <figure class=\"wp-block-gallery has-nested-images columns-default is-cropped wp-block-gallery-2 is-layout-flex wp-block-gallery-is-layout-flex\"> <figure class=\"wp-block-image size-full\"><img loading=\"lazy\" decoding=\"async\" width=\"720\" height=\"540\" data-id=\"1237\" src=\"https:\/\/topfoodmachine.com\/wp-content\/uploads\/2024\/04\/automatic-Cookie-making-machine.webp\" alt=\"m\u00e1quina autom\u00e1tica para hacer galletas\" class=\"wp-image-1237\" srcset=\"https:\/\/topfoodmachine.com\/wp-content\/uploads\/2024\/04\/automatic-Cookie-making-machine.webp 720w, https:\/\/topfoodmachine.com\/wp-content\/uploads\/2024\/04\/automatic-Cookie-making-machine-300x225.webp 300w, https:\/\/topfoodmachine.com\/wp-content\/uploads\/2024\/04\/automatic-Cookie-making-machine-16x12.webp 16w\" sizes=\"auto, (max-width: 720px) 100vw, 720px\" \/><figcaption class=\"wp-element-caption\">m\u00e1quina autom\u00e1tica para hacer galletas<\/figcaption><\/figure>    <figure class=\"wp-block-image size-full\"><img loading=\"lazy\" decoding=\"async\" width=\"720\" height=\"540\" data-id=\"1246\" src=\"https:\/\/topfoodmachine.com\/wp-content\/uploads\/2024\/04\/effective-Cookie-making-machine.webp\" alt=\"m\u00e1quina efectiva para hacer galletas\" class=\"wp-image-1246\" srcset=\"https:\/\/topfoodmachine.com\/wp-content\/uploads\/2024\/04\/effective-Cookie-making-machine.webp 720w, https:\/\/topfoodmachine.com\/wp-content\/uploads\/2024\/04\/effective-Cookie-making-machine-300x225.webp 300w, https:\/\/topfoodmachine.com\/wp-content\/uploads\/2024\/04\/effective-Cookie-making-machine-16x12.webp 16w\" sizes=\"auto, (max-width: 720px) 100vw, 720px\" \/><figcaption class=\"wp-element-caption\">m\u00e1quina efectiva para hacer galletas<\/figcaption><\/figure> <\/figure>    <h2 class=\"wp-block-heading\">Diferentes tipos de m\u00e1quinas para hacer galletas<\/h2>    <p>En el \u00e1mbito de la producci\u00f3n de galletas, ofrecemos tres tipos diferentes de m\u00e1quinas para hacer galletas: modelo PLC, modelo mec\u00e1nico y modelo manual. Estas m\u00e1quinas pueden ayudarle a producir galletas de diversas formas, hermosa apariencia y rico sabor para satisfacer las necesidades de diferentes clientes. Echemos un vistazo a las caracter\u00edsticas y ventajas de cada tipo de m\u00e1quina para hacer galletas.<\/p>    <h3 class=\"wp-block-heading\">1. <strong>Modelo PLC<\/strong> M\u00e1quina de galletas: <\/h3>    <figure class=\"wp-block-image size-full\"><img loading=\"lazy\" decoding=\"async\" width=\"720\" height=\"540\" src=\"https:\/\/topfoodmachine.com\/wp-content\/uploads\/2024\/04\/PLC-Model-Cookie-Machine.webp\" alt=\"M\u00e1quina para galletas modelo PLC\" class=\"wp-image-1238\" srcset=\"https:\/\/topfoodmachine.com\/wp-content\/uploads\/2024\/04\/PLC-Model-Cookie-Machine.webp 720w, https:\/\/topfoodmachine.com\/wp-content\/uploads\/2024\/04\/PLC-Model-Cookie-Machine-300x225.webp 300w, https:\/\/topfoodmachine.com\/wp-content\/uploads\/2024\/04\/PLC-Model-Cookie-Machine-16x12.webp 16w\" sizes=\"auto, (max-width: 720px) 100vw, 720px\" \/><figcaption class=\"wp-element-caption\">M\u00e1quina para galletas modelo PLC<\/figcaption><\/figure>    <p>Entre nuestra gama de m\u00e1quinas para hacer galletas, el modelo PLC se destaca como una de las opciones m\u00e1s avanzadas disponibles. Este modelo es capaz de producir tanto galletas blandas como duras. Las galletas blandas se hacen extruyendo la masa a trav\u00e9s de rodillos, mientras que las galletas duras se cortan con un cortador de alambre. <\/p>    <p>Equipado con una pantalla PLC avanzada, esta m\u00e1quina permite un control preciso sobre el volumen de extrusi\u00f3n, el m\u00e9todo de torsi\u00f3n, la velocidad y m\u00e1s, asegurando formas y calidad de galletas consistentes.<\/p>    <h3 class=\"wp-block-heading\">2. <strong>Modelo mec\u00e1nico<\/strong> Fabricante de galletas: <\/h3>    <figure class=\"wp-block-image size-full\"><img loading=\"lazy\" decoding=\"async\" width=\"720\" height=\"540\" src=\"https:\/\/topfoodmachine.com\/wp-content\/uploads\/2024\/04\/Mechanical-Model-Biscuit-Maker.webp\" alt=\"Fabricante de galletas modelo mec\u00e1nico\" class=\"wp-image-1239\" srcset=\"https:\/\/topfoodmachine.com\/wp-content\/uploads\/2024\/04\/Mechanical-Model-Biscuit-Maker.webp 720w, https:\/\/topfoodmachine.com\/wp-content\/uploads\/2024\/04\/Mechanical-Model-Biscuit-Maker-300x225.webp 300w, https:\/\/topfoodmachine.com\/wp-content\/uploads\/2024\/04\/Mechanical-Model-Biscuit-Maker-16x12.webp 16w\" sizes=\"auto, (max-width: 720px) 100vw, 720px\" \/><figcaption class=\"wp-element-caption\">Fabricante de galletas modelo mec\u00e1nico<\/figcaption><\/figure>    <p>Adem\u00e1s del modelo PLC, tambi\u00e9n ofrecemos un modelo mec\u00e1nico de m\u00e1quina para hacer galletas. La principal diferencia radica en el sistema de control. A diferencia del modelo PLC, el modelo mec\u00e1nico no tiene una pantalla para el control. <\/p>    <p>Los ajustes deben hacerse manualmente, lo que puede ser un poco menos conveniente y preciso en comparaci\u00f3n con el modelo PLC. Sin embargo, a\u00fan ofrece un rendimiento confiable y es adecuado para producci\u00f3n a menor escala.<\/p>    <h3 class=\"wp-block-heading\">3. <strong>Modelo manual<\/strong> M\u00e1quina para hacer galletas: <\/h3>    <figure class=\"wp-block-image size-full\"><img loading=\"lazy\" decoding=\"async\" width=\"720\" height=\"540\" src=\"https:\/\/topfoodmachine.com\/wp-content\/uploads\/2024\/04\/Manual-Model-Cookie-Making-Machine.webp\" alt=\"M\u00e1quina para hacer galletas modelo manual\" class=\"wp-image-1240\" srcset=\"https:\/\/topfoodmachine.com\/wp-content\/uploads\/2024\/04\/Manual-Model-Cookie-Making-Machine.webp 720w, https:\/\/topfoodmachine.com\/wp-content\/uploads\/2024\/04\/Manual-Model-Cookie-Making-Machine-300x225.webp 300w, https:\/\/topfoodmachine.com\/wp-content\/uploads\/2024\/04\/Manual-Model-Cookie-Making-Machine-16x12.webp 16w\" sizes=\"auto, (max-width: 720px) 100vw, 720px\" \/><figcaption class=\"wp-element-caption\">M\u00e1quina para hacer galletas modelo manual<\/figcaption><\/figure>    <p>Aparte de los modelos autom\u00e1ticos PLC y mec\u00e1nicos, tambi\u00e9n ofrecemos un modelo manual de m\u00e1quina para hacer galletas. Esta m\u00e1quina semiautom\u00e1tica cuenta con un pedal para la extrusi\u00f3n y requiere operaci\u00f3n manual para el avance y la recuperaci\u00f3n de bandejas. <\/p>    <p>Equipado con una boquilla de extrusi\u00f3n de cobre y otros componentes fabricados en acero inoxidable 201, esta m\u00e1quina ofrece funcionalidad b\u00e1sica para hacer galletas. Adem\u00e1s, viene con 27 juegos de boquillas intercambiables, lo que permite a los clientes elegir seg\u00fan sus requisitos espec\u00edficos.<\/p>    <p>Ya sea que necesite el control preciso que ofrece el modelo PLC, la fiabilidad mec\u00e1nica del modelo mec\u00e1nico, o la funcionalidad b\u00e1sica proporcionada por el modelo manual, nuestra gama de m\u00e1quinas para hacer galletas se adapta a diversas necesidades y preferencias de producci\u00f3n.<\/p>    <h2 class=\"wp-block-heading\">Caracter\u00edsticas principales de la m\u00e1quina de galletas<\/h2>    <figure class=\"wp-block-image size-full\"><img loading=\"lazy\" decoding=\"async\" width=\"720\" height=\"540\" src=\"https:\/\/topfoodmachine.com\/wp-content\/uploads\/2024\/04\/Biscuit-depositor-for-sale.webp\" alt=\"depositador de galletas en venta\" class=\"wp-image-1241\" srcset=\"https:\/\/topfoodmachine.com\/wp-content\/uploads\/2024\/04\/Biscuit-depositor-for-sale.webp 720w, https:\/\/topfoodmachine.com\/wp-content\/uploads\/2024\/04\/Biscuit-depositor-for-sale-300x225.webp 300w, https:\/\/topfoodmachine.com\/wp-content\/uploads\/2024\/04\/Biscuit-depositor-for-sale-16x12.webp 16w\" sizes=\"auto, (max-width: 720px) 100vw, 720px\" \/><figcaption class=\"wp-element-caption\">depositador de galletas en venta<\/figcaption><\/figure>    <p>La m\u00e1quina formadora de galletas est\u00e1 dise\u00f1ada para facilitar su operaci\u00f3n, requiriendo solo una persona para controlar todo el proceso. Su amplia gama de aplicaciones la hace incre\u00edblemente vers\u00e1til. Puede producir eficientemente varios tipos de galletas, incluyendo galletas Jenny, galletas tradicionales, pasteles enteros, macarons, puffs, palitos de s\u00e9samo, pasteles de alga, pasteles de s\u00e9samo, pasteles de yema de huevo y m\u00e1s.<\/p>    <p>Equipado con un sistema de control PLC de motor servo, el depositador de galletas asegura una salida de producto precisa y consistente. Cada extrusora de masa produce galletas del mismo tama\u00f1o y forma, garantizando uniformidad y calidad en todos los lotes.<\/p>    <p>Esta m\u00e1quina cuenta con tecnolog\u00eda avanzada, ofreciendo control de peso preciso, operaci\u00f3n simplificada y un precio competitivo. Adem\u00e1s, puede integrarse sin problemas en una l\u00ednea de producci\u00f3n de galletas, trabajando en conjunto con un mezclador de masa, m\u00e1quina de hornear y otros equipos para optimizar el proceso de producci\u00f3n.<\/p>    <h2 class=\"wp-block-heading\">Un caso exitoso de m\u00e1quina formadora de galletas<\/h2>    <figure class=\"wp-block-gallery has-nested-images columns-default is-cropped wp-block-gallery-3 is-layout-flex wp-block-gallery-is-layout-flex\"> <figure class=\"wp-block-image size-large\"><img loading=\"lazy\" decoding=\"async\" width=\"720\" height=\"540\" data-id=\"1242\" src=\"https:\/\/topfoodmachine.com\/wp-content\/uploads\/2024\/04\/Biscuit-depositor-with-good-price.webp\" alt=\"depositador de galletas a buen precio\" class=\"wp-image-1242\" srcset=\"https:\/\/topfoodmachine.com\/wp-content\/uploads\/2024\/04\/Biscuit-depositor-with-good-price.webp 720w, https:\/\/topfoodmachine.com\/wp-content\/uploads\/2024\/04\/Biscuit-depositor-with-good-price-300x225.webp 300w, https:\/\/topfoodmachine.com\/wp-content\/uploads\/2024\/04\/Biscuit-depositor-with-good-price-16x12.webp 16w\" sizes=\"auto, (max-width: 720px) 100vw, 720px\" \/><figcaption class=\"wp-element-caption\">depositador de galletas a buen precio<\/figcaption><\/figure>    <figure class=\"wp-block-image size-large\"><img loading=\"lazy\" decoding=\"async\" width=\"720\" height=\"540\" data-id=\"1243\" src=\"https:\/\/topfoodmachine.com\/wp-content\/uploads\/2024\/04\/Cookie-making-machine-for-business.webp\" alt=\"m\u00e1quina para hacer galletas para negocios\" class=\"wp-image-1243\" srcset=\"https:\/\/topfoodmachine.com\/wp-content\/uploads\/2024\/04\/Cookie-making-machine-for-business.webp 720w, https:\/\/topfoodmachine.com\/wp-content\/uploads\/2024\/04\/Cookie-making-machine-for-business-300x225.webp 300w, https:\/\/topfoodmachine.com\/wp-content\/uploads\/2024\/04\/Cookie-making-machine-for-business-16x12.webp 16w\" sizes=\"auto, (max-width: 720px) 100vw, 720px\" \/><figcaption class=\"wp-element-caption\">m\u00e1quina para hacer galletas para negocios<\/figcaption><\/figure> <\/figure>    <p class=\"translation-block\">Recientemente completamos un caso exitoso de nuestra <a href=\"https:\/\/en.wikipedia.org\/wiki\/Cookie\" data-type=\"link\" data-id=\"https:\/\/en.wikipedia.org\/wiki\/Cookie\" target=\"_blank\" rel=\"noopener\">m\u00e1quina<\/a> formadora de galletas en los Estados Unidos. Nuestro cliente, una nueva empresa de fabricaci\u00f3n de galletas, necesitaba una m\u00e1quina eficiente capaz de producir varios tipos de galletas. Recomendamos nuestra m\u00e1quina formadora de galletas, conocida por su facilidad de operaci\u00f3n y versatilidad. <\/p>    <p>Equipado con un avanzado sistema de control PLC de motor servo, nuestra m\u00e1quina asegura un control de peso preciso y una calidad de producto consistente. El cliente estaba muy satisfecho con el rendimiento de la m\u00e1quina, que mejor\u00f3 significativamente su eficiencia de producci\u00f3n y calidad del producto. <\/p>    <p>Este caso exitoso demuestra a\u00fan m\u00e1s la experiencia de nuestra empresa en equipos de producci\u00f3n de galletas y fortalece nuestra posici\u00f3n en el mercado estadounidense.<\/p>    <figure class=\"wp-block-image size-full\"><img loading=\"lazy\" decoding=\"async\" width=\"720\" height=\"540\" src=\"https:\/\/topfoodmachine.com\/wp-content\/uploads\/2024\/04\/cookies.webp\" alt=\"galletas\" class=\"wp-image-1245\" srcset=\"https:\/\/topfoodmachine.com\/wp-content\/uploads\/2024\/04\/cookies.webp 720w, https:\/\/topfoodmachine.com\/wp-content\/uploads\/2024\/04\/cookies-300x225.webp 300w, https:\/\/topfoodmachine.com\/wp-content\/uploads\/2024\/04\/cookies-16x12.webp 16w\" sizes=\"auto, (max-width: 720px) 100vw, 720px\" \/><figcaption class=\"wp-element-caption\">galletas<\/figcaption><\/figure>    <h2 class=\"wp-block-heading\">Par\u00e1metros del depositador de galletas<\/h2>    <figure class=\"wp-block-table\"><table><tbody><tr><td>Modelo<\/td><td>TZ-400<\/td><\/tr><tr><td>Fuerza<\/td><td>1,5 KW<\/td><\/tr><tr><td>presi\u00f3n de aire<\/td><td>5-6kg\/m\u00b3<\/td><\/tr><tr><td>Voltaje<\/td><td>220V\/50HZ<\/td><\/tr><tr><td>Capacidad<\/td><td>100-180kg\/h<\/td><\/tr><tr><td>tama\u00f1o de la bandeja de hornear<\/td><td>600*400mm<\/td><\/tr><tr><td>tama\u00f1o del equipo<\/td><td>1460*960*1240mm<\/td><\/tr><tr><td>Peso<\/td><td>500KG<\/td><\/tr><\/tbody><\/table><figcaption class=\"wp-element-caption\">par\u00e1metros de la m\u00e1quina para hacer galletas<\/figcaption><\/figure>    <h2 class=\"wp-block-heading\">Invierte en nuestra m\u00e1quina para hacer galletas<\/h2>    <figure class=\"wp-block-image size-full\"><img loading=\"lazy\" decoding=\"async\" width=\"720\" height=\"540\" src=\"https:\/\/topfoodmachine.com\/wp-content\/uploads\/2024\/04\/high-quality-Cookie-making-machine.webp\" alt=\"m\u00e1quina para hacer galletas de alta calidad\" class=\"wp-image-1244\" srcset=\"https:\/\/topfoodmachine.com\/wp-content\/uploads\/2024\/04\/high-quality-Cookie-making-machine.webp 720w, https:\/\/topfoodmachine.com\/wp-content\/uploads\/2024\/04\/high-quality-Cookie-making-machine-300x225.webp 300w, https:\/\/topfoodmachine.com\/wp-content\/uploads\/2024\/04\/high-quality-Cookie-making-machine-16x12.webp 16w\" sizes=\"auto, (max-width: 720px) 100vw, 720px\" \/><figcaption class=\"wp-element-caption\">m\u00e1quina para hacer galletas de alta calidad<\/figcaption><\/figure>    <p>Al introducir nuestra m\u00e1quina para hacer galletas, no solo aumenta la eficiencia de producci\u00f3n, sino que tambi\u00e9n reduce los costos de producci\u00f3n mientras mejora la calidad del producto. Estamos comprometidos a proporcionarle la tecnolog\u00eda y el equipo m\u00e1s avanzados para satisfacer las demandas del mercado en constante cambio. <\/p>    <p>Elija nuestra m\u00e1quina para hacer galletas para hacer que su proceso de producci\u00f3n de galletas sea m\u00e1s inteligente, eficiente y sostenible, manteniendo as\u00ed una posici\u00f3n de liderazgo en el mercado competitivo. \u00a1Cont\u00e1ctenos ahora para aprender m\u00e1s sobre c\u00f3mo nuestra m\u00e1quina para hacer galletas puede ayudarle a elevar su nivel de producci\u00f3n!<\/p>","protected":false},"excerpt":{"rendered":"<p>La m\u00e1quina para hacer galletas es un dispositivo \u00fanico que extruye masa en varias formas para producir galletas.<\/p>","protected":false},"author":1,"featured_media":1236,"parent":0,"template":"","tags":[],"product-type":[6],"class_list":["post-1235","product","type-product","status-publish","has-post-thumbnail","hentry","product-type-pastry-production-machine"],"_links":{"self":[{"href":"https:\/\/topfoodmachine.com\/es\/wp-json\/wp\/v2\/product\/1235","targetHints":{"allow":["GET"]}}],"collection":[{"href":"https:\/\/topfoodmachine.com\/es\/wp-json\/wp\/v2\/product"}],"about":[{"href":"https:\/\/topfoodmachine.com\/es\/wp-json\/wp\/v2\/types\/product"}],"author":[{"embeddable":true,"href":"https:\/\/topfoodmachine.com\/es\/wp-json\/wp\/v2\/users\/1"}],"wp:featuredmedia":[{"embeddable":true,"href":"https:\/\/topfoodmachine.com\/es\/wp-json\/wp\/v2\/media\/1236"}],"wp:attachment":[{"href":"https:\/\/topfoodmachine.com\/es\/wp-json\/wp\/v2\/media?parent=1235"}],"wp:term":[{"taxonomy":"post_tag","embeddable":true,"href":"https:\/\/topfoodmachine.com\/es\/wp-json\/wp\/v2\/tags?post=1235"},{"taxonomy":"product-type","embeddable":true,"href":"https:\/\/topfoodmachine.com\/es\/wp-json\/wp\/v2\/product-type?post=1235"}],"curies":[{"name":"wp","href":"https:\/\/api.w.org\/{rel}","templated":true}]}}