{"id":1223,"date":"2024-04-29T09:19:31","date_gmt":"2024-04-29T01:19:31","guid":{"rendered":"https:\/\/topfoodmachine.com\/?post_type=product&#038;p=1223"},"modified":"2024-04-29T09:21:18","modified_gmt":"2024-04-29T01:21:18","slug":"cupcake-filling-machine","status":"publish","type":"product","link":"https:\/\/topfoodmachine.com\/es\/product\/cupcake-filling-machine\/","title":{"rendered":"m\u00e1quina de relleno de cupcakes\uff5cdepositador de masa para cupcakes"},"content":{"rendered":"<div class=\"kk-star-ratings kksr-auto kksr-align-left kksr-valign-top\"     data-payload='{&quot;align&quot;:&quot;left&quot;,&quot;id&quot;:&quot;1223&quot;,&quot;slug&quot;:&quot;default&quot;,&quot;valign&quot;:&quot;top&quot;,&quot;ignore&quot;:&quot;&quot;,&quot;reference&quot;:&quot;auto&quot;,&quot;class&quot;:&quot;&quot;,&quot;count&quot;:&quot;27&quot;,&quot;legendonly&quot;:&quot;&quot;,&quot;readonly&quot;:&quot;&quot;,&quot;score&quot;:&quot;4.6&quot;,&quot;starsonly&quot;:&quot;&quot;,&quot;best&quot;:&quot;5&quot;,&quot;gap&quot;:&quot;5&quot;,&quot;greet&quot;:&quot;Rate this product&quot;,&quot;legend&quot;:&quot;4.6\\\/5 - (27 votos)&quot;,&quot;size&quot;:&quot;24&quot;,&quot;title&quot;:&quot;Cupcake filling machine\uff5cCupcake batter depositor&quot;,&quot;width&quot;:&quot;130.9&quot;,&quot;_legend&quot;:&quot;{score}\\\/{best} - ({count} {votes})&quot;,&quot;font_factor&quot;:&quot;1.25&quot;}'>              <div class=\"kksr-stars\">      <div class=\"kksr-stars-inactive\">             <div class=\"kksr-star\" data-star=\"1\" style=\"padding-right: 5px\">               <div class=\"kksr-icon\" style=\"width: 24px; height: 24px;\"><\/div>         <\/div>             <div class=\"kksr-star\" data-star=\"2\" style=\"padding-right: 5px\">               <div class=\"kksr-icon\" style=\"width: 24px; height: 24px;\"><\/div>         <\/div>             <div class=\"kksr-star\" data-star=\"3\" style=\"padding-right: 5px\">               <div class=\"kksr-icon\" style=\"width: 24px; height: 24px;\"><\/div>         <\/div>             <div class=\"kksr-star\" data-star=\"4\" style=\"padding-right: 5px\">               <div class=\"kksr-icon\" style=\"width: 24px; height: 24px;\"><\/div>         <\/div>             <div class=\"kksr-star\" data-star=\"5\" style=\"padding-right: 5px\">               <div class=\"kksr-icon\" style=\"width: 24px; height: 24px;\"><\/div>         <\/div>     <\/div>      <div class=\"kksr-stars-active\" style=\"width: 130.9px;\">             <div class=\"kksr-star\" style=\"padding-right: 5px\">               <div class=\"kksr-icon\" style=\"width: 24px; height: 24px;\"><\/div>         <\/div>             <div class=\"kksr-star\" style=\"padding-right: 5px\">               <div class=\"kksr-icon\" style=\"width: 24px; height: 24px;\"><\/div>         <\/div>             <div class=\"kksr-star\" style=\"padding-right: 5px\">               <div class=\"kksr-icon\" style=\"width: 24px; height: 24px;\"><\/div>         <\/div>             <div class=\"kksr-star\" style=\"padding-right: 5px\">               <div class=\"kksr-icon\" style=\"width: 24px; height: 24px;\"><\/div>         <\/div>             <div class=\"kksr-star\" style=\"padding-right: 5px\">               <div class=\"kksr-icon\" style=\"width: 24px; height: 24px;\"><\/div>         <\/div>     <\/div> <\/div>                   <div class=\"kksr-legend\" style=\"font-size: 19.2px;\">             4,6\/5 - (27 votos)    <\/div>     <\/div>  <p>Nuestra m\u00e1quina autom\u00e1tica de llenado de cupcakes es una pieza crucial del equipo moderno de producci\u00f3n de pasteles, capaz de completar el proceso de llenado para cupcakes de una sola vez. A trav\u00e9s de m\u00faltiples rondas de desarrollo y mejora, nuestra m\u00e1quina de llenado de cupcakes ha logrado una operaci\u00f3n de control PLC inteligente, haciendo que tu proceso de producci\u00f3n sea m\u00e1s eficiente y automatizado.<\/p>    <p>Esta m\u00e1quina de llenado de cupcakes puede producir varios tipos de cupcakes rellenos, incluyendo pasteles esponjosos, cupcakes en papel, pasteles s\u00e1ndwich y m\u00e1s. Cualquier tipo de pastel que necesites, nuestra m\u00e1quina puede manejarlo perfectamente.<\/p>    <p>Ya seas un gran fabricante de pasteles o una panader\u00eda a peque\u00f1a escala, nuestra m\u00e1quina de llenado de cupcakes es tu mejor opci\u00f3n, \u00a1haciendo que tu proceso de producci\u00f3n sea m\u00e1s f\u00e1cil y eficiente!<\/p>    <figure class=\"wp-block-gallery has-nested-images columns-default is-cropped wp-block-gallery-2 is-layout-flex wp-block-gallery-is-layout-flex\"> <figure class=\"wp-block-image size-full\"><img loading=\"lazy\" decoding=\"async\" width=\"720\" height=\"540\" data-id=\"1225\" src=\"https:\/\/topfoodmachine.com\/wp-content\/uploads\/2024\/04\/automatic-Cupcake-batter-depositor.webp\" alt=\"depositador autom\u00e1tico de masa para cupcakes\" class=\"wp-image-1225\" srcset=\"https:\/\/topfoodmachine.com\/wp-content\/uploads\/2024\/04\/automatic-Cupcake-batter-depositor.webp 720w, https:\/\/topfoodmachine.com\/wp-content\/uploads\/2024\/04\/automatic-Cupcake-batter-depositor-300x225.webp 300w, https:\/\/topfoodmachine.com\/wp-content\/uploads\/2024\/04\/automatic-Cupcake-batter-depositor-16x12.webp 16w\" sizes=\"auto, (max-width: 720px) 100vw, 720px\" \/><figcaption class=\"wp-element-caption\">depositador autom\u00e1tico de masa para cupcakes<\/figcaption><\/figure>    <figure class=\"wp-block-image size-full\"><img loading=\"lazy\" decoding=\"async\" width=\"720\" height=\"540\" data-id=\"1233\" src=\"https:\/\/topfoodmachine.com\/wp-content\/uploads\/2024\/04\/Cupcake-filling-machine-for-sale.webp\" alt=\"m\u00e1quina de relleno de cupcakes en venta\" class=\"wp-image-1233\" srcset=\"https:\/\/topfoodmachine.com\/wp-content\/uploads\/2024\/04\/Cupcake-filling-machine-for-sale.webp 720w, https:\/\/topfoodmachine.com\/wp-content\/uploads\/2024\/04\/Cupcake-filling-machine-for-sale-300x225.webp 300w, https:\/\/topfoodmachine.com\/wp-content\/uploads\/2024\/04\/Cupcake-filling-machine-for-sale-16x12.webp 16w\" sizes=\"auto, (max-width: 720px) 100vw, 720px\" \/><figcaption class=\"wp-element-caption\">m\u00e1quina de relleno de cupcakes en venta<\/figcaption><\/figure> <\/figure>    <h2 class=\"wp-block-heading\">m\u00e1quina de relleno de cupcakes en venta<\/h2>    <p>Con una capacidad de producci\u00f3n de 200 kg\/hora y una capacidad de tolva de 60 litros, esta m\u00e1quina asegura una producci\u00f3n eficiente y continua.<\/p>    <p>Construido con acero inoxidable 201 de alta calidad, el cuerpo principal de la m\u00e1quina garantiza durabilidad e higiene. La cinta transportadora, hecha de material PU, es resistente al desgaste y adecuada para operaciones continuas a largo plazo.<\/p>    <p>Equipado con una pantalla PLC, puedes controlar f\u00e1cilmente el peso y la velocidad, lo que te permite ajustar los par\u00e1metros de producci\u00f3n de manera conveniente para satisfacer diferentes requisitos.<\/p>    <p>\u00a1Cont\u00e1ctanos ahora para hacer de nuestra m\u00e1quina de llenado de cupcakes un activo valioso para tu negocio de reposter\u00eda!<\/p>    <figure class=\"wp-block-image size-full\"><img loading=\"lazy\" decoding=\"async\" width=\"720\" height=\"540\" src=\"https:\/\/topfoodmachine.com\/wp-content\/uploads\/2024\/04\/batter-filling-machine-wih-good-price.webp\" alt=\"m\u00e1quina de llenado de masa a buen precio\" class=\"wp-image-1226\" srcset=\"https:\/\/topfoodmachine.com\/wp-content\/uploads\/2024\/04\/batter-filling-machine-wih-good-price.webp 720w, https:\/\/topfoodmachine.com\/wp-content\/uploads\/2024\/04\/batter-filling-machine-wih-good-price-300x225.webp 300w, https:\/\/topfoodmachine.com\/wp-content\/uploads\/2024\/04\/batter-filling-machine-wih-good-price-16x12.webp 16w\" sizes=\"auto, (max-width: 720px) 100vw, 720px\" \/><figcaption class=\"wp-element-caption\">m\u00e1quina de llenado de masa a buen precio<\/figcaption><\/figure>    <h2 class=\"wp-block-heading\">depositador de masa para cupcakes personalizado<\/h2>    <p>Nuestro depositador de masa para cupcakes est\u00e1 dise\u00f1ado para satisfacer las necesidades espec\u00edficas de producci\u00f3n de nuestros clientes. El n\u00famero de boquillas en nuestro depositador se puede personalizar seg\u00fan tus requisitos de producci\u00f3n.<\/p>    <p>Ofrecemos dos tama\u00f1os de bandejas est\u00e1ndar: 400*600mm y 460*660mm, pero tambi\u00e9n proporcionamos opciones de personalizaci\u00f3n para satisfacer tus requisitos espec\u00edficos de tama\u00f1o de bandeja. Adem\u00e1s, ofrecemos una variedad de formas de moldes para las bandejas. Si necesitas m\u00faltiples formas, puedes comprar bandejas adicionales con diferentes moldes.<\/p>    <p>Con nuestro depositador de masa para cupcakes personalizado, puedes adaptar tu proceso de producci\u00f3n de cupcakes para ajustarse a tus especificaciones exactas, asegurando eficiencia y consistencia en cada lote de cupcakes.<\/p>    <figure class=\"wp-block-image size-full\"><img loading=\"lazy\" decoding=\"async\" width=\"720\" height=\"540\" src=\"https:\/\/topfoodmachine.com\/wp-content\/uploads\/2024\/04\/customized-Cupcake-batter-depositor.webp\" alt=\"depositador de masa para cupcakes personalizado\" class=\"wp-image-1227\" srcset=\"https:\/\/topfoodmachine.com\/wp-content\/uploads\/2024\/04\/customized-Cupcake-batter-depositor.webp 720w, https:\/\/topfoodmachine.com\/wp-content\/uploads\/2024\/04\/customized-Cupcake-batter-depositor-300x225.webp 300w, https:\/\/topfoodmachine.com\/wp-content\/uploads\/2024\/04\/customized-Cupcake-batter-depositor-16x12.webp 16w\" sizes=\"auto, (max-width: 720px) 100vw, 720px\" \/><figcaption class=\"wp-element-caption\">depositador de masa para cupcakes personalizado<\/figcaption><\/figure>    <h2 class=\"wp-block-heading\">Ventajas de usar la m\u00e1quina de relleno de masa<\/h2>    <ol class=\"wp-block-list\"> <li><strong>Producci\u00f3n flexible<\/strong>: La m\u00e1quina cuenta con una pantalla t\u00e1ctil LCD importada y control PLC Mitsubishi, lo que permite un f\u00e1cil ajuste de par\u00e1metros. Puede registrar autom\u00e1ticamente los par\u00e1metros establecidos y ajustar los par\u00e1metros de operaci\u00f3n seg\u00fan sea necesario, asegurando una producci\u00f3n eficiente y personalizada.<\/li>    <li><strong>Cabezal de inyecci\u00f3n vers\u00e1til<\/strong>: El cabezal de inyecci\u00f3n para rellenar el pastel es reemplazable y puede personalizarse seg\u00fan las necesidades del cliente, proporcionando flexibilidad en la producci\u00f3n.<\/li>    <li><strong>Mejor calidad del pastel<\/strong>: El rodillo de relleno, impulsado por un motor servo de precisi\u00f3n, adopta un engranaje redondo de silicona para reducir el fen\u00f3meno de desespumado de la masa del pastel. Esto mejora significativamente la precisi\u00f3n del peso del pastel, asegurando una calidad consistente.<\/li>    <li><strong>Opciones de productos diversas<\/strong>: La m\u00e1quina depositora de pasteles permite la producci\u00f3n de cupcakes, pasteles rellenos y pasteles enteros. Esta flexibilidad permite la producci\u00f3n de una amplia variedad de productos de pasteler\u00eda, satisfaciendo diversas demandas de los clientes.<\/li>    <li><strong>Relleno consistente<\/strong>: La m\u00e1quina depositora de pasteles asegura que el gramaje del relleno del pastel producido sea consistente, eliminando el goteo excesivo y el desespumado. Esto resulta en pasteles de alta calidad y uniformes en cada lote.<\/li> <\/ol>    <figure class=\"wp-block-gallery has-nested-images columns-default is-cropped wp-block-gallery-3 is-layout-flex wp-block-gallery-is-layout-flex\"> <figure class=\"wp-block-image size-full\"><img loading=\"lazy\" decoding=\"async\" width=\"720\" height=\"540\" data-id=\"1228\" src=\"https:\/\/topfoodmachine.com\/wp-content\/uploads\/2024\/04\/commercial-Cupcake-filling-machine.webp\" alt=\"m\u00e1quina de llenado de cupcakes comercial\" class=\"wp-image-1228\" srcset=\"https:\/\/topfoodmachine.com\/wp-content\/uploads\/2024\/04\/commercial-Cupcake-filling-machine.webp 720w, https:\/\/topfoodmachine.com\/wp-content\/uploads\/2024\/04\/commercial-Cupcake-filling-machine-300x225.webp 300w, https:\/\/topfoodmachine.com\/wp-content\/uploads\/2024\/04\/commercial-Cupcake-filling-machine-16x12.webp 16w\" sizes=\"auto, (max-width: 720px) 100vw, 720px\" \/><figcaption class=\"wp-element-caption\">m\u00e1quina de llenado de cupcakes comercial<\/figcaption><\/figure>    <figure class=\"wp-block-image size-full\"><img loading=\"lazy\" decoding=\"async\" width=\"720\" height=\"540\" data-id=\"1234\" src=\"https:\/\/topfoodmachine.com\/wp-content\/uploads\/2024\/04\/industrial-batter-filling-machine.webp\" alt=\"m\u00e1quina de llenado de masa industrial\" class=\"wp-image-1234\" srcset=\"https:\/\/topfoodmachine.com\/wp-content\/uploads\/2024\/04\/industrial-batter-filling-machine.webp 720w, https:\/\/topfoodmachine.com\/wp-content\/uploads\/2024\/04\/industrial-batter-filling-machine-300x225.webp 300w, https:\/\/topfoodmachine.com\/wp-content\/uploads\/2024\/04\/industrial-batter-filling-machine-16x12.webp 16w\" sizes=\"auto, (max-width: 720px) 100vw, 720px\" \/><figcaption class=\"wp-element-caption\">m\u00e1quina de llenado de masa industrial<\/figcaption><\/figure> <\/figure>    <h2 class=\"wp-block-heading\">Aplicaciones de la m\u00e1quina de llenado de masa para cupcakes<\/h2>    <ol class=\"wp-block-list\"> <li><strong>Producci\u00f3n de panader\u00eda<\/strong>: Ideal para operaciones de panader\u00eda a gran escala, la m\u00e1quina de relleno de masa de cupcakes puede llenar eficientemente la masa de cupcakes en bandejas, asegurando tama\u00f1os de porci\u00f3n consistentes y reduciendo el tiempo de producci\u00f3n.<\/li>    <li><strong>Cocinas comerciales<\/strong>: Restaurantes, cafeter\u00edas y servicios de catering pueden usar la m\u00e1quina de relleno de masa de cupcakes para agilizar su proceso de producci\u00f3n de postres, asegurando uniformidad y calidad en cada cupcake.<\/li>    <li><strong>Personalizaci\u00f3n<\/strong>: La m\u00e1quina permite un f\u00e1cil ajuste de las cantidades de relleno, lo que la hace adecuada para rellenar cupcakes con diferentes tipos de masa, incluyendo vainilla, chocolate, terciopelo rojo y m\u00e1s.<\/li>    <li><strong>Cupcakes especiales<\/strong>: Perfecto para crear cupcakes rellenos con varios rellenos como mermeladas de frutas, cremas, ganache de chocolate o incluso rellenos salados para combinaciones de sabores \u00fanicas.<\/li> <\/ol>    <figure class=\"wp-block-gallery has-nested-images columns-default is-cropped wp-block-gallery-4 is-layout-flex wp-block-gallery-is-layout-flex\"> <figure class=\"wp-block-image size-large\"><img loading=\"lazy\" decoding=\"async\" width=\"720\" height=\"540\" data-id=\"1229\" src=\"https:\/\/topfoodmachine.com\/wp-content\/uploads\/2024\/04\/cake.webp\" alt=\"pastel\" class=\"wp-image-1229\" srcset=\"https:\/\/topfoodmachine.com\/wp-content\/uploads\/2024\/04\/cake.webp 720w, https:\/\/topfoodmachine.com\/wp-content\/uploads\/2024\/04\/cake-300x225.webp 300w, https:\/\/topfoodmachine.com\/wp-content\/uploads\/2024\/04\/cake-16x12.webp 16w\" sizes=\"auto, (max-width: 720px) 100vw, 720px\" \/><figcaption class=\"wp-element-caption\">pastel<\/figcaption><\/figure>    <figure class=\"wp-block-image size-large\"><img loading=\"lazy\" decoding=\"async\" width=\"720\" height=\"540\" data-id=\"1230\" src=\"https:\/\/topfoodmachine.com\/wp-content\/uploads\/2024\/04\/cupcake.webp\" alt=\"cupcake\" class=\"wp-image-1230\" srcset=\"https:\/\/topfoodmachine.com\/wp-content\/uploads\/2024\/04\/cupcake.webp 720w, https:\/\/topfoodmachine.com\/wp-content\/uploads\/2024\/04\/cupcake-300x225.webp 300w, https:\/\/topfoodmachine.com\/wp-content\/uploads\/2024\/04\/cupcake-16x12.webp 16w\" sizes=\"auto, (max-width: 720px) 100vw, 720px\" \/><figcaption class=\"wp-element-caption\">cupcake<\/figcaption><\/figure> <\/figure>    <h2 class=\"wp-block-heading\">Equipos de apoyo del llenador de cupcakes<\/h2>    <p>Nuestra m\u00e1quina de llenado de cupcakes se complementa perfectamente con nuestro horno rotativo. Juntos, forman una soluci\u00f3n perfecta para tus necesidades de reposter\u00eda. <\/p>    <p>El horno rotativo asegura una cocci\u00f3n uniforme, mientras que la m\u00e1quina de rellenar cupcakes llena con precisi\u00f3n cada cupcake con el relleno deseado. Esta combinaci\u00f3n optimiza su proceso de producci\u00f3n, asegurando eficiencia y consistencia en cada lote de cupcakes.<\/p>    <figure class=\"wp-block-image size-full\"><img loading=\"lazy\" decoding=\"async\" width=\"720\" height=\"540\" src=\"https:\/\/topfoodmachine.com\/wp-content\/uploads\/2024\/04\/rotary-oven.webp\" alt=\"horno rotativo\" class=\"wp-image-1232\" srcset=\"https:\/\/topfoodmachine.com\/wp-content\/uploads\/2024\/04\/rotary-oven.webp 720w, https:\/\/topfoodmachine.com\/wp-content\/uploads\/2024\/04\/rotary-oven-300x225.webp 300w, https:\/\/topfoodmachine.com\/wp-content\/uploads\/2024\/04\/rotary-oven-16x12.webp 16w\" sizes=\"auto, (max-width: 720px) 100vw, 720px\" \/><figcaption class=\"wp-element-caption\">horno rotativo<\/figcaption><\/figure>    <h2 class=\"wp-block-heading\">Par\u00e1metros de la m\u00e1quina de llenado de cupcakes<\/h2>    <figure class=\"wp-block-table\"><table><tbody><tr><td>Modelo<\/td><td>TZ-600<\/td><\/tr><tr><td>Tama\u00f1o<\/td><td>1.7*1.1*1.4m<\/td><\/tr><tr><td>Capacidad<\/td><td>120-240kg\/h<\/td><\/tr><tr><td>Fuerza<\/td><td>1,2 kw<\/td><\/tr><tr><td>Peso<\/td><td>380kg<\/td><\/tr><\/tbody><\/table><figcaption class=\"wp-element-caption\">par\u00e1metros de la m\u00e1quina de rellenar cupcakes<\/figcaption><\/figure>    <h2 class=\"wp-block-heading\">Cont\u00e1ctenos<\/h2>    <figure class=\"wp-block-image size-full\"><img loading=\"lazy\" decoding=\"async\" width=\"720\" height=\"540\" src=\"https:\/\/topfoodmachine.com\/wp-content\/uploads\/2024\/04\/Cupcake-batter-depositor.webp\" alt=\"depositador de masa para cupcakes\" class=\"wp-image-1231\" srcset=\"https:\/\/topfoodmachine.com\/wp-content\/uploads\/2024\/04\/Cupcake-batter-depositor.webp 720w, https:\/\/topfoodmachine.com\/wp-content\/uploads\/2024\/04\/Cupcake-batter-depositor-300x225.webp 300w, https:\/\/topfoodmachine.com\/wp-content\/uploads\/2024\/04\/Cupcake-batter-depositor-16x12.webp 16w\" sizes=\"auto, (max-width: 720px) 100vw, 720px\" \/><figcaption class=\"wp-element-caption\">depositador de masa para cupcakes<\/figcaption><\/figure>    <p class=\"translation-block\">Usando nuestro <a href=\"https:\/\/en.wikipedia.org\/wiki\/Cupcake\" data-type=\"link\" data-id=\"https:\/\/en.wikipedia.org\/wiki\/Cupcake\" target=\"_blank\" rel=\"noopener\">Cupcake<\/a> depositor de masa, puedes lograr sin esfuerzo una producci\u00f3n de cupcakes eficiente, consistente y diversificada. Ya sea que dirijas una gran panader\u00eda o una peque\u00f1a pasteler\u00eda, nuestro depositor puede ayudarte a aumentar la eficiencia de producci\u00f3n y asegurar una calidad y sabor consistentes en cada lote de cupcakes.<\/p>    <p>\u00a1Elija nuestro depositador de masa para cupcakes para hacer que su proceso de producci\u00f3n de pasteles sea m\u00e1s f\u00e1cil, eficiente y exitoso!<\/p>","protected":false},"excerpt":{"rendered":"<p>Nuestra m\u00e1quina autom\u00e1tica de relleno de cupcakes es una pieza crucial del equipo moderno de producci\u00f3n de pasteles, capaz de completar el proceso de relleno para cupcakes de una sola vez.<\/p>","protected":false},"author":1,"featured_media":1224,"parent":0,"template":"","tags":[],"product-type":[6],"class_list":["post-1223","product","type-product","status-publish","has-post-thumbnail","hentry","product-type-pastry-production-machine"],"_links":{"self":[{"href":"https:\/\/topfoodmachine.com\/es\/wp-json\/wp\/v2\/product\/1223","targetHints":{"allow":["GET"]}}],"collection":[{"href":"https:\/\/topfoodmachine.com\/es\/wp-json\/wp\/v2\/product"}],"about":[{"href":"https:\/\/topfoodmachine.com\/es\/wp-json\/wp\/v2\/types\/product"}],"author":[{"embeddable":true,"href":"https:\/\/topfoodmachine.com\/es\/wp-json\/wp\/v2\/users\/1"}],"wp:featuredmedia":[{"embeddable":true,"href":"https:\/\/topfoodmachine.com\/es\/wp-json\/wp\/v2\/media\/1224"}],"wp:attachment":[{"href":"https:\/\/topfoodmachine.com\/es\/wp-json\/wp\/v2\/media?parent=1223"}],"wp:term":[{"taxonomy":"post_tag","embeddable":true,"href":"https:\/\/topfoodmachine.com\/es\/wp-json\/wp\/v2\/tags?post=1223"},{"taxonomy":"product-type","embeddable":true,"href":"https:\/\/topfoodmachine.com\/es\/wp-json\/wp\/v2\/product-type?post=1223"}],"curies":[{"name":"wp","href":"https:\/\/api.w.org\/{rel}","templated":true}]}}