{"id":12,"date":"2022-07-12T02:20:40","date_gmt":"2022-07-12T02:20:40","guid":{"rendered":"https:\/\/topfoodmachine.com\/?post_type=product&#038;p=12"},"modified":"2026-04-27T17:54:12","modified_gmt":"2026-04-27T09:54:12","slug":"egg-grading-machine","status":"publish","type":"product","link":"https:\/\/topfoodmachine.com\/es\/product\/egg-grading-machine\/","title":{"rendered":"M\u00e1quina clasificadora de huevos"},"content":{"rendered":"<div class=\"kk-star-ratings kksr-auto kksr-align-left kksr-valign-top\"     data-payload='{&quot;align&quot;:&quot;left&quot;,&quot;id&quot;:&quot;12&quot;,&quot;slug&quot;:&quot;default&quot;,&quot;valign&quot;:&quot;top&quot;,&quot;ignore&quot;:&quot;&quot;,&quot;reference&quot;:&quot;auto&quot;,&quot;class&quot;:&quot;&quot;,&quot;count&quot;:&quot;14&quot;,&quot;legendonly&quot;:&quot;&quot;,&quot;readonly&quot;:&quot;&quot;,&quot;score&quot;:&quot;4.9&quot;,&quot;starsonly&quot;:&quot;&quot;,&quot;best&quot;:&quot;5&quot;,&quot;gap&quot;:&quot;5&quot;,&quot;greet&quot;:&quot;Rate this product&quot;,&quot;legend&quot;:&quot;4.9\\\/5 - (14 votos)&quot;,&quot;size&quot;:&quot;24&quot;,&quot;title&quot;:&quot;Egg Grading Machine&quot;,&quot;width&quot;:&quot;139.6&quot;,&quot;_legend&quot;:&quot;{score}\\\/{best} - ({count} {votes})&quot;,&quot;font_factor&quot;:&quot;1.25&quot;}'>              <div class=\"kksr-stars\">      <div class=\"kksr-stars-inactive\">             <div class=\"kksr-star\" data-star=\"1\" style=\"padding-right: 5px\">               <div class=\"kksr-icon\" style=\"width: 24px; height: 24px;\"><\/div>         <\/div>             <div class=\"kksr-star\" data-star=\"2\" style=\"padding-right: 5px\">               <div class=\"kksr-icon\" style=\"width: 24px; height: 24px;\"><\/div>         <\/div>             <div class=\"kksr-star\" data-star=\"3\" style=\"padding-right: 5px\">               <div class=\"kksr-icon\" style=\"width: 24px; height: 24px;\"><\/div>         <\/div>             <div class=\"kksr-star\" data-star=\"4\" style=\"padding-right: 5px\">               <div class=\"kksr-icon\" style=\"width: 24px; height: 24px;\"><\/div>         <\/div>             <div class=\"kksr-star\" data-star=\"5\" style=\"padding-right: 5px\">               <div class=\"kksr-icon\" style=\"width: 24px; height: 24px;\"><\/div>         <\/div>     <\/div>      <div class=\"kksr-stars-active\" style=\"width: 139.6px;\">             <div class=\"kksr-star\" style=\"padding-right: 5px\">               <div class=\"kksr-icon\" style=\"width: 24px; height: 24px;\"><\/div>         <\/div>             <div class=\"kksr-star\" style=\"padding-right: 5px\">               <div class=\"kksr-icon\" style=\"width: 24px; height: 24px;\"><\/div>         <\/div>             <div class=\"kksr-star\" style=\"padding-right: 5px\">               <div class=\"kksr-icon\" style=\"width: 24px; height: 24px;\"><\/div>         <\/div>             <div class=\"kksr-star\" style=\"padding-right: 5px\">               <div class=\"kksr-icon\" style=\"width: 24px; height: 24px;\"><\/div>         <\/div>             <div class=\"kksr-star\" style=\"padding-right: 5px\">               <div class=\"kksr-icon\" style=\"width: 24px; height: 24px;\"><\/div>         <\/div>     <\/div> <\/div>                   <div class=\"kksr-legend\" style=\"font-size: 19.2px;\">             4,9\/5 - (14 votos)    <\/div>     <\/div>  <p class=\"translation-block\">La <strong>M\u00e1quina de Clasificaci\u00f3n de Huevos<\/strong> automatiza el flujo de trabajo completo del procesamiento de huevos, incluyendo la entrega, la candelizaci\u00f3n y la clasificaci\u00f3n, permitiendo una clasificaci\u00f3n precisa y eficiente de los huevos por peso en 5 o 7 categor\u00edas. Con una capacidad de <strong>3,700 a 5,400 huevos por hora<\/strong>, esta m\u00e1quina es perfecta para granjas comerciales, plantas de envasado de huevos, restaurantes y f\u00e1bricas de alimentos a gran escala que requieren un manejo r\u00e1pido, confiable y delicado de los huevos.<\/p>    <p class=\"translation-block\">Dise\u00f1ada con durabilidad e higiene en mente, la <strong>M\u00e1quina de Clasificaci\u00f3n de Huevos<\/strong> est\u00e1 disponible en versiones de acero inoxidable y acero al carbono, lo que la hace adecuada para diversos entornos de producci\u00f3n. Caracter\u00edsticas opcionales como una impresora integrada y una m\u00e1quina de envasado de huevos mejoran la eficiencia y optimizan las operaciones. <\/p>    <p>Nuestro equipo de clasificaci\u00f3n de huevos garantiza una m\u00ednima rotura durante el procesamiento, preservando la calidad y maximizando el rendimiento. Con una clasificaci\u00f3n precisa, una producci\u00f3n constante y una reducci\u00f3n del trabajo manual, esta m\u00e1quina es una inversi\u00f3n esencial para la producci\u00f3n moderna de huevos. Para obtener m\u00e1s detalles, especificaciones y una lista de precios gratuita, por favor cont\u00e1ctenos hoy mismo.<\/p>    <figure class=\"wp-block-embed is-type-video is-provider-youtube wp-block-embed-youtube wp-embed-aspect-16-9 wp-has-aspect-ratio\"><div class=\"wp-block-embed__wrapper\"> <iframe loading=\"lazy\" title=\"Aumente su velocidad de clasificaci\u00f3n de huevos con nuestra m\u00e1quina de clasificaci\u00f3n de vanguardia #huevo #clasificaci\u00f3n #m\u00e1quina de alimentos\" width=\"500\" height=\"281\" src=\"https:\/\/www.youtube.com\/embed\/TC5W5L2YfeM?feature=oembed\" frameborder=\"0\" allow=\"accelerometer; autoplay; clipboard-write; encrypted-media; gyroscope; picture-in-picture; web-share\" referrerpolicy=\"strict-origin-when-cross-origin\" allowfullscreen><\/iframe> <\/div><figcaption class=\"wp-element-caption\">video de trabajo de la m\u00e1quina de clasificaci\u00f3n de huevos<\/figcaption><\/figure>    <h2 class=\"wp-block-heading\">\u00bfPor qu\u00e9 necesita comprar una m\u00e1quina clasificadora de huevos?<\/h2>    <div class=\"wp-block-media-text is-stacked-on-mobile\"><figure class=\"wp-block-media-text__media\"><img loading=\"lazy\" decoding=\"async\" width=\"720\" height=\"540\" src=\"https:\/\/topfoodmachine.com\/wp-content\/uploads\/2022\/07\/automatic-egg-grading-machine.webp\" alt=\"clasificadora autom\u00e1tica de huevos\" class=\"wp-image-1605 size-full\" srcset=\"https:\/\/topfoodmachine.com\/wp-content\/uploads\/2022\/07\/automatic-egg-grading-machine.webp 720w, https:\/\/topfoodmachine.com\/wp-content\/uploads\/2022\/07\/automatic-egg-grading-machine-300x225.webp 300w, https:\/\/topfoodmachine.com\/wp-content\/uploads\/2022\/07\/automatic-egg-grading-machine-16x12.webp 16w\" sizes=\"auto, (max-width: 720px) 100vw, 720px\" \/><\/figure><div class=\"wp-block-media-text__content\"> <p>Los huevos var\u00edan en peso, por lo que la clasificaci\u00f3n precisa es clave para una calidad consistente y ventas en el mercado. <\/p>    <p>Una m\u00e1quina autom\u00e1tica de clasificaci\u00f3n de huevos agiliza este proceso al clasificar los huevos por peso con alta eficiencia y capacidad, superando con creces los m\u00e9todos manuales. <\/p>    <p>Es una inversi\u00f3n inteligente para aumentar la productividad y cumplir con los est\u00e1ndares del mercado.<\/p> <\/div><\/div>    <h2 class=\"wp-block-heading\">\u00bfC\u00f3mo funciona la clasificadora de huevos?<\/h2>    <div class=\"wp-block-media-text has-media-on-the-right is-stacked-on-mobile\"><div class=\"wp-block-media-text__content\"> <ul class=\"wp-block-list\"> <li><strong>Carga manual de huevos<\/strong>. Los huevos se colocan manualmente en la cinta transportadora, uno por uno o utilizando un recogedor de huevos para una carga m\u00e1s r\u00e1pida.<\/li>    <li><strong>Inspecci\u00f3n de candela<\/strong>. Un dispositivo de candela posicionado en el medio de la cinta transportadora ilumina los huevos para detectar y eliminar huevos de calidad inferior, como los agrietados, amarillentos o deformes.<\/li> <\/ul> <\/div><figure class=\"wp-block-media-text__media\"><img loading=\"lazy\" decoding=\"async\" width=\"720\" height=\"540\" src=\"https:\/\/topfoodmachine.com\/wp-content\/uploads\/2022\/07\/commercial-egg-sorting-machine.jpg\" alt=\"m\u00e1quina comercial de clasificaci\u00f3n de huevos\" class=\"wp-image-155 size-full\" srcset=\"https:\/\/topfoodmachine.com\/wp-content\/uploads\/2022\/07\/commercial-egg-sorting-machine.jpg 720w, https:\/\/topfoodmachine.com\/wp-content\/uploads\/2022\/07\/commercial-egg-sorting-machine-300x225.jpg 300w\" sizes=\"auto, (max-width: 720px) 100vw, 720px\" \/><\/figure><\/div>    <div class=\"wp-block-media-text is-stacked-on-mobile\"><figure class=\"wp-block-media-text__media\"><img loading=\"lazy\" decoding=\"async\" width=\"720\" height=\"540\" src=\"https:\/\/topfoodmachine.com\/wp-content\/uploads\/2022\/07\/TZ-5400-large-scale-egg-sorting-machine.jpg\" alt=\"M\u00e1quina clasificadora de huevos a gran escala TZ-5400\" class=\"wp-image-158 size-full\" srcset=\"https:\/\/topfoodmachine.com\/wp-content\/uploads\/2022\/07\/TZ-5400-large-scale-egg-sorting-machine.jpg 720w, https:\/\/topfoodmachine.com\/wp-content\/uploads\/2022\/07\/TZ-5400-large-scale-egg-sorting-machine-300x225.jpg 300w\" sizes=\"auto, (max-width: 720px) 100vw, 720px\" \/><\/figure><div class=\"wp-block-media-text__content\"> <ul class=\"wp-block-list\"> <li><strong class=\"\">Clasificaci\u00f3n mec\u00e1nica<\/strong>. Los huevos se mueven al \u00e1rea de clasificaci\u00f3n donde un sistema mec\u00e1nico de pesaje los categoriza seg\u00fan su peso.<\/li>    <li><strong>Recolecci\u00f3n de huevos<\/strong>. Los huevos clasificados se dejan caer sobre una tabla de clasificaci\u00f3n y luego se recogen manualmente seg\u00fan sus respectivas categor\u00edas.<\/li> <\/ul> <\/div><\/div>    <h2 class=\"wp-block-heading\">M\u00e1quina clasificadora de huevos peque\u00f1a TZ-4000 a la venta<\/h2>    <p>La m\u00e1quina de clasificaci\u00f3n de huevos TZ-4000 est\u00e1 dise\u00f1ada para manejar eficientemente hasta 4,000 huevos por hora, lo que la convierte en una opci\u00f3n confiable para empresas con necesidades moderadas de procesamiento de huevos. Esta m\u00e1quina puede clasificar con precisi\u00f3n los huevos en 7 categor\u00edas de peso diferentes con una precisi\u00f3n de \u00b11 gramo.<\/p>    <div class=\"wp-block-media-text has-media-on-the-right is-stacked-on-mobile\"><div class=\"wp-block-media-text__content\"> <ul class=\"wp-block-list\"> <li><strong>Capacidad:<\/strong> 4,000 huevos por hora.<\/li>    <li><strong>Precisi\u00f3n:<\/strong> pesa los huevos con una precisi\u00f3n de \u00b11 gramo.<\/li>    <li><strong>Niveles de clasificaci\u00f3n:<\/strong> hasta 7 categor\u00edas de peso diferentes.<\/li>    <li><strong>Dimensiones:<\/strong> 1700*1450*1000mm.<\/li>    <li><strong>Material:<\/strong> disponible en acero inoxidable 304 o acero al carbono, seg\u00fan tus necesidades y presupuesto espec\u00edficos.<\/li>    <li><strong>Fuente de alimentaci\u00f3n:<\/strong> operaci\u00f3n est\u00e1ndar de 220V, 50HZ, monof\u00e1sica.<\/li> <\/ul> <\/div><figure class=\"wp-block-media-text__media\"><img loading=\"lazy\" decoding=\"async\" width=\"720\" height=\"540\" src=\"https:\/\/topfoodmachine.com\/wp-content\/uploads\/2022\/07\/egg-grader-machine.webp\" alt=\"m\u00e1quina clasificadora de huevos\" class=\"wp-image-1606 size-full\" srcset=\"https:\/\/topfoodmachine.com\/wp-content\/uploads\/2022\/07\/egg-grader-machine.webp 720w, https:\/\/topfoodmachine.com\/wp-content\/uploads\/2022\/07\/egg-grader-machine-300x225.webp 300w, https:\/\/topfoodmachine.com\/wp-content\/uploads\/2022\/07\/egg-grader-machine-16x12.webp 16w\" sizes=\"auto, (max-width: 720px) 100vw, 720px\" \/><\/figure><\/div>    <p>Adem\u00e1s de sus caracter\u00edsticas robustas, el TZ-4000 ofrece potentes opciones de personalizaci\u00f3n para satisfacer sus requisitos espec\u00edficos. Esta m\u00e1quina combina materiales duraderos, pesaje preciso, precios competitivos y operaci\u00f3n f\u00e1cil de usar, lo que la convierte en una excelente inversi\u00f3n para el procesamiento de huevos.<\/p>    <h2 class=\"wp-block-heading\">M\u00e1quina clasificadora a gran escala TZ-5400 a la venta<\/h2>    <p>El TZ-5400 es una m\u00e1quina de clasificaci\u00f3n de huevos de alta capacidad, capaz de procesar hasta 5,400 huevos por hora. Este modelo ofrece una mejora significativa en capacidad en comparaci\u00f3n con el TZ-4000, lo que lo hace ideal para empresas con mayores necesidades de producci\u00f3n.<\/p>    <div class=\"wp-block-media-text is-stacked-on-mobile\"><figure class=\"wp-block-media-text__media\"><img loading=\"lazy\" decoding=\"async\" width=\"720\" height=\"540\" src=\"https:\/\/topfoodmachine.com\/wp-content\/uploads\/2022\/07\/egg-grading-machine-for-sale.webp\" alt=\"m\u00e1quina de clasificaci\u00f3n de huevos en venta\" class=\"wp-image-1607 size-full\" srcset=\"https:\/\/topfoodmachine.com\/wp-content\/uploads\/2022\/07\/egg-grading-machine-for-sale.webp 720w, https:\/\/topfoodmachine.com\/wp-content\/uploads\/2022\/07\/egg-grading-machine-for-sale-300x225.webp 300w, https:\/\/topfoodmachine.com\/wp-content\/uploads\/2022\/07\/egg-grading-machine-for-sale-16x12.webp 16w\" sizes=\"auto, (max-width: 720px) 100vw, 720px\" \/><\/figure><div class=\"wp-block-media-text__content\"> <ul class=\"wp-block-list\"> <li><strong>Capacidad:<\/strong> 5,400 huevos por hora.<\/li>    <li><strong>Precisi\u00f3n:<\/strong> clasifica los huevos con una precisi\u00f3n de \u00b11 gramo.<\/li>    <li><strong>Niveles de clasificaci\u00f3n:<\/strong> capaz de clasificar huevos en hasta 5 categor\u00edas de peso diferentes.<\/li>    <li><strong>Material:<\/strong> disponible en acero inoxidable 304 o acero al carbono, dependiendo de tu preferencia y presupuesto.<\/li>    <li><strong>Fuente de alimentaci\u00f3n:<\/strong> funciona con energ\u00eda de 220V, 50HZ, monof\u00e1sica.<\/li> <\/ul> <\/div><\/div>    <p>El TZ-5400 no solo clasifica huevos, sino que tambi\u00e9n completa autom\u00e1ticamente el proceso de candela, asegurando eficiencia y precisi\u00f3n. Adecuado para clasificar huevos de gallina y pato, esta m\u00e1quina est\u00e1 dise\u00f1ada para satisfacer las demandas de entornos de alta producci\u00f3n. <\/p>    <p>Adem\u00e1s, ofrecemos servicios personalizados para adaptar la m\u00e1quina a sus requisitos espec\u00edficos, incluyendo la adaptaci\u00f3n a diferentes est\u00e1ndares de pa\u00eds. Para m\u00e1s informaci\u00f3n detallada, no dude en contactarnos.<\/p>    <h2 class=\"wp-block-heading\">Datos t\u00e9cnicos de nuestra m\u00e1quina clasificadora de huevos<\/h2>    <figure class=\"wp-block-table\"><table><tbody><tr><td>Modelo<\/td><td>TZ-4000A<\/td><td>TZ-4000B<\/td><td>TZ-5400A<\/td><td>TZ-5400B<\/td><\/tr><tr><td>Tama\u00f1o<\/td><td>1700*1450*1000mm<\/td><td>1700*1450*1000mm<\/td><td>1850*1600*1000mm<\/td><td>1850*1600*1000mm<\/td><\/tr><tr><td>Capacidad<\/td><td>4000 piezas\/hora<\/td><td>4000 piezas\/hora<\/td><td>5400 piezas\/hora<\/td><td>5400 piezas\/hora<\/td><\/tr><tr><td>Voltaje<\/td><td>220v, 50hz, frase \u00fanica<\/td><td>220v, 50hz, frase \u00fanica<\/td><td>220v, 50hz, fase \u00fanica<\/td><td>220v, 50hz, frase \u00fanica<\/td><\/tr><tr><td>Peso neto<\/td><td>160kg<\/td><td>150 kilos &nbsp;<\/td><td>200 kilos<\/td><td>180kg<\/td><\/tr><tr><td>Fuerza<\/td><td>218w<\/td><td>320w<\/td><td>227w<\/td><td>380w<\/td><\/tr><tr><td>Exactitud<\/td><td>\u00b11g<\/td><td>\u00b11g<\/td><td>\u00b11g<\/td><td>\u00b11g<\/td><\/tr><tr><td>Material<\/td><td>acero inoxidable 304<\/td><td>Acero carbono<\/td><td>acero inoxidable 304<\/td><td>Acero carbono<\/td><\/tr><tr><td>Calificaci\u00f3n<\/td><td>7 niveles<\/td><td>7 niveles<\/td><td>5 niveles<\/td><td>5 niveles<\/td><\/tr><tr><td>Funci\u00f3n<\/td><td>clasificaci\u00f3n y candela<\/td><td>clasificaci\u00f3n y candela<\/td><td>clasificaci\u00f3n y candela<\/td><td>clasificaci\u00f3n y candela<\/td><\/tr><\/tbody><\/table><figcaption class=\"wp-element-caption\">par\u00e1metros de la m\u00e1quina de clasificaci\u00f3n de huevos<\/figcaption><\/figure>    <h2 class=\"wp-block-heading\">Caracter\u00edsticas de rendimiento de la m\u00e1quina clasificadora de huevos<\/h2>    <div class=\"wp-block-media-text has-media-on-the-right is-stacked-on-mobile\"><div class=\"wp-block-media-text__content\"> <ul class=\"wp-block-list\"> <li><strong>Opciones de material<\/strong>. Disponible en acero inoxidable o acero al carbono para satisfacer diferentes demandas y presupuestos.<\/li>    <li><strong>Clasificaci\u00f3n de precisi\u00f3n.<\/strong> Clasifica con precisi\u00f3n los huevos en hasta 7 grados con una precisi\u00f3n de \u00b11g.<\/li>    <li><strong>Alta eficiencia<\/strong>. Cuenta con un dispositivo de succi\u00f3n de huevos para una carga r\u00e1pida, mejorando la eficiencia de clasificaci\u00f3n.<\/li> <\/ul> <\/div><figure class=\"wp-block-media-text__media\"><img loading=\"lazy\" decoding=\"async\" width=\"720\" height=\"540\" src=\"https:\/\/topfoodmachine.com\/wp-content\/uploads\/2022\/07\/egg-sorting-machine.webp\" alt=\"maquina clasificadora de huevos\" class=\"wp-image-1609 size-full\" srcset=\"https:\/\/topfoodmachine.com\/wp-content\/uploads\/2022\/07\/egg-sorting-machine.webp 720w, https:\/\/topfoodmachine.com\/wp-content\/uploads\/2022\/07\/egg-sorting-machine-300x225.webp 300w, https:\/\/topfoodmachine.com\/wp-content\/uploads\/2022\/07\/egg-sorting-machine-16x12.webp 16w\" sizes=\"auto, (max-width: 720px) 100vw, 720px\" \/><\/figure><\/div>    <div class=\"wp-block-media-text is-stacked-on-mobile\"><figure class=\"wp-block-media-text__media\"><img loading=\"lazy\" decoding=\"async\" width=\"720\" height=\"540\" src=\"https:\/\/topfoodmachine.com\/wp-content\/uploads\/2022\/07\/egg-grading-machine-price.webp\" alt=\"precio de la m\u00e1quina de clasificaci\u00f3n de huevos\" class=\"wp-image-1608 size-full\" srcset=\"https:\/\/topfoodmachine.com\/wp-content\/uploads\/2022\/07\/egg-grading-machine-price.webp 720w, https:\/\/topfoodmachine.com\/wp-content\/uploads\/2022\/07\/egg-grading-machine-price-300x225.webp 300w, https:\/\/topfoodmachine.com\/wp-content\/uploads\/2022\/07\/egg-grading-machine-price-16x12.webp 16w\" sizes=\"auto, (max-width: 720px) 100vw, 720px\" \/><\/figure><div class=\"wp-block-media-text__content\"> <ul class=\"wp-block-list\"> <li><strong>Automatizaci\u00f3n.<\/strong> Automatiza el pesaje, clasificaci\u00f3n y clasificaci\u00f3n de huevos, con detecci\u00f3n \u00f3ptica para embriones y grietas.<\/li>    <li><strong>Personalizable.<\/strong> Modelos ajustables con opciones para niveles de clasificaci\u00f3n, precisi\u00f3n y otros par\u00e1metros.<\/li>    <li><strong>Vers\u00e1til.<\/strong> Adecuado para varios tipos de huevos, incluidos huevos de pato, ganso y codorniz.<\/li>    <li><strong>Integraci\u00f3n.<\/strong> Se puede combinar con m\u00e1quinas de lavado y codificaci\u00f3n de huevos para una l\u00ednea de procesamiento completa.<\/li> <\/ul> <\/div><\/div>    <h2 class=\"wp-block-heading\">Preguntas frecuentes sobre la m\u00e1quina clasificadora de huevos<\/h2>   <div id=\"rank-math-faq\" class=\"rank-math-block\"> <div class=\"rank-math-list\"> <div id=\"faq-question-1724309816375\" class=\"rank-math-list-item\"> <h3 class=\"rank-math-question\"><strong>\u00bfCu\u00e1les son el voltaje y la potencia de la m\u00e1quina clasificadora de huevos?<\/strong><\/h3> <div class=\"rank-math-answer\">  <p>Las opciones de voltaje y potencia est\u00e1ndar de la m\u00e1quina son 220V, 50Hz, monof\u00e1sica, o 380V, 50Hz, trif\u00e1sica. Si tiene requisitos espec\u00edficos, podemos personalizar el voltaje y la potencia para satisfacer sus necesidades.<\/p>  <\/div> <\/div> <div id=\"faq-question-1724309872692\" class=\"rank-math-list-item\"> <h3 class=\"rank-math-question\"><strong>\u00bfCu\u00e1l es la garant\u00eda de servicio postventa de la m\u00e1quina?<\/strong><\/h3> <div class=\"rank-math-answer\">  <p>Proporcionamos una garant\u00eda de un a\u00f1o para la m\u00e1quina y continuamos en contacto con nuestros clientes incluso despu\u00e9s de que finaliza el per\u00edodo de garant\u00eda.<\/p>  <\/div> <\/div> <div id=\"faq-question-1724309926940\" class=\"rank-math-list-item\"> <h3 class=\"rank-math-question\"><strong>\u00bfC\u00f3mo instalar la m\u00e1quina clasificadora de huevos para nosotros?<\/strong><\/h3> <div class=\"rank-math-answer\">  <p>Ofrecemos soporte para la instalaci\u00f3n de la m\u00e1quina a trav\u00e9s de correo electr\u00f3nico, llamadas de voz y videollamadas. Si es necesario, tambi\u00e9n podemos organizar que nuestros ingenieros calificados brinden instrucci\u00f3n t\u00e9cnica en el sitio.<\/p>  <\/div> <\/div> <\/div> <\/div>   <figure class=\"wp-block-gallery has-nested-images columns-default is-cropped wp-block-gallery-2 is-layout-flex wp-block-gallery-is-layout-flex\"> <figure class=\"wp-block-image size-full\"><img loading=\"lazy\" decoding=\"async\" width=\"720\" height=\"540\" data-id=\"1610\" src=\"https:\/\/topfoodmachine.com\/wp-content\/uploads\/2022\/07\/industrial-egg-grading-machine.webp\" alt=\"m\u00e1quina industrial de clasificaci\u00f3n de huevos\" class=\"wp-image-1610\" srcset=\"https:\/\/topfoodmachine.com\/wp-content\/uploads\/2022\/07\/industrial-egg-grading-machine.webp 720w, https:\/\/topfoodmachine.com\/wp-content\/uploads\/2022\/07\/industrial-egg-grading-machine-300x225.webp 300w, https:\/\/topfoodmachine.com\/wp-content\/uploads\/2022\/07\/industrial-egg-grading-machine-16x12.webp 16w\" sizes=\"auto, (max-width: 720px) 100vw, 720px\" \/><figcaption class=\"wp-element-caption\">m\u00e1quina industrial de clasificaci\u00f3n de huevos<\/figcaption><\/figure>    <figure class=\"wp-block-image size-full\"><img loading=\"lazy\" decoding=\"async\" width=\"720\" height=\"540\" data-id=\"2205\" src=\"https:\/\/topfoodmachine.com\/wp-content\/uploads\/2022\/07\/egg-grader.webp\" alt=\"clasificador de huevos\" class=\"wp-image-2205\" srcset=\"https:\/\/topfoodmachine.com\/wp-content\/uploads\/2022\/07\/egg-grader.webp 720w, https:\/\/topfoodmachine.com\/wp-content\/uploads\/2022\/07\/egg-grader-300x225.webp 300w, https:\/\/topfoodmachine.com\/wp-content\/uploads\/2022\/07\/egg-grader-16x12.webp 16w\" sizes=\"auto, (max-width: 720px) 100vw, 720px\" \/><figcaption class=\"wp-element-caption\">clasificador de huevos<\/figcaption><\/figure> <\/figure>    <h2 class=\"wp-block-heading\">\u00a1Cont\u00e1ctenos para la cotizaci\u00f3n!<\/h2>    <p class=\"translation-block\">Nuestras m\u00e1quinas de clasificaci\u00f3n de <a href=\"https:\/\/en.wikipedia.org\/wiki\/Egg\" data-type=\"link\" data-id=\"https:\/\/en.wikipedia.org\/wiki\/Egg\" target=\"_blank\" rel=\"noopener\">huevos<\/a> son completamente autom\u00e1ticas y multifuncionales, dise\u00f1adas para clasificar varios tipos de huevos, incluidos los de gallina, pato, gallo y ganso. Ofrecemos dos modelos: el TZ-4000 y el TZ-5400, ambos disponibles en acero inoxidable o acero al carbono para adaptarse a diferentes presupuestos y necesidades. <\/p>    <p class=\"translation-block\">Estas m\u00e1quinas tambi\u00e9n se pueden integrar con <a href=\"https:\/\/topfoodmachine.com\/es\/product\/egg-washing-machine\/\" data-type=\"link\" data-id=\"https:\/\/topfoodmachine.com\/product\/egg-washing-machine\/\">m\u00e1quinas de lavado de huevos<\/a> y m\u00e1quinas de impresi\u00f3n de huevos para crear una l\u00ednea completa de procesamiento de huevos. Todo el equipo est\u00e1 disponible en Taizy Machinery. Cont\u00e1ctenos hoy para m\u00e1s detalles.<\/p>","protected":false},"excerpt":{"rendered":"<p>La M\u00e1quina de Clasificaci\u00f3n de Huevos automatiza el flujo de trabajo completo del procesamiento de huevos, incluyendo la entrega, la candelizaci\u00f3n y la clasificaci\u00f3n, permitiendo una clasificaci\u00f3n precisa y eficiente de los huevos por peso en 5 o 7 categor\u00edas.<\/p>","protected":false},"author":1,"featured_media":154,"parent":0,"template":"","tags":[79],"product-type":[7],"class_list":["post-12","product","type-product","status-publish","has-post-thumbnail","hentry","tag-egg-grading-machine","product-type-egg-meat-processing-machine"],"_links":{"self":[{"href":"https:\/\/topfoodmachine.com\/es\/wp-json\/wp\/v2\/product\/12","targetHints":{"allow":["GET"]}}],"collection":[{"href":"https:\/\/topfoodmachine.com\/es\/wp-json\/wp\/v2\/product"}],"about":[{"href":"https:\/\/topfoodmachine.com\/es\/wp-json\/wp\/v2\/types\/product"}],"author":[{"embeddable":true,"href":"https:\/\/topfoodmachine.com\/es\/wp-json\/wp\/v2\/users\/1"}],"wp:featuredmedia":[{"embeddable":true,"href":"https:\/\/topfoodmachine.com\/es\/wp-json\/wp\/v2\/media\/154"}],"wp:attachment":[{"href":"https:\/\/topfoodmachine.com\/es\/wp-json\/wp\/v2\/media?parent=12"}],"wp:term":[{"taxonomy":"post_tag","embeddable":true,"href":"https:\/\/topfoodmachine.com\/es\/wp-json\/wp\/v2\/tags?post=12"},{"taxonomy":"product-type","embeddable":true,"href":"https:\/\/topfoodmachine.com\/es\/wp-json\/wp\/v2\/product-type?post=12"}],"curies":[{"name":"wp","href":"https:\/\/api.w.org\/{rel}","templated":true}]}}