{"id":1149,"date":"2024-02-23T15:32:41","date_gmt":"2024-02-23T07:32:41","guid":{"rendered":"https:\/\/topfoodmachine.com\/?post_type=product&#038;p=1149"},"modified":"2024-09-26T16:07:12","modified_gmt":"2024-09-26T08:07:12","slug":"meatball-making-machine","status":"publish","type":"product","link":"https:\/\/topfoodmachine.com\/es\/product\/meatball-making-machine\/","title":{"rendered":"maquina para hacer albondigas"},"content":{"rendered":"<div class=\"kk-star-ratings kksr-auto kksr-align-left kksr-valign-top\"     data-payload='{&quot;align&quot;:&quot;left&quot;,&quot;id&quot;:&quot;1149&quot;,&quot;slug&quot;:&quot;default&quot;,&quot;valign&quot;:&quot;top&quot;,&quot;ignore&quot;:&quot;&quot;,&quot;reference&quot;:&quot;auto&quot;,&quot;class&quot;:&quot;&quot;,&quot;count&quot;:&quot;15&quot;,&quot;legendonly&quot;:&quot;&quot;,&quot;readonly&quot;:&quot;&quot;,&quot;score&quot;:&quot;4.8&quot;,&quot;starsonly&quot;:&quot;&quot;,&quot;best&quot;:&quot;5&quot;,&quot;gap&quot;:&quot;5&quot;,&quot;greet&quot;:&quot;Rate this product&quot;,&quot;legend&quot;:&quot;4.8\\\/5 - (15 votos)&quot;,&quot;size&quot;:&quot;24&quot;,&quot;title&quot;:&quot;Meatball making machine&quot;,&quot;width&quot;:&quot;136.7&quot;,&quot;_legend&quot;:&quot;{score}\\\/{best} - ({count} {votes})&quot;,&quot;font_factor&quot;:&quot;1.25&quot;}'>              <div class=\"kksr-stars\">      <div class=\"kksr-stars-inactive\">             <div class=\"kksr-star\" data-star=\"1\" style=\"padding-right: 5px\">               <div class=\"kksr-icon\" style=\"width: 24px; height: 24px;\"><\/div>         <\/div>             <div class=\"kksr-star\" data-star=\"2\" style=\"padding-right: 5px\">               <div class=\"kksr-icon\" style=\"width: 24px; height: 24px;\"><\/div>         <\/div>             <div class=\"kksr-star\" data-star=\"3\" style=\"padding-right: 5px\">               <div class=\"kksr-icon\" style=\"width: 24px; height: 24px;\"><\/div>         <\/div>             <div class=\"kksr-star\" data-star=\"4\" style=\"padding-right: 5px\">               <div class=\"kksr-icon\" style=\"width: 24px; height: 24px;\"><\/div>         <\/div>             <div class=\"kksr-star\" data-star=\"5\" style=\"padding-right: 5px\">               <div class=\"kksr-icon\" style=\"width: 24px; height: 24px;\"><\/div>         <\/div>     <\/div>      <div class=\"kksr-stars-active\" style=\"width: 136.7px;\">             <div class=\"kksr-star\" style=\"padding-right: 5px\">               <div class=\"kksr-icon\" style=\"width: 24px; height: 24px;\"><\/div>         <\/div>             <div class=\"kksr-star\" style=\"padding-right: 5px\">               <div class=\"kksr-icon\" style=\"width: 24px; height: 24px;\"><\/div>         <\/div>             <div class=\"kksr-star\" style=\"padding-right: 5px\">               <div class=\"kksr-icon\" style=\"width: 24px; height: 24px;\"><\/div>         <\/div>             <div class=\"kksr-star\" style=\"padding-right: 5px\">               <div class=\"kksr-icon\" style=\"width: 24px; height: 24px;\"><\/div>         <\/div>             <div class=\"kksr-star\" style=\"padding-right: 5px\">               <div class=\"kksr-icon\" style=\"width: 24px; height: 24px;\"><\/div>         <\/div>     <\/div> <\/div>                   <div class=\"kksr-legend\" style=\"font-size: 19.2px;\">             4,8\/5 - (15 votos)    <\/div>     <\/div>  <p>La m\u00e1quina para hacer alb\u00f3ndigas est\u00e1 construida con acero inoxidable de grado alimenticio 304, la m\u00e1quina asegura tanto durabilidad como higiene, lo que la hace ideal para uso comercial. Capaz de producir hasta 280 alb\u00f3ndigas por minuto, aumenta significativamente la productividad en comparaci\u00f3n con los m\u00e9todos manuales. <\/p>    <p>La m\u00e1quina incluye tres moldes est\u00e1ndar que producen alb\u00f3ndigas en tama\u00f1os de 20 mm, 25 mm y 30 mm, con la opci\u00f3n de personalizar moldes para diferentes tama\u00f1os seg\u00fan los requisitos del cliente. <\/p>    <p>Esta m\u00e1quina vers\u00e1til puede formar varios tipos de alb\u00f3ndigas, como de pescado, carne de res, cerdo y pollo, ofreciendo un control preciso tanto sobre el tama\u00f1o como sobre la velocidad de producci\u00f3n. <\/p>    <figure class=\"wp-block-embed is-type-video is-provider-youtube wp-block-embed-youtube wp-embed-aspect-16-9 wp-has-aspect-ratio\"><div class=\"wp-block-embed__wrapper\"> <iframe loading=\"lazy\" title=\"De la carne a lo maravilloso: \u00a1Mira nuestra m\u00e1quina para hacer alb\u00f3ndigas en acci\u00f3n! #procesamiento de alimentos #carne\" width=\"500\" height=\"281\" src=\"https:\/\/www.youtube.com\/embed\/IAoD-nwgU70?feature=oembed\" frameborder=\"0\" allow=\"accelerometer; autoplay; clipboard-write; encrypted-media; gyroscope; picture-in-picture; web-share\" referrerpolicy=\"strict-origin-when-cross-origin\" allowfullscreen><\/iframe> <\/div><figcaption class=\"wp-element-caption\">Proceso de trabajo de la m\u00e1quina para hacer alb\u00f3ndigas<\/figcaption><\/figure>    <h2 class=\"wp-block-heading\">Caracter\u00edsticas clave de la m\u00e1quina para hacer alb\u00f3ndigas<\/h2>    <ul class=\"wp-block-list\"> <li><strong>Aplicaciones vers\u00e1tiles<\/strong>: esta m\u00e1quina puede producir una amplia variedad de alb\u00f3ndigas, incluyendo alb\u00f3ndigas de res, cerdo, pollo y pescado. Tambi\u00e9n ofrece diferentes configuraciones para hacer tanto alb\u00f3ndigas s\u00f3lidas como rellenas para satisfacer diversas necesidades culinarias.<\/li>    <li><strong>Alta capacidad<\/strong>: la m\u00e1quina opera a alta velocidad, formando hasta 280 piezas por minuto, lo que la hace perfecta para producci\u00f3n a gran escala sin comprometer la calidad.<\/li>    <li><strong>Material premium<\/strong>: hecha de acero inoxidable 304 grueso y equipada con un motor de alambre de cobre duradero, la m\u00e1quina garantiza una larga vida \u00fatil, asegurando un rendimiento confiable y eficiente con un mantenimiento m\u00ednimo.<\/li> <\/ul>    <figure class=\"wp-block-gallery has-nested-images columns-default is-cropped wp-block-gallery-2 is-layout-flex wp-block-gallery-is-layout-flex\"> <figure class=\"wp-block-image size-full\"><img loading=\"lazy\" decoding=\"async\" width=\"720\" height=\"540\" data-id=\"1151\" src=\"https:\/\/topfoodmachine.com\/wp-content\/uploads\/2024\/02\/exported-Meatball-making-machine.webp\" alt=\"M\u00e1quina para hacer alb\u00f3ndigas exportada\" class=\"wp-image-1151\" srcset=\"https:\/\/topfoodmachine.com\/wp-content\/uploads\/2024\/02\/exported-Meatball-making-machine.webp 720w, https:\/\/topfoodmachine.com\/wp-content\/uploads\/2024\/02\/exported-Meatball-making-machine-300x225.webp 300w\" sizes=\"auto, (max-width: 720px) 100vw, 720px\" \/><figcaption class=\"wp-element-caption\">M\u00e1quina para hacer alb\u00f3ndigas exportada<\/figcaption><\/figure>    <figure class=\"wp-block-image\"><img loading=\"lazy\" decoding=\"async\" width=\"720\" height=\"540\" data-id=\"1641\" src=\"https:\/\/topfoodmachine.com\/wp-content\/uploads\/2024\/02\/meatball.webp\" alt=\"alb\u00f3ndiga\" class=\"wp-image-1641\" srcset=\"https:\/\/topfoodmachine.com\/wp-content\/uploads\/2024\/02\/meatball.webp 720w, https:\/\/topfoodmachine.com\/wp-content\/uploads\/2024\/02\/meatball-300x225.webp 300w, https:\/\/topfoodmachine.com\/wp-content\/uploads\/2024\/02\/meatball-16x12.webp 16w\" sizes=\"auto, (max-width: 720px) 100vw, 720px\" \/><figcaption class=\"wp-element-caption\">alb\u00f3ndiga<\/figcaption><\/figure> <\/figure>    <h2 class=\"wp-block-heading\">\u00bfC\u00f3mo funciona la m\u00e1quina para hacer alb\u00f3ndigas?<\/h2>    <p class=\"translation-block\">La <strong>m\u00e1quina para hacer alb\u00f3ndigas<\/strong> opera a trav\u00e9s de un proceso optimizado dise\u00f1ado para maximizar la eficiencia y la consistencia en la producci\u00f3n. A continuaci\u00f3n se presenta un esquema de c\u00f3mo funciona.<\/p>    <div class=\"wp-block-media-text has-media-on-the-right is-stacked-on-mobile\"><div class=\"wp-block-media-text__content\"> <ul class=\"wp-block-list\"> <li><strong>Molienda de carne<\/strong>. El proceso comienza moliendo la carne para lograr la textura deseada, facilitando su formaci\u00f3n en alb\u00f3ndigas m\u00e1s tarde.<\/li>    <li><strong>Pulido de carne<\/strong>. La carne molida se refina utilizando una m\u00e1quina de pulido de carne, transform\u00e1ndola en una pasta m\u00e1s suave y fina para mejorar la consistencia.<\/li>    <li><strong>Formando alb\u00f3ndigas<\/strong>. La pasta de carne se transfiere a la m\u00e1quina de hacer alb\u00f3ndigas, que la da forma en bolas uniformes de varios tama\u00f1os, asegurando una alta producci\u00f3n y formas consistentes a un ritmo r\u00e1pido.<\/li> <\/ul> <\/div><figure class=\"wp-block-media-text__media\"><img loading=\"lazy\" decoding=\"async\" width=\"720\" height=\"540\" src=\"https:\/\/topfoodmachine.com\/wp-content\/uploads\/2024\/02\/Meatball-making-machine-for-business.webp\" alt=\"M\u00e1quina para hacer alb\u00f3ndigas para empresas.\" class=\"wp-image-1152 size-full\" srcset=\"https:\/\/topfoodmachine.com\/wp-content\/uploads\/2024\/02\/Meatball-making-machine-for-business.webp 720w, https:\/\/topfoodmachine.com\/wp-content\/uploads\/2024\/02\/Meatball-making-machine-for-business-300x225.webp 300w\" sizes=\"auto, (max-width: 720px) 100vw, 720px\" \/><\/figure><\/div>    <p>Con este proceso, la m\u00e1quina ofrece tanto velocidad como precisi\u00f3n, convirti\u00e9ndola en una herramienta indispensable para entornos de producci\u00f3n de alimentos de alto volumen.<\/p>    <h2 class=\"wp-block-heading\">M\u00e1quinas de soporte de la m\u00e1quina para hacer alb\u00f3ndigas.<\/h2>    <p class=\"translation-block\">Para mejorar la funcionalidad de la <strong>m\u00e1quina para hacer alb\u00f3ndigas<\/strong>, se puede integrar una variedad de equipos de apoyo en la l\u00ednea de producci\u00f3n, haciendo que todo el proceso sea m\u00e1s eficiente y vers\u00e1til. Aqu\u00ed hay un resumen de las m\u00e1quinas de apoyo clave.<\/p>    <div class=\"wp-block-media-text is-stacked-on-mobile\"><figure class=\"wp-block-media-text__media\"><img loading=\"lazy\" decoding=\"async\" width=\"720\" height=\"540\" src=\"https:\/\/topfoodmachine.com\/wp-content\/uploads\/2023\/10\/meat-grinder.webp\" alt=\"picadora de carne\" class=\"wp-image-806 size-full\" srcset=\"https:\/\/topfoodmachine.com\/wp-content\/uploads\/2023\/10\/meat-grinder.webp 720w, https:\/\/topfoodmachine.com\/wp-content\/uploads\/2023\/10\/meat-grinder-300x225.webp 300w\" sizes=\"auto, (max-width: 720px) 100vw, 720px\" \/><\/figure><div class=\"wp-block-media-text__content\"> <h3 class=\"wp-block-heading\"><strong><a href=\"https:\/\/topfoodmachine.com\/es\/product\/automatic-meat-grinder\/\" data-type=\"link\" data-id=\"https:\/\/topfoodmachine.com\/product\/automatic-meat-grinder\/\">maquina para picar carne<\/a><\/strong><\/h3>    <p>Esta m\u00e1quina es esencial para transformar carne cruda en pasta de carne finamente molida, que sirve como material base para hacer alb\u00f3ndigas. <\/p>    <p>Al usar un molino de carne antes de la m\u00e1quina para hacer alb\u00f3ndigas, aseguras la consistencia y textura de la carne, lo que lleva a alb\u00f3ndigas uniformes y de alta calidad.<\/p> <\/div><\/div>    <div class=\"wp-block-media-text has-media-on-the-right is-stacked-on-mobile\"><div class=\"wp-block-media-text__content\"> <h3 class=\"wp-block-heading\"><strong><a href=\"https:\/\/topfoodmachine.com\/es\/product\/fish-meat-bone-separating-machine\/\" data-type=\"link\" data-id=\"https:\/\/topfoodmachine.com\/product\/fish-meat-bone-separating-machine\/\">M\u00e1quina separadora de carne y huesos de pescado<\/a><\/strong><\/h3>    <p>Si est\u00e1s produciendo alb\u00f3ndigas a base de pescado, esta m\u00e1quina separa la carne de pescado de los huesos, simplificando el proceso de preparaci\u00f3n. <\/p>    <p>Una vez que el pescado est\u00e1 deshuesado, la pasta de pescado se puede usar directamente en la m\u00e1quina para hacer alb\u00f3ndigas para crear bolas de pescado suaves y bien formadas.<\/p> <\/div><figure class=\"wp-block-media-text__media\"><img loading=\"lazy\" decoding=\"async\" width=\"720\" height=\"540\" src=\"https:\/\/topfoodmachine.com\/wp-content\/uploads\/2023\/10\/fish-meat-separating-machine.webp\" alt=\"maquina separadora de carne de pescado\" class=\"wp-image-828 size-full\" srcset=\"https:\/\/topfoodmachine.com\/wp-content\/uploads\/2023\/10\/fish-meat-separating-machine.webp 720w, https:\/\/topfoodmachine.com\/wp-content\/uploads\/2023\/10\/fish-meat-separating-machine-300x225.webp 300w\" sizes=\"auto, (max-width: 720px) 100vw, 720px\" \/><\/figure><\/div>    <p>Estas m\u00e1quinas complementarias mejoran tanto la velocidad de producci\u00f3n como la calidad del producto, haci\u00e9ndolas indispensables en entornos de procesamiento de alimentos a gran escala. <\/p>    <h2 class=\"wp-block-heading\">Par\u00e1metros t\u00e9cnicos de la m\u00e1quina para hacer alb\u00f3ndigas.<\/h2>    <figure class=\"wp-block-table\"><table><tbody><tr><td>Modelo<\/td><td>TZ-100<\/td><\/tr><tr><td>Tama\u00f1o<\/td><td>400*700*1230mm<\/td><\/tr><tr><td>Peso<\/td><td>80kg<\/td><\/tr><tr><td>Voltaje<\/td><td>220 V, 50 Hz<\/td><\/tr><tr><td>Material<\/td><td>304ss<\/td><\/tr><tr><td>Fuerza<\/td><td>1,1 kw<\/td><\/tr><tr><td>Capacidad<\/td><td>280PCS\/minuto<\/td><\/tr><\/tbody><\/table><figcaption class=\"wp-element-caption\">Especificaci\u00f3n de la m\u00e1quina de alb\u00f3ndigas<\/figcaption><\/figure>    <h2 class=\"wp-block-heading\">Un caso exitoso de fabricante de alb\u00f3ndigas<\/h2>    <p>Una f\u00e1brica de procesamiento de carne de tama\u00f1o mediano mejor\u00f3 significativamente su eficiencia de producci\u00f3n y calidad del producto al implementar nuestro equipo. <\/p>    <figure class=\"wp-block-image size-full\"><img loading=\"lazy\" decoding=\"async\" width=\"720\" height=\"540\" src=\"https:\/\/topfoodmachine.com\/wp-content\/uploads\/2024\/02\/Meatball-making-machine-for-sale.webp\" alt=\"Vendo maquina para hacer alb\u00f3ndigas\" class=\"wp-image-1153\" srcset=\"https:\/\/topfoodmachine.com\/wp-content\/uploads\/2024\/02\/Meatball-making-machine-for-sale.webp 720w, https:\/\/topfoodmachine.com\/wp-content\/uploads\/2024\/02\/Meatball-making-machine-for-sale-300x225.webp 300w\" sizes=\"auto, (max-width: 720px) 100vw, 720px\" \/><figcaption class=\"wp-element-caption\">Vendo maquina para hacer alb\u00f3ndigas<\/figcaption><\/figure>    <p>Anteriormente, la f\u00e1brica depend\u00eda de m\u00e9todos manuales tradicionales para la producci\u00f3n de alb\u00f3ndigas, lo que resultaba en una baja producci\u00f3n y altos costos laborales. Desde que adoptaron nuestra m\u00e1quina autom\u00e1tica para hacer alb\u00f3ndigas, su producci\u00f3n aument\u00f3 en un 50%, lo que les permite crear constantemente alb\u00f3ndigas uniformemente formadas y de alta calidad. <\/p>    <p>Adem\u00e1s, la facilidad de operaci\u00f3n de la m\u00e1quina y sus caracter\u00edsticas de limpieza conveniente redujeron tanto el tiempo de trabajo como los costos de limpieza. El cliente expres\u00f3 una alta satisfacci\u00f3n con nuestro equipo y planea invertir en m\u00e1s m\u00e1quinas en el futuro para satisfacer la creciente demanda del mercado.<\/p>    <h2 class=\"wp-block-heading\">Conclusi\u00f3n<\/h2>    <figure class=\"wp-block-image size-full\"><img loading=\"lazy\" decoding=\"async\" width=\"720\" height=\"540\" src=\"https:\/\/topfoodmachine.com\/wp-content\/uploads\/2024\/02\/Meatball-making-machine-with-a-good-price.webp\" alt=\"M\u00e1quina para hacer alb\u00f3ndigas a buen precio.\" class=\"wp-image-1154\" srcset=\"https:\/\/topfoodmachine.com\/wp-content\/uploads\/2024\/02\/Meatball-making-machine-with-a-good-price.webp 720w, https:\/\/topfoodmachine.com\/wp-content\/uploads\/2024\/02\/Meatball-making-machine-with-a-good-price-300x225.webp 300w\" sizes=\"auto, (max-width: 720px) 100vw, 720px\" \/><figcaption class=\"wp-element-caption\">M\u00e1quina para hacer alb\u00f3ndigas a buen precio.<\/figcaption><\/figure>    <p>Ideal para restaurantes, servicios de catering y empresas de procesamiento de alimentos a gran escala, esta m\u00e1quina es una inversi\u00f3n valiosa que simplifica las operaciones y satisface las crecientes demandas del mercado. <\/p>    <p class=\"translation-block\">Eleva tu <a href=\"https:\/\/en.wikipedia.org\/wiki\/Meatball\" target=\"_blank\" rel=\"noopener\">producci\u00f3n de alb\u00f3ndigas<\/a> y logra resultados excepcionales con nuestro equipo confiable y f\u00e1cil de usar.<\/p>    <p><\/p>","protected":false},"excerpt":{"rendered":"<p>La m\u00e1quina para hacer alb\u00f3ndigas est\u00e1 construida con acero inoxidable de grado alimenticio 304, lo que garantiza tanto durabilidad como higiene, haci\u00e9ndola ideal para uso comercial.<\/p>","protected":false},"author":1,"featured_media":1150,"parent":0,"template":"","tags":[88,87],"product-type":[7],"class_list":["post-1149","product","type-product","status-publish","has-post-thumbnail","hentry","tag-meatball-maker","tag-meatball-making-machine","product-type-egg-meat-processing-machine"],"_links":{"self":[{"href":"https:\/\/topfoodmachine.com\/es\/wp-json\/wp\/v2\/product\/1149","targetHints":{"allow":["GET"]}}],"collection":[{"href":"https:\/\/topfoodmachine.com\/es\/wp-json\/wp\/v2\/product"}],"about":[{"href":"https:\/\/topfoodmachine.com\/es\/wp-json\/wp\/v2\/types\/product"}],"author":[{"embeddable":true,"href":"https:\/\/topfoodmachine.com\/es\/wp-json\/wp\/v2\/users\/1"}],"wp:featuredmedia":[{"embeddable":true,"href":"https:\/\/topfoodmachine.com\/es\/wp-json\/wp\/v2\/media\/1150"}],"wp:attachment":[{"href":"https:\/\/topfoodmachine.com\/es\/wp-json\/wp\/v2\/media?parent=1149"}],"wp:term":[{"taxonomy":"post_tag","embeddable":true,"href":"https:\/\/topfoodmachine.com\/es\/wp-json\/wp\/v2\/tags?post=1149"},{"taxonomy":"product-type","embeddable":true,"href":"https:\/\/topfoodmachine.com\/es\/wp-json\/wp\/v2\/product-type?post=1149"}],"curies":[{"name":"wp","href":"https:\/\/api.w.org\/{rel}","templated":true}]}}