{"id":1139,"date":"2024-02-18T15:11:54","date_gmt":"2024-02-18T07:11:54","guid":{"rendered":"https:\/\/topfoodmachine.com\/?post_type=product&#038;p=1139"},"modified":"2024-03-01T14:11:16","modified_gmt":"2024-03-01T06:11:16","slug":"mashed-potato-machine","status":"publish","type":"product","link":"https:\/\/topfoodmachine.com\/es\/product\/mashed-potato-machine\/","title":{"rendered":"M\u00e1quina para hacer pur\u00e9 de patatas \u4e28 Machacador de patatas"},"content":{"rendered":"<div class=\"kk-star-ratings kksr-auto kksr-align-left kksr-valign-top\"     data-payload='{&quot;align&quot;:&quot;left&quot;,&quot;id&quot;:&quot;1139&quot;,&quot;slug&quot;:&quot;default&quot;,&quot;valign&quot;:&quot;top&quot;,&quot;ignore&quot;:&quot;&quot;,&quot;reference&quot;:&quot;auto&quot;,&quot;class&quot;:&quot;&quot;,&quot;count&quot;:&quot;9&quot;,&quot;legendonly&quot;:&quot;&quot;,&quot;readonly&quot;:&quot;&quot;,&quot;score&quot;:&quot;4.5&quot;,&quot;starsonly&quot;:&quot;&quot;,&quot;best&quot;:&quot;5&quot;,&quot;gap&quot;:&quot;5&quot;,&quot;greet&quot;:&quot;Rate this product&quot;,&quot;legend&quot;:&quot;4.5\\\/5 - (9 votos)&quot;,&quot;size&quot;:&quot;24&quot;,&quot;title&quot;:&quot;Mashed potato machine\u4e28Potato masher&quot;,&quot;width&quot;:&quot;128&quot;,&quot;_legend&quot;:&quot;{score}\\\/{best} - ({count} {votes})&quot;,&quot;font_factor&quot;:&quot;1.25&quot;}'>              <div class=\"kksr-stars\">      <div class=\"kksr-stars-inactive\">             <div class=\"kksr-star\" data-star=\"1\" style=\"padding-right: 5px\">               <div class=\"kksr-icon\" style=\"width: 24px; height: 24px;\"><\/div>         <\/div>             <div class=\"kksr-star\" data-star=\"2\" style=\"padding-right: 5px\">               <div class=\"kksr-icon\" style=\"width: 24px; height: 24px;\"><\/div>         <\/div>             <div class=\"kksr-star\" data-star=\"3\" style=\"padding-right: 5px\">               <div class=\"kksr-icon\" style=\"width: 24px; height: 24px;\"><\/div>         <\/div>             <div class=\"kksr-star\" data-star=\"4\" style=\"padding-right: 5px\">               <div class=\"kksr-icon\" style=\"width: 24px; height: 24px;\"><\/div>         <\/div>             <div class=\"kksr-star\" data-star=\"5\" style=\"padding-right: 5px\">               <div class=\"kksr-icon\" style=\"width: 24px; height: 24px;\"><\/div>         <\/div>     <\/div>      <div class=\"kksr-stars-active\" style=\"width: 128px;\">             <div class=\"kksr-star\" style=\"padding-right: 5px\">               <div class=\"kksr-icon\" style=\"width: 24px; height: 24px;\"><\/div>         <\/div>             <div class=\"kksr-star\" style=\"padding-right: 5px\">               <div class=\"kksr-icon\" style=\"width: 24px; height: 24px;\"><\/div>         <\/div>             <div class=\"kksr-star\" style=\"padding-right: 5px\">               <div class=\"kksr-icon\" style=\"width: 24px; height: 24px;\"><\/div>         <\/div>             <div class=\"kksr-star\" style=\"padding-right: 5px\">               <div class=\"kksr-icon\" style=\"width: 24px; height: 24px;\"><\/div>         <\/div>             <div class=\"kksr-star\" style=\"padding-right: 5px\">               <div class=\"kksr-icon\" style=\"width: 24px; height: 24px;\"><\/div>         <\/div>     <\/div> <\/div>                   <div class=\"kksr-legend\" style=\"font-size: 19.2px;\">             4.5\/5 - (9 votos)    <\/div>     <\/div>  <p>La m\u00e1quina para hacer pur\u00e9 de patatas es un aparato de cocina revolucionario dise\u00f1ado para simplificar el proceso de elaboraci\u00f3n de pur\u00e9 de patatas, ofreci\u00e9ndole una experiencia de cocci\u00f3n m\u00e1s c\u00f3moda y eficiente. <\/p>    <p>Con su dise\u00f1o avanzado y potente rendimiento, esta m\u00e1quina agiliza al m\u00e1ximo el proceso tradicional de elaboraci\u00f3n de pur\u00e9 de patatas, permiti\u00e9ndole disfrutar de un pur\u00e9 de patatas suave y cremoso con solo pulsar un bot\u00f3n. <\/p>    <p>Ya sea para cocinar en familia todos los d\u00edas o para atender las demandas de la cocina a gran escala, la m\u00e1quina para hacer pur\u00e9 de papas est\u00e1 a la altura de la tarea, liber\u00e1ndolo del engorroso trabajo manual y produciendo sin esfuerzo un pur\u00e9 de papas perfecto para elevar su mesa de comedor con deliciosas opciones.<\/p>    <figure class=\"wp-block-image size-full\"><img loading=\"lazy\" decoding=\"async\" width=\"720\" height=\"540\" src=\"https:\/\/topfoodmachine.com\/wp-content\/uploads\/2024\/02\/automatic-Mashed-potato-machine.webp\" alt=\"m\u00e1quina autom\u00e1tica de pur\u00e9 de patatas\" class=\"wp-image-1141\" srcset=\"https:\/\/topfoodmachine.com\/wp-content\/uploads\/2024\/02\/automatic-Mashed-potato-machine.webp 720w, https:\/\/topfoodmachine.com\/wp-content\/uploads\/2024\/02\/automatic-Mashed-potato-machine-300x225.webp 300w\" sizes=\"auto, (max-width: 720px) 100vw, 720px\" \/><figcaption class=\"wp-element-caption\">m\u00e1quina autom\u00e1tica de pur\u00e9 de patatas<\/figcaption><\/figure>    <h2 class=\"wp-block-heading\">Materiales adecuados para la m\u00e1quina de pur\u00e9 de patatas.<\/h2>    <p>La m\u00e1quina para hacer pur\u00e9 de papas est\u00e1 dise\u00f1ada para procesar una variedad de ingredientes, incluido pur\u00e9 de taro, pur\u00e9 de camote morado, pur\u00e9 de papas, n\u00edspero, ajo, jengibre y m\u00e1s. <\/p>    <p>Ya sea que est\u00e9s buscando crear pur\u00e9 de patatas tradicional o experimentar con platos innovadores como pur\u00e9 de taro o pur\u00e9 de batata morada, esta m\u00e1quina est\u00e1 a la altura de la tarea. <\/p>    <p>Adem\u00e1s, tambi\u00e9n puede procesar otros ingredientes como n\u00edspero, ajo y jengibre, brind\u00e1ndote una amplia gama de opciones culinarias.<\/p>    <h2 class=\"wp-block-heading\">\u00bfC\u00f3mo funciona la m\u00e1quina para hacer pur\u00e9 de patatas?<\/h2>    <p>Nuestra M\u00e1quina Trituradora de Papas opera con precisi\u00f3n y versatilidad, gracias a sus caracter\u00edsticas de dise\u00f1o innovadoras. En el coraz\u00f3n de la m\u00e1quina se encuentra una cuchilla cortadora en espiral, meticulosamente dise\u00f1ada para procesar eficientemente patatas y otros ingredientes. <\/p>    <p>A medida que las patatas se introducen en la m\u00e1quina, la cuchilla cortadora en espiral las tritura r\u00e1pida y uniformemente hasta obtener la consistencia deseada, garantizando resultados suaves y cremosos en todo momento.<\/p>    <figure class=\"wp-block-image size-full\"><img loading=\"lazy\" decoding=\"async\" width=\"720\" height=\"540\" src=\"https:\/\/topfoodmachine.com\/wp-content\/uploads\/2024\/02\/commercial-Mashed-potato-machine.webp\" alt=\"m\u00e1quina comercial de pur\u00e9 de patatas\" class=\"wp-image-1142\" srcset=\"https:\/\/topfoodmachine.com\/wp-content\/uploads\/2024\/02\/commercial-Mashed-potato-machine.webp 720w, https:\/\/topfoodmachine.com\/wp-content\/uploads\/2024\/02\/commercial-Mashed-potato-machine-300x225.webp 300w\" sizes=\"auto, (max-width: 720px) 100vw, 720px\" \/><figcaption class=\"wp-element-caption\">m\u00e1quina comercial de pur\u00e9 de patatas<\/figcaption><\/figure>    <p>Adem\u00e1s, la malla intercambiable en la salida de descarga mejora la flexibilidad en la textura de salida del pur\u00e9 de patatas. Ya sea que prefiera una textura m\u00e1s fina o m\u00e1s gruesa, simplemente cambie la malla para lograr el resultado deseado.<\/p>    <p>En funcionamiento, la m\u00e1quina trituradora de patatas combina la potencia de su cuchilla cortadora en espiral con la adaptabilidad de su malla intercambiable, proporcionando a los usuarios un control total sobre la textura de su pur\u00e9 de patatas. Con este enfoque innovador, lograr un pur\u00e9 de papas perfecto se vuelve f\u00e1cil y personalizable para adaptarse a las preferencias individuales.<\/p>    <h2 class=\"wp-block-heading\">Caracter\u00edsticas clave de la m\u00e1quina machacadora de patatas<\/h2>    <p>El machacador de patatas cuenta con una serie de caracter\u00edsticas clave que lo convierten en una herramienta de cocina destacada. <\/p>    <p>En primer lugar, su estructura racional garantiza un rendimiento y una durabilidad \u00f3ptimos, prometiendo un funcionamiento fiable en el tiempo. Con su dise\u00f1o f\u00e1cil de usar, esta m\u00e1quina es f\u00e1cil de montar y desmontar, lo que facilita una c\u00f3moda instalaci\u00f3n y limpieza, promoviendo as\u00ed la higiene en el entorno de la cocina. <\/p>    <p>Adem\u00e1s, su exclusivo sistema de dispensaci\u00f3n autom\u00e1tica elimina la necesidad de intervenci\u00f3n manual, ahorrando tiempo y esfuerzo. Adem\u00e1s, la m\u00e1quina cuenta con un alto rendimiento de carne, lo que garantiza la m\u00e1xima eficiencia en el procesamiento de alimentos. <\/p>    <p>Con estas caracter\u00edsticas destacadas, nuestra m\u00e1quina machacadora de patatas ofrece comodidad y eficiencia incomparables, lo que la convierte en una herramienta indispensable para cualquier cocina.<\/p>    <figure class=\"wp-block-gallery has-nested-images columns-default is-cropped wp-block-gallery-2 is-layout-flex wp-block-gallery-is-layout-flex\"> <figure class=\"wp-block-image size-large\"><img loading=\"lazy\" decoding=\"async\" width=\"720\" height=\"540\" data-id=\"1143\" src=\"https:\/\/topfoodmachine.com\/wp-content\/uploads\/2024\/02\/finished-product-of-Potato-masher.webp\" alt=\"producto terminado de machacador de patatas\" class=\"wp-image-1143\" srcset=\"https:\/\/topfoodmachine.com\/wp-content\/uploads\/2024\/02\/finished-product-of-Potato-masher.webp 720w, https:\/\/topfoodmachine.com\/wp-content\/uploads\/2024\/02\/finished-product-of-Potato-masher-300x225.webp 300w\" sizes=\"auto, (max-width: 720px) 100vw, 720px\" \/><figcaption class=\"wp-element-caption\">producto terminado de machacador de patatas<\/figcaption><\/figure>    <figure class=\"wp-block-image size-large\"><img loading=\"lazy\" decoding=\"async\" width=\"720\" height=\"540\" data-id=\"1144\" src=\"https:\/\/topfoodmachine.com\/wp-content\/uploads\/2024\/02\/high-quality-Potato-masher.webp\" alt=\"triturador de patatas de alta calidad\" class=\"wp-image-1144\" srcset=\"https:\/\/topfoodmachine.com\/wp-content\/uploads\/2024\/02\/high-quality-Potato-masher.webp 720w, https:\/\/topfoodmachine.com\/wp-content\/uploads\/2024\/02\/high-quality-Potato-masher-300x225.webp 300w\" sizes=\"auto, (max-width: 720px) 100vw, 720px\" \/><figcaption class=\"wp-element-caption\">triturador de patatas de alta calidad<\/figcaption><\/figure> <\/figure>    <h2 class=\"wp-block-heading\">Equipo de soporte de la m\u00e1quina de pur\u00e9 de patatas.<\/h2>    <p class=\"translation-block\">Esta m\u00e1quina de pur\u00e9 de patatas se puede emparejar con un pelador de patatas y un <a href=\"https:\/\/topfoodmachine.com\/es\/product\/fruit-and-vegetable-washing-machine\/\" data-type=\"link\" data-id=\"https:\/\/topfoodmachine.com\/product\/fruit-and-vegetable-washing-machine\/\">lavador de frutas y verduras<\/a> para mejorar su eficiencia y versatilidad en la cocina. <\/p>    <p class=\"translation-block\">El pelador de patatas quita r\u00e1pidamente la piel de las patatas, facilitando el proceso de preparaci\u00f3n para <a href=\"https:\/\/en.wikipedia.org\/wiki\/Mashed_potato\" data-type=\"link\" data-id=\"https:\/\/en.wikipedia.org\/wiki\/Mashed_potato\" target=\"_blank\" rel=\"noopener\">pur\u00e9 de patatas<\/a>. De manera similar, el lavador de frutas y verduras asegura una limpieza exhaustiva de los ingredientes antes de ser machacados, promoviendo la seguridad alimentaria y la higiene. <\/p>    <p>Juntos, estos equipos complementarios crean un flujo de trabajo fluido, lo que permite una preparaci\u00f3n eficiente de los ingredientes. Ya sea pelando patatas o lavando frutas y verduras, estos accesorios son valiosos complementos para la m\u00e1quina para hacer pur\u00e9 de patatas, mejorando a\u00fan m\u00e1s su funcionalidad y facilidad de uso.<\/p>    <h2 class=\"wp-block-heading\">Par\u00e1metros de la m\u00e1quina para hacer pur\u00e9 de patatas.<\/h2>    <figure class=\"wp-block-table\"><table><tbody><tr><td>Modelo<\/td><td>CY-JN500<\/td><\/tr><tr><td>Tama\u00f1o<\/td><td>1150*690*1710mm<\/td><\/tr><tr><td>Voltaje<\/td><td>380V, 50HZ<\/td><\/tr><tr><td>Capacidad<\/td><td>500-1000 kg\/hora<\/td><\/tr><tr><td>Fuerza<\/td><td>15kW<\/td><\/tr><tr><td>Peso<\/td><td>411 kg<\/td><\/tr><\/tbody><\/table><figcaption class=\"wp-element-caption\">Par\u00e1metros de la m\u00e1quina trituradora de patatas.<\/figcaption><\/figure>    <h2 class=\"wp-block-heading\">Cont\u00e1ctenos<\/h2>    <figure class=\"wp-block-gallery has-nested-images columns-default is-cropped wp-block-gallery-3 is-layout-flex wp-block-gallery-is-layout-flex\"> <figure class=\"wp-block-image size-large\"><img loading=\"lazy\" decoding=\"async\" width=\"720\" height=\"540\" data-id=\"1145\" src=\"https:\/\/topfoodmachine.com\/wp-content\/uploads\/2024\/02\/Mashed-potato-machine-for-food-plant.webp\" alt=\"M\u00e1quina de pur\u00e9 de patatas para plantas alimenticias.\" class=\"wp-image-1145\" srcset=\"https:\/\/topfoodmachine.com\/wp-content\/uploads\/2024\/02\/Mashed-potato-machine-for-food-plant.webp 720w, https:\/\/topfoodmachine.com\/wp-content\/uploads\/2024\/02\/Mashed-potato-machine-for-food-plant-300x225.webp 300w\" sizes=\"auto, (max-width: 720px) 100vw, 720px\" \/><figcaption class=\"wp-element-caption\">M\u00e1quina de pur\u00e9 de patatas para plantas alimenticias.<\/figcaption><\/figure>    <figure class=\"wp-block-image size-large\"><img loading=\"lazy\" decoding=\"async\" width=\"720\" height=\"540\" data-id=\"1146\" src=\"https:\/\/topfoodmachine.com\/wp-content\/uploads\/2024\/02\/structure-of-Mashed-potato-machine.webp\" alt=\"Estructura de la m\u00e1quina para hacer pur\u00e9 de patatas.\" class=\"wp-image-1146\" srcset=\"https:\/\/topfoodmachine.com\/wp-content\/uploads\/2024\/02\/structure-of-Mashed-potato-machine.webp 720w, https:\/\/topfoodmachine.com\/wp-content\/uploads\/2024\/02\/structure-of-Mashed-potato-machine-300x225.webp 300w\" sizes=\"auto, (max-width: 720px) 100vw, 720px\" \/><figcaption class=\"wp-element-caption\">Estructura de la m\u00e1quina para hacer pur\u00e9 de patatas.<\/figcaption><\/figure> <\/figure>    <p>Nuestra empresa cuenta con a\u00f1os de amplia experiencia en la industria de procesamiento de alimentos, comprometida a ofrecer productos y servicios de la m\u00e1s alta calidad. Como l\u00edder en el mercado, nuestra m\u00e1quina trituradora de patatas no solo sobresale en dise\u00f1o sino tambi\u00e9n en rendimiento y confiabilidad. <\/p>    <p>Con tecnolog\u00eda avanzada y caracter\u00edsticas innovadoras, nuestros productos satisfacen diversas necesidades de cocina, garantizando experiencias de usuario \u00f3ptimas. <\/p>    <p>Adem\u00e1s, priorizamos las necesidades y los comentarios de los clientes, refinando y mejorando continuamente nuestros productos para garantizar que nuestros clientes siempre tengan acceso a la \u00faltima tecnolog\u00eda y las mejores soluciones. <\/p>    <p>Al elegirnos, obtiene un socio confiable que ofrece productos premium y servicios profesionales, ayud\u00e1ndolo a destacarse en el mercado competitivo. \u00a1Comun\u00edquese con nosotros ahora para obtener m\u00e1s informaci\u00f3n sobre nuestra m\u00e1quina trituradora de papas y perm\u00edtanos ayudarlo a hacer realidad sus aspiraciones culinarias!<\/p>    <p><\/p>    <p><\/p>","protected":false},"excerpt":{"rendered":"<p>La m\u00e1quina para hacer pur\u00e9 de patatas es un aparato de cocina revolucionario dise\u00f1ado para simplificar el proceso de elaboraci\u00f3n de pur\u00e9 de patatas, ofreci\u00e9ndole una experiencia de cocci\u00f3n m\u00e1s c\u00f3moda y eficiente.<\/p>","protected":false},"author":1,"featured_media":1140,"parent":0,"template":"","tags":[],"product-type":[3],"class_list":["post-1139","product","type-product","status-publish","has-post-thumbnail","hentry","product-type-fruit-vegetable-processing-machine"],"_links":{"self":[{"href":"https:\/\/topfoodmachine.com\/es\/wp-json\/wp\/v2\/product\/1139","targetHints":{"allow":["GET"]}}],"collection":[{"href":"https:\/\/topfoodmachine.com\/es\/wp-json\/wp\/v2\/product"}],"about":[{"href":"https:\/\/topfoodmachine.com\/es\/wp-json\/wp\/v2\/types\/product"}],"author":[{"embeddable":true,"href":"https:\/\/topfoodmachine.com\/es\/wp-json\/wp\/v2\/users\/1"}],"wp:featuredmedia":[{"embeddable":true,"href":"https:\/\/topfoodmachine.com\/es\/wp-json\/wp\/v2\/media\/1140"}],"wp:attachment":[{"href":"https:\/\/topfoodmachine.com\/es\/wp-json\/wp\/v2\/media?parent=1139"}],"wp:term":[{"taxonomy":"post_tag","embeddable":true,"href":"https:\/\/topfoodmachine.com\/es\/wp-json\/wp\/v2\/tags?post=1139"},{"taxonomy":"product-type","embeddable":true,"href":"https:\/\/topfoodmachine.com\/es\/wp-json\/wp\/v2\/product-type?post=1139"}],"curies":[{"name":"wp","href":"https:\/\/api.w.org\/{rel}","templated":true}]}}