{"id":1122,"date":"2024-01-24T16:53:08","date_gmt":"2024-01-24T08:53:08","guid":{"rendered":"https:\/\/topfoodmachine.com\/?post_type=product&#038;p=1122"},"modified":"2024-08-16T18:29:05","modified_gmt":"2024-08-16T10:29:05","slug":"uv-sterilizer-machine","status":"publish","type":"product","link":"https:\/\/topfoodmachine.com\/es\/product\/uv-sterilizer-machine\/","title":{"rendered":"M\u00e1quina esterilizadora UV | M\u00e1quina de esterilizaci\u00f3n ultravioleta"},"content":{"rendered":"<div class=\"kk-star-ratings kksr-auto kksr-align-left kksr-valign-top\"     data-payload='{&quot;align&quot;:&quot;left&quot;,&quot;id&quot;:&quot;1122&quot;,&quot;slug&quot;:&quot;default&quot;,&quot;valign&quot;:&quot;top&quot;,&quot;ignore&quot;:&quot;&quot;,&quot;reference&quot;:&quot;auto&quot;,&quot;class&quot;:&quot;&quot;,&quot;count&quot;:&quot;20&quot;,&quot;legendonly&quot;:&quot;&quot;,&quot;readonly&quot;:&quot;&quot;,&quot;score&quot;:&quot;4.5&quot;,&quot;starsonly&quot;:&quot;&quot;,&quot;best&quot;:&quot;5&quot;,&quot;gap&quot;:&quot;5&quot;,&quot;greet&quot;:&quot;Rate this product&quot;,&quot;legend&quot;:&quot;4.5\\\/5 - (20 votos)&quot;,&quot;size&quot;:&quot;24&quot;,&quot;title&quot;:&quot;UV Sterilizer Machine | Ultraviolet Sterilization Machine&quot;,&quot;width&quot;:&quot;128&quot;,&quot;_legend&quot;:&quot;{score}\\\/{best} - ({count} {votes})&quot;,&quot;font_factor&quot;:&quot;1.25&quot;}'>              <div class=\"kksr-stars\">      <div class=\"kksr-stars-inactive\">             <div class=\"kksr-star\" data-star=\"1\" style=\"padding-right: 5px\">               <div class=\"kksr-icon\" style=\"width: 24px; height: 24px;\"><\/div>         <\/div>             <div class=\"kksr-star\" data-star=\"2\" style=\"padding-right: 5px\">               <div class=\"kksr-icon\" style=\"width: 24px; height: 24px;\"><\/div>         <\/div>             <div class=\"kksr-star\" data-star=\"3\" style=\"padding-right: 5px\">               <div class=\"kksr-icon\" style=\"width: 24px; height: 24px;\"><\/div>         <\/div>             <div class=\"kksr-star\" data-star=\"4\" style=\"padding-right: 5px\">               <div class=\"kksr-icon\" style=\"width: 24px; height: 24px;\"><\/div>         <\/div>             <div class=\"kksr-star\" data-star=\"5\" style=\"padding-right: 5px\">               <div class=\"kksr-icon\" style=\"width: 24px; height: 24px;\"><\/div>         <\/div>     <\/div>      <div class=\"kksr-stars-active\" style=\"width: 128px;\">             <div class=\"kksr-star\" style=\"padding-right: 5px\">               <div class=\"kksr-icon\" style=\"width: 24px; height: 24px;\"><\/div>         <\/div>             <div class=\"kksr-star\" style=\"padding-right: 5px\">               <div class=\"kksr-icon\" style=\"width: 24px; height: 24px;\"><\/div>         <\/div>             <div class=\"kksr-star\" style=\"padding-right: 5px\">               <div class=\"kksr-icon\" style=\"width: 24px; height: 24px;\"><\/div>         <\/div>             <div class=\"kksr-star\" style=\"padding-right: 5px\">               <div class=\"kksr-icon\" style=\"width: 24px; height: 24px;\"><\/div>         <\/div>             <div class=\"kksr-star\" style=\"padding-right: 5px\">               <div class=\"kksr-icon\" style=\"width: 24px; height: 24px;\"><\/div>         <\/div>     <\/div> <\/div>                   <div class=\"kksr-legend\" style=\"font-size: 19.2px;\">             4,5\/5 - (20 votos)    <\/div>     <\/div>  <p class=\"translation-block\">La <strong>m\u00e1quina esterilizadora UV<\/strong> puede combatir y eliminar eficazmente una amplia gama de microorganismos, incluyendo bacterias, virus y mohos. Esta m\u00e1quina de esterilizaci\u00f3n de alimentos es de alto rendimiento, ofreciendo una tasa de esterilizaci\u00f3n de hasta el 100%, asegurando una desinfecci\u00f3n completa y confiable.<\/p>    <p>Ofrecemos modelos populares en varios tama\u00f1os, incluyendo 2m, 3m y 6m. Con su capacidad vers\u00e1til que var\u00eda de 200 a 600 kg\/h, las m\u00e1quinas de esterilizaci\u00f3n ultravioleta satisfacen diferentes necesidades de producci\u00f3n. <\/p>    <p>Estos modelos apoyan eficientemente operaciones a gran escala y extienden la vida \u00fatil de los productos a trav\u00e9s de una esterilizaci\u00f3n UV efectiva, contribuyendo a mejorar la calidad y seguridad en diversas aplicaciones.<\/p>    <figure class=\"wp-block-embed is-type-video is-provider-youtube wp-block-embed-youtube wp-embed-aspect-16-9 wp-has-aspect-ratio\"><div class=\"wp-block-embed__wrapper\"> <iframe loading=\"lazy\" title=\"Esterilizaci\u00f3n UV en acci\u00f3n: \u00a1Sea testigo del proceso de eliminaci\u00f3n microbiana! #uv #sterilization #sterilizer\" width=\"500\" height=\"281\" src=\"https:\/\/www.youtube.com\/embed\/8joYIY3-BYs?feature=oembed\" frameborder=\"0\" allow=\"accelerometer; autoplay; clipboard-write; encrypted-media; gyroscope; picture-in-picture; web-share\" referrerpolicy=\"strict-origin-when-cross-origin\" allowfullscreen><\/iframe> <\/div><figcaption class=\"wp-element-caption\">Video de trabajo de la m\u00e1quina de esterilizaci\u00f3n ultravioleta.<\/figcaption><\/figure>    <h2 class=\"wp-block-heading\">\u00bfQu\u00e9 hace que las m\u00e1quinas esterilizadoras UV sean tan populares?<\/h2>    <p>Las m\u00e1quinas esterilizadoras UV son muy valoradas por su excepcional efectividad y versatilidad en la esterilizaci\u00f3n. Varios factores contribuyen a su popularidad:<\/p>    <ul class=\"wp-block-list\"> <li><strong>Alta estabilidad y longevidad<\/strong><br>Estas m\u00e1quinas de esterilizaci\u00f3n de alimentos cuentan con alta estabilidad en la intensidad de irradiaci\u00f3n y una larga vida de esterilizaci\u00f3n de hasta 9000 horas. Con un tubo de vidrio de cuarzo que tiene m\u00e1s del 87% de transmitancia, entregan eficientemente radiaci\u00f3n UV.<\/li>    <li><strong>Esterilizaci\u00f3n efectiva<\/strong><br>Los esterilizadores UV utilizan radiaci\u00f3n ultravioleta de alta frecuencia en la banda C para interrumpir el ADN de varios microorganismos en 20 segundos a 1 minuto. Esto incluye pat\u00f3genos da\u00f1inos como el virus de la influenza, el virus de la hepatitis y E. coli, logrando una tasa bactericida de hasta el 98.99%.<\/li>    <li><strong>Construcci\u00f3n duradera<\/strong><br>Construidas con acero inoxidable 304 o 316 duradero y un cuerpo pulido internamente, estas m\u00e1quinas maximizan la irradiancia UV para una desinfecci\u00f3n completa.<\/li> <\/ul>    <figure class=\"wp-block-gallery has-nested-images columns-default is-cropped wp-block-gallery-2 is-layout-flex wp-block-gallery-is-layout-flex\"> <figure class=\"wp-block-image size-full\"><img loading=\"lazy\" decoding=\"async\" width=\"720\" height=\"540\" data-id=\"1124\" src=\"https:\/\/topfoodmachine.com\/wp-content\/uploads\/2024\/01\/commercial-Ultraviolet-Sterilization-Machine.webp\" alt=\"m\u00e1quina de esterilizaci\u00f3n ultravioleta comercial\" class=\"wp-image-1124\" srcset=\"https:\/\/topfoodmachine.com\/wp-content\/uploads\/2024\/01\/commercial-Ultraviolet-Sterilization-Machine.webp 720w, https:\/\/topfoodmachine.com\/wp-content\/uploads\/2024\/01\/commercial-Ultraviolet-Sterilization-Machine-300x225.webp 300w\" sizes=\"auto, (max-width: 720px) 100vw, 720px\" \/><figcaption class=\"wp-element-caption\">m\u00e1quina de esterilizaci\u00f3n ultravioleta comercial<\/figcaption><\/figure>    <figure class=\"wp-block-image size-full\"><img loading=\"lazy\" decoding=\"async\" width=\"720\" height=\"540\" data-id=\"1585\" src=\"https:\/\/topfoodmachine.com\/wp-content\/uploads\/2024\/01\/UV-Sterilizer-Machine-for-business.webp\" alt=\"M\u00e1quina esterilizadora UV para negocios\" class=\"wp-image-1585\" srcset=\"https:\/\/topfoodmachine.com\/wp-content\/uploads\/2024\/01\/UV-Sterilizer-Machine-for-business.webp 720w, https:\/\/topfoodmachine.com\/wp-content\/uploads\/2024\/01\/UV-Sterilizer-Machine-for-business-300x225.webp 300w, https:\/\/topfoodmachine.com\/wp-content\/uploads\/2024\/01\/UV-Sterilizer-Machine-for-business-16x12.webp 16w\" sizes=\"auto, (max-width: 720px) 100vw, 720px\" \/><figcaption class=\"wp-element-caption\">M\u00e1quina esterilizadora UV para negocios<\/figcaption><\/figure> <\/figure>    <ul class=\"wp-block-list\"> <li><strong>Rendimiento mejorado<\/strong><br>El t\u00fanel interno de la m\u00e1quina cuenta con una c\u00e1mara de reacci\u00f3n de esterilizaci\u00f3n con espejo de alta luminosidad, que aumenta la fuerza bactericida en un 18%-27% en comparaci\u00f3n con productos similares.<\/li>    <li><strong>Caracter\u00edsticas amigables para el usuario<\/strong><br>La m\u00e1quina esterilizadora UV incluye una alarma sonora y luminosa para la rotura de l\u00e1mparas, asegurando la fiabilidad operativa. Adem\u00e1s, su precio unitario moderado en comparaci\u00f3n con productos similares la convierte en una opci\u00f3n atractiva tanto para uso comercial como residencial.<\/li> <\/ul>    <p>Estos atributos hacen que las m\u00e1quinas esterilizadoras UV sean ideales para una desinfecci\u00f3n r\u00e1pida y efectiva de alimentos, medicamentos, cosm\u00e9ticos y varios art\u00edculos personales y p\u00fablicos, contribuyendo a un entorno de vida m\u00e1s seguro.<\/p>    <figure class=\"wp-block-image size-full\"><img loading=\"lazy\" decoding=\"async\" width=\"720\" height=\"540\" src=\"https:\/\/topfoodmachine.com\/wp-content\/uploads\/2024\/01\/Food-Sterilizer-Price.webp\" alt=\"Precio del esterilizador de alimentos\" class=\"wp-image-1582\" srcset=\"https:\/\/topfoodmachine.com\/wp-content\/uploads\/2024\/01\/Food-Sterilizer-Price.webp 720w, https:\/\/topfoodmachine.com\/wp-content\/uploads\/2024\/01\/Food-Sterilizer-Price-300x225.webp 300w, https:\/\/topfoodmachine.com\/wp-content\/uploads\/2024\/01\/Food-Sterilizer-Price-16x12.webp 16w\" sizes=\"auto, (max-width: 720px) 100vw, 720px\" \/><figcaption class=\"wp-element-caption\">Precio del esterilizador de alimentos<\/figcaption><\/figure>    <h2 class=\"wp-block-heading\">Aplicaciones de la m\u00e1quina de esterilizaci\u00f3n ultravioleta<\/h2>    <ul class=\"wp-block-list\"> <li><strong>Industria alimentaria<\/strong><br>La potente radiaci\u00f3n UV de la m\u00e1quina desinfecta eficazmente los productos alimenticios, extendiendo su vida \u00fatil y asegurando la seguridad al eliminar pat\u00f3genos da\u00f1inos como bacterias, virus y mohos.<\/li>    <li><strong>M\u00e9dico y farmac\u00e9utico<\/strong><br>En entornos de atenci\u00f3n m\u00e9dica y farmac\u00e9utica, el esterilizador UV proporciona desinfecci\u00f3n confiable para equipos, superficies y aire, crucial para mantener ambientes est\u00e9riles y prevenir la contaminaci\u00f3n.<\/li> <\/ul>    <figure class=\"wp-block-image size-full\"><img loading=\"lazy\" decoding=\"async\" width=\"720\" height=\"540\" src=\"https:\/\/topfoodmachine.com\/wp-content\/uploads\/2024\/01\/automatic-Ultraviolet-Sterilization-Machine.webp\" alt=\"m\u00e1quina autom\u00e1tica de esterilizaci\u00f3n ultravioleta\" class=\"wp-image-1125\" srcset=\"https:\/\/topfoodmachine.com\/wp-content\/uploads\/2024\/01\/automatic-Ultraviolet-Sterilization-Machine.webp 720w, https:\/\/topfoodmachine.com\/wp-content\/uploads\/2024\/01\/automatic-Ultraviolet-Sterilization-Machine-300x225.webp 300w\" sizes=\"auto, (max-width: 720px) 100vw, 720px\" \/><figcaption class=\"wp-element-caption\">m\u00e1quina autom\u00e1tica de esterilizaci\u00f3n ultravioleta<\/figcaption><\/figure>    <ul class=\"wp-block-list\"> <li><strong>Cosm\u00e9ticos y cuidado personal<\/strong><br>La m\u00e1quina es ideal para esterilizar productos cosm\u00e9ticos y art\u00edculos de cuidado personal, asegurando que est\u00e9n libres de microorganismos y sean seguros para su uso.<\/li>    <li><strong>Aplicaciones industriales<\/strong><br>Maneja eficientemente las necesidades de esterilizaci\u00f3n a gran escala en entornos industriales, como instalaciones de envasado y procesamiento, mejorando la seguridad y calidad del producto.<\/li> <\/ul>    <p>Estas aplicaciones destacan la capacidad de la m\u00e1quina para proporcionar una esterilizaci\u00f3n completa y fiable en diversos entornos, contribuyendo a mejorar la seguridad y la higiene.<\/p>    <figure class=\"wp-block-gallery has-nested-images columns-default is-cropped wp-block-gallery-3 is-layout-flex wp-block-gallery-is-layout-flex\"> <figure class=\"wp-block-image size-full\"><img loading=\"lazy\" decoding=\"async\" width=\"720\" height=\"540\" data-id=\"1130\" src=\"https:\/\/topfoodmachine.com\/wp-content\/uploads\/2024\/01\/UV-Sterilizer-Machine-for-sale.webp\" alt=\"M\u00e1quina esterilizadora UV en venta\" class=\"wp-image-1130\" srcset=\"https:\/\/topfoodmachine.com\/wp-content\/uploads\/2024\/01\/UV-Sterilizer-Machine-for-sale.webp 720w, https:\/\/topfoodmachine.com\/wp-content\/uploads\/2024\/01\/UV-Sterilizer-Machine-for-sale-300x225.webp 300w\" sizes=\"auto, (max-width: 720px) 100vw, 720px\" \/><figcaption class=\"wp-element-caption\">M\u00e1quina esterilizadora UV en venta<\/figcaption><\/figure>    <figure class=\"wp-block-image size-full\"><img loading=\"lazy\" decoding=\"async\" width=\"720\" height=\"540\" data-id=\"1586\" src=\"https:\/\/topfoodmachine.com\/wp-content\/uploads\/2024\/01\/UV-Sterilizer-Machine-for-sale-1.webp\" alt=\"M\u00e1quina esterilizadora UV en venta\" class=\"wp-image-1586\" srcset=\"https:\/\/topfoodmachine.com\/wp-content\/uploads\/2024\/01\/UV-Sterilizer-Machine-for-sale-1.webp 720w, https:\/\/topfoodmachine.com\/wp-content\/uploads\/2024\/01\/UV-Sterilizer-Machine-for-sale-1-300x225.webp 300w, https:\/\/topfoodmachine.com\/wp-content\/uploads\/2024\/01\/UV-Sterilizer-Machine-for-sale-1-16x12.webp 16w\" sizes=\"auto, (max-width: 720px) 100vw, 720px\" \/><figcaption class=\"wp-element-caption\">M\u00e1quina esterilizadora UV en venta<\/figcaption><\/figure> <\/figure>    <h2 class=\"wp-block-heading\">Construcci\u00f3n y componentes de la m\u00e1quina de esterilizaci\u00f3n ultravioleta<\/h2>    <p>La m\u00e1quina esterilizadora UV presenta un dise\u00f1o robusto con un cuerpo exterior de acero inoxidable de alta calidad de 1.2 mm y una cavidad interior de acero inoxidable espejo de 1.2 mm para el \u00e1rea de trabajo. <\/p>    <p>El cuerpo est\u00e1 soportado por un marco de acero Fangtong, y el sistema de transporte de aire incluye un ventilador de escape de aire forzado para eliminar gases nocivos. <\/p>    <p>Para el aislamiento t\u00e9rmico, la m\u00e1quina utiliza una doble capa de silicato de aluminio al vac\u00edo y algod\u00f3n de seda. La cinta transportadora est\u00e1 hecha de malla de tefl\u00f3n, y el dispositivo de equilibrio es una copa de pie horizontal. <\/p>    <p>La altura de la l\u00e1mpara est\u00e1 establecida en 200 mm, asegurando una exposici\u00f3n UV efectiva y consistente.<\/p>    <figure class=\"wp-block-image size-full\"><img loading=\"lazy\" decoding=\"async\" width=\"720\" height=\"540\" src=\"https:\/\/topfoodmachine.com\/wp-content\/uploads\/2024\/01\/Food-Sterilizer.webp\" alt=\"Esterilizador de alimentos\" class=\"wp-image-1583\" srcset=\"https:\/\/topfoodmachine.com\/wp-content\/uploads\/2024\/01\/Food-Sterilizer.webp 720w, https:\/\/topfoodmachine.com\/wp-content\/uploads\/2024\/01\/Food-Sterilizer-300x225.webp 300w, https:\/\/topfoodmachine.com\/wp-content\/uploads\/2024\/01\/Food-Sterilizer-16x12.webp 16w\" sizes=\"auto, (max-width: 720px) 100vw, 720px\" \/><figcaption class=\"wp-element-caption\">Esterilizador de alimentos<\/figcaption><\/figure>    <h2 class=\"wp-block-heading\">\u00bfC\u00f3mo funciona la m\u00e1quina esterilizadora UV?<\/h2>    <p>La m\u00e1quina esterilizadora UV utiliza radiaci\u00f3n ultravioleta (UV) en el rango de 290-400 nm. Esta radiaci\u00f3n elimina eficazmente los microorganismos. <\/p>    <p>A diferencia de la luz UV natural, que es parcialmente filtrada por la atm\u00f3sfera de la Tierra, esta m\u00e1quina emite rayos UV dirigidos. <\/p>    <p>Estos rayos interrumpen el ADN de las bacterias y virus, impidiendo su reproducci\u00f3n y llevando a su destrucci\u00f3n.<\/p>    <p><strong>Puntos clave:<\/strong><\/p>    <ul class=\"wp-block-list\"> <li><strong>Radiaci\u00f3n UV dirigida<\/strong>. Emite rayos UV en el rango de 290-400nm para una esterilizaci\u00f3n efectiva.<\/li>    <li><strong>Interrupci\u00f3n del ADN<\/strong>. Interrumpe espec\u00edficamente el ADN de los microorganismos, impidiendo su reproducci\u00f3n.<\/li>    <li><strong>Sin productos qu\u00edmicos<\/strong>. Proporciona un m\u00e9todo de esterilizaci\u00f3n completo y sostenible sin productos qu\u00edmicos.<\/li> <\/ul>    <figure class=\"wp-block-image size-full\"><img loading=\"lazy\" decoding=\"async\" width=\"720\" height=\"540\" src=\"https:\/\/topfoodmachine.com\/wp-content\/uploads\/2024\/01\/UV-Sterilizer-Machine-1.webp\" alt=\"M\u00e1quina esterilizadora UV\" class=\"wp-image-1131\" srcset=\"https:\/\/topfoodmachine.com\/wp-content\/uploads\/2024\/01\/UV-Sterilizer-Machine-1.webp 720w, https:\/\/topfoodmachine.com\/wp-content\/uploads\/2024\/01\/UV-Sterilizer-Machine-1-300x225.webp 300w\" sizes=\"auto, (max-width: 720px) 100vw, 720px\" \/><figcaption class=\"wp-element-caption\">M\u00e1quina esterilizadora UV<\/figcaption><\/figure>    <h2 class=\"wp-block-heading\">\u00c1rea de esterilizaci\u00f3n del esterilizador de alimentos<\/h2>    <p>El \u00e1rea de esterilizaci\u00f3n del esterilizador de alimentos est\u00e1 dise\u00f1ada para una desinfecci\u00f3n \u00f3ptima de 360 grados utilizando una fuente de luz ultravioleta altamente efectiva. Las caracter\u00edsticas clave incluyen<\/p>    <ul class=\"wp-block-list\"> <li><strong>Cobertura integral<\/strong>. Equipado con 16 l\u00e1mparas UV, cada una de 900 mm de largo y con una distancia de irradiaci\u00f3n efectiva de 950 mm, la m\u00e1quina asegura una cobertura UV completa desde todos los \u00e1ngulos.<\/li>    <li><strong>Operaci\u00f3n flexible<\/strong>. Los interruptores de control independientes para cada l\u00e1mpara permiten una operaci\u00f3n personalizada, mejorando la eficiencia y la conservaci\u00f3n de energ\u00eda.<\/li>    <li><strong>Seguridad y conveniencia<\/strong>. Las cubiertas de protecci\u00f3n contra la luz y los deflectores ajustables previenen la fuga de luz UV, asegurando una esterilizaci\u00f3n segura y efectiva.<\/li> <\/ul>    <figure class=\"wp-block-gallery has-nested-images columns-default is-cropped wp-block-gallery-4 is-layout-flex wp-block-gallery-is-layout-flex\"> <figure class=\"wp-block-image size-full\"><img loading=\"lazy\" decoding=\"async\" width=\"720\" height=\"540\" data-id=\"1127\" src=\"https:\/\/topfoodmachine.com\/wp-content\/uploads\/2024\/01\/UV-Sterilizing-Machine-for-sale.webp\" alt=\"M\u00e1quina esterilizadora UV a la venta\" class=\"wp-image-1127\" srcset=\"https:\/\/topfoodmachine.com\/wp-content\/uploads\/2024\/01\/UV-Sterilizing-Machine-for-sale.webp 720w, https:\/\/topfoodmachine.com\/wp-content\/uploads\/2024\/01\/UV-Sterilizing-Machine-for-sale-300x225.webp 300w\" sizes=\"auto, (max-width: 720px) 100vw, 720px\" \/><figcaption class=\"wp-element-caption\">M\u00e1quina esterilizadora UV a la venta<\/figcaption><\/figure>    <figure class=\"wp-block-image size-large\"><img loading=\"lazy\" decoding=\"async\" width=\"720\" height=\"540\" data-id=\"1126\" src=\"https:\/\/topfoodmachine.com\/wp-content\/uploads\/2024\/01\/structure-of-UV-Sterilizer-Machine.webp\" alt=\"Estructura de la m\u00e1quina esterilizadora UV.\" class=\"wp-image-1126\" srcset=\"https:\/\/topfoodmachine.com\/wp-content\/uploads\/2024\/01\/structure-of-UV-Sterilizer-Machine.webp 720w, https:\/\/topfoodmachine.com\/wp-content\/uploads\/2024\/01\/structure-of-UV-Sterilizer-Machine-300x225.webp 300w\" sizes=\"auto, (max-width: 720px) 100vw, 720px\" \/><figcaption class=\"wp-element-caption\">Estructura de la m\u00e1quina esterilizadora UV.<\/figcaption><\/figure> <\/figure>    <h2 class=\"wp-block-heading\">Par\u00e1metros de la m\u00e1quina esterilizadora UV<\/h2>    <figure class=\"wp-block-table\"><table><tbody><tr><td>Modelo<\/td><td>TZ-2<\/td><td>TZ-3<\/td><td>TZ-6<\/td><\/tr><tr><td>Capacidad<\/td><td>200 kg\/h<\/td><td>300KG\/H<\/td><td>600KG\/H<\/td><\/tr><tr><td>Fuerza<\/td><td>600W<\/td><td>800W<\/td><td>600W<\/td><\/tr><tr><td>Tama\u00f1o<\/td><td>2060*770*1310mm<\/td><td>3000*770*1280mm<\/td><td>6000*770*1280mm<\/td><\/tr><tr><td>Peso<\/td><td>130KG<\/td><td>210KG<\/td><td>380KG<\/td><\/tr><tr><td>Voltaje<\/td><td>220V<\/td><td>220V<\/td><td>220V<\/td><\/tr><tr><td>Longitud total (se puede personalizar)<\/td><td>2000 mm<\/td><td>3000mm<\/td><td>6000mm<\/td><\/tr><tr><td>\u00c1rea de trabajo ultravioleta<\/td><td>1200 mm<\/td><td>2200mm<\/td><td>5200mm<\/td><\/tr><tr><td>\u00c1rea de entrada<\/td><td>400 mm<\/td><td>400 mm<\/td><td>400 mm<\/td><\/tr><tr><td>Zona de salida<\/td><td>400 mm<\/td><td>400 mm<\/td><td>400 mm<\/td><\/tr><\/tbody><\/table><figcaption class=\"wp-element-caption\">Par\u00e1metros t\u00e9cnicos de la m\u00e1quina de esterilizaci\u00f3n ultravioleta.<\/figcaption><\/figure>    <figure class=\"wp-block-image size-full\"><img loading=\"lazy\" decoding=\"async\" width=\"720\" height=\"540\" src=\"https:\/\/topfoodmachine.com\/wp-content\/uploads\/2024\/01\/exported-UV-Sterilizing-Machine.webp\" alt=\"m\u00e1quina esterilizadora ultravioleta exportada\" class=\"wp-image-1128\" srcset=\"https:\/\/topfoodmachine.com\/wp-content\/uploads\/2024\/01\/exported-UV-Sterilizing-Machine.webp 720w, https:\/\/topfoodmachine.com\/wp-content\/uploads\/2024\/01\/exported-UV-Sterilizing-Machine-300x225.webp 300w\" sizes=\"auto, (max-width: 720px) 100vw, 720px\" \/><figcaption class=\"wp-element-caption\">m\u00e1quina esterilizadora ultravioleta exportada<\/figcaption><\/figure>    <h2 class=\"wp-block-heading\">Conclusi\u00f3n<\/h2>    <p class=\"translation-block\">En conclusi\u00f3n, la <a href=\"https:\/\/en.wikipedia.org\/wiki\/Ultraviolet\" data-type=\"link\" data-id=\"https:\/\/en.wikipedia.org\/wiki\/Ultraviolet\" target=\"_blank\" rel=\"noopener\">m\u00e1quina esterilizadora UV<\/a> ofrece una eficiencia y versatilidad inigualables en desinfecci\u00f3n, lo que la convierte en una excelente opci\u00f3n para diversas aplicaciones, desde el procesamiento de alimentos hasta la atenci\u00f3n m\u00e9dica y m\u00e1s all\u00e1. <\/p>    <p class=\"translation-block\">Para aquellos que buscan mejorar sus operaciones, considere combinar nuestra m\u00e1quina esterilizadora UV con el <a href=\"https:\/\/topfoodmachine.com\/es\/products\/fruit-vegetable-processing-machine\/\" data-type=\"link\" data-id=\"https:\/\/topfoodmachine.com\/products\/fruit-vegetable-processing-machine\/\">equipo de procesamiento de vegetales<\/a> o <a href=\"https:\/\/topfoodmachine.com\/es\/products\/egg-meat-processing-machine\/\">carne<\/a> de nuestra empresa para una soluci\u00f3n integral que maximice tanto la limpieza como la eficiencia. <\/p>    <p>Cont\u00e1ctenos hoy para consultar sobre precios y descubrir c\u00f3mo nuestra tecnolog\u00eda innovadora puede beneficiar sus necesidades espec\u00edficas.<\/p>    <figure class=\"wp-block-gallery has-nested-images columns-default is-cropped wp-block-gallery-5 is-layout-flex wp-block-gallery-is-layout-flex\"> <figure class=\"wp-block-image size-large\"><img loading=\"lazy\" decoding=\"async\" width=\"720\" height=\"540\" data-id=\"1384\" src=\"https:\/\/topfoodmachine.com\/wp-content\/uploads\/2024\/05\/Double-head-vegetable-cutter-machine.webp\" alt=\"M\u00e1quina cortadora de verduras de doble cabeza\" class=\"wp-image-1384\" srcset=\"https:\/\/topfoodmachine.com\/wp-content\/uploads\/2024\/05\/Double-head-vegetable-cutter-machine.webp 720w, https:\/\/topfoodmachine.com\/wp-content\/uploads\/2024\/05\/Double-head-vegetable-cutter-machine-300x225.webp 300w, https:\/\/topfoodmachine.com\/wp-content\/uploads\/2024\/05\/Double-head-vegetable-cutter-machine-16x12.webp 16w\" sizes=\"auto, (max-width: 720px) 100vw, 720px\" \/><figcaption class=\"wp-element-caption\">M\u00e1quina cortadora de verduras de doble cabeza<\/figcaption><\/figure>    <figure class=\"wp-block-image size-large\"><img loading=\"lazy\" decoding=\"async\" width=\"720\" height=\"540\" data-id=\"1150\" src=\"https:\/\/topfoodmachine.com\/wp-content\/uploads\/2024\/02\/meatball-making-machine.webp\" alt=\"m\u00e1quina para hacer alb\u00f3ndigas\" class=\"wp-image-1150\" srcset=\"https:\/\/topfoodmachine.com\/wp-content\/uploads\/2024\/02\/meatball-making-machine.webp 720w, https:\/\/topfoodmachine.com\/wp-content\/uploads\/2024\/02\/meatball-making-machine-300x225.webp 300w\" sizes=\"auto, (max-width: 720px) 100vw, 720px\" \/><figcaption class=\"wp-element-caption\">m\u00e1quina para hacer alb\u00f3ndigas<\/figcaption><\/figure> <\/figure>","protected":false},"excerpt":{"rendered":"<p>La m\u00e1quina esterilizadora UV utiliza tecnolog\u00eda de luz ultravioleta (UV), espec\u00edficamente en el espectro UV-C, para combatir y eliminar eficazmente microorganismos como bacterias, virus y mohos. <\/p>","protected":false},"author":1,"featured_media":1123,"parent":0,"template":"","tags":[78,77,76],"product-type":[6],"class_list":["post-1122","product","type-product","status-publish","has-post-thumbnail","hentry","tag-sterilization-machine","tag-ultraviolet","tag-uv","product-type-pastry-production-machine"],"_links":{"self":[{"href":"https:\/\/topfoodmachine.com\/es\/wp-json\/wp\/v2\/product\/1122","targetHints":{"allow":["GET"]}}],"collection":[{"href":"https:\/\/topfoodmachine.com\/es\/wp-json\/wp\/v2\/product"}],"about":[{"href":"https:\/\/topfoodmachine.com\/es\/wp-json\/wp\/v2\/types\/product"}],"author":[{"embeddable":true,"href":"https:\/\/topfoodmachine.com\/es\/wp-json\/wp\/v2\/users\/1"}],"wp:featuredmedia":[{"embeddable":true,"href":"https:\/\/topfoodmachine.com\/es\/wp-json\/wp\/v2\/media\/1123"}],"wp:attachment":[{"href":"https:\/\/topfoodmachine.com\/es\/wp-json\/wp\/v2\/media?parent=1122"}],"wp:term":[{"taxonomy":"post_tag","embeddable":true,"href":"https:\/\/topfoodmachine.com\/es\/wp-json\/wp\/v2\/tags?post=1122"},{"taxonomy":"product-type","embeddable":true,"href":"https:\/\/topfoodmachine.com\/es\/wp-json\/wp\/v2\/product-type?post=1122"}],"curies":[{"name":"wp","href":"https:\/\/api.w.org\/{rel}","templated":true}]}}