{"id":110,"date":"2022-07-14T08:58:02","date_gmt":"2022-07-14T08:58:02","guid":{"rendered":"https:\/\/topfoodmachine.com\/?post_type=product&#038;p=110"},"modified":"2022-09-20T06:27:56","modified_gmt":"2022-09-20T06:27:56","slug":"spice-powder-packing-machine","status":"publish","type":"product","link":"https:\/\/topfoodmachine.com\/es\/product\/spice-powder-packing-machine\/","title":{"rendered":"M\u00e1quina envasadora de especias en polvo"},"content":{"rendered":"<div class=\"kk-star-ratings kksr-auto kksr-align-left kksr-valign-top\"     data-payload='{&quot;align&quot;:&quot;left&quot;,&quot;id&quot;:&quot;110&quot;,&quot;slug&quot;:&quot;default&quot;,&quot;valign&quot;:&quot;top&quot;,&quot;ignore&quot;:&quot;&quot;,&quot;reference&quot;:&quot;auto&quot;,&quot;class&quot;:&quot;&quot;,&quot;count&quot;:&quot;23&quot;,&quot;legendonly&quot;:&quot;&quot;,&quot;readonly&quot;:&quot;&quot;,&quot;score&quot;:&quot;4.5&quot;,&quot;starsonly&quot;:&quot;&quot;,&quot;best&quot;:&quot;5&quot;,&quot;gap&quot;:&quot;5&quot;,&quot;greet&quot;:&quot;Rate this product&quot;,&quot;legend&quot;:&quot;4.5\\\/5 - (23 votos)&quot;,&quot;size&quot;:&quot;24&quot;,&quot;title&quot;:&quot;Spice Powder Packing Machine&quot;,&quot;width&quot;:&quot;128&quot;,&quot;_legend&quot;:&quot;{score}\\\/{best} - ({count} {votes})&quot;,&quot;font_factor&quot;:&quot;1.25&quot;}'>              <div class=\"kksr-stars\">      <div class=\"kksr-stars-inactive\">             <div class=\"kksr-star\" data-star=\"1\" style=\"padding-right: 5px\">               <div class=\"kksr-icon\" style=\"width: 24px; height: 24px;\"><\/div>         <\/div>             <div class=\"kksr-star\" data-star=\"2\" style=\"padding-right: 5px\">               <div class=\"kksr-icon\" style=\"width: 24px; height: 24px;\"><\/div>         <\/div>             <div class=\"kksr-star\" data-star=\"3\" style=\"padding-right: 5px\">               <div class=\"kksr-icon\" style=\"width: 24px; height: 24px;\"><\/div>         <\/div>             <div class=\"kksr-star\" data-star=\"4\" style=\"padding-right: 5px\">               <div class=\"kksr-icon\" style=\"width: 24px; height: 24px;\"><\/div>         <\/div>             <div class=\"kksr-star\" data-star=\"5\" style=\"padding-right: 5px\">               <div class=\"kksr-icon\" style=\"width: 24px; height: 24px;\"><\/div>         <\/div>     <\/div>      <div class=\"kksr-stars-active\" style=\"width: 128px;\">             <div class=\"kksr-star\" style=\"padding-right: 5px\">               <div class=\"kksr-icon\" style=\"width: 24px; height: 24px;\"><\/div>         <\/div>             <div class=\"kksr-star\" style=\"padding-right: 5px\">               <div class=\"kksr-icon\" style=\"width: 24px; height: 24px;\"><\/div>         <\/div>             <div class=\"kksr-star\" style=\"padding-right: 5px\">               <div class=\"kksr-icon\" style=\"width: 24px; height: 24px;\"><\/div>         <\/div>             <div class=\"kksr-star\" style=\"padding-right: 5px\">               <div class=\"kksr-icon\" style=\"width: 24px; height: 24px;\"><\/div>         <\/div>             <div class=\"kksr-star\" style=\"padding-right: 5px\">               <div class=\"kksr-icon\" style=\"width: 24px; height: 24px;\"><\/div>         <\/div>     <\/div> <\/div>                   <div class=\"kksr-legend\" style=\"font-size: 19.2px;\">             4,5\/5 - (23 votos)    <\/div>     <\/div>  <p class=\"translation-block\"><strong>La m\u00e1quina de empaquetado de polvo de especias<\/strong> se utiliza ampliamente para empaquetar todo tipo de productos en polvo de especias. Puede completar autom\u00e1ticamente todo el proceso de pesaje del producto, llenado, formaci\u00f3n de bolsas, sellado y codificaci\u00f3n. Los materiales de empaquetado pueden ser papel, PE, PP, etc. La m\u00e1quina de empaquetado de polvo de especias a la venta de Taizy tiene tres tipos diferentes, <strong>m\u00e1quina de empaquetado de polvo de especias peque\u00f1a TH-320<\/strong>, <strong>m\u00e1quina de empaquetado de bolsas de especias TH-450<\/strong>, y <strong>m\u00e1quina de empaquetado autom\u00e1tico de especias de super eficiencia<\/strong>. Tienen diferentes caracter\u00edsticas y par\u00e1metros. Y la velocidad de empaquetado puede alcanzar hasta 80 bolsas por minuto. Todas nuestras m\u00e1quinas disfrutan de alta calidad y buen precio. Y ofrecemos una garant\u00eda de un a\u00f1o. Adem\u00e1s, proporcionamos servicios completos de instalaci\u00f3n, operaci\u00f3n y mantenimiento de la m\u00e1quina. Si es necesario, tambi\u00e9n podemos enviar a nuestros ingenieros a ti. Por favor, cont\u00e1ctanos si necesitas algo.<\/p>    <h2 class=\"wp-block-heading\">\u00bfQu\u00e9 es una m\u00e1quina envasadora de especias en polvo?<\/h2>    <p class=\"translation-block\">La m\u00e1quina de empaquetado de polvo de especias est\u00e1 especialmente dise\u00f1ada para empaquetar varios polvos de especias, como polvo de chile, polvo de curry, polvo de c\u00farcuma, polvo de masala, polvo de canela, polvo de comino, polvo de nuez moscada, polvo de jengibre, polvo de vainilla, etc. Una <a href=\"https:\/\/tianhuipackingmachine.com\/spice-packaging-machine\/\" target=\"_blank\" rel=\"noreferrer noopener\">m\u00e1quina de empaquetado de especias<\/a> puede completar autom\u00e1ticamente la funci\u00f3n de pesaje, llenado, fabricaci\u00f3n de bolsas, sellado, impresi\u00f3n de fecha y conteo. Esta m\u00e1quina de empaquetado puede mejorar enormemente tu productividad y beneficiar tu negocio de especias. Hay varios tipos de m\u00e1quinas de empaquetado de especias en el mercado. Por lo tanto, es importante elegir la adecuada para tu proyecto.<\/p>    <h2 class=\"wp-block-heading\">M\u00e1quina envasadora de polvo de especias peque\u00f1a TH-320 a la venta<\/h2>    <p>Esta es una peque\u00f1a m\u00e1quina de llenado y sellado de tipo vertical para especias en polvo. Tiene un tama\u00f1o peque\u00f1o y un precio asequible. Y puede empacar polvo de 0 gramos a 80 gramos. La peque\u00f1a m\u00e1quina envasadora de especias TH-320 puede finalizar autom\u00e1ticamente todo el proceso de envasado de especias sin necesidad de asistencia humana. Si posee un peque\u00f1o negocio de especias, esta m\u00e1quina es adecuada para su proyecto. &nbsp;<\/p>    <figure class=\"wp-block-image size-full\"><img loading=\"lazy\" decoding=\"async\" width=\"720\" height=\"540\" src=\"https:\/\/topfoodmachine.com\/wp-content\/uploads\/2022\/07\/spice-powder-packing-machine.jpg\" alt=\"empaquetadora de especias en polvo\" class=\"wp-image-114\" srcset=\"https:\/\/topfoodmachine.com\/wp-content\/uploads\/2022\/07\/spice-powder-packing-machine.jpg 720w, https:\/\/topfoodmachine.com\/wp-content\/uploads\/2022\/07\/spice-powder-packing-machine-300x225.jpg 300w\" sizes=\"auto, (max-width: 720px) 100vw, 720px\" \/><figcaption>empaquetadora de especias en polvo<\/figcaption><\/figure>    <h2 class=\"wp-block-heading\">M\u00e1quina empacadora autom\u00e1tica de bolsas de especias TH-450 a la venta<\/h2>    <p>Esta tambi\u00e9n es una m\u00e1quina llenadora y selladora de tipo vertical para especias en polvo. Tiene un tama\u00f1o mayor que el modelo TH-320. Y la m\u00e1quina envasa especias en polvo de 0 gramos a 200 gramos. La m\u00e1quina empacadora autom\u00e1tica de bolsitas de especias TH-450 tiene una eficiencia bastante alta y un buen rendimiento. Tambi\u00e9n es una excelente opci\u00f3n para una peque\u00f1a empresa de especias.<\/p>    <figure class=\"wp-block-image size-full\"><img loading=\"lazy\" decoding=\"async\" width=\"720\" height=\"540\" src=\"https:\/\/topfoodmachine.com\/wp-content\/uploads\/2022\/07\/TH-450-spice-packaging-machine.jpg\" alt=\"M\u00e1quina de envasado de especias TH-450\" class=\"wp-image-116\" srcset=\"https:\/\/topfoodmachine.com\/wp-content\/uploads\/2022\/07\/TH-450-spice-packaging-machine.jpg 720w, https:\/\/topfoodmachine.com\/wp-content\/uploads\/2022\/07\/TH-450-spice-packaging-machine-300x225.jpg 300w\" sizes=\"auto, (max-width: 720px) 100vw, 720px\" \/><figcaption>M\u00e1quina de envasado de especias TH-450<\/figcaption><\/figure>    <h2 class=\"wp-block-heading\">M\u00e1quina empacadora de polvo de especias de s\u00faper eficiencia a la venta<\/h2>    <p>Esta es una m\u00e1quina empacadora de bolsas de especias tipo collar. Est\u00e1 equipado con un transportador de alimentaci\u00f3n de tornillo, una tolva y una m\u00e1quina empacadora de bolsas. Esta m\u00e1quina empacadora de especias en polvo tiene las caracter\u00edsticas de s\u00faper eficiencia y rendimiento estable. Esta m\u00e1quina es adecuada para envasar productos en polvo desde 1kg hasta 3kg. Es ideal para mediana y gran demanda de producci\u00f3n. &nbsp;<\/p>    <figure class=\"wp-block-image size-full\"><img loading=\"lazy\" decoding=\"async\" width=\"720\" height=\"540\" src=\"https:\/\/topfoodmachine.com\/wp-content\/uploads\/2022\/07\/super-efficiency-powder-packaging-machine.jpg\" alt=\"M\u00e1quina de envasado de polvo de super eficiencia\" class=\"wp-image-117\" srcset=\"https:\/\/topfoodmachine.com\/wp-content\/uploads\/2022\/07\/super-efficiency-powder-packaging-machine.jpg 720w, https:\/\/topfoodmachine.com\/wp-content\/uploads\/2022\/07\/super-efficiency-powder-packaging-machine-300x225.jpg 300w\" sizes=\"auto, (max-width: 720px) 100vw, 720px\" \/><figcaption>M\u00e1quina de envasado de polvo de super eficiencia<\/figcaption><\/figure>    <h2 class=\"wp-block-heading\">Datos t\u00e9cnicos de la envasadora de polvo Taizy para especias<\/h2>    <figure class=\"wp-block-table\"><table><tbody><tr><td>Modelo<\/td><td>TH-320<\/td><td>TH-450<\/td><td>TH-420<\/td><td>TH-520<\/td><td>TH-720<\/td><\/tr><tr><td> Tipos de bolsas<\/td><td>Sello trasero\/3 lados\/4 lados<\/td><td>Sello trasero\/3 lados\/4 lados<\/td><td>Sello trasero<\/td><td>Sello trasero<\/td><td>Sello trasero<\/td><\/tr><tr><td>Velocidad de embalaje<\/td><td>20-80 bolsas\/minuto<\/td><td>20-80 bolsas\/minuto<\/td><td>5-30 bolsas\/minuto<\/td><td>5-50 bolsas\/minuto<\/td><td>5-50 bolsas\/minuto<\/td><\/tr><tr><td>El consumo de energ\u00eda<\/td><td>1,8 kw<\/td><td>2,2 kw<\/td><td>220 V, 2,2 KW<\/td><td>220 VCA\/50 Hz<\/td><td>220 VCA\/50 Hz, 5 KW<\/td><\/tr><tr><td>Dimensi\u00f3n<\/td><td>(Largo)650*(Ancho)1050*(Alto)1950mm<\/td><td>(Largo)650*(Ancho)1050*(Alto)2150mm<\/td><td>(Largo)1320*(Ancho)950*(Alto)1760mm<\/td><td>(Largo)1150*(Ancho)1795*(Alto)2050mm<\/td><td>(Largo)1780*(Ancho)1350*(Alto)2350mm<\/td><\/tr><tr><td>Longitud del saco<\/td><td>30-180 mm<\/td><td>30-300 mm<\/td><td>80-300 mm<\/td><td>80-400 mm<\/td><td>100-400 mm<\/td><\/tr><tr><td>Ancho de la bolsa<\/td><td>20-150 mm<\/td><td>20-210 mm<\/td><td>80-200 mm<\/td><td>80-250 mm<\/td><td>180-350 mm<\/td><\/tr><tr><td>Consumo de aire<\/td><td>\/<\/td><td>\/<\/td><td>0,65 MPa<\/td><td>0,65 MPa<\/td><td>0,65 MPa<\/td><\/tr><tr><td>Consumo de gas<\/td><td>\/<\/td><td>\/<\/td><td>0,4m3\/minuto<\/td><td>0,4m3\/minuto<\/td><td>0,4m3\/minuto<\/td><\/tr><\/tbody><\/table><\/figure>    <h2 class=\"wp-block-heading\">Caracter\u00edsticas de rendimiento de la m\u00e1quina envasadora de especias Taizy<\/h2>    <ol class=\"wp-block-list\" type=\"1\"><li>Estructura simple, dise\u00f1o razonable, f\u00e1cil instalaci\u00f3n, operaci\u00f3n y mantenimiento.<\/li><li>Adopte material de m\u00e1quina de acero inoxidable 304 completo, duradero y apto para uso alimentario.<\/li><li>Utilice un sistema de control PLC inteligente, par\u00e1metros f\u00e1ciles de configurar, alta precisi\u00f3n<\/li><li>Ruedas equipadas, f\u00e1ciles de mover y transportar.<\/li><li>El bot\u00f3n de parada de emergencia est\u00e1 disponible<\/li><li>Cubierta protectora del cortador para garantizar la seguridad de los operadores.<\/li><li>Dispositivo fotoel\u00e9ctrico de seguimiento ocular para garantizar la eficiencia y precisi\u00f3n.<\/li><li>Servicio ODM\/OEM disponible<\/li><\/ol>    <h2 class=\"wp-block-heading\">Aplicaciones de la m\u00e1quina empacadora de bolsitas de especias <\/h2>    <p class=\"translation-block\">La m\u00e1quina de empaquetado de polvo de especias es un tipo de equipo de empaquetado de polvo. Es adecuada para empaquetar todo tipo de productos en polvo de especias, como polvo de jengibre, <a href=\"https:\/\/tianhuipackingmachine.com\/chilli-powder-packing-machine\/\" target=\"_blank\" rel=\"noreferrer noopener\">polvo de chile<\/a>, polvo de vainilla, polvo de masala, polvo de nuez moscada, canela, clavos, comino, etc. Adem\u00e1s de los polvos de especias, esta m\u00e1quina autom\u00e1tica de empaquetado de especias tambi\u00e9n es ideal para muchos otros productos en polvo, como polvo de leche, <a href=\"https:\/\/tianhuipackingmachine.com\/detergent-powder-packing-machine\/\" target=\"_blank\" rel=\"noreferrer noopener\">polvo de detergente<\/a>, polvo nutricional, polvo de caf\u00e9, polvo de t\u00e9, polvo de hierbas, polvo qu\u00edmico, harina, polvo de cacao, etc. Nuestra m\u00e1quina de empaquetado de especias puede proporcionar soluciones de 0 a 3000 g por bolsa. Adem\u00e1s, apoyamos diferentes tipos de bolsas personalizadas, anchos y longitudes. Por ejemplo, hay sellado trasero, sellado de 3 lados y sellado de 4 lados. M\u00e1s opciones, mejores soluciones de empaquetado de especias.<\/p>    <h2 class=\"wp-block-heading\">Empaquetadora de especias semiautom\u00e1tica versus empaquetadora de especias completamente autom\u00e1tica<\/h2>    <p>En primer lugar, debemos admitir que tanto la m\u00e1quina empacadora de especias semiautom\u00e1tica como una m\u00e1quina empacadora de especias completamente autom\u00e1tica pueden mejorar en gran medida su productividad. Aunque la eficiencia del embalaje var\u00eda seg\u00fan la m\u00e1quina. \u00c9sta es su caracter\u00edstica com\u00fan. Y son diferentes en estos art\u00edculos.<\/p>    <ol class=\"wp-block-list\" type=\"1\"><li><strong>Funci\u00f3n<\/strong>. Una m\u00e1quina envasadora de especias completamente autom\u00e1tica puede completar el proceso de pesaje, llenado, fabricaci\u00f3n de bolsas, sellado e impresi\u00f3n de fecha. Mientras que una m\u00e1quina empacadora de especias en polvo manual puede realizar la funci\u00f3n parcial de una completamente autom\u00e1tica, solo la funci\u00f3n de llenado y sellado.<\/li><li><strong>Costo<\/strong>. Tienen diferentes costos. De las diferentes estructuras y configuraciones de m\u00e1quinas, los precios de las m\u00e1quinas empacadoras de especias en polvo son diferentes. Adem\u00e1s, el precio de la misma m\u00e1quina empacadora de especias puede variar seg\u00fan las diferentes configuraciones y costos de env\u00edo. Si desea conocer una lista completa de precios de m\u00e1quinas, bienvenido a contactarnos. &nbsp;<\/li><\/ol>    <h2 class=\"wp-block-heading\">Cont\u00e1ctenos hoy para iniciar su negocio<\/h2>    <p class=\"translation-block\">La m\u00e1quina de envasado de especias en polvo es significativa para el negocio de las especias. Puede mejorar enormemente su productividad y beneficiar su proyecto. La m\u00e1quina de envasado de especias en venta de nosotros tiene tres tipos para diferentes requisitos de envasado. Cualesquiera que sean sus necesidades de envasado de especias, nosotros lo tenemos cubierto. Por cierto, todas nuestras m\u00e1quinas disfrutan de un buen precio y alta calidad. Adem\u00e1s, contamos con personal capacitado para asegurar un buen rendimiento y una entrega r\u00e1pida de nuestras m\u00e1quinas. Bienvenido a <a href=\"https:\/\/topfoodmachine.com\/es\/contact-us\/\">contactarnos<\/a> para m\u00e1s informaci\u00f3n.<\/p>","protected":false},"excerpt":{"rendered":"<p>Spice powder packing machine is widely used for packaging all kinds of spices powder products. It can totally automatically finish the whole process of product weighing, filling, bag forming, sealing, and coding. Packaging materials can be paper, PE, PP, etc. The spice powder packing machine for sale from Taizy has three different types, TH-320 small [&hellip;]<\/p>\n","protected":false},"author":1,"featured_media":114,"parent":0,"template":"","tags":[14],"product-type":[8],"class_list":["post-110","product","type-product","status-publish","has-post-thumbnail","hentry","tag-food-packaging-machine","product-type-food-packaging-machine"],"_links":{"self":[{"href":"https:\/\/topfoodmachine.com\/es\/wp-json\/wp\/v2\/product\/110","targetHints":{"allow":["GET"]}}],"collection":[{"href":"https:\/\/topfoodmachine.com\/es\/wp-json\/wp\/v2\/product"}],"about":[{"href":"https:\/\/topfoodmachine.com\/es\/wp-json\/wp\/v2\/types\/product"}],"author":[{"embeddable":true,"href":"https:\/\/topfoodmachine.com\/es\/wp-json\/wp\/v2\/users\/1"}],"wp:featuredmedia":[{"embeddable":true,"href":"https:\/\/topfoodmachine.com\/es\/wp-json\/wp\/v2\/media\/114"}],"wp:attachment":[{"href":"https:\/\/topfoodmachine.com\/es\/wp-json\/wp\/v2\/media?parent=110"}],"wp:term":[{"taxonomy":"post_tag","embeddable":true,"href":"https:\/\/topfoodmachine.com\/es\/wp-json\/wp\/v2\/tags?post=110"},{"taxonomy":"product-type","embeddable":true,"href":"https:\/\/topfoodmachine.com\/es\/wp-json\/wp\/v2\/product-type?post=110"}],"curies":[{"name":"wp","href":"https:\/\/api.w.org\/{rel}","templated":true}]}}