{"id":11,"date":"2022-07-12T02:17:03","date_gmt":"2022-07-12T02:17:03","guid":{"rendered":"https:\/\/topfoodmachine.com\/?post_type=product&#038;p=11"},"modified":"2025-12-18T16:27:56","modified_gmt":"2025-12-18T08:27:56","slug":"spring-roll-machine","status":"publish","type":"product","link":"https:\/\/topfoodmachine.com\/es\/product\/spring-roll-machine\/","title":{"rendered":"M\u00e1quina de Rollos de Primavera | M\u00e1quina para Hacer Rollos de Primavera"},"content":{"rendered":"<div class=\"kk-star-ratings kksr-auto kksr-align-left kksr-valign-top\"     data-payload='{&quot;align&quot;:&quot;left&quot;,&quot;id&quot;:&quot;11&quot;,&quot;slug&quot;:&quot;default&quot;,&quot;valign&quot;:&quot;top&quot;,&quot;ignore&quot;:&quot;&quot;,&quot;reference&quot;:&quot;auto&quot;,&quot;class&quot;:&quot;&quot;,&quot;count&quot;:&quot;7&quot;,&quot;legendonly&quot;:&quot;&quot;,&quot;readonly&quot;:&quot;&quot;,&quot;score&quot;:&quot;4.9&quot;,&quot;starsonly&quot;:&quot;&quot;,&quot;best&quot;:&quot;5&quot;,&quot;gap&quot;:&quot;5&quot;,&quot;greet&quot;:&quot;Rate this product&quot;,&quot;legend&quot;:&quot;4.9\\\/5 - (7 votos)&quot;,&quot;size&quot;:&quot;24&quot;,&quot;title&quot;:&quot;Spring Roll Machine | Spring Roll Making Machine&quot;,&quot;width&quot;:&quot;139.6&quot;,&quot;_legend&quot;:&quot;{score}\\\/{best} - ({count} {votes})&quot;,&quot;font_factor&quot;:&quot;1.25&quot;}'>              <div class=\"kksr-stars\">      <div class=\"kksr-stars-inactive\">             <div class=\"kksr-star\" data-star=\"1\" style=\"padding-right: 5px\">               <div class=\"kksr-icon\" style=\"width: 24px; height: 24px;\"><\/div>         <\/div>             <div class=\"kksr-star\" data-star=\"2\" style=\"padding-right: 5px\">               <div class=\"kksr-icon\" style=\"width: 24px; height: 24px;\"><\/div>         <\/div>             <div class=\"kksr-star\" data-star=\"3\" style=\"padding-right: 5px\">               <div class=\"kksr-icon\" style=\"width: 24px; height: 24px;\"><\/div>         <\/div>             <div class=\"kksr-star\" data-star=\"4\" style=\"padding-right: 5px\">               <div class=\"kksr-icon\" style=\"width: 24px; height: 24px;\"><\/div>         <\/div>             <div class=\"kksr-star\" data-star=\"5\" style=\"padding-right: 5px\">               <div class=\"kksr-icon\" style=\"width: 24px; height: 24px;\"><\/div>         <\/div>     <\/div>      <div class=\"kksr-stars-active\" style=\"width: 139.6px;\">             <div class=\"kksr-star\" style=\"padding-right: 5px\">               <div class=\"kksr-icon\" style=\"width: 24px; height: 24px;\"><\/div>         <\/div>             <div class=\"kksr-star\" style=\"padding-right: 5px\">               <div class=\"kksr-icon\" style=\"width: 24px; height: 24px;\"><\/div>         <\/div>             <div class=\"kksr-star\" style=\"padding-right: 5px\">               <div class=\"kksr-icon\" style=\"width: 24px; height: 24px;\"><\/div>         <\/div>             <div class=\"kksr-star\" style=\"padding-right: 5px\">               <div class=\"kksr-icon\" style=\"width: 24px; height: 24px;\"><\/div>         <\/div>             <div class=\"kksr-star\" style=\"padding-right: 5px\">               <div class=\"kksr-icon\" style=\"width: 24px; height: 24px;\"><\/div>         <\/div>     <\/div> <\/div>                   <div class=\"kksr-legend\" style=\"font-size: 19.2px;\">             4,9\/5 - (7 votos)    <\/div>     <\/div>  <p class=\"translation-block\">La <strong>M\u00e1quina de Rollos de Primavera<\/strong> puede producir varios tipos de pasta en hoja, incluyendo envolturas de rollos de primavera, crepes francesas, pasteles de huevo y crepes de pato pekin\u00e9s. Se utiliza ampliamente en f\u00e1bricas de alimentos, comedores, vendedores de comida callejera y restaurantes, asegurando consistencia y calidad en la producci\u00f3n a gran escala. <\/p>    <p class=\"translation-block\">Con opciones de grosor ajustables que van de 0.3mm a 1.2mm, la <strong>M\u00e1quina de Rollos de Primavera<\/strong> es personalizable para satisfacer necesidades espec\u00edficas de producci\u00f3n, lo que la convierte en una opci\u00f3n ideal para empresas que buscan expandir sus operaciones y rentabilidad. <\/p>    <p>Ya sea que est\u00e9 en Europa, Am\u00e9rica o Asia, esta m\u00e1quina le ayudar\u00e1 a satisfacer la creciente demanda de rollos de primavera y otros productos de pasta en l\u00e1mina populares.<\/p>    <figure class=\"wp-block-embed is-type-video is-provider-youtube wp-block-embed-youtube wp-embed-aspect-16-9 wp-has-aspect-ratio\"><div class=\"wp-block-embed__wrapper\"> <iframe loading=\"lazy\" title=\"Automatic Spring Roll Making Machine in Action \u2013 Fast &amp; Efficient! #springrolls #foodprocessing\" width=\"500\" height=\"281\" src=\"https:\/\/www.youtube.com\/embed\/fwWfkWzMGKM?feature=oembed\" frameborder=\"0\" allow=\"accelerometer; autoplay; clipboard-write; encrypted-media; gyroscope; picture-in-picture; web-share\" referrerpolicy=\"strict-origin-when-cross-origin\" allowfullscreen><\/iframe> <\/div><figcaption class=\"wp-element-caption\">Video de funcionamiento de la m\u00e1quina de rollos de primavera<\/figcaption><\/figure>    <h2 class=\"wp-block-heading\">\u00bfQu\u00e9 es un rollo de primavera?<\/h2>    <p class=\"translation-block\">Un <a href=\"https:\/\/en.wikipedia.org\/wiki\/Spring_roll\" data-type=\"link\" data-id=\"https:\/\/en.wikipedia.org\/wiki\/Spring_roll\" target=\"_blank\" rel=\"noopener\">spring roll<\/a> es un plato muy apreciado con ra\u00edces en China, conocido por su versatilidad y amplio atractivo. Aunque tradicionalmente consiste en una envoltura delgada y crujiente rellena de una variedad de ingredientes salados, el concepto de \u201crollito de primavera\u201d ha evolucionado a lo largo de distintos pa\u00edses y culturas, adoptando muchas formas \u00fanicas.<\/p>    <p>Adem\u00e1s de la envoltura cl\u00e1sica de rollos de primavera, encontrar\u00e1 variaciones como pasteles de huevo, pasteles de pato asado, pretzels, bollos volteados, pasteles de melaleuca, injera e incluso tortillas de ma\u00edz en diferentes regiones. Estas variaciones muestran la adaptabilidad del concepto de rollo de primavera, a menudo incorporando sabores e ingredientes locales.<\/p>    <div class=\"wp-block-group is-layout-flow wp-block-group-is-layout-flow\"> <div class=\"wp-block-columns is-layout-flex wp-container-core-columns-is-layout-28f84493 wp-block-columns-is-layout-flex\"> <div class=\"wp-block-column is-layout-flow wp-block-column-is-layout-flow\" style=\"flex-basis:100%\"> <figure class=\"wp-block-image size-full\"><img loading=\"lazy\" decoding=\"async\" width=\"720\" height=\"540\" src=\"https:\/\/topfoodmachine.com\/wp-content\/uploads\/2022\/07\/vegetable-spring-rolls.jpg\" alt=\"rollos de primavera de verduras\" class=\"wp-image-165\" srcset=\"https:\/\/topfoodmachine.com\/wp-content\/uploads\/2022\/07\/vegetable-spring-rolls.jpg 720w, https:\/\/topfoodmachine.com\/wp-content\/uploads\/2022\/07\/vegetable-spring-rolls-300x225.jpg 300w\" sizes=\"auto, (max-width: 720px) 100vw, 720px\" \/><figcaption class=\"wp-element-caption\">rollos de primavera de verduras<\/figcaption><\/figure> <\/div> <\/div> <\/div>    <h2 class=\"wp-block-heading\">m\u00e1quina de rollos de primavera en venta<\/h2>    <p>La m\u00e1quina de rollos de primavera es un dispositivo de alta eficiencia dise\u00f1ado para producir varios pasteles en l\u00e1mina como rollos de primavera, pasteles de huevo, panqueques, envolturas de lumpia y crepas. Puede crear l\u00e1minas tanto redondas como rectangulares, satisfaciendo diversas necesidades de productos.<\/p>    <p>Como proveedor de confianza, ofrecemos m\u00e1quinas de calidad para pasteles de rollos de primavera, m\u00e1quinas de envoltura y m\u00e1quinas de plegado a precios competitivos. \u00a1Cont\u00e1ctenos hoy para saber m\u00e1s!<\/p>    <figure class=\"wp-block-image size-full\"><img loading=\"lazy\" decoding=\"async\" width=\"720\" height=\"540\" src=\"https:\/\/topfoodmachine.com\/wp-content\/uploads\/2022\/07\/spring-roll-making-machine.jpg\" alt=\"m\u00e1quina de rollitos de primavera\" class=\"wp-image-164\" srcset=\"https:\/\/topfoodmachine.com\/wp-content\/uploads\/2022\/07\/spring-roll-making-machine.jpg 720w, https:\/\/topfoodmachine.com\/wp-content\/uploads\/2022\/07\/spring-roll-making-machine-300x225.jpg 300w\" sizes=\"auto, (max-width: 720px) 100vw, 720px\" \/><figcaption class=\"wp-element-caption\">m\u00e1quina de rollitos de primavera<\/figcaption><\/figure>    <h2 class=\"wp-block-heading\">estructura de la m\u00e1quina para hacer rollos de primavera<\/h2>    <div class=\"wp-block-media-text is-stacked-on-mobile\"><figure class=\"wp-block-media-text__media\"><img loading=\"lazy\" decoding=\"async\" width=\"720\" height=\"540\" src=\"https:\/\/topfoodmachine.com\/wp-content\/uploads\/2022\/07\/structure-of-Spring-Roll-Machine.webp\" alt=\"estructura de la m\u00e1quina de rollos de primavera\" class=\"wp-image-1196 size-full\" srcset=\"https:\/\/topfoodmachine.com\/wp-content\/uploads\/2022\/07\/structure-of-Spring-Roll-Machine.webp 720w, https:\/\/topfoodmachine.com\/wp-content\/uploads\/2022\/07\/structure-of-Spring-Roll-Machine-300x225.webp 300w, https:\/\/topfoodmachine.com\/wp-content\/uploads\/2022\/07\/structure-of-Spring-Roll-Machine-16x12.webp 16w\" sizes=\"auto, (max-width: 720px) 100vw, 720px\" \/><\/figure><div class=\"wp-block-media-text__content\"> <p>La m\u00e1quina cuenta con un marco resistente para una operaci\u00f3n estable, prensado asistido por aire para un formado uniforme y un sistema el\u00e9ctrico para control automatizado. <\/p>    <p>Una unidad de calefacci\u00f3n precisa garantiza resultados de horneado consistentes, mientras que los ajustes de temperatura y tiempo ajustables satisfacen diferentes necesidades de producci\u00f3n. <\/p>    <p>Con moldes personalizables, la m\u00e1quina puede producir productos de diversos grosores y formas, incluyendo envoltorios de rollo de primavera, pancakes de pato y tortas de huevo.<\/p> <\/div><\/div>    <h2 class=\"wp-block-heading\">\u00bfC\u00f3mo funciona la m\u00e1quina para hacer rollos de primavera?<\/h2>    <div class=\"wp-block-media-text has-media-on-the-right is-stacked-on-mobile\"><div class=\"wp-block-media-text__content\"> <ul class=\"wp-block-list\"> <li><strong>Paso 1: Preparaci\u00f3n de la mezcla<\/strong> <ul class=\"wp-block-list\"> <li>Vierta la mezcla de harina y agua premedida en el recipiente de la m\u00e1quina.<\/li> <\/ul> <\/li>    <li><strong>Paso 2: Aplanado de la masa<\/strong> <ul class=\"wp-block-list\"> <li>Inicie la m\u00e1quina; el sistema hidr\u00e1ulico impulsa el molde superior para presionar la masa en l\u00e1minas delgadas y uniformes.<\/li> <\/ul> <\/li>    <li><strong>Paso 3: Parada autom\u00e1tica<\/strong> <ul class=\"wp-block-list\"> <li>La m\u00e1quina se detiene autom\u00e1ticamente una vez finalizado el proceso de aplanado.<\/li> <\/ul> <\/li>    <li><strong>Paso 4: Proceso de enfriamiento<\/strong> <ul class=\"wp-block-list\"> <li>Las l\u00e1minas terminadas se trasladan a la zona de enfriamiento, donde un ventilador las enfr\u00eda r\u00e1pidamente para lograr una textura crujiente pero tierna.<\/li> <\/ul> <\/li> <\/ul> <\/div><figure class=\"wp-block-media-text__media\"><img loading=\"lazy\" decoding=\"async\" width=\"720\" height=\"540\" src=\"https:\/\/topfoodmachine.com\/wp-content\/uploads\/2022\/07\/spring-roll-maker-machine.jpg\" alt=\"maquina para hacer rollitos de primavera\" class=\"wp-image-166 size-full\" srcset=\"https:\/\/topfoodmachine.com\/wp-content\/uploads\/2022\/07\/spring-roll-maker-machine.jpg 720w, https:\/\/topfoodmachine.com\/wp-content\/uploads\/2022\/07\/spring-roll-maker-machine-300x225.jpg 300w\" sizes=\"auto, (max-width: 720px) 100vw, 720px\" \/><\/figure><\/div>    <h2 class=\"wp-block-heading\">beneficios de rendimiento de la m\u00e1quina para hacer rollos de primavera<\/h2>    <div class=\"wp-block-media-text is-stacked-on-mobile\"><figure class=\"wp-block-media-text__media\"><img loading=\"lazy\" decoding=\"async\" width=\"720\" height=\"540\" src=\"https:\/\/topfoodmachine.com\/wp-content\/uploads\/2022\/07\/commercial-Spring-Roll-Machine.webp\" alt=\"M\u00e1quina comercial de rollos de primavera\" class=\"wp-image-1194 size-full\" srcset=\"https:\/\/topfoodmachine.com\/wp-content\/uploads\/2022\/07\/commercial-Spring-Roll-Machine.webp 720w, https:\/\/topfoodmachine.com\/wp-content\/uploads\/2022\/07\/commercial-Spring-Roll-Machine-300x225.webp 300w, https:\/\/topfoodmachine.com\/wp-content\/uploads\/2022\/07\/commercial-Spring-Roll-Machine-16x12.webp 16w\" sizes=\"auto, (max-width: 720px) 100vw, 720px\" \/><\/figure><div class=\"wp-block-media-text__content\"> <ul class=\"wp-block-list\"> <li><strong>Grosor ajustable:<\/strong> Grosor del rollo de primavera personalizable desde <strong>0.3\u20131.2 mm<\/strong> para adaptarse a diferentes necesidades de productos.<\/li>    <li><strong>Cuerpo de acero inoxidable:<\/strong> Construcci\u00f3n completamente en acero inoxidable para <strong>durabilidad, operaci\u00f3n sencilla y bajo mantenimiento<\/strong>.<\/li>    <li><strong>Motor de ahorro de energ\u00eda:<\/strong> Equipado con un <strong>motor de cobre puro<\/strong> para un rendimiento estable y una larga vida \u00fatil.<\/li>    <li><strong>Control de temperatura preciso:<\/strong> <strong>Sistema de calefacci\u00f3n controlado por microordenador<\/strong> garantiza una regulaci\u00f3n de temperatura constante y precisa.<\/li>    <li><strong>Personalizaci\u00f3n flexible:<\/strong> <strong>Opciones de personalizaci\u00f3n robustas<\/strong> para adaptarse a diferentes capacidades de producci\u00f3n y requisitos comerciales.<\/li> <\/ul> <\/div><\/div>    <h2 class=\"wp-block-heading\">Par\u00e1metros de la m\u00e1quina para hacer rollos de primavera<\/h2>    <figure class=\"wp-block-table\"><table><tbody><tr><td>Modelo<\/td><td>TZ-3620<\/td><td>TZ-5029<\/td><td>TZ-8045<\/td><td>TZ-12060<\/td><\/tr><tr><td>Tama\u00f1o (mm)<\/td><td>1800*660*890<\/td><td>2400*800*1350<\/td><td>2800*1100*1600<\/td><td>3100*1300*1800<\/td><\/tr><tr><td>Peso<\/td><td>260 kilos<\/td><td>520 kilos<\/td><td>750 kilos<\/td><td>850 kilos<\/td><\/tr><tr><td>Di\u00e1metro del rodillo t\u00e9rmico<\/td><td>400*280mm<\/td><td>500*330mm<\/td><td>800*600mm<\/td><td>1200*600mm<\/td><\/tr><tr><td>Energia electrica<\/td><td>6kw<\/td><td>13kw<\/td><td>32kw<\/td><td>48kw<\/td><\/tr><tr><td>poder de corte<\/td><td>1kW<\/td><td>1kW<\/td><td>1kW<\/td><td>1kW<\/td><\/tr><tr><td>Capacidad<\/td><td>800-1000 unidades\/hora<\/td><td>1500-2000 piezas\/h<\/td><td>3000-4000 piezas\/h<\/td><td>5000-6000 piezas\/h<\/td><\/tr><tr><td>Tama\u00f1o m\u00e1ximo de hoja (mm)<\/td><td>Solo rollo: 250<\/td><td>Rollo:350 cuadrado:300<\/td><td>Rollo:430 cuadrado:450<\/td><td>600<\/td><\/tr><tr><td>El grosor de una hoja<\/td><td>0,3-1,2 mm<\/td><td>0,3-1,2 mm<\/td><td>0,3-1,2 mm<\/td><td>0,3-1,2 mm<\/td><\/tr><\/tbody><\/table><figcaption class=\"wp-element-caption\">par\u00e1metros de la m\u00e1quina para hacer rollos de primavera<\/figcaption><\/figure>    <h2 class=\"wp-block-heading\">Fallos y soluciones comunes de las m\u00e1quinas de rollitos de primavera<\/h2>    <p>Ninguna m\u00e1quina estar\u00e1 nunca libre de errores. Entonces, si sucede, \u00bfqu\u00e9 debemos hacer? A continuaci\u00f3n se presentan algunas fallas y soluciones comunes de las m\u00e1quinas para hacer rollitos de primavera.<\/p>    <div class=\"wp-block-media-text has-media-on-the-right is-stacked-on-mobile\"><div class=\"wp-block-media-text__content\"> <ul class=\"wp-block-list\"> <li>Si no funciona normalmente. <ul class=\"wp-block-list\"> <li>Soluci\u00f3n: Por favor, apague la luz de alimentaci\u00f3n. Luego, encienda la alimentaci\u00f3n y haga funcionar la envoltura de rollos de primavera. Si a\u00fan no puede funcionar, por favor reemplace el inversor.<\/li> <\/ul> <\/li>    <li>El tubo calefactor no se calienta o se calienta de forma intermitente. <ul class=\"wp-block-list\"> <li>Soluci\u00f3n: Verifique si la tabla de control de fuga, la placa de calefacci\u00f3n y el punto caliente est\u00e1n da\u00f1ados. Si es as\u00ed, reempl\u00e1celos a tiempo.<\/li> <\/ul> <\/li> <\/ul> <\/div><figure class=\"wp-block-media-text__media\"><img loading=\"lazy\" decoding=\"async\" width=\"720\" height=\"540\" src=\"https:\/\/topfoodmachine.com\/wp-content\/uploads\/2023\/10\/Injera-making-machine-in-stock.webp\" alt=\"M\u00e1quina de rollos de primavera a buen precio\" class=\"wp-image-847 size-full\" srcset=\"https:\/\/topfoodmachine.com\/wp-content\/uploads\/2023\/10\/Injera-making-machine-in-stock.webp 720w, https:\/\/topfoodmachine.com\/wp-content\/uploads\/2023\/10\/Injera-making-machine-in-stock-300x225.webp 300w\" sizes=\"auto, (max-width: 720px) 100vw, 720px\" \/><\/figure><\/div>    <div class=\"wp-block-media-text is-stacked-on-mobile\"><figure class=\"wp-block-media-text__media\"><img loading=\"lazy\" decoding=\"async\" width=\"720\" height=\"540\" src=\"https:\/\/topfoodmachine.com\/wp-content\/uploads\/2022\/07\/Spring-Roll-Machine-for-business.webp\" alt=\"M\u00e1quina de rollos de primavera para negocios\" class=\"wp-image-1195 size-full\" srcset=\"https:\/\/topfoodmachine.com\/wp-content\/uploads\/2022\/07\/Spring-Roll-Machine-for-business.webp 720w, https:\/\/topfoodmachine.com\/wp-content\/uploads\/2022\/07\/Spring-Roll-Machine-for-business-300x225.webp 300w, https:\/\/topfoodmachine.com\/wp-content\/uploads\/2022\/07\/Spring-Roll-Machine-for-business-16x12.webp 16w\" sizes=\"auto, (max-width: 720px) 100vw, 720px\" \/><\/figure><div class=\"wp-block-media-text__content\"> <ul class=\"wp-block-list\"> <li>El motor principal no se puede ajustar. <ul class=\"wp-block-list\"> <li>Soluci\u00f3n: Verifique si el bot\u00f3n de ajuste de velocidad est\u00e1 da\u00f1ado, refuerce la parte superior de la perilla de ajuste de velocidad o reemplace el bot\u00f3n de ajuste de velocidad.<\/li> <\/ul> <\/li>    <li>Aviso de disyuntor de fuga <ul class=\"wp-block-list\"> <li>Soluci\u00f3n: compruebe si la placa calefactora tiene fugas y si el cable de conexi\u00f3n y el anillo colector de cobre tienen fugas. Si tiene una fuga, sugerimos reemplazarlo.\u00a0<\/li> <\/ul> <\/li> <\/ul> <\/div><\/div>    <h2 class=\"wp-block-heading\">Preguntas frecuentes (FAQ)<\/h2>   <div id=\"rank-math-faq\" class=\"rank-math-block\"> <div class=\"rank-math-list\"> <div id=\"faq-question-1686724475488\" class=\"rank-math-list-item\"> <h3 class=\"rank-math-question\"><strong>\u00bfCu\u00e1l es la forma del producto terminado? \u00a0<\/strong><\/h3> <div class=\"rank-math-answer\">  <p>La forma puede ser cuadrada o redonda, porosa o imporante.<\/p>  <\/div> <\/div> <div id=\"faq-question-1686724500800\" class=\"rank-math-list-item\"> <h3 class=\"rank-math-question\"><strong>\u00bfCu\u00e1l es la materia prima que se pone en la m\u00e1quina?<\/strong><\/h3> <div class=\"rank-math-answer\">  <p>La materia prima es pasta de harina, no masa.<\/p>  <\/div> <\/div> <div id=\"faq-question-1686724517152\" class=\"rank-math-list-item\"> <h3 class=\"rank-math-question\"><strong>\u00bfCu\u00e1l es el tama\u00f1o del producto terminado?<\/strong><\/h3> <div class=\"rank-math-answer\">  <p>La longitud m\u00e1xima del lado del cuadrado es de 30 cm, el di\u00e1metro m\u00e1ximo del c\u00edrculo es de 35 cm y el grosor del panqueque es generalmente de 0,3 a 1,2 mm.<\/p>  <\/div> <\/div> <div id=\"faq-question-1686724534032\" class=\"rank-math-list-item\"> <h3 class=\"rank-math-question\"><strong>\u00bfCu\u00e1l es el m\u00e9todo de calentamiento? \u00a0<\/strong><\/h3> <div class=\"rank-math-answer\">  <p>Calefacci\u00f3n el\u00e9ctrica y calefacci\u00f3n de gas.<\/p>  <\/div> <\/div> <div id=\"faq-question-1686724547968\" class=\"rank-math-list-item\"> <h3 class=\"rank-math-question\"><strong>\u00bfCu\u00e1l es la temperatura de calentamiento? \u00a0<\/strong><\/h3> <div class=\"rank-math-answer\">  <p>120 grados cent\u00edgrados.<\/p>  <\/div> <\/div> <div id=\"faq-question-1686724563504\" class=\"rank-math-list-item\"> <h3 class=\"rank-math-question\"><strong>\u00bfC\u00f3mo ajustar el espesor?<\/strong><\/h3> <div class=\"rank-math-answer\">  <p>Se puede ajustar ajustando la proporci\u00f3n de pasta de fideos, pasta: agua = 1:2.<\/p>  <\/div> <\/div> <div id=\"faq-question-1686724579648\" class=\"rank-math-list-item\"> <h3 class=\"rank-math-question\"><strong>\u00bfQu\u00e9 productos se pueden fabricar?<\/strong><\/h3> <div class=\"rank-math-answer\">  <p>Adem\u00e1s de envolver rollitos de primavera, tambi\u00e9n puede hacer rollitos de wonton, injera, tortillas y panqueques coloridos.<\/p>  <\/div> <\/div> <div id=\"faq-question-1686724592048\" class=\"rank-math-list-item\"> <h3 class=\"rank-math-question\"><strong>\u00bfOfrecen otras m\u00e1quinas?<\/strong><\/h3> <div class=\"rank-math-answer\">  <p>Tambi\u00e9n ofrecemos otras m\u00e1quinas para hacer rollitos de primavera. La m\u00e1quina para hacer rollitos de primavera cuadrados dispone de una cortadora. Adem\u00e1s, la m\u00e1quina puede tener la funci\u00f3n de plegar y contar.<\/p>  <\/div> <\/div> <\/div> <\/div>   <figure class=\"wp-block-image size-full\"><img loading=\"lazy\" decoding=\"async\" width=\"720\" height=\"540\" src=\"https:\/\/topfoodmachine.com\/wp-content\/uploads\/2023\/10\/Injera-maker.webp\" alt=\"m\u00e1quina para hacer rollos de primavera\" class=\"wp-image-845\" srcset=\"https:\/\/topfoodmachine.com\/wp-content\/uploads\/2023\/10\/Injera-maker.webp 720w, https:\/\/topfoodmachine.com\/wp-content\/uploads\/2023\/10\/Injera-maker-300x225.webp 300w\" sizes=\"auto, (max-width: 720px) 100vw, 720px\" \/><figcaption class=\"wp-element-caption\">m\u00e1quina para hacer rollos de primavera<\/figcaption><\/figure>    <h2 class=\"wp-block-heading\">Conclusi\u00f3n<\/h2>    <p class=\"translation-block\">La m\u00e1quina de rollos de primavera es un equipo de producci\u00f3n de alimentos excelente para beneficiar a su negocio. Taizy Machinery Co., Ltd. es un fabricante potente y confiable de m\u00e1quinas para hacer rollos de primavera. Todas <a href=\"https:\/\/topfoodmachine.com\/es\/product\/\" data-type=\"link\" data-id=\"https:\/\/topfoodmachine.com\/product\/\">nuestras m\u00e1quinas<\/a> disfrutan de alto rendimiento, precios competitivos y larga vida \u00fatil.<\/p>    <p>Adem\u00e1s, ofrecemos un servicio de garant\u00eda de un a\u00f1o. Siempre que tenga problemas con la operaci\u00f3n o el mantenimiento de las m\u00e1quinas de alimentos Taizy, dejaremos que nuestros ingenieros altamente capacitados lo resuelvan.<\/p>    <p>Si deseas comprar la m\u00e1quina de rollos de primavera en l\u00ednea, te damos la bienvenida a contactarnos para obtener orientaci\u00f3n profesional de compra y una lista de precios detallada. <\/p>    <figure class=\"wp-block-image size-full\"><img loading=\"lazy\" decoding=\"async\" width=\"813\" height=\"609\" src=\"https:\/\/topfoodmachine.com\/wp-content\/uploads\/2022\/07\/spring-roll-machine-shipping.jpg\" alt=\"env\u00edo de la m\u00e1quina de rollos de primavera\" class=\"wp-image-170\" srcset=\"https:\/\/topfoodmachine.com\/wp-content\/uploads\/2022\/07\/spring-roll-machine-shipping.jpg 813w, https:\/\/topfoodmachine.com\/wp-content\/uploads\/2022\/07\/spring-roll-machine-shipping-300x225.jpg 300w, https:\/\/topfoodmachine.com\/wp-content\/uploads\/2022\/07\/spring-roll-machine-shipping-768x575.jpg 768w\" sizes=\"auto, (max-width: 813px) 100vw, 813px\" \/><figcaption class=\"wp-element-caption\">env\u00edo de la m\u00e1quina de rollos de primavera<\/figcaption><\/figure>","protected":false},"excerpt":{"rendered":"<p>La m\u00e1quina de rollitos de primavera puede producir varios tipos de pasta en l\u00e1mina, incluyendo envolturas de rollitos de primavera, crepes francesas, pasteles de huevo y crepes de pato pekin\u00e9s. <\/p>","protected":false},"author":1,"featured_media":162,"parent":0,"template":"","tags":[17],"product-type":[6],"class_list":["post-11","product","type-product","status-publish","has-post-thumbnail","hentry","tag-pastry-production-machine","product-type-pastry-production-machine"],"_links":{"self":[{"href":"https:\/\/topfoodmachine.com\/es\/wp-json\/wp\/v2\/product\/11","targetHints":{"allow":["GET"]}}],"collection":[{"href":"https:\/\/topfoodmachine.com\/es\/wp-json\/wp\/v2\/product"}],"about":[{"href":"https:\/\/topfoodmachine.com\/es\/wp-json\/wp\/v2\/types\/product"}],"author":[{"embeddable":true,"href":"https:\/\/topfoodmachine.com\/es\/wp-json\/wp\/v2\/users\/1"}],"wp:featuredmedia":[{"embeddable":true,"href":"https:\/\/topfoodmachine.com\/es\/wp-json\/wp\/v2\/media\/162"}],"wp:attachment":[{"href":"https:\/\/topfoodmachine.com\/es\/wp-json\/wp\/v2\/media?parent=11"}],"wp:term":[{"taxonomy":"post_tag","embeddable":true,"href":"https:\/\/topfoodmachine.com\/es\/wp-json\/wp\/v2\/tags?post=11"},{"taxonomy":"product-type","embeddable":true,"href":"https:\/\/topfoodmachine.com\/es\/wp-json\/wp\/v2\/product-type?post=11"}],"curies":[{"name":"wp","href":"https:\/\/api.w.org\/{rel}","templated":true}]}}