{"id":1097,"date":"2023-12-21T15:08:25","date_gmt":"2023-12-21T07:08:25","guid":{"rendered":"https:\/\/topfoodmachine.com\/?post_type=product&#038;p=1097"},"modified":"2025-08-12T18:02:29","modified_gmt":"2025-08-12T10:02:29","slug":"chicken-feet-processing-line","status":"publish","type":"product","link":"https:\/\/topfoodmachine.com\/es\/product\/chicken-feet-processing-line\/","title":{"rendered":"L\u00ednea de procesamiento de patas de pollo"},"content":{"rendered":"<div class=\"kk-star-ratings kksr-auto kksr-align-left kksr-valign-top\"     data-payload='{&quot;align&quot;:&quot;left&quot;,&quot;id&quot;:&quot;1097&quot;,&quot;slug&quot;:&quot;default&quot;,&quot;valign&quot;:&quot;top&quot;,&quot;ignore&quot;:&quot;&quot;,&quot;reference&quot;:&quot;auto&quot;,&quot;class&quot;:&quot;&quot;,&quot;count&quot;:&quot;5&quot;,&quot;legendonly&quot;:&quot;&quot;,&quot;readonly&quot;:&quot;&quot;,&quot;score&quot;:&quot;4.8&quot;,&quot;starsonly&quot;:&quot;&quot;,&quot;best&quot;:&quot;5&quot;,&quot;gap&quot;:&quot;5&quot;,&quot;greet&quot;:&quot;Rate this product&quot;,&quot;legend&quot;:&quot;4.8\\\/5 - (5 votos)&quot;,&quot;size&quot;:&quot;24&quot;,&quot;title&quot;:&quot;Chicken feet processing line&quot;,&quot;width&quot;:&quot;136.7&quot;,&quot;_legend&quot;:&quot;{score}\\\/{best} - ({count} {votes})&quot;,&quot;font_factor&quot;:&quot;1.25&quot;}'>              <div class=\"kksr-stars\">      <div class=\"kksr-stars-inactive\">             <div class=\"kksr-star\" data-star=\"1\" style=\"padding-right: 5px\">               <div class=\"kksr-icon\" style=\"width: 24px; height: 24px;\"><\/div>         <\/div>             <div class=\"kksr-star\" data-star=\"2\" style=\"padding-right: 5px\">               <div class=\"kksr-icon\" style=\"width: 24px; height: 24px;\"><\/div>         <\/div>             <div class=\"kksr-star\" data-star=\"3\" style=\"padding-right: 5px\">               <div class=\"kksr-icon\" style=\"width: 24px; height: 24px;\"><\/div>         <\/div>             <div class=\"kksr-star\" data-star=\"4\" style=\"padding-right: 5px\">               <div class=\"kksr-icon\" style=\"width: 24px; height: 24px;\"><\/div>         <\/div>             <div class=\"kksr-star\" data-star=\"5\" style=\"padding-right: 5px\">               <div class=\"kksr-icon\" style=\"width: 24px; height: 24px;\"><\/div>         <\/div>     <\/div>      <div class=\"kksr-stars-active\" style=\"width: 136.7px;\">             <div class=\"kksr-star\" style=\"padding-right: 5px\">               <div class=\"kksr-icon\" style=\"width: 24px; height: 24px;\"><\/div>         <\/div>             <div class=\"kksr-star\" style=\"padding-right: 5px\">               <div class=\"kksr-icon\" style=\"width: 24px; height: 24px;\"><\/div>         <\/div>             <div class=\"kksr-star\" style=\"padding-right: 5px\">               <div class=\"kksr-icon\" style=\"width: 24px; height: 24px;\"><\/div>         <\/div>             <div class=\"kksr-star\" style=\"padding-right: 5px\">               <div class=\"kksr-icon\" style=\"width: 24px; height: 24px;\"><\/div>         <\/div>             <div class=\"kksr-star\" style=\"padding-right: 5px\">               <div class=\"kksr-icon\" style=\"width: 24px; height: 24px;\"><\/div>         <\/div>     <\/div> <\/div>                   <div class=\"kksr-legend\" style=\"font-size: 19.2px;\">             4,8\/5 - (5 votos)    <\/div>     <\/div>  <p class=\"translation-block\"><strong>L\u00ednea de procesamiento de patas de pollo<\/strong> con una capacidad de 2t\/h proporciona una soluci\u00f3n eficiente y de alta calidad para transformar patas de pollo crudas en ingredientes culinarios premium. <\/p>    <p>El proceso incluye etapas clave como escaldado, pelado, limpieza y corte, cada una optimizada para mantener la higiene, la textura y la calidad general del producto.<\/p>    <p>Esta integraci\u00f3n sin fisuras ayuda a cumplir con est\u00e1ndares estrictos, permitiendo a los clientes ofrecer productos de patas de pollo confiables, seguros y deliciosos en todo momento.<\/p>    <figure class=\"wp-block-embed is-type-video is-provider-youtube wp-block-embed-youtube wp-embed-aspect-16-9 wp-has-aspect-ratio\"><div class=\"wp-block-embed__wrapper\"> <iframe loading=\"lazy\" title=\"Higiene Primero: C\u00f3mo Nuestra L\u00ednea de Procesamiento de Patas de Pollo Asegura Productos de Alta Calidad #foodmachine\" width=\"500\" height=\"281\" src=\"https:\/\/www.youtube.com\/embed\/W9vggItIpS4?start=4&#038;feature=oembed\" frameborder=\"0\" allow=\"accelerometer; autoplay; clipboard-write; encrypted-media; gyroscope; picture-in-picture; web-share\" referrerpolicy=\"strict-origin-when-cross-origin\" allowfullscreen><\/iframe> <\/div><figcaption class=\"wp-element-caption\">Video de trabajo de la l\u00ednea de procesamiento de patas de pollo<\/figcaption><\/figure>    <h2 class=\"wp-block-heading\">Aplicaci\u00f3n de la l\u00ednea de procesamiento de patas de pollo<\/h2>    <p class=\"translation-block\">La <strong>l\u00ednea de procesamiento de patas de pollo<\/strong> es ampliamente aplicable en varios sectores de procesamiento av\u00edcola y fabricaci\u00f3n de alimentos. Est\u00e1 dise\u00f1ada para procesar no solo patas de pollo, sino tambi\u00e9n otros subproductos av\u00edcolas como patas de pato y art\u00edculos similares, lo que la convierte en una soluci\u00f3n vers\u00e1til para diversas necesidades de producci\u00f3n. <\/p>    <p>Esta l\u00ednea de producci\u00f3n es ideal para f\u00e1bricas de alimentos congelados, productores de comidas preparadas, plantas de procesamiento de carne y empresas orientadas a la exportaci\u00f3n que buscan calidad constante y alta eficiencia. Ya sea para mercados nacionales o comercio internacional, la l\u00ednea de procesamiento de patas de pollo garantiza una producci\u00f3n higi\u00e9nica, estandarizada y escalable para satisfacer las diferentes demandas del mercado.<\/p>    <figure class=\"wp-block-image size-full\"><img loading=\"lazy\" decoding=\"async\" width=\"720\" height=\"540\" src=\"https:\/\/topfoodmachine.com\/wp-content\/uploads\/2023\/12\/chicken-feet-processing.webp\" alt=\"procesamiento de patas de pollo\" class=\"wp-image-1725\" srcset=\"https:\/\/topfoodmachine.com\/wp-content\/uploads\/2023\/12\/chicken-feet-processing.webp 720w, https:\/\/topfoodmachine.com\/wp-content\/uploads\/2023\/12\/chicken-feet-processing-300x225.webp 300w, https:\/\/topfoodmachine.com\/wp-content\/uploads\/2023\/12\/chicken-feet-processing-16x12.webp 16w\" sizes=\"auto, (max-width: 720px) 100vw, 720px\" \/><figcaption class=\"wp-element-caption\">procesamiento de patas de pollo<\/figcaption><\/figure>    <h2 class=\"wp-block-heading\">Componentes principales de la l\u00ednea de procesamiento de patas de pollo.<\/h2>    <h3 class=\"wp-block-heading\">1. Escaldadora de patas de pollo<\/h3>    <div class=\"wp-block-media-text is-stacked-on-mobile\"><figure class=\"wp-block-media-text__media\"><img loading=\"lazy\" decoding=\"async\" width=\"720\" height=\"540\" src=\"https:\/\/topfoodmachine.com\/wp-content\/uploads\/2023\/12\/Chicken-feet-scalding-machine.webp\" alt=\"Escaldadora de patas de pollo\" class=\"wp-image-1099 size-full\" srcset=\"https:\/\/topfoodmachine.com\/wp-content\/uploads\/2023\/12\/Chicken-feet-scalding-machine.webp 720w, https:\/\/topfoodmachine.com\/wp-content\/uploads\/2023\/12\/Chicken-feet-scalding-machine-300x225.webp 300w\" sizes=\"auto, (max-width: 720px) 100vw, 720px\" \/><\/figure><div class=\"wp-block-media-text__content\"> <ul class=\"wp-block-list\"> <li>Funciona con calefacci\u00f3n por tuber\u00eda de vapor e incluye control autom\u00e1tico de temperatura<\/li>    <li>Prepara las patas de pollo cocin\u00e1ndolas ligeramente para obtener mejores resultados de pelado<\/li>    <li>Mantiene la temperatura de escaldado entre 65-70\u00b0C para un rendimiento \u00f3ptimo<\/li>    <li>Calefacci\u00f3n indirecta de agua a trav\u00e9s de un sistema de caldera de vapor, evitando el consumo directo de agua caliente<\/li>    <li>Construido de acero inoxidable para una durabilidad a largo plazo y resistencia a la oxidaci\u00f3n y la exposici\u00f3n al agua<\/li> <\/ul> <\/div><\/div>    <figure class=\"wp-block-table\"><table><tbody><tr><td>Tama\u00f1o<\/td><td>Peso<\/td><td>Capacidad<\/td><td>Voltaje<\/td><td>Fuerza<\/td><\/tr><tr><td>4000*1250*1300mm<\/td><td>850 kilos<\/td><td>1000kg\/hora<\/td><td>380v, 50HZ<\/td><td>90kw<\/td><\/tr><\/tbody><\/table><figcaption class=\"wp-element-caption\">Par\u00e1metros de la escaldadora de patas de pollo<\/figcaption><\/figure>    <h3 class=\"wp-block-heading\">2. Peladora de patas de pollo<\/h3>    <div class=\"wp-block-media-text has-media-on-the-right is-stacked-on-mobile\"><div class=\"wp-block-media-text__content\"> <ul class=\"wp-block-list\"> <li><strong>Acci\u00f3n del husillo<\/strong>. La r\u00e1pida rotaci\u00f3n del husillo impulsa los palos de pegamento a moverse y empujar las patas de pollo hacia adelante.<\/li>    <li><strong>Fuerza inversa<\/strong>. El movimiento en espiral del husillo interact\u00faa con las ranuras del barril para crear fuerza de pelado.<\/li>    <li><strong>Pelado seguro<\/strong>. Elimina la piel de manera eficiente sin da\u00f1ar las patas de pollo.<\/li>    <li><strong>Descarga autom\u00e1tica<\/strong>. La piel pelada sale por la parte inferior de la m\u00e1quina.<\/li> <\/ul> <\/div><figure class=\"wp-block-media-text__media\"><img loading=\"lazy\" decoding=\"async\" width=\"720\" height=\"540\" src=\"https:\/\/topfoodmachine.com\/wp-content\/uploads\/2023\/12\/Chicken-feet-peeling-machine.webp\" alt=\"Peladora de patas de pollo\" class=\"wp-image-1100 size-full\" srcset=\"https:\/\/topfoodmachine.com\/wp-content\/uploads\/2023\/12\/Chicken-feet-peeling-machine.webp 720w, https:\/\/topfoodmachine.com\/wp-content\/uploads\/2023\/12\/Chicken-feet-peeling-machine-300x225.webp 300w\" sizes=\"auto, (max-width: 720px) 100vw, 720px\" \/><\/figure><\/div>    <p>La m\u00e1quina peladora es un componente fundamental dise\u00f1ado para eliminar autom\u00e1ticamente la piel amarilla de las patas de pollo. La funci\u00f3n de control de conversi\u00f3n de frecuencia agrega precisi\u00f3n al proceso de pelado, lo que permite operaciones adaptables y eficientes.<\/p>    <figure class=\"wp-block-table\"><table><tbody><tr><td>Tama\u00f1o<\/td><td>Peso<\/td><td>Voltaje<\/td><td>Fuerza<\/td><\/tr><tr><td>3000*900*1300mm<\/td><td>400 kilos<\/td><td>380v, 50HZ<\/td><td>7,5 kw<\/td><\/tr><\/tbody><\/table><figcaption class=\"wp-element-caption\">Par\u00e1metros de la peladora de patas de pollo<\/figcaption><\/figure>    <h3 class=\"wp-block-heading\">3. Prelavadora<\/h3>    <div class=\"wp-block-media-text is-stacked-on-mobile\"><figure class=\"wp-block-media-text__media\"><img loading=\"lazy\" decoding=\"async\" width=\"720\" height=\"540\" src=\"https:\/\/topfoodmachine.com\/wp-content\/uploads\/2023\/12\/Pre-washing-machine.webp\" alt=\"Prelavadora\" class=\"wp-image-1101 size-full\" srcset=\"https:\/\/topfoodmachine.com\/wp-content\/uploads\/2023\/12\/Pre-washing-machine.webp 720w, https:\/\/topfoodmachine.com\/wp-content\/uploads\/2023\/12\/Pre-washing-machine-300x225.webp 300w\" sizes=\"auto, (max-width: 720px) 100vw, 720px\" \/><\/figure><div class=\"wp-block-media-text__content\"> <ul class=\"wp-block-list\"> <li><strong>Eliminaci\u00f3n de impurezas<\/strong>. Elimina eficazmente la suciedad, los desechos y otras impurezas, asegurando un producto m\u00e1s limpio.<\/li>    <li><strong>Mejora de la higiene<\/strong>. Mejora la calidad general de la higiene, preparando las patas de pollo para un procesamiento posterior.<\/li>    <li><strong>Seguridad del producto final<\/strong>. Asegura que las patas de pollo est\u00e9n libres de contaminantes, contribuyendo a un producto final seguro y confiable.<\/li> <\/ul> <\/div><\/div>    <figure class=\"wp-block-table\"><table><tbody><tr><td>Tama\u00f1o<\/td><td>Peso<\/td><td>Voltaje<\/td><td>Fuerza<\/td><\/tr><tr><td>4000*1280*1300mm<\/td><td>860 kilos<\/td><td>380v, 50HZ<\/td><td>3,7 kw<\/td><\/tr><\/tbody><\/table><figcaption class=\"wp-element-caption\">Par\u00e1metros de la prelavadora<\/figcaption><\/figure>    <h3 class=\"wp-block-heading\">4. <strong>M\u00e1quina cortadora de patas de pollo.<\/strong><\/h3>    <div class=\"wp-block-media-text has-media-on-the-right is-stacked-on-mobile\"><div class=\"wp-block-media-text__content\"> <ul class=\"wp-block-list\"> <li><strong>Formaci\u00f3n del producto<\/strong>. Da forma a las patas de pollo seg\u00fan las especificaciones del mercado.<\/li>    <li><strong>Cadena transportadora<\/strong>. Una cadena transportadora especial asegura un movimiento suave a trav\u00e9s del proceso de corte.<\/li>    <li><strong>Cuchillas divididas<\/strong>. Dos cuchillas divididas mejoran la precisi\u00f3n y eficiencia del corte.<\/li>    <li><strong>Cortes precisos<\/strong>. Asegura cortes limpios y precisos para una calidad de producto consistente.<\/li>    <li><strong>Dise\u00f1o duradero<\/strong>. Dise\u00f1ado para un procesamiento de alto volumen y duradero.<\/li> <\/ul> <\/div><figure class=\"wp-block-media-text__media\"><img loading=\"lazy\" decoding=\"async\" width=\"720\" height=\"540\" src=\"https:\/\/topfoodmachine.com\/wp-content\/uploads\/2023\/12\/Chicken-feet-cutting-machine.webp\" alt=\"M\u00e1quina cortadora de patas de pollo.\" class=\"wp-image-1102 size-full\" srcset=\"https:\/\/topfoodmachine.com\/wp-content\/uploads\/2023\/12\/Chicken-feet-cutting-machine.webp 720w, https:\/\/topfoodmachine.com\/wp-content\/uploads\/2023\/12\/Chicken-feet-cutting-machine-300x225.webp 300w\" sizes=\"auto, (max-width: 720px) 100vw, 720px\" \/><\/figure><\/div>    <figure class=\"wp-block-table\"><table><tbody><tr><td>Tama\u00f1o<\/td><td>Peso<\/td><td>Voltaje<\/td><td>Fuerza<\/td><\/tr><tr><td>2500*1300*950mm<\/td><td>560 kilos<\/td><td>380v, 50HZ<\/td><td>3kW<\/td><\/tr><\/tbody><\/table><figcaption class=\"wp-element-caption\">Par\u00e1metros de la cortadora de patas de pollo<\/figcaption><\/figure>    <h2 class=\"wp-block-heading\">Beneficios clave de la l\u00ednea de procesamiento de patas de pollo<\/h2>    <ul class=\"wp-block-list\"> <li>La operaci\u00f3n totalmente automatizada reduce la mano de obra manual y aumenta la eficiencia de producci\u00f3n.<\/li>    <li>Fabricado en acero inoxidable de grado alimenticio, garantizando higiene y durabilidad.<\/li>    <li>Dise\u00f1o f\u00e1cil de limpiar que cumple con estrictos est\u00e1ndares de seguridad alimentaria.<\/li>    <li>Los sistemas de control avanzados garantizan una calidad de producto constante.<\/li>    <li>Capacidad y dise\u00f1o personalizables para adaptarse a diferentes necesidades de producci\u00f3n.<\/li>    <li>Capacidad de procesamiento vers\u00e1til para patas de pollo y otros subproductos av\u00edcolas.<\/li> <\/ul>    <figure class=\"wp-block-image size-full\"><img loading=\"lazy\" decoding=\"async\" width=\"720\" height=\"540\" src=\"https:\/\/topfoodmachine.com\/wp-content\/uploads\/2023\/12\/Chicken-feet-processing-line-1.webp\" alt=\"L\u00ednea de procesamiento de patas de pollo\" class=\"wp-image-1106\" srcset=\"https:\/\/topfoodmachine.com\/wp-content\/uploads\/2023\/12\/Chicken-feet-processing-line-1.webp 720w, https:\/\/topfoodmachine.com\/wp-content\/uploads\/2023\/12\/Chicken-feet-processing-line-1-300x225.webp 300w\" sizes=\"auto, (max-width: 720px) 100vw, 720px\" \/><figcaption class=\"wp-element-caption\">L\u00ednea de procesamiento de patas de pollo<\/figcaption><\/figure>    <h2 class=\"wp-block-heading\">Equipos de soporte de la l\u00ednea de procesamiento de patas de pollo.<\/h2>    <h3 class=\"wp-block-heading\">1. <strong>M\u00e1quina para abrir garras de pollo<\/strong><\/h3>    <div class=\"wp-block-media-text is-stacked-on-mobile\"><figure class=\"wp-block-media-text__media\"><img loading=\"lazy\" decoding=\"async\" width=\"720\" height=\"540\" src=\"https:\/\/topfoodmachine.com\/wp-content\/uploads\/2023\/12\/Chicken-Claw-Opening-Machine.webp\" alt=\"M\u00e1quina de apertura de garras de pollo\" class=\"wp-image-1103 size-full\" srcset=\"https:\/\/topfoodmachine.com\/wp-content\/uploads\/2023\/12\/Chicken-Claw-Opening-Machine.webp 720w, https:\/\/topfoodmachine.com\/wp-content\/uploads\/2023\/12\/Chicken-Claw-Opening-Machine-300x225.webp 300w\" sizes=\"auto, (max-width: 720px) 100vw, 720px\" \/><\/figure><div class=\"wp-block-media-text__content\"> <ul class=\"wp-block-list\"> <li><strong>Apertura de garras<\/strong>. Dise\u00f1ado para abrir las garras de pollo para un procesamiento posterior.<\/li>    <li><strong>Mejora de la textura<\/strong>. Mejora la textura de las garras, haci\u00e9ndolas m\u00e1s receptivas a los condimentos.<\/li>    <li><strong>Mejorado sazonado<\/strong>. Permite una mejor absorci\u00f3n de los condimentos, asegurando un producto final m\u00e1s sabroso.<\/li> <\/ul> <\/div><\/div>    <h3 class=\"wp-block-heading\">2. <strong>M\u00e1quina deshuesadora de garras de pollo<\/strong><\/h3>    <div class=\"wp-block-media-text has-media-on-the-right is-stacked-on-mobile\"><div class=\"wp-block-media-text__content\"> <ul class=\"wp-block-list\"> <li><strong>Deshuesado autom\u00e1tico<\/strong>. Elimina eficientemente los huesos de las garras de pollo durante el procesamiento.<\/li>    <li><strong>Producto vers\u00e1til<\/strong>. Prepara las garras de pollo para varios m\u00e9todos de cocci\u00f3n como guisar o asar.<\/li>    <li><strong>Mejora de la usabilidad<\/strong>. Hace que el producto sea m\u00e1s adecuado para una gama m\u00e1s amplia de aplicaciones culinarias.<\/li> <\/ul> <\/div><figure class=\"wp-block-media-text__media\"><img loading=\"lazy\" decoding=\"async\" width=\"720\" height=\"540\" src=\"https:\/\/topfoodmachine.com\/wp-content\/uploads\/2023\/12\/Chicken-Claw-Deboning-Machine.webp\" alt=\"M\u00e1quina deshuesadora de garras de pollo\" class=\"wp-image-1104 size-full\" srcset=\"https:\/\/topfoodmachine.com\/wp-content\/uploads\/2023\/12\/Chicken-Claw-Deboning-Machine.webp 720w, https:\/\/topfoodmachine.com\/wp-content\/uploads\/2023\/12\/Chicken-Claw-Deboning-Machine-300x225.webp 300w\" sizes=\"auto, (max-width: 720px) 100vw, 720px\" \/><\/figure><\/div>    <h3 class=\"wp-block-heading\">3. <strong>M\u00e1quina de congelaci\u00f3n<\/strong><\/h3>    <div class=\"wp-block-media-text is-stacked-on-mobile\"><figure class=\"wp-block-media-text__media\"><img loading=\"lazy\" decoding=\"async\" width=\"720\" height=\"540\" src=\"https:\/\/topfoodmachine.com\/wp-content\/uploads\/2023\/12\/Freezer.webp\" alt=\"Congelador\" class=\"wp-image-1105 size-full\" srcset=\"https:\/\/topfoodmachine.com\/wp-content\/uploads\/2023\/12\/Freezer.webp 720w, https:\/\/topfoodmachine.com\/wp-content\/uploads\/2023\/12\/Freezer-300x225.webp 300w\" sizes=\"auto, (max-width: 720px) 100vw, 720px\" \/><\/figure><div class=\"wp-block-media-text__content\"> <ul class=\"wp-block-list\"> <li><strong>Congelaci\u00f3n r\u00e1pida<\/strong>. Congela r\u00e1pidamente las garras de pollo procesadas para preservar la frescura.<\/li>    <li><strong>Vida \u00fatil prolongada<\/strong>. Ayuda a mantener la calidad del producto durante un almacenamiento y transporte m\u00e1s prolongados.<\/li>    <li><strong>Preservaci\u00f3n de la calidad<\/strong>. Crucial para preservar la textura, el sabor y la calidad general durante el almacenamiento a largo plazo.<\/li> <\/ul> <\/div><\/div>    <p>Integrar estas tres m\u00e1quinas en la l\u00ednea de procesamiento de patas de pollo aumenta la eficiencia general y asegura que los productos finales de garras de pollo cumplan con los est\u00e1ndares del mercado. Esta combinaci\u00f3n de componentes clave mejora la versatilidad, atendiendo a las necesidades espec\u00edficas de cocci\u00f3n de diversas cocinas y establecimientos de comida.<\/p>    <p>Con estas m\u00e1quinas esenciales, la l\u00ednea de producci\u00f3n satisface efectivamente las diversas demandas del mercado, entregando productos de garras de pollo de alta calidad para satisfacer las necesidades de los clientes.<\/p>    <h2 class=\"wp-block-heading\">Conclusi\u00f3n<\/h2>    <p class=\"translation-block\">Nuestra l\u00ednea de procesamiento de <a href=\"https:\/\/en.wikipedia.org\/wiki\/Chicken_feet\" data-type=\"link\" data-id=\"https:\/\/en.wikipedia.org\/wiki\/Chicken_feet\" target=\"_blank\" rel=\"noopener\">patas de pollo<\/a> garantiza alta eficiencia, productos de primera calidad y versatilidad para satisfacer las diversas demandas del mercado.<\/p>    <p>No pierda la oportunidad de mejorar su producci\u00f3n con nuestras m\u00e1quinas confiables y duraderas. Para m\u00e1s detalles o para solicitar un presupuesto, no dude en contactarnos hoy.<\/p>    <p class=\"translation-block\">Adem\u00e1s, ofrecemos una amplia gama de <a href=\"https:\/\/topfoodmachine.com\/es\/products\/egg-meat-processing-machine\/\" data-type=\"link\" data-id=\"https:\/\/topfoodmachine.com\/products\/egg-meat-processing-machine\/\">equipos de procesamiento de carne<\/a> adaptados a sus necesidades. \u00a1Explore nuestra l\u00ednea completa y elija las soluciones perfectas para su negocio!<\/p>","protected":false},"excerpt":{"rendered":"<p>La l\u00ednea de procesamiento de patas de pollo con una capacidad de 2t\/h proporciona una soluci\u00f3n eficiente y de alta calidad para transformar patas de pollo crudas en ingredientes culinarios premium.<\/p>","protected":false},"author":1,"featured_media":1098,"parent":0,"template":"","tags":[100,99],"product-type":[7],"class_list":["post-1097","product","type-product","status-publish","has-post-thumbnail","hentry","tag-chicken","tag-chicken-feet-processing-line","product-type-egg-meat-processing-machine"],"_links":{"self":[{"href":"https:\/\/topfoodmachine.com\/es\/wp-json\/wp\/v2\/product\/1097","targetHints":{"allow":["GET"]}}],"collection":[{"href":"https:\/\/topfoodmachine.com\/es\/wp-json\/wp\/v2\/product"}],"about":[{"href":"https:\/\/topfoodmachine.com\/es\/wp-json\/wp\/v2\/types\/product"}],"author":[{"embeddable":true,"href":"https:\/\/topfoodmachine.com\/es\/wp-json\/wp\/v2\/users\/1"}],"wp:featuredmedia":[{"embeddable":true,"href":"https:\/\/topfoodmachine.com\/es\/wp-json\/wp\/v2\/media\/1098"}],"wp:attachment":[{"href":"https:\/\/topfoodmachine.com\/es\/wp-json\/wp\/v2\/media?parent=1097"}],"wp:term":[{"taxonomy":"post_tag","embeddable":true,"href":"https:\/\/topfoodmachine.com\/es\/wp-json\/wp\/v2\/tags?post=1097"},{"taxonomy":"product-type","embeddable":true,"href":"https:\/\/topfoodmachine.com\/es\/wp-json\/wp\/v2\/product-type?post=1097"}],"curies":[{"name":"wp","href":"https:\/\/api.w.org\/{rel}","templated":true}]}}