{"id":1081,"date":"2023-12-18T10:49:59","date_gmt":"2023-12-18T02:49:59","guid":{"rendered":"https:\/\/topfoodmachine.com\/?post_type=product&#038;p=1081"},"modified":"2025-07-22T18:29:01","modified_gmt":"2025-07-22T10:29:01","slug":"steam-jacketed-kettle","status":"publish","type":"product","link":"https:\/\/topfoodmachine.com\/es\/product\/steam-jacketed-kettle\/","title":{"rendered":"Hervidor con camisa de vapor"},"content":{"rendered":"<div class=\"kk-star-ratings kksr-auto kksr-align-left kksr-valign-top\"     data-payload='{&quot;align&quot;:&quot;left&quot;,&quot;id&quot;:&quot;1081&quot;,&quot;slug&quot;:&quot;default&quot;,&quot;valign&quot;:&quot;top&quot;,&quot;ignore&quot;:&quot;&quot;,&quot;reference&quot;:&quot;auto&quot;,&quot;class&quot;:&quot;&quot;,&quot;count&quot;:&quot;22&quot;,&quot;legendonly&quot;:&quot;&quot;,&quot;readonly&quot;:&quot;&quot;,&quot;score&quot;:&quot;4.8&quot;,&quot;starsonly&quot;:&quot;&quot;,&quot;best&quot;:&quot;5&quot;,&quot;gap&quot;:&quot;5&quot;,&quot;greet&quot;:&quot;Rate this product&quot;,&quot;legend&quot;:&quot;4.8\\\/5 - (22 votos)&quot;,&quot;size&quot;:&quot;24&quot;,&quot;title&quot;:&quot;Steam jacketed kettle&quot;,&quot;width&quot;:&quot;136.7&quot;,&quot;_legend&quot;:&quot;{score}\\\/{best} - ({count} {votes})&quot;,&quot;font_factor&quot;:&quot;1.25&quot;}'>              <div class=\"kksr-stars\">      <div class=\"kksr-stars-inactive\">             <div class=\"kksr-star\" data-star=\"1\" style=\"padding-right: 5px\">               <div class=\"kksr-icon\" style=\"width: 24px; height: 24px;\"><\/div>         <\/div>             <div class=\"kksr-star\" data-star=\"2\" style=\"padding-right: 5px\">               <div class=\"kksr-icon\" style=\"width: 24px; height: 24px;\"><\/div>         <\/div>             <div class=\"kksr-star\" data-star=\"3\" style=\"padding-right: 5px\">               <div class=\"kksr-icon\" style=\"width: 24px; height: 24px;\"><\/div>         <\/div>             <div class=\"kksr-star\" data-star=\"4\" style=\"padding-right: 5px\">               <div class=\"kksr-icon\" style=\"width: 24px; height: 24px;\"><\/div>         <\/div>             <div class=\"kksr-star\" data-star=\"5\" style=\"padding-right: 5px\">               <div class=\"kksr-icon\" style=\"width: 24px; height: 24px;\"><\/div>         <\/div>     <\/div>      <div class=\"kksr-stars-active\" style=\"width: 136.7px;\">             <div class=\"kksr-star\" style=\"padding-right: 5px\">               <div class=\"kksr-icon\" style=\"width: 24px; height: 24px;\"><\/div>         <\/div>             <div class=\"kksr-star\" style=\"padding-right: 5px\">               <div class=\"kksr-icon\" style=\"width: 24px; height: 24px;\"><\/div>         <\/div>             <div class=\"kksr-star\" style=\"padding-right: 5px\">               <div class=\"kksr-icon\" style=\"width: 24px; height: 24px;\"><\/div>         <\/div>             <div class=\"kksr-star\" style=\"padding-right: 5px\">               <div class=\"kksr-icon\" style=\"width: 24px; height: 24px;\"><\/div>         <\/div>             <div class=\"kksr-star\" style=\"padding-right: 5px\">               <div class=\"kksr-icon\" style=\"width: 24px; height: 24px;\"><\/div>         <\/div>     <\/div> <\/div>                   <div class=\"kksr-legend\" style=\"font-size: 19.2px;\">             4,8\/5 - (22 votos)    <\/div>     <\/div>  <p class=\"translation-block\">La <strong>olla de doble fondo con vapor<\/strong> se utiliza ampliamente en las industrias de procesamiento de alimentos para hacer gachas, salsas, sopas y guisos. <\/p>    <p>Presenta una estructura de doble capa, donde el vapor circula a trav\u00e9s de la chaqueta exterior para calentar uniformemente la c\u00e1mara interior. Este dise\u00f1o garantiza un calentamiento r\u00e1pido y uniforme, reduce el tiempo de cocci\u00f3n y permite un control preciso de la temperatura.<\/p>    <p class=\"translation-block\">Con capacidades que var\u00edan de <strong>50L a 500L<\/strong>, la olla de doble fondo con vapor es una soluci\u00f3n confiable para cocinas comerciales y f\u00e1bricas de alimentos que buscan mejorar la eficiencia de cocci\u00f3n y la consistencia del producto.<\/p>    <figure class=\"wp-block-embed is-type-video is-provider-youtube wp-block-embed-youtube wp-embed-aspect-4-3 wp-has-aspect-ratio\"><div class=\"wp-block-embed__wrapper\"> <iframe loading=\"lazy\" title=\"Olla de vapor autom\u00e1tica con chaqueta | Ahorra tiempo y cocina de manera uniforme #procesamientodealimentos #maquinadealimentos\" width=\"500\" height=\"375\" src=\"https:\/\/www.youtube.com\/embed\/CJsAKWbmdas?feature=oembed\" frameborder=\"0\" allow=\"accelerometer; autoplay; clipboard-write; encrypted-media; gyroscope; picture-in-picture; web-share\" referrerpolicy=\"strict-origin-when-cross-origin\" allowfullscreen><\/iframe> <\/div><figcaption class=\"wp-element-caption\">Video de funcionamiento de olla con chaqueta de vapor<\/figcaption><\/figure>    <h2 class=\"wp-block-heading\">Se vende caldera de vapor con camisa<\/h2>    <p>Con varios a\u00f1os de experiencia en el desarrollo y venta de calderas de doble chaqueta, nuestra empresa ofrece una amplia gama de modelos para satisfacer diversas necesidades de procesamiento. Estas calderas se pueden clasificar seg\u00fan varios criterios:<\/p>    <div class=\"wp-block-media-text has-media-on-the-right is-stacked-on-mobile\"><div class=\"wp-block-media-text__content\"> <ul class=\"wp-block-list\"> <li><strong>Estructura:<\/strong> olla con chaqueta inclinable y olla con chaqueta vertical (fija).<\/li>    <li><strong>M\u00e9todo de calentamiento:<\/strong> calefacci\u00f3n por vapor, calefacci\u00f3n el\u00e9ctrica, calefacci\u00f3n a gas y calefacci\u00f3n electromagn\u00e9tica.<\/li>    <li><strong>Funcionalidad de mezcla:<\/strong> con o sin equipo de mezcla.<\/li>    <li><strong>Dise\u00f1o de tapa y sellado:<\/strong> sin tapa, tapa plana y tipo vac\u00edo.<\/li>    <li><strong>Capacidad de producci\u00f3n:<\/strong> varias opciones de salida disponibles para diferentes escalas de procesamiento.<\/li> <\/ul> <\/div><figure class=\"wp-block-media-text__media\"><img loading=\"lazy\" decoding=\"async\" width=\"720\" height=\"540\" src=\"https:\/\/topfoodmachine.com\/wp-content\/uploads\/2023\/12\/jacketed-kettle-price.webp\" alt=\"precio de olla con chaqueta\" class=\"wp-image-1961 size-full\" srcset=\"https:\/\/topfoodmachine.com\/wp-content\/uploads\/2023\/12\/jacketed-kettle-price.webp 720w, https:\/\/topfoodmachine.com\/wp-content\/uploads\/2023\/12\/jacketed-kettle-price-300x225.webp 300w, https:\/\/topfoodmachine.com\/wp-content\/uploads\/2023\/12\/jacketed-kettle-price-16x12.webp 16w\" sizes=\"auto, (max-width: 720px) 100vw, 720px\" \/><\/figure><\/div>    <p>Puede seleccionar la olla con chaqueta de vapor m\u00e1s adecuada seg\u00fan sus necesidades espec\u00edficas de producci\u00f3n.<\/p>    <h2 class=\"wp-block-heading\">Beneficios de las calderas con chaqueta de vapor<\/h2>    <div class=\"wp-block-media-text is-stacked-on-mobile\"><figure class=\"wp-block-media-text__media\"><img loading=\"lazy\" decoding=\"async\" width=\"720\" height=\"540\" src=\"https:\/\/topfoodmachine.com\/wp-content\/uploads\/2023\/12\/commercial-Steam-jacketed-kettle.webp\" alt=\"hervidor con camisa de vapor comercial\" class=\"wp-image-1083 size-full\" srcset=\"https:\/\/topfoodmachine.com\/wp-content\/uploads\/2023\/12\/commercial-Steam-jacketed-kettle.webp 720w, https:\/\/topfoodmachine.com\/wp-content\/uploads\/2023\/12\/commercial-Steam-jacketed-kettle-300x225.webp 300w\" sizes=\"auto, (max-width: 720px) 100vw, 720px\" \/><\/figure><div class=\"wp-block-media-text__content\"> <ul class=\"wp-block-list\"> <li><strong>Calentamiento uniforme con eje de agitaci\u00f3n incorporado<\/strong> <ul class=\"wp-block-list\"> <li>El eje de agitaci\u00f3n integrado garantiza una mezcla continua, eliminando puntos calientes y promoviendo una distribuci\u00f3n uniforme del calor para resultados de cocci\u00f3n consistentes.<\/li> <\/ul> <\/li>    <li><strong>Calentamiento eficiente por la parte inferior<\/strong> <ul class=\"wp-block-list\"> <li>El dise\u00f1o de calefacci\u00f3n por el fondo acelera el tiempo de cocci\u00f3n y permite un control preciso de la temperatura, mejorando la eficiencia energ\u00e9tica y el rendimiento general.<\/li> <\/ul> <\/li> <\/ul> <\/div><\/div>    <div class=\"wp-block-media-text has-media-on-the-right is-stacked-on-mobile\"><div class=\"wp-block-media-text__content\"> <ul class=\"wp-block-list\"> <li><strong>Opciones de tapa superior personalizables<\/strong> <ul class=\"wp-block-list\"> <li>Ofrece flexibilidad con tapas cubiertas o descubiertas, ideal para diversas necesidades de cocci\u00f3n como hervir, cocinar a fuego lento o acceso r\u00e1pido a los ingredientes.<\/li> <\/ul> <\/li>    <li><strong>Funcionalidad de inclinaci\u00f3n para un manejo f\u00e1cil<\/strong> <ul class=\"wp-block-list\"> <li>El mecanismo de inclinaci\u00f3n simplifica el vertido, la limpieza y la extracci\u00f3n del contenido, mejorando la seguridad y la eficiencia operativa en cocinas ocupadas.<\/li> <\/ul> <\/li> <\/ul> <\/div><figure class=\"wp-block-media-text__media\"><img loading=\"lazy\" decoding=\"async\" width=\"720\" height=\"540\" src=\"https:\/\/topfoodmachine.com\/wp-content\/uploads\/2023\/12\/jacketed-kettle.webp\" alt=\"hervidor con camisa\" class=\"wp-image-1084 size-full\" srcset=\"https:\/\/topfoodmachine.com\/wp-content\/uploads\/2023\/12\/jacketed-kettle.webp 720w, https:\/\/topfoodmachine.com\/wp-content\/uploads\/2023\/12\/jacketed-kettle-300x225.webp 300w\" sizes=\"auto, (max-width: 720px) 100vw, 720px\" \/><\/figure><\/div>    <h2 class=\"wp-block-heading\">Aplicaciones de calderas el\u00e9ctricas con chaqueta<\/h2>    <div class=\"wp-block-media-text is-stacked-on-mobile\"><figure class=\"wp-block-media-text__media\"><img loading=\"lazy\" decoding=\"async\" width=\"720\" height=\"540\" src=\"https:\/\/topfoodmachine.com\/wp-content\/uploads\/2023\/12\/sauce-1.webp\" alt=\"salsa\" class=\"wp-image-1963 size-full\" srcset=\"https:\/\/topfoodmachine.com\/wp-content\/uploads\/2023\/12\/sauce-1.webp 720w, https:\/\/topfoodmachine.com\/wp-content\/uploads\/2023\/12\/sauce-1-300x225.webp 300w, https:\/\/topfoodmachine.com\/wp-content\/uploads\/2023\/12\/sauce-1-16x12.webp 16w\" sizes=\"auto, (max-width: 720px) 100vw, 720px\" \/><\/figure><div class=\"wp-block-media-text__content\"> <ul class=\"wp-block-list\"> <li><strong>Procesamiento de materiales de alta viscosidad<\/strong> <ul class=\"wp-block-list\"> <li>Dise\u00f1ada para manejar salsas espesas como la pasta de chile, la olla garantiza un calentamiento y mezcla uniformes mientras mantiene el sabor y la textura.<\/li> <\/ul> <\/li>    <li><strong>Preparaci\u00f3n de base para hot pot<\/strong> <ul class=\"wp-block-list\"> <li>Ofrece un control de temperatura preciso y una agitaci\u00f3n constante, asegurando una infusi\u00f3n completa de los ingredientes y una base de hot pot rica y equilibrada.<\/li> <\/ul> <\/li>    <li><strong>Uso vers\u00e1til en cocinas comerciales<\/strong> <ul class=\"wp-block-list\"> <li>Ampliamente utilizado en hoteles, restaurantes y comedores para congee, sopas, dumplings, guisos y m\u00e1s, apoyando tanto las operaciones diarias como la cocina a gran escala.<\/li> <\/ul> <\/li> <\/ul> <\/div><\/div>    <h2 class=\"wp-block-heading\">Par\u00e1metros t\u00e9cnicos de la caldera con camisa.<\/h2>    <figure class=\"wp-block-table\"><table><tbody><tr><td>Modelo<\/td><td>TZ-50<\/td><td>TZ-10<\/td><td>TZ-200<\/td><td>TZ-300<\/td><td>TZ-400<\/td><td>TZ-500<\/td><\/tr><tr><td>Tama\u00f1o (mm)<\/td><td>750*750*700<\/td><td>850*850*750<\/td><td>950*950*800<\/td><td>1050*1050*850<\/td><td>1150*1150*900<\/td><td>1250*1250*950&nbsp;<\/td><\/tr><tr><td>Fuerza<\/td><td>0,75 kw<\/td><td>1,1 kw<\/td><td>1,1 kw<\/td><td>1,5 kw<\/td><td>1,5 kw<\/td><td>2,2 kw<\/td><\/tr><tr><td>Capacidad<\/td><td>50L<\/td><td>100L<\/td><td>200L<\/td><td>300L<\/td><td>400L<\/td><td>500L<\/td><\/tr><tr><td>Peso<\/td><td>60kg<\/td><td>90kg<\/td><td>120 kilos<\/td><td>150 kilos<\/td><td>180kg<\/td><td>220 kilos<\/td><\/tr><\/tbody><\/table><figcaption class=\"wp-element-caption\">Par\u00e1metros de calderas con chaqueta de vapor<\/figcaption><\/figure>    <h2 class=\"wp-block-heading\">\u00bfCu\u00e1l es el precio de la olla con chaqueta?<\/h2>    <p>El precio de una olla con chaqueta depende de varios factores, incluyendo la capacidad de la m\u00e1quina, el m\u00e9todo de calentamiento, el tipo estructural y si incluye funciones de mezcla o vac\u00edo. Por ejemplo, los modelos inclinables con agitaci\u00f3n automatizada y calentamiento el\u00e9ctrico pueden costar m\u00e1s que las ollas de tipo fijo calentadas por vapor. <\/p>    <p>Adem\u00e1s, los requisitos personalizados, las opciones de materiales (como los grados de acero inoxidable) y los accesorios tambi\u00e9n pueden influir en el costo total. Para obtener una cotizaci\u00f3n precisa, es mejor proporcionar sus necesidades de producci\u00f3n y la configuraci\u00f3n preferida; nuestro equipo ofrecer\u00e1 la soluci\u00f3n m\u00e1s adecuada seg\u00fan sus requisitos.<\/p>    <figure class=\"wp-block-image size-full\"><img loading=\"lazy\" decoding=\"async\" width=\"720\" height=\"540\" src=\"https:\/\/topfoodmachine.com\/wp-content\/uploads\/2023\/12\/jacketed-kettle-1.webp\" alt=\"hervidor con camisa\" class=\"wp-image-1965\" srcset=\"https:\/\/topfoodmachine.com\/wp-content\/uploads\/2023\/12\/jacketed-kettle-1.webp 720w, https:\/\/topfoodmachine.com\/wp-content\/uploads\/2023\/12\/jacketed-kettle-1-300x225.webp 300w, https:\/\/topfoodmachine.com\/wp-content\/uploads\/2023\/12\/jacketed-kettle-1-16x12.webp 16w\" sizes=\"auto, (max-width: 720px) 100vw, 720px\" \/><figcaption class=\"wp-element-caption\">hervidor con camisa<\/figcaption><\/figure>    <h2 class=\"wp-block-heading\">Preguntas frecuentes sobre la olla de vapor con chaqueta<\/h2>   <div id=\"rank-math-faq\" class=\"rank-math-block\"> <div class=\"rank-math-list\"> <div id=\"faq-question-1753179935607\" class=\"rank-math-list-item\"> <h3 class=\"rank-math-question\">\u00bfLa tetera viene con una funci\u00f3n de mezcla?<\/h3> <div class=\"rank-math-answer\">  <p>S\u00ed, hay modelos opcionales disponibles con o sin agitador. La funci\u00f3n de mezcla es ideal para materiales que requieren un calentamiento y una mezcla uniformes.<\/p>  <\/div> <\/div> <div id=\"faq-question-1753179946132\" class=\"rank-math-list-item\"> <h3 class=\"rank-math-question\">\u00bfEs f\u00e1cil de limpiar la olla con chaqueta?<\/h3> <div class=\"rank-math-answer\">  <p>La mayor\u00eda de los modelos est\u00e1n hechos de acero inoxidable de grado alimenticio y tienen superficies lisas, lo que los hace f\u00e1ciles de limpiar y mantener.<\/p>  <\/div> <\/div> <div id=\"faq-question-1753179955712\" class=\"rank-math-list-item\"> <h3 class=\"rank-math-question\">\u00bfPuedo personalizar la capacidad y la estructura?<\/h3> <div class=\"rank-math-answer\">  <p>S\u00ed, las capacidades y los dise\u00f1os estructurales (como tipo basculante o fijo, abierto o sellado al vac\u00edo) se pueden personalizar de acuerdo con sus requisitos de procesamiento.<\/p>  <\/div> <\/div> <\/div> <\/div>   <figure class=\"wp-block-image size-full\"><img loading=\"lazy\" decoding=\"async\" width=\"720\" height=\"540\" src=\"https:\/\/topfoodmachine.com\/wp-content\/uploads\/2023\/12\/Steam-jacketed-kettle-with-a-good-price.webp\" alt=\"Hervidor de vapor con camisa a buen precio.\" class=\"wp-image-1085\" srcset=\"https:\/\/topfoodmachine.com\/wp-content\/uploads\/2023\/12\/Steam-jacketed-kettle-with-a-good-price.webp 720w, https:\/\/topfoodmachine.com\/wp-content\/uploads\/2023\/12\/Steam-jacketed-kettle-with-a-good-price-300x225.webp 300w\" sizes=\"auto, (max-width: 720px) 100vw, 720px\" \/><figcaption class=\"wp-element-caption\">Hervidor de vapor con camisa a buen precio.<\/figcaption><\/figure>    <h2 class=\"wp-block-heading\">Conclusi\u00f3n<\/h2>    <p class=\"translation-block\">Adem\u00e1s de la olla de doble fondo con vapor <a href=\"https:\/\/en.wikipedia.org\/wiki\/Kettle\" data-type=\"link\" data-id=\"https:\/\/en.wikipedia.org\/wiki\/Kettle\" target=\"_blank\" rel=\"noopener\">olla<\/a>, tambi\u00e9n ofrecemos una amplia gama de <a href=\"https:\/\/topfoodmachine.com\/es\/product\/\" data-type=\"link\" data-id=\"https:\/\/topfoodmachine.com\/product\/\">m\u00e1quinas de procesamiento de alimentos<\/a> para satisfacer diversas necesidades de producci\u00f3n. <\/p>    <p>No dude en contactarnos para m\u00e1s informaci\u00f3n y un presupuesto personalizado.<\/p>","protected":false},"excerpt":{"rendered":"<p>La olla con chaqueta de vapor se utiliza ampliamente en las industrias de procesamiento de alimentos para hacer gachas, salsas, sopas y guisos. <\/p>","protected":false},"author":1,"featured_media":1082,"parent":0,"template":"","tags":[124],"product-type":[6],"class_list":["post-1081","product","type-product","status-publish","has-post-thumbnail","hentry","tag-steam-jacketed-kettle","product-type-pastry-production-machine"],"_links":{"self":[{"href":"https:\/\/topfoodmachine.com\/es\/wp-json\/wp\/v2\/product\/1081","targetHints":{"allow":["GET"]}}],"collection":[{"href":"https:\/\/topfoodmachine.com\/es\/wp-json\/wp\/v2\/product"}],"about":[{"href":"https:\/\/topfoodmachine.com\/es\/wp-json\/wp\/v2\/types\/product"}],"author":[{"embeddable":true,"href":"https:\/\/topfoodmachine.com\/es\/wp-json\/wp\/v2\/users\/1"}],"wp:featuredmedia":[{"embeddable":true,"href":"https:\/\/topfoodmachine.com\/es\/wp-json\/wp\/v2\/media\/1082"}],"wp:attachment":[{"href":"https:\/\/topfoodmachine.com\/es\/wp-json\/wp\/v2\/media?parent=1081"}],"wp:term":[{"taxonomy":"post_tag","embeddable":true,"href":"https:\/\/topfoodmachine.com\/es\/wp-json\/wp\/v2\/tags?post=1081"},{"taxonomy":"product-type","embeddable":true,"href":"https:\/\/topfoodmachine.com\/es\/wp-json\/wp\/v2\/product-type?post=1081"}],"curies":[{"name":"wp","href":"https:\/\/api.w.org\/{rel}","templated":true}]}}