{"id":1068,"date":"2023-12-13T09:02:21","date_gmt":"2023-12-13T01:02:21","guid":{"rendered":"https:\/\/topfoodmachine.com\/?post_type=product&#038;p=1068"},"modified":"2023-12-13T09:03:34","modified_gmt":"2023-12-13T01:03:34","slug":"garlic-bulb-separating-machine","status":"publish","type":"product","link":"https:\/\/topfoodmachine.com\/es\/product\/garlic-bulb-separating-machine\/","title":{"rendered":"M\u00e1quina separadora de bulbos de ajo"},"content":{"rendered":"<div class=\"kk-star-ratings kksr-auto kksr-align-left kksr-valign-top\"     data-payload='{&quot;align&quot;:&quot;left&quot;,&quot;id&quot;:&quot;1068&quot;,&quot;slug&quot;:&quot;default&quot;,&quot;valign&quot;:&quot;top&quot;,&quot;ignore&quot;:&quot;&quot;,&quot;reference&quot;:&quot;auto&quot;,&quot;class&quot;:&quot;&quot;,&quot;count&quot;:&quot;11&quot;,&quot;legendonly&quot;:&quot;&quot;,&quot;readonly&quot;:&quot;&quot;,&quot;score&quot;:&quot;4.5&quot;,&quot;starsonly&quot;:&quot;&quot;,&quot;best&quot;:&quot;5&quot;,&quot;gap&quot;:&quot;5&quot;,&quot;greet&quot;:&quot;Rate this product&quot;,&quot;legend&quot;:&quot;4.5\\\/5 - (11 votos)&quot;,&quot;size&quot;:&quot;24&quot;,&quot;title&quot;:&quot;Garlic bulb separating machine&quot;,&quot;width&quot;:&quot;128&quot;,&quot;_legend&quot;:&quot;{score}\\\/{best} - ({count} {votes})&quot;,&quot;font_factor&quot;:&quot;1.25&quot;}'>              <div class=\"kksr-stars\">      <div class=\"kksr-stars-inactive\">             <div class=\"kksr-star\" data-star=\"1\" style=\"padding-right: 5px\">               <div class=\"kksr-icon\" style=\"width: 24px; height: 24px;\"><\/div>         <\/div>             <div class=\"kksr-star\" data-star=\"2\" style=\"padding-right: 5px\">               <div class=\"kksr-icon\" style=\"width: 24px; height: 24px;\"><\/div>         <\/div>             <div class=\"kksr-star\" data-star=\"3\" style=\"padding-right: 5px\">               <div class=\"kksr-icon\" style=\"width: 24px; height: 24px;\"><\/div>         <\/div>             <div class=\"kksr-star\" data-star=\"4\" style=\"padding-right: 5px\">               <div class=\"kksr-icon\" style=\"width: 24px; height: 24px;\"><\/div>         <\/div>             <div class=\"kksr-star\" data-star=\"5\" style=\"padding-right: 5px\">               <div class=\"kksr-icon\" style=\"width: 24px; height: 24px;\"><\/div>         <\/div>     <\/div>      <div class=\"kksr-stars-active\" style=\"width: 128px;\">             <div class=\"kksr-star\" style=\"padding-right: 5px\">               <div class=\"kksr-icon\" style=\"width: 24px; height: 24px;\"><\/div>         <\/div>             <div class=\"kksr-star\" style=\"padding-right: 5px\">               <div class=\"kksr-icon\" style=\"width: 24px; height: 24px;\"><\/div>         <\/div>             <div class=\"kksr-star\" style=\"padding-right: 5px\">               <div class=\"kksr-icon\" style=\"width: 24px; height: 24px;\"><\/div>         <\/div>             <div class=\"kksr-star\" style=\"padding-right: 5px\">               <div class=\"kksr-icon\" style=\"width: 24px; height: 24px;\"><\/div>         <\/div>             <div class=\"kksr-star\" style=\"padding-right: 5px\">               <div class=\"kksr-icon\" style=\"width: 24px; height: 24px;\"><\/div>         <\/div>     <\/div> <\/div>                   <div class=\"kksr-legend\" style=\"font-size: 19.2px;\">             4,5\/5 - (11 votos)    <\/div>     <\/div>  <p>En el \u00e1mbito din\u00e1mico de las industrias agr\u00edcolas y de procesamiento de alimentos, la eficiencia y la precisi\u00f3n son primordiales. La m\u00e1quina separadora de bulbos de ajo es un testimonio de la innovaci\u00f3n tecnol\u00f3gica para agilizar el proceso de separaci\u00f3n de bulbos de ajo, que requiere mucha mano de obra. Esta ingeniosa pieza de maquinaria est\u00e1 dise\u00f1ada para satisfacer las necesidades espec\u00edficas de agricultores, procesadores de alimentos y entusiastas culinarios, revolucionando la forma en que se cosecha y prepara el ajo.<\/p>    <p>La m\u00e1quina separadora de bulbos de ajo funciona seg\u00fan el principio de automatizaci\u00f3n, ofreciendo una soluci\u00f3n r\u00e1pida y sistem\u00e1tica a la tarea tradicionalmente lenta de separar manualmente los bulbos de ajo. Su intrincado dise\u00f1o incorpora tecnolog\u00edas de vanguardia e ingenier\u00eda de precisi\u00f3n para garantizar una separaci\u00f3n suave pero efectiva de los dientes individuales del bulbo, minimizando el da\u00f1o y preservando la calidad del ajo.<\/p>    <figure class=\"wp-block-image size-full\"><img loading=\"lazy\" decoding=\"async\" width=\"720\" height=\"540\" src=\"https:\/\/topfoodmachine.com\/wp-content\/uploads\/2023\/12\/Garlic-bulb-separating-machine-for-sale.webp\" alt=\"Se vende maquina separadora de bulbos de ajo\" class=\"wp-image-1070\" srcset=\"https:\/\/topfoodmachine.com\/wp-content\/uploads\/2023\/12\/Garlic-bulb-separating-machine-for-sale.webp 720w, https:\/\/topfoodmachine.com\/wp-content\/uploads\/2023\/12\/Garlic-bulb-separating-machine-for-sale-300x225.webp 300w\" sizes=\"auto, (max-width: 720px) 100vw, 720px\" \/><figcaption class=\"wp-element-caption\">Se vende maquina separadora de bulbos de ajo<\/figcaption><\/figure>    <h2 class=\"wp-block-heading\">Caracter\u00edsticas clave de la m\u00e1quina separadora de bulbos de ajo<\/h2>    <ol class=\"wp-block-list\"> <li><strong>Simulaci\u00f3n de divisi\u00f3n manual:<\/strong> <ul class=\"wp-block-list\"> <li>La m\u00e1quina replica el m\u00e9todo de corte manual, asegurando que los dientes de ajo permanezcan intactos durante todo el proceso. Este enfoque innovador lo distingue de los m\u00e9todos tradicionales que podr\u00edan provocar roturas o magulladuras.<\/li> <\/ul> <\/li>    <li><strong>Distancia de rodillo ajustable:<\/strong> <ul class=\"wp-block-list\"> <li>Los usuarios pueden personalizar la separaci\u00f3n del ajo ajustando la distancia entre los rodillos. Esta caracter\u00edstica permite precisi\u00f3n y flexibilidad, se adapta a varios tama\u00f1os de ajo y garantiza una eficiencia de pelado \u00f3ptima.<\/li> <\/ul> <\/li>    <li><strong>Extrusi\u00f3n Rotativa por Rodillos:<\/strong> <ul class=\"wp-block-list\"> <li>El pelado se consigue mediante la extrusi\u00f3n rotatoria de los dientes de ajo mediante los rodillos. Este m\u00e9todo es a la vez eficaz y suave, y contribuye a una tasa de rotura notablemente baja.<\/li> <\/ul> <\/li>    <li><strong>Eliminaci\u00f3n eficiente de la piel:<\/strong> <ul class=\"wp-block-list\"> <li>El ventilador incorporado sopla eficientemente la piel del ajo, dejando detr\u00e1s dientes de ajo perfectamente pelados. Esta caracter\u00edstica no solo mejora la eficiencia de la m\u00e1quina, sino que tambi\u00e9n simplifica los procesos de pelado posteriores.<\/li> <\/ul> <\/li>    <li><strong>Rendimiento estable y estructura compacta:<\/strong> <ul class=\"wp-block-list\"> <li>Con un rendimiento estable y una estructura compacta, la m\u00e1quina separadora de dientes de ajo est\u00e1 dise\u00f1ada para brindar comodidad. Ahorra tiempo y electricidad manteniendo una alta eficiencia de producci\u00f3n.<\/li> <\/ul> <\/li> <\/ol>    <figure class=\"wp-block-image size-full\"><img loading=\"lazy\" decoding=\"async\" width=\"720\" height=\"540\" src=\"https:\/\/topfoodmachine.com\/wp-content\/uploads\/2023\/12\/Garlic-clove-splitting-machine.webp\" alt=\"M\u00e1quina para partir dientes de ajo\" class=\"wp-image-1075\" srcset=\"https:\/\/topfoodmachine.com\/wp-content\/uploads\/2023\/12\/Garlic-clove-splitting-machine.webp 720w, https:\/\/topfoodmachine.com\/wp-content\/uploads\/2023\/12\/Garlic-clove-splitting-machine-300x225.webp 300w\" sizes=\"auto, (max-width: 720px) 100vw, 720px\" \/><figcaption class=\"wp-element-caption\">M\u00e1quina para partir dientes de ajo<\/figcaption><\/figure>    <h2 class=\"wp-block-heading\">Instrucciones de uso del separador de bulbos de ajo.<\/h2>    <ol class=\"wp-block-list\"> <li><strong>Inspecci\u00f3n previa a la operaci\u00f3n:<\/strong> <ul class=\"wp-block-list\"> <li>Realice una inspecci\u00f3n minuciosa para garantizar que todas las piezas de sujeci\u00f3n est\u00e9n seguras. Revise el cable de alimentaci\u00f3n en busca de da\u00f1os, inspeccione la entrada en busca de objetos extra\u00f1os y verifique que se cumplan los requisitos de voltaje.<\/li> <\/ul> <\/li>    <li><strong>Colocaci\u00f3n y configuraci\u00f3n:<\/strong> <ul class=\"wp-block-list\"> <li>Coloque la m\u00e1quina sobre una superficie plana. Enci\u00e9ndelo y introduce el ajo en la entrada, iniciando el proceso de separaci\u00f3n.<\/li> <\/ul> <\/li>    <li><strong>Ajuste para resultados \u00f3ptimos:<\/strong> <ul class=\"wp-block-list\"> <li>Si el efecto de divisi\u00f3n no es satisfactorio, los usuarios pueden ajustar f\u00e1cilmente los rodillos para lograr el resultado deseado.<\/li> <\/ul> <\/li>    <li><strong>Construcci\u00f3n duradera de acero inoxidable:<\/strong> <ul class=\"wp-block-list\"> <li>La m\u00e1quina est\u00e1 construida con acero inoxidable duradero, lo que garantiza longevidad y resistencia. Acomoda ajos de todos los tama\u00f1os sin causar da\u00f1os.<\/li> <\/ul> <\/li>    <li><strong>Tasa de pelado y eliminaci\u00f3n de la piel:<\/strong> <ul class=\"wp-block-list\"> <li>La m\u00e1quina cuenta con una alta velocidad de pelado y el ventilador elimina eficazmente el exceso de piel del ajo despu\u00e9s de pelarlo, simplificando los pasos de procesamiento posteriores.<\/li> <\/ul> <\/li> <\/ol>    <figure class=\"wp-block-image size-full\"><img loading=\"lazy\" decoding=\"async\" width=\"720\" height=\"540\" src=\"https:\/\/topfoodmachine.com\/wp-content\/uploads\/2023\/12\/Garlic-bulb-separating-machine-with-good-price.webp\" alt=\"M\u00e1quina separadora de bulbos de ajo a buen precio.\" class=\"wp-image-1071\" srcset=\"https:\/\/topfoodmachine.com\/wp-content\/uploads\/2023\/12\/Garlic-bulb-separating-machine-with-good-price.webp 720w, https:\/\/topfoodmachine.com\/wp-content\/uploads\/2023\/12\/Garlic-bulb-separating-machine-with-good-price-300x225.webp 300w\" sizes=\"auto, (max-width: 720px) 100vw, 720px\" \/><figcaption class=\"wp-element-caption\">M\u00e1quina separadora de bulbos de ajo a buen precio.<\/figcaption><\/figure>    <h2 class=\"wp-block-heading\">Par\u00e1metros de la m\u00e1quina separadora de bulbos de ajo.<\/h2>    <figure class=\"wp-block-table\"><table><tbody><tr><td>Modelo<\/td><td>Capacidad<\/td><td>Peso<\/td><td>Voltaje<\/td><td>Tama\u00f1o<\/td><td>Fuerza<\/td><\/tr><tr><td>TZ-400<\/td><td>400kg\/h<\/td><td>130kg<\/td><td>110-220-380v<\/td><td>72*73*115cm<\/td><td>750w<\/td><\/tr><tr><td>TZ-500<\/td><td>500kg\/hora<\/td><td>120 kilos<\/td><td>110-220-380v<\/td><td>76*73*103cm<\/td><td>1500w<\/td><\/tr><tr><td>TZ-1000<\/td><td>1000kg\/hora<\/td><td>150 kilos<\/td><td>110-220-380v<\/td><td>150*70*124cm<\/td><td>2200w<\/td><\/tr><\/tbody><\/table><\/figure>    <h2 class=\"wp-block-heading\">\u00bfPor qu\u00e9 elegir comprar nuestra m\u00e1quina separadora de bulbos de ajo?<\/h2>    <p>La m\u00e1quina separadora de dientes de ajo presenta una soluci\u00f3n integral a los desaf\u00edos que enfrenta el procesamiento tradicional de ajo. Su dise\u00f1o innovador, caracter\u00edsticas ajustables y eficiencia no solo reducen los costos laborales sino que tambi\u00e9n contribuyen a la sostenibilidad ambiental al eliminar la contaminaci\u00f3n del agua y minimizar el desperdicio de materiales. Al incorporar esta m\u00e1quina a las operaciones de procesamiento de ajo, las empresas pueden maximizar la productividad manteniendo la calidad de sus productos de ajo.<\/p>    <p>Como proveedor de m\u00e1quinas separadoras de bulbos de ajo, nos enorgullecemos de ofrecer soluciones innovadoras, eficientes y confiables para satisfacer sus necesidades de procesamiento de ajo. Nuestra l\u00ednea de productos presenta m\u00faltiples modelos adecuados para producci\u00f3n a peque\u00f1a y mediana escala y a gran escala, atendiendo a los diversos requisitos de nuestros clientes. <\/p>    <p>Con tecnolog\u00eda avanzada y un dise\u00f1o excepcional, estamos comprometidos a brindar un rendimiento excepcional y una calidad de primer nivel, permiti\u00e9ndole lograr un mayor \u00e9xito en la industria de procesamiento de ajo. El\u00edjanos para obtener la combinaci\u00f3n perfecta de confiabilidad, eficiencia y calidad. Esperamos establecer una asociaci\u00f3n a largo plazo con usted y contribuir juntos a un futuro mejor.<\/p>    <figure class=\"wp-block-image size-full\"><img loading=\"lazy\" decoding=\"async\" width=\"720\" height=\"540\" src=\"https:\/\/topfoodmachine.com\/wp-content\/uploads\/2023\/12\/Garlic-bulb-separating-machine.webp\" alt=\"M\u00e1quina separadora de bulbos de ajo\" class=\"wp-image-1072\" srcset=\"https:\/\/topfoodmachine.com\/wp-content\/uploads\/2023\/12\/Garlic-bulb-separating-machine.webp 720w, https:\/\/topfoodmachine.com\/wp-content\/uploads\/2023\/12\/Garlic-bulb-separating-machine-300x225.webp 300w\" sizes=\"auto, (max-width: 720px) 100vw, 720px\" \/><figcaption class=\"wp-element-caption\">M\u00e1quina separadora de bulbos de ajo<\/figcaption><\/figure>","protected":false},"excerpt":{"rendered":"<p>En el \u00e1mbito din\u00e1mico de las industrias agr\u00edcolas y de procesamiento de alimentos, la eficiencia y la precisi\u00f3n son primordiales. La m\u00e1quina separadora de bulbos de ajo es un testimonio de la innovaci\u00f3n tecnol\u00f3gica para agilizar el proceso de separaci\u00f3n de bulbos de ajo, que requiere mucha mano de obra.<\/p>","protected":false},"author":1,"featured_media":1079,"parent":0,"template":"","tags":[],"product-type":[3],"class_list":["post-1068","product","type-product","status-publish","has-post-thumbnail","hentry","product-type-fruit-vegetable-processing-machine"],"_links":{"self":[{"href":"https:\/\/topfoodmachine.com\/es\/wp-json\/wp\/v2\/product\/1068","targetHints":{"allow":["GET"]}}],"collection":[{"href":"https:\/\/topfoodmachine.com\/es\/wp-json\/wp\/v2\/product"}],"about":[{"href":"https:\/\/topfoodmachine.com\/es\/wp-json\/wp\/v2\/types\/product"}],"author":[{"embeddable":true,"href":"https:\/\/topfoodmachine.com\/es\/wp-json\/wp\/v2\/users\/1"}],"wp:featuredmedia":[{"embeddable":true,"href":"https:\/\/topfoodmachine.com\/es\/wp-json\/wp\/v2\/media\/1079"}],"wp:attachment":[{"href":"https:\/\/topfoodmachine.com\/es\/wp-json\/wp\/v2\/media?parent=1068"}],"wp:term":[{"taxonomy":"post_tag","embeddable":true,"href":"https:\/\/topfoodmachine.com\/es\/wp-json\/wp\/v2\/tags?post=1068"},{"taxonomy":"product-type","embeddable":true,"href":"https:\/\/topfoodmachine.com\/es\/wp-json\/wp\/v2\/product-type?post=1068"}],"curies":[{"name":"wp","href":"https:\/\/api.w.org\/{rel}","templated":true}]}}