{"id":1041,"date":"2023-11-28T10:58:18","date_gmt":"2023-11-28T02:58:18","guid":{"rendered":"https:\/\/topfoodmachine.com\/?post_type=product&#038;p=1041"},"modified":"2025-07-16T18:09:14","modified_gmt":"2025-07-16T10:09:14","slug":"peanut-coating-machine","status":"publish","type":"product","link":"https:\/\/topfoodmachine.com\/es\/product\/peanut-coating-machine\/","title":{"rendered":"M\u00e1quina de recubrimiento de man\u00ed"},"content":{"rendered":"<div class=\"kk-star-ratings kksr-auto kksr-align-left kksr-valign-top\"     data-payload='{&quot;align&quot;:&quot;left&quot;,&quot;id&quot;:&quot;1041&quot;,&quot;slug&quot;:&quot;default&quot;,&quot;valign&quot;:&quot;top&quot;,&quot;ignore&quot;:&quot;&quot;,&quot;reference&quot;:&quot;auto&quot;,&quot;class&quot;:&quot;&quot;,&quot;count&quot;:&quot;17&quot;,&quot;legendonly&quot;:&quot;&quot;,&quot;readonly&quot;:&quot;&quot;,&quot;score&quot;:&quot;4.7&quot;,&quot;starsonly&quot;:&quot;&quot;,&quot;best&quot;:&quot;5&quot;,&quot;gap&quot;:&quot;5&quot;,&quot;greet&quot;:&quot;Rate this product&quot;,&quot;legend&quot;:&quot;4.7\\\/5 - (17 votos)&quot;,&quot;size&quot;:&quot;24&quot;,&quot;title&quot;:&quot;Peanut coating machine&quot;,&quot;width&quot;:&quot;133.8&quot;,&quot;_legend&quot;:&quot;{score}\\\/{best} - ({count} {votes})&quot;,&quot;font_factor&quot;:&quot;1.25&quot;}'>              <div class=\"kksr-stars\">      <div class=\"kksr-stars-inactive\">             <div class=\"kksr-star\" data-star=\"1\" style=\"padding-right: 5px\">               <div class=\"kksr-icon\" style=\"width: 24px; height: 24px;\"><\/div>         <\/div>             <div class=\"kksr-star\" data-star=\"2\" style=\"padding-right: 5px\">               <div class=\"kksr-icon\" style=\"width: 24px; height: 24px;\"><\/div>         <\/div>             <div class=\"kksr-star\" data-star=\"3\" style=\"padding-right: 5px\">               <div class=\"kksr-icon\" style=\"width: 24px; height: 24px;\"><\/div>         <\/div>             <div class=\"kksr-star\" data-star=\"4\" style=\"padding-right: 5px\">               <div class=\"kksr-icon\" style=\"width: 24px; height: 24px;\"><\/div>         <\/div>             <div class=\"kksr-star\" data-star=\"5\" style=\"padding-right: 5px\">               <div class=\"kksr-icon\" style=\"width: 24px; height: 24px;\"><\/div>         <\/div>     <\/div>      <div class=\"kksr-stars-active\" style=\"width: 133.8px;\">             <div class=\"kksr-star\" style=\"padding-right: 5px\">               <div class=\"kksr-icon\" style=\"width: 24px; height: 24px;\"><\/div>         <\/div>             <div class=\"kksr-star\" style=\"padding-right: 5px\">               <div class=\"kksr-icon\" style=\"width: 24px; height: 24px;\"><\/div>         <\/div>             <div class=\"kksr-star\" style=\"padding-right: 5px\">               <div class=\"kksr-icon\" style=\"width: 24px; height: 24px;\"><\/div>         <\/div>             <div class=\"kksr-star\" style=\"padding-right: 5px\">               <div class=\"kksr-icon\" style=\"width: 24px; height: 24px;\"><\/div>         <\/div>             <div class=\"kksr-star\" style=\"padding-right: 5px\">               <div class=\"kksr-icon\" style=\"width: 24px; height: 24px;\"><\/div>         <\/div>     <\/div> <\/div>                   <div class=\"kksr-legend\" style=\"font-size: 19.2px;\">             4,7\/5 - (17 votos)    <\/div>     <\/div>  <p class=\"translation-block\">La <strong>m\u00e1quina de recubrimiento de cacahuetes<\/strong> puede recubrir y pulir una amplia gama de productos, incluidos cacahuetes, anacardos, legumbres, comprimidos, caramelos y m\u00e1s. Encuentra una amplia aplicaci\u00f3n en las industrias <strong>alimentaria<\/strong>, <strong>farmac\u00e9utica<\/strong> y <strong>qu\u00edmica<\/strong>, asegurando un recubrimiento uniforme y un acabado liso y brillante en cada art\u00edculo.<\/p>    <p class=\"translation-block\">Con una capacidad de producci\u00f3n de <strong>30 a 300 kg\/h<\/strong>, esta m\u00e1quina ofrece tanto <strong>eficiencia como calidad constante<\/strong>. Conocida por su <strong>rendimiento fiable<\/strong> y <strong>funcionamiento autom\u00e1tico<\/strong>, la m\u00e1quina de recubrimiento de cacahuetes es especialmente popular en el <strong>sector de la fabricaci\u00f3n de snacks<\/strong>, proporcionando un recubrimiento preciso y uniforme para <strong>cacahuetes recubiertos de az\u00facar<\/strong>, <strong>frutos secos crujientes<\/strong> y <strong>comprimidos farmac\u00e9uticos<\/strong>.<\/p>    <figure class=\"wp-block-embed is-type-video is-provider-youtube wp-block-embed-youtube wp-embed-aspect-16-9 wp-has-aspect-ratio\"><div class=\"wp-block-embed__wrapper\"> <iframe loading=\"lazy\" title=\"Crujientes e Irresistibles: Creando Cacahuetes Perfectamente Revestidos Usando Nuestra M\u00e1quina #maquinarevestimiento #nuez\" width=\"500\" height=\"281\" src=\"https:\/\/www.youtube.com\/embed\/bUvV7FmAzHU?feature=oembed\" frameborder=\"0\" allow=\"accelerometer; autoplay; clipboard-write; encrypted-media; gyroscope; picture-in-picture; web-share\" referrerpolicy=\"strict-origin-when-cross-origin\" allowfullscreen><\/iframe> <\/div><figcaption class=\"wp-element-caption\">Video de trabajo de la m\u00e1quina de recubrimiento de cacahuetes<\/figcaption><\/figure>    <h2 class=\"wp-block-heading\">ventajas de la m\u00e1quina de recubrimiento de cacahuetes<\/h2>    <div class=\"wp-block-media-text is-stacked-on-mobile\"><figure class=\"wp-block-media-text__media\"><img loading=\"lazy\" decoding=\"async\" width=\"720\" height=\"540\" src=\"https:\/\/topfoodmachine.com\/wp-content\/uploads\/2023\/11\/peanut-coating-production-line.webp\" alt=\"l\u00ednea de producci\u00f3n de recubrimiento de man\u00ed\" class=\"wp-image-1044 size-full\" srcset=\"https:\/\/topfoodmachine.com\/wp-content\/uploads\/2023\/11\/peanut-coating-production-line.webp 720w, https:\/\/topfoodmachine.com\/wp-content\/uploads\/2023\/11\/peanut-coating-production-line-300x225.webp 300w\" sizes=\"auto, (max-width: 720px) 100vw, 720px\" \/><\/figure><div class=\"wp-block-media-text__content\"> <ul class=\"wp-block-list\"> <li><strong>velocidad ajustable<\/strong>: controla precisamente la rotaci\u00f3n para un recubrimiento uniforme en diferentes materiales y tama\u00f1os de lote.<\/li>    <li><strong>Dise\u00f1o inclinado<\/strong>: simplifica la carga\/descarga mientras mejora la consistencia del recubrimiento.<\/li>    <li><strong>Rociado temporizado<\/strong>: asegura una aplicaci\u00f3n de sabor precisa y uniforme a trav\u00e9s de un temporizador automatizado.<\/li>    <li><strong>Tama\u00f1o de tambor personalizable<\/strong>: se adapta a necesidades espec\u00edficas de producci\u00f3n, apoyando un mayor rendimiento cuando es necesario.<\/li> <\/ul> <\/div><\/div>    <h2 class=\"wp-block-heading\">\u00bfC\u00f3mo funciona la m\u00e1quina de recubrimiento de nueces?<\/h2>    <div class=\"wp-block-media-text has-media-on-the-right is-stacked-on-mobile\"><div class=\"wp-block-media-text__content\"> <ul class=\"wp-block-list\"> <li>La m\u00e1quina consta de un marco, caja de cambios, olla recubierta de az\u00facar, dispositivo de calefacci\u00f3n y componentes el\u00e9ctricos.<\/li>    <li>El motor impulsa la olla de az\u00facar a rotar a trav\u00e9s de un mecanismo de tornillo y rueda de tornillo.<\/li>    <li>A medida que la olla gira, la fuerza centr\u00edfuga hace que los materiales se tumben hacia arriba y hacia abajo dentro de la olla.<\/li>    <li>La acci\u00f3n de tumbo asegura una mezcla completa de az\u00facar y nueces, resultando en un recubrimiento uniforme.<\/li>    <li>El dispositivo de calefacci\u00f3n apoya el proceso de recubrimiento manteniendo condiciones \u00f3ptimas de temperatura.<\/li> <\/ul> <\/div><figure class=\"wp-block-media-text__media\"><img loading=\"lazy\" decoding=\"async\" width=\"720\" height=\"540\" src=\"https:\/\/topfoodmachine.com\/wp-content\/uploads\/2023\/11\/automatic-coating-machine.webp\" alt=\"m\u00e1quina de recubrimiento autom\u00e1tica\" class=\"wp-image-1043 size-full\" srcset=\"https:\/\/topfoodmachine.com\/wp-content\/uploads\/2023\/11\/automatic-coating-machine.webp 720w, https:\/\/topfoodmachine.com\/wp-content\/uploads\/2023\/11\/automatic-coating-machine-300x225.webp 300w\" sizes=\"auto, (max-width: 720px) 100vw, 720px\" \/><\/figure><\/div>    <h2 class=\"wp-block-heading\">\u00bfC\u00f3mo usar correctamente la m\u00e1quina de recubrimiento de cacahuetes?<\/h2>    <div class=\"wp-block-media-text is-stacked-on-mobile\"><figure class=\"wp-block-media-text__media\"><img loading=\"lazy\" decoding=\"async\" width=\"720\" height=\"540\" src=\"https:\/\/topfoodmachine.com\/wp-content\/uploads\/2023\/11\/coating-machine-in-stock.webp\" alt=\"m\u00e1quina de revestimiento en stock\" class=\"wp-image-1052 size-full\" srcset=\"https:\/\/topfoodmachine.com\/wp-content\/uploads\/2023\/11\/coating-machine-in-stock.webp 720w, https:\/\/topfoodmachine.com\/wp-content\/uploads\/2023\/11\/coating-machine-in-stock-300x225.webp 300w\" sizes=\"auto, (max-width: 720px) 100vw, 720px\" \/><\/figure><div class=\"wp-block-media-text__content\"> <ul class=\"wp-block-list\"> <li>Encienda la fuente de alimentaci\u00f3n.<\/li>    <li>Conecte el suministro de aire a trav\u00e9s del conector de tubo de aire.<\/li>    <li>Agregue el l\u00edquido de recubrimiento al cilindro l\u00edquido.<\/li>    <li>Ajuste la velocidad de funcionamiento del motor principal.<\/li>    <li>Encienda el interruptor de entrada de aire para activar el ventilador de entrada de aire.<\/li>    <li>Establezca la temperatura deseada en el controlador de temperatura; el calentador se ajustar\u00e1 autom\u00e1ticamente en consecuencia.<\/li>    <li>Encienda el interruptor de la pistola de rociado para comenzar a rociar.<\/li>    <li>Inicie la m\u00e1quina y aseg\u00farese de que el material est\u00e9 recubierto uniformemente.<\/li> <\/ul> <\/div><\/div>    <h2 class=\"wp-block-heading\">Aplicaci\u00f3n de la m\u00e1quina recubridora de man\u00ed.<\/h2>    <p class=\"translation-block\">La m\u00e1quina de recubrimiento de cacahuetes puede producir una amplia variedad de cacahuetes aromatizados para satisfacer las diversas demandas del mercado. Desde los cl\u00e1sicos <strong>cacahuetes recubiertos de chocolate<\/strong> con una capa exterior suave hasta los <strong>cacahuetes azucarados<\/strong> uniformemente que ofrecen un sabor dulce, la m\u00e1quina garantiza resultados consistentes. Tambi\u00e9n permite la producci\u00f3n de <strong>cacahuetes picantes<\/strong> y <strong>con especias<\/strong>, ofreciendo perfiles de sabor intensos o complejos a trav\u00e9s de mezclas de condimentos. <\/p>    <p class=\"translation-block\">Para un recubrimiento m\u00e1s rico, opciones como los <strong>cacahuetes con miel<\/strong> o <strong>glaseados con alm\u00edbar<\/strong> proporcionan dulzor natural, mientras que los <strong>cacahuetes recubiertos crujientes<\/strong> a\u00f1aden una textura crujiente. Adem\u00e1s, la m\u00e1quina admite <strong>cacahuetes con frutas<\/strong>, utilizando zumo o alm\u00edbar para crear snacks sabrosos y vibrantes.<\/p>    <figure class=\"wp-block-gallery has-nested-images columns-default is-cropped wp-block-gallery-2 is-layout-flex wp-block-gallery-is-layout-flex\"> <figure class=\"wp-block-image size-large\"><img loading=\"lazy\" decoding=\"async\" width=\"720\" height=\"540\" data-id=\"1046\" src=\"https:\/\/topfoodmachine.com\/wp-content\/uploads\/2023\/11\/peanuts-coated-chocolate.webp\" alt=\"chocolate recubierto de man\u00ed\" class=\"wp-image-1046\" srcset=\"https:\/\/topfoodmachine.com\/wp-content\/uploads\/2023\/11\/peanuts-coated-chocolate.webp 720w, https:\/\/topfoodmachine.com\/wp-content\/uploads\/2023\/11\/peanuts-coated-chocolate-300x225.webp 300w\" sizes=\"auto, (max-width: 720px) 100vw, 720px\" \/><figcaption class=\"wp-element-caption\">chocolate recubierto de man\u00ed<\/figcaption><\/figure>    <figure class=\"wp-block-image size-large\"><img loading=\"lazy\" decoding=\"async\" width=\"720\" height=\"540\" data-id=\"1045\" src=\"https:\/\/topfoodmachine.com\/wp-content\/uploads\/2023\/11\/coated-peanuts.webp\" alt=\"man\u00ed recubierto\" class=\"wp-image-1045\" srcset=\"https:\/\/topfoodmachine.com\/wp-content\/uploads\/2023\/11\/coated-peanuts.webp 720w, https:\/\/topfoodmachine.com\/wp-content\/uploads\/2023\/11\/coated-peanuts-300x225.webp 300w\" sizes=\"auto, (max-width: 720px) 100vw, 720px\" \/><figcaption class=\"wp-element-caption\">man\u00ed recubierto<\/figcaption><\/figure> <\/figure>    <h2 class=\"wp-block-heading\">Par\u00e1metros de la m\u00e1quina recubridora de man\u00ed.<\/h2>    <figure class=\"wp-block-table\"><table><tbody><tr><td>Modelo<\/td><td>TZ-400<\/td><td>TZ-600<\/td><td>TZ-800<\/td><td>TZ-1000<\/td><\/tr><tr><td>Di\u00e1metro<\/td><td>400 mm<\/td><td>600 mm<\/td><td>800 mm<\/td><td>1000 mm<\/td><\/tr><tr><td>Velocidad de rotaci\u00f3n (r\/min)<\/td><td>41<\/td><td>41<\/td><td>32<\/td><td>28<\/td><\/tr><tr><td>Potencia del motor principal (kw)<\/td><td>0.37<\/td><td>0.55<\/td><td>1.1<\/td><td>1.5<\/td><\/tr><tr><td>Potencia del soplador (kw)<\/td><td>0.04<\/td><td>0.04<\/td><td>0.15<\/td><td>0.15<\/td><\/tr><tr><td>Potencia de calefacci\u00f3n el\u00e9ctrica (kw)<\/td><td>1<\/td><td>1<\/td><td>1.5<\/td><td>1.5<\/td><\/tr><tr><td>Capacidad (kg\/h)<\/td><td>30<\/td><td>50-80<\/td><td>100-200<\/td><td>200-300<\/td><\/tr><tr><td>Peso (kg)<\/td><td>90<\/td><td>95<\/td><td>230<\/td><td>250<\/td><\/tr><tr><td>Dimensi\u00f3n (mm)<\/td><td>535*630*850<\/td><td>630*630*860<\/td><td>925*900*1500<\/td><td>1180*1000*1600<\/td><\/tr><\/tbody><\/table><figcaption class=\"wp-element-caption\">par\u00e1metros de la m\u00e1quina de recubrimiento de cacahuetes<\/figcaption><\/figure>    <h2 class=\"wp-block-heading\">\u00bfPor qu\u00e9 elegirnos?<\/h2>    <div class=\"wp-block-media-text has-media-on-the-right is-stacked-on-mobile\"><div class=\"wp-block-media-text__content\"> <ul class=\"wp-block-list\"> <li><strong>Innovaci\u00f3n y excelencia<\/strong>: Liderando en tecnolog\u00eda y desarrollo de sabores para mantenerte a la vanguardia.<\/li>    <li><strong>Equipo fiable<\/strong>: M\u00e1quinas de alto rendimiento que garantizan calidad constante.<\/li>    <li><strong>Soporte integral<\/strong>: Servicio postventa dedicado para asistencia continua.<\/li>    <li><strong>Compromiso con la calidad<\/strong>: Dise\u00f1adas para cumplir con altos est\u00e1ndares y aumentar el atractivo del producto.<\/li>    <li><strong>Asociaci\u00f3n duradera<\/strong>Enfocado en el \u00e9xito a largo plazo con cada cliente.<\/li> <\/ul> <\/div><figure class=\"wp-block-media-text__media\"><img loading=\"lazy\" decoding=\"async\" width=\"720\" height=\"540\" src=\"https:\/\/topfoodmachine.com\/wp-content\/uploads\/2023\/11\/coating-machine-for-sale.webp\" alt=\"m\u00e1quina de recubrimiento en venta\" class=\"wp-image-1047 size-full\" srcset=\"https:\/\/topfoodmachine.com\/wp-content\/uploads\/2023\/11\/coating-machine-for-sale.webp 720w, https:\/\/topfoodmachine.com\/wp-content\/uploads\/2023\/11\/coating-machine-for-sale-300x225.webp 300w\" sizes=\"auto, (max-width: 720px) 100vw, 720px\" \/><\/figure><\/div>    <h2 class=\"wp-block-heading\">Conclusi\u00f3n<\/h2>    <p class=\"translation-block\">En conclusi\u00f3n, nuestra <a href=\"https:\/\/en.wikipedia.org\/wiki\/Peanut\" data-type=\"link\" data-id=\"https:\/\/en.wikipedia.org\/wiki\/Peanut\" target=\"_blank\" rel=\"noopener\">M\u00e1quina de Recubrimiento de Cacahuetes<\/a> ofrece un rendimiento excepcional, asegurando un recubrimiento uniforme y resultados de alta calidad para una variedad de productos de cacahuete. Ya sea que est\u00e9s produciendo cacahuetes recubiertos de chocolate, picantes o crujientes, nuestra m\u00e1quina proporciona soluciones confiables y eficientes para satisfacer tus necesidades de producci\u00f3n. <\/p>    <p class=\"translation-block\">Adem\u00e1s, ofrecemos una gama de otras m\u00e1quinas de procesamiento de cacahuetes, incluidas <a href=\"https:\/\/topfoodmachine.com\/es\/product\/peanut-peeling-machine\/\" data-type=\"link\" data-id=\"https:\/\/topfoodmachine.com\/product\/peanut-peeling-machine\/\">M\u00e1quinas Peladoras de Cacahuetes<\/a> y <a href=\"https:\/\/topfoodmachine.com\/es\/product\/peanut-roasting-machine\/\" data-type=\"link\" data-id=\"https:\/\/topfoodmachine.com\/product\/peanut-roasting-machine\/\">M\u00e1quinas Tostadoras de Cacahuetes<\/a>, para apoyar cada paso de su proceso de producci\u00f3n. No dude en contactarnos para m\u00e1s informaci\u00f3n o para preguntar sobre precios. Esperamos ser su socio de confianza en la industria del procesamiento de cacahuetes.<\/p>    <figure class=\"wp-block-gallery has-nested-images columns-default is-cropped wp-block-gallery-3 is-layout-flex wp-block-gallery-is-layout-flex\"> <figure class=\"wp-block-image size-large\"><img loading=\"lazy\" decoding=\"async\" width=\"720\" height=\"540\" data-id=\"1027\" src=\"https:\/\/topfoodmachine.com\/wp-content\/uploads\/2023\/11\/peanut-wet-peeling-machine.webp\" alt=\"peladora humeda de man\u00ed\" class=\"wp-image-1027\" srcset=\"https:\/\/topfoodmachine.com\/wp-content\/uploads\/2023\/11\/peanut-wet-peeling-machine.webp 720w, https:\/\/topfoodmachine.com\/wp-content\/uploads\/2023\/11\/peanut-wet-peeling-machine-300x225.webp 300w\" sizes=\"auto, (max-width: 720px) 100vw, 720px\" \/><figcaption class=\"wp-element-caption\">peladora humeda de man\u00ed<\/figcaption><\/figure>    <figure class=\"wp-block-image size-large\"><img loading=\"lazy\" decoding=\"async\" width=\"720\" height=\"540\" data-id=\"916\" src=\"https:\/\/topfoodmachine.com\/wp-content\/uploads\/2023\/11\/Peanut-roasting-machine.webp\" alt=\"Tostadora de man\u00ed\" class=\"wp-image-916\" srcset=\"https:\/\/topfoodmachine.com\/wp-content\/uploads\/2023\/11\/Peanut-roasting-machine.webp 720w, https:\/\/topfoodmachine.com\/wp-content\/uploads\/2023\/11\/Peanut-roasting-machine-300x225.webp 300w\" sizes=\"auto, (max-width: 720px) 100vw, 720px\" \/><figcaption class=\"wp-element-caption\">Tostadora de man\u00ed<\/figcaption><\/figure> <\/figure>","protected":false},"excerpt":{"rendered":"<p>La m\u00e1quina de recubrimiento de cacahuetes puede recubrir y pulir una amplia gama de productos, incluidos cacahuetes, anacardos, frijoles, tabletas, caramelos y m\u00e1s.<\/p>","protected":false},"author":1,"featured_media":1042,"parent":0,"template":"","tags":[68,67,98],"product-type":[5],"class_list":["post-1041","product","type-product","status-publish","has-post-thumbnail","hentry","tag-groundnut","tag-peanut","tag-peanut-coating-machine","product-type-nuts-processing-machine"],"_links":{"self":[{"href":"https:\/\/topfoodmachine.com\/es\/wp-json\/wp\/v2\/product\/1041","targetHints":{"allow":["GET"]}}],"collection":[{"href":"https:\/\/topfoodmachine.com\/es\/wp-json\/wp\/v2\/product"}],"about":[{"href":"https:\/\/topfoodmachine.com\/es\/wp-json\/wp\/v2\/types\/product"}],"author":[{"embeddable":true,"href":"https:\/\/topfoodmachine.com\/es\/wp-json\/wp\/v2\/users\/1"}],"wp:featuredmedia":[{"embeddable":true,"href":"https:\/\/topfoodmachine.com\/es\/wp-json\/wp\/v2\/media\/1042"}],"wp:attachment":[{"href":"https:\/\/topfoodmachine.com\/es\/wp-json\/wp\/v2\/media?parent=1041"}],"wp:term":[{"taxonomy":"post_tag","embeddable":true,"href":"https:\/\/topfoodmachine.com\/es\/wp-json\/wp\/v2\/tags?post=1041"},{"taxonomy":"product-type","embeddable":true,"href":"https:\/\/topfoodmachine.com\/es\/wp-json\/wp\/v2\/product-type?post=1041"}],"curies":[{"name":"wp","href":"https:\/\/api.w.org\/{rel}","templated":true}]}}