{"id":1009,"date":"2023-11-23T11:08:12","date_gmt":"2023-11-23T03:08:12","guid":{"rendered":"https:\/\/topfoodmachine.com\/?post_type=product&#038;p=1009"},"modified":"2023-11-23T11:08:13","modified_gmt":"2023-11-23T03:08:13","slug":"almond-shelling-machine","status":"publish","type":"product","link":"https:\/\/topfoodmachine.com\/es\/product\/almond-shelling-machine\/","title":{"rendered":"M\u00e1quina peladora de almendras"},"content":{"rendered":"<div class=\"kk-star-ratings kksr-auto kksr-align-left kksr-valign-top\"     data-payload='{&quot;align&quot;:&quot;left&quot;,&quot;id&quot;:&quot;1009&quot;,&quot;slug&quot;:&quot;default&quot;,&quot;valign&quot;:&quot;top&quot;,&quot;ignore&quot;:&quot;&quot;,&quot;reference&quot;:&quot;auto&quot;,&quot;class&quot;:&quot;&quot;,&quot;count&quot;:&quot;17&quot;,&quot;legendonly&quot;:&quot;&quot;,&quot;readonly&quot;:&quot;&quot;,&quot;score&quot;:&quot;4.7&quot;,&quot;starsonly&quot;:&quot;&quot;,&quot;best&quot;:&quot;5&quot;,&quot;gap&quot;:&quot;5&quot;,&quot;greet&quot;:&quot;Rate this product&quot;,&quot;legend&quot;:&quot;4.7\\\/5 - (17 votos)&quot;,&quot;size&quot;:&quot;24&quot;,&quot;title&quot;:&quot;Almond shelling machine&quot;,&quot;width&quot;:&quot;133.8&quot;,&quot;_legend&quot;:&quot;{score}\\\/{best} - ({count} {votes})&quot;,&quot;font_factor&quot;:&quot;1.25&quot;}'>              <div class=\"kksr-stars\">      <div class=\"kksr-stars-inactive\">             <div class=\"kksr-star\" data-star=\"1\" style=\"padding-right: 5px\">               <div class=\"kksr-icon\" style=\"width: 24px; height: 24px;\"><\/div>         <\/div>             <div class=\"kksr-star\" data-star=\"2\" style=\"padding-right: 5px\">               <div class=\"kksr-icon\" style=\"width: 24px; height: 24px;\"><\/div>         <\/div>             <div class=\"kksr-star\" data-star=\"3\" style=\"padding-right: 5px\">               <div class=\"kksr-icon\" style=\"width: 24px; height: 24px;\"><\/div>         <\/div>             <div class=\"kksr-star\" data-star=\"4\" style=\"padding-right: 5px\">               <div class=\"kksr-icon\" style=\"width: 24px; height: 24px;\"><\/div>         <\/div>             <div class=\"kksr-star\" data-star=\"5\" style=\"padding-right: 5px\">               <div class=\"kksr-icon\" style=\"width: 24px; height: 24px;\"><\/div>         <\/div>     <\/div>      <div class=\"kksr-stars-active\" style=\"width: 133.8px;\">             <div class=\"kksr-star\" style=\"padding-right: 5px\">               <div class=\"kksr-icon\" style=\"width: 24px; height: 24px;\"><\/div>         <\/div>             <div class=\"kksr-star\" style=\"padding-right: 5px\">               <div class=\"kksr-icon\" style=\"width: 24px; height: 24px;\"><\/div>         <\/div>             <div class=\"kksr-star\" style=\"padding-right: 5px\">               <div class=\"kksr-icon\" style=\"width: 24px; height: 24px;\"><\/div>         <\/div>             <div class=\"kksr-star\" style=\"padding-right: 5px\">               <div class=\"kksr-icon\" style=\"width: 24px; height: 24px;\"><\/div>         <\/div>             <div class=\"kksr-star\" style=\"padding-right: 5px\">               <div class=\"kksr-icon\" style=\"width: 24px; height: 24px;\"><\/div>         <\/div>     <\/div> <\/div>                   <div class=\"kksr-legend\" style=\"font-size: 19.2px;\">             4,7\/5 - (17 votos)    <\/div>     <\/div>  <p>Las almendras, reconocidas por su valor nutricional y versatilidad, han sido durante mucho tiempo un alimento b\u00e1sico en diversas cocinas y refrigerios. Sin embargo, la laboriosa tarea de pelar almendras manualmente ha planteado desaf\u00edos tanto a los productores como a los procesadores.<\/p>    <p>Ingrese a la m\u00e1quina descascaradora de almendras, un sofisticado equipo dise\u00f1ado para romper de manera eficiente y efectiva las c\u00e1scaras de almendras, liberando los codiciados granos que se encuentran dentro. Esta maravilla automatizada combina ingenier\u00eda de vanguardia con precisi\u00f3n, lo que garantiza un proceso de descascarado de almendras fluido y de alto rendimiento.<\/p>    <figure class=\"wp-block-image size-full\"><img loading=\"lazy\" decoding=\"async\" width=\"720\" height=\"540\" src=\"https:\/\/topfoodmachine.com\/wp-content\/uploads\/2023\/11\/Almond-shelling-machine-for-sale.webp\" alt=\"Vendo maquina peladora de almendras\" class=\"wp-image-1011\" srcset=\"https:\/\/topfoodmachine.com\/wp-content\/uploads\/2023\/11\/Almond-shelling-machine-for-sale.webp 720w, https:\/\/topfoodmachine.com\/wp-content\/uploads\/2023\/11\/Almond-shelling-machine-for-sale-300x225.webp 300w\" sizes=\"auto, (max-width: 720px) 100vw, 720px\" \/><figcaption class=\"wp-element-caption\">Vendo maquina peladora de almendras<\/figcaption><\/figure>    <h2 class=\"wp-block-heading\">Ventajas clave de la m\u00e1quina peladora de almendras<\/h2>    <ol class=\"wp-block-list\"> <li><strong>Eficiencia y Velocidad:<\/strong> <ul class=\"wp-block-list\"> <li>La m\u00e1quina acelera significativamente el proceso de descascarado de almendras, aumentando la eficiencia y el rendimiento generales.<\/li>    <li>Puede manejar un gran volumen de almendras en un tiempo relativamente corto, reduciendo la mano de obra y el tiempo operativo.<\/li> <\/ul> <\/li>    <li><strong>Bombardeo de precisi\u00f3n:<\/strong> <ul class=\"wp-block-list\"> <li>La m\u00e1quina descascaradora de almendras est\u00e1 dise\u00f1ada para brindar precisi\u00f3n, rompiendo las c\u00e1scaras de almendras sin da\u00f1ar los granos del interior. Esto asegura un alto rendimiento de almendras intactas.<\/li> <\/ul> <\/li>    <li><strong>Adaptabilidad:<\/strong> <ul class=\"wp-block-list\"> <li>La m\u00e1quina est\u00e1 dise\u00f1ada para adaptarse a varios tama\u00f1os y tipos de almendras, brindando flexibilidad para satisfacer las diversas necesidades de la industria de las almendras.<\/li>    <li>Los ajustes ajustables permiten a los operadores personalizar la m\u00e1quina seg\u00fan variedades espec\u00edficas de almendras, lo que garantiza resultados consistentes y \u00f3ptimos.<\/li> <\/ul> <\/li>    <li><strong>Optimizaci\u00f3n de recursos:<\/strong> <ul class=\"wp-block-list\"> <li>Al automatizar el proceso de descascarado, la m\u00e1quina minimiza el desperdicio y optimiza la utilizaci\u00f3n de los recursos de las almendras, contribuyendo a un proceso de producci\u00f3n m\u00e1s sostenible y rentable.<\/li> <\/ul> <\/li>    <li><strong>Rentabilidad:<\/strong> <ul class=\"wp-block-list\"> <li>Si bien la inversi\u00f3n inicial puede ser significativa, la rentabilidad a largo plazo de la m\u00e1quina descascaradora de almendras se logra a trav\u00e9s de una mayor eficiencia, menores costos laborales y minimizaci\u00f3n de desperdicios.<\/li> <\/ul> <\/li>    <li><strong>Contribuci\u00f3n al crecimiento de la industria:<\/strong> <ul class=\"wp-block-list\"> <li>Al agilizar el proceso de descascarado de almendras, la m\u00e1quina contribuye al crecimiento y avance de la industria procesadora de almendras, satisfaciendo la creciente demanda mundial de almendras.<\/li> <\/ul> <\/li> <\/ol>    <figure class=\"wp-block-image size-full\"><img loading=\"lazy\" decoding=\"async\" width=\"720\" height=\"540\" src=\"https:\/\/topfoodmachine.com\/wp-content\/uploads\/2023\/11\/Almond-shelling-machine-with-good-price.webp\" alt=\"M\u00e1quina peladora de almendras a buen precio.\" class=\"wp-image-1012\" srcset=\"https:\/\/topfoodmachine.com\/wp-content\/uploads\/2023\/11\/Almond-shelling-machine-with-good-price.webp 720w, https:\/\/topfoodmachine.com\/wp-content\/uploads\/2023\/11\/Almond-shelling-machine-with-good-price-300x225.webp 300w\" sizes=\"auto, (max-width: 720px) 100vw, 720px\" \/><figcaption class=\"wp-element-caption\">M\u00e1quina peladora de almendras a buen precio.<\/figcaption><\/figure>    <h2 class=\"wp-block-heading\">Aplicaci\u00f3n de la m\u00e1quina peladora de almendras.<\/h2>    <p>La m\u00e1quina descascaradora de almendras se destaca como una soluci\u00f3n vers\u00e1til y completa para el procesamiento de nueces, capaz de manejar de manera efectiva una amplia gama de nueces con c\u00e1scara. Su adaptabilidad se extiende m\u00e1s all\u00e1 de las almendras, haci\u00e9ndola adecuada para descascarar varios tipos de nueces de c\u00e1scara dura. El dise\u00f1o y la funcionalidad de la m\u00e1quina permiten la eliminaci\u00f3n eficiente de c\u00e1scaras de una variedad diversa de nueces, proporcionando una soluci\u00f3n vers\u00e1til que satisface las necesidades de la industria del procesamiento de nueces. <\/p>    <p>Ya sean nueces, pacanas, avellanas u otras nueces de c\u00e1scara dura similares, esta m\u00e1quina descascaradora de almendras demuestra ser un activo valioso y adaptable, optimizando el proceso de descascarado en diferentes variedades de nueces. Su amplia aplicabilidad la convierte en una opci\u00f3n confiable para productores y procesadores que buscan una soluci\u00f3n vers\u00e1til y eficiente para las operaciones de descascarado de nueces.<\/p>    <figure class=\"wp-block-gallery has-nested-images columns-default is-cropped wp-block-gallery-2 is-layout-flex wp-block-gallery-is-layout-flex\"> <figure class=\"wp-block-image size-large\"><img loading=\"lazy\" decoding=\"async\" width=\"720\" height=\"540\" data-id=\"1015\" src=\"https:\/\/topfoodmachine.com\/wp-content\/uploads\/2023\/11\/details-of-Almond-shelling-machine.webp\" alt=\"Detalles de la m\u00e1quina peladora de almendras.\" class=\"wp-image-1015\" srcset=\"https:\/\/topfoodmachine.com\/wp-content\/uploads\/2023\/11\/details-of-Almond-shelling-machine.webp 720w, https:\/\/topfoodmachine.com\/wp-content\/uploads\/2023\/11\/details-of-Almond-shelling-machine-300x225.webp 300w\" sizes=\"auto, (max-width: 720px) 100vw, 720px\" \/><figcaption class=\"wp-element-caption\">Detalles de la m\u00e1quina peladora de almendras.<\/figcaption><\/figure>    <figure class=\"wp-block-image size-large\"><img loading=\"lazy\" decoding=\"async\" width=\"720\" height=\"540\" data-id=\"1016\" src=\"https:\/\/topfoodmachine.com\/wp-content\/uploads\/2023\/11\/structure-of-Almond-shelling-machine.webp\" alt=\"Estructura de la m\u00e1quina peladora de almendras.\" class=\"wp-image-1016\" srcset=\"https:\/\/topfoodmachine.com\/wp-content\/uploads\/2023\/11\/structure-of-Almond-shelling-machine.webp 720w, https:\/\/topfoodmachine.com\/wp-content\/uploads\/2023\/11\/structure-of-Almond-shelling-machine-300x225.webp 300w\" sizes=\"auto, (max-width: 720px) 100vw, 720px\" \/><figcaption class=\"wp-element-caption\">Estructura de la m\u00e1quina peladora de almendras.<\/figcaption><\/figure> <\/figure>    <h2 class=\"wp-block-heading\">Par\u00e1metros de la m\u00e1quina peladora de almendras.<\/h2>    <figure class=\"wp-block-table\"><table><tbody><tr><td>Modelo<\/td><td>Capacidad<\/td><td>Fuerza<\/td><td>Voltaje<\/td><td>Tama\u00f1o<\/td><\/tr><tr><td>TZ-AS-300<\/td><td>300-400kg\/h<\/td><td>2,2 kw<\/td><td>220v\/380v<\/td><td>2*1*1,45m<\/td><\/tr><\/tbody><\/table><\/figure>    <h2 class=\"wp-block-heading\">Equipo de soporte para m\u00e1quina peladora de almendras.<\/h2>    <p>La m\u00e1quina separadora juega un papel crucial en la l\u00ednea de procesamiento de almendras, sirviendo como un paso vital despu\u00e9s del proceso de descascarado de almendras. <\/p>    <p>Aprovechando la disparidad en la gravedad espec\u00edfica y la velocidad entre las part\u00edculas suspendidas, junto con la ayuda del flujo de aire, esta m\u00e1quina separa eficientemente los granos de almendra de cualquier part\u00edcula residual de la c\u00e1scara. Operando seg\u00fan los principios de separaci\u00f3n f\u00edsica, garantiza una distinci\u00f3n minuciosa entre los granos y las c\u00e1scaras restantes mediante el empleo de separaci\u00f3n por gravedad espec\u00edfica. <\/p>    <p>Con caracter\u00edsticas como operaci\u00f3n automatizada, adaptabilidad a diversos tipos de almendras, optimizaci\u00f3n de recursos y facilidad de mantenimiento, la m\u00e1quina separadora es fundamental para mejorar la eficiencia de la producci\u00f3n y garantizar la calidad y la seguridad alimentaria de los productos finales de almendras.<\/p>    <figure class=\"wp-block-image size-full\"><img loading=\"lazy\" decoding=\"async\" width=\"720\" height=\"540\" src=\"https:\/\/topfoodmachine.com\/wp-content\/uploads\/2023\/11\/Separator-Machine.webp\" alt=\"M\u00e1quina separadora\" class=\"wp-image-1017\" srcset=\"https:\/\/topfoodmachine.com\/wp-content\/uploads\/2023\/11\/Separator-Machine.webp 720w, https:\/\/topfoodmachine.com\/wp-content\/uploads\/2023\/11\/Separator-Machine-300x225.webp 300w\" sizes=\"auto, (max-width: 720px) 100vw, 720px\" \/><figcaption class=\"wp-element-caption\">M\u00e1quina separadora<\/figcaption><\/figure>    <figure class=\"wp-block-table\"><table><tbody><tr><td>Modelo<\/td><td>Capacidad<\/td><td>Fuerza<\/td><td>Voltaje<\/td><td>Tama\u00f1o<\/td><\/tr><tr><td>TZ-SP-400<\/td><td>300-400kg\/h<\/td><td>2,2 kw<\/td><td>50 Hz\/380 V.<\/td><td>2,2*0,8*1,6 m<\/td><\/tr><\/tbody><\/table><\/figure>    <h2 class=\"wp-block-heading\">\u00bfPor qu\u00e9 elegir comprar nuestra m\u00e1quina peladora de almendras?<\/h2>    <p>Como proveedor de m\u00e1quinas descascaradoras de almendras, nuestra empresa ocupa una posici\u00f3n de liderazgo en el mercado debido a una serie de ventajas notables. En primer lugar, empleamos tecnolog\u00eda avanzada y ingenier\u00eda de precisi\u00f3n en el dise\u00f1o de nuestras m\u00e1quinas descascaradoras de almendras, asegurando un proceso de descascarado eficiente y preciso que mejora la eficiencia de producci\u00f3n de nuestros clientes. <\/p>    <p>Con a\u00f1os de experiencia acumulada y un profundo conocimiento de la industria, nuestra empresa tiene un profundo conocimiento de las necesidades de los clientes, lo que nos permite ofrecer soluciones personalizadas que cumplan con sus requisitos espec\u00edficos. Priorizamos la personalizaci\u00f3n del cliente, ofreciendo la flexibilidad de personalizar las m\u00e1quinas peladoras de almendras de acuerdo con las demandas de producci\u00f3n \u00fanicas de nuestros clientes.<\/p>    <p>En resumen, aprovechando la tecnolog\u00eda avanzada, la experiencia, la personalizaci\u00f3n del cliente, el estricto control de calidad y la innovaci\u00f3n continua, nuestra empresa ofrece m\u00e1quinas descascaradoras de almendras confiables y de alta calidad, estableci\u00e9ndose como una opci\u00f3n confiable en la industria.<\/p>    <figure class=\"wp-block-gallery has-nested-images columns-default is-cropped wp-block-gallery-3 is-layout-flex wp-block-gallery-is-layout-flex\"> <figure class=\"wp-block-image size-large\"><img loading=\"lazy\" decoding=\"async\" width=\"720\" height=\"540\" data-id=\"1014\" src=\"https:\/\/topfoodmachine.com\/wp-content\/uploads\/2023\/11\/automatic-Almond-shelling-machine.webp\" alt=\"Descascaradora autom\u00e1tica de almendras\" class=\"wp-image-1014\" srcset=\"https:\/\/topfoodmachine.com\/wp-content\/uploads\/2023\/11\/automatic-Almond-shelling-machine.webp 720w, https:\/\/topfoodmachine.com\/wp-content\/uploads\/2023\/11\/automatic-Almond-shelling-machine-300x225.webp 300w\" sizes=\"auto, (max-width: 720px) 100vw, 720px\" \/><figcaption class=\"wp-element-caption\">Descascaradora autom\u00e1tica de almendras<\/figcaption><\/figure>    <figure class=\"wp-block-image size-large\"><img loading=\"lazy\" decoding=\"async\" width=\"720\" height=\"540\" data-id=\"1013\" src=\"https:\/\/topfoodmachine.com\/wp-content\/uploads\/2023\/11\/Almond-shelling-machine-in-stock.webp\" alt=\"M\u00e1quina peladora de almendras en stock.\" class=\"wp-image-1013\" srcset=\"https:\/\/topfoodmachine.com\/wp-content\/uploads\/2023\/11\/Almond-shelling-machine-in-stock.webp 720w, https:\/\/topfoodmachine.com\/wp-content\/uploads\/2023\/11\/Almond-shelling-machine-in-stock-300x225.webp 300w\" sizes=\"auto, (max-width: 720px) 100vw, 720px\" \/><figcaption class=\"wp-element-caption\">M\u00e1quina peladora de almendras en stock.<\/figcaption><\/figure> <\/figure>    <p><\/p>","protected":false},"excerpt":{"rendered":"<p>Ingrese a la m\u00e1quina descascaradora de almendras, un sofisticado equipo dise\u00f1ado para abrir de manera eficiente y efectiva las c\u00e1scaras de almendras, liberando los codiciados granos que se encuentran dentro. <\/p>","protected":false},"author":1,"featured_media":1010,"parent":0,"template":"","tags":[],"product-type":[5],"class_list":["post-1009","product","type-product","status-publish","has-post-thumbnail","hentry","product-type-nuts-processing-machine"],"_links":{"self":[{"href":"https:\/\/topfoodmachine.com\/es\/wp-json\/wp\/v2\/product\/1009","targetHints":{"allow":["GET"]}}],"collection":[{"href":"https:\/\/topfoodmachine.com\/es\/wp-json\/wp\/v2\/product"}],"about":[{"href":"https:\/\/topfoodmachine.com\/es\/wp-json\/wp\/v2\/types\/product"}],"author":[{"embeddable":true,"href":"https:\/\/topfoodmachine.com\/es\/wp-json\/wp\/v2\/users\/1"}],"wp:featuredmedia":[{"embeddable":true,"href":"https:\/\/topfoodmachine.com\/es\/wp-json\/wp\/v2\/media\/1010"}],"wp:attachment":[{"href":"https:\/\/topfoodmachine.com\/es\/wp-json\/wp\/v2\/media?parent=1009"}],"wp:term":[{"taxonomy":"post_tag","embeddable":true,"href":"https:\/\/topfoodmachine.com\/es\/wp-json\/wp\/v2\/tags?post=1009"},{"taxonomy":"product-type","embeddable":true,"href":"https:\/\/topfoodmachine.com\/es\/wp-json\/wp\/v2\/product-type?post=1009"}],"curies":[{"name":"wp","href":"https:\/\/api.w.org\/{rel}","templated":true}]}}