{"id":24,"date":"2022-07-12T03:25:44","date_gmt":"2022-07-12T03:25:44","guid":{"rendered":"https:\/\/topfoodmachine.com\/?page_id=24"},"modified":"2023-09-28T14:52:26","modified_gmt":"2023-09-28T06:52:26","slug":"contact-us","status":"publish","type":"page","link":"https:\/\/topfoodmachine.com\/es\/contact-us\/","title":{"rendered":"Cont\u00e1ctenos"},"content":{"rendered":"<div class=\"wp-block-columns is-layout-flex wp-container-core-columns-is-layout-28f84493 wp-block-columns-is-layout-flex\"> <div class=\"wp-block-column is-layout-flow wp-block-column-is-layout-flow\"> <h2 class=\"wp-block-heading\">\u00bfQuieres iniciar tu negocio de comida y ganar m\u00e1s dinero? <\/h2>    <p>Taizy Co., Ltd es una empresa global de maquinaria de procesamiento de alimentos que se integra con la fabricaci\u00f3n y el comercio de forma independiente. Ofrecemos una gama completa de m\u00e1quinas para alimentos con calidad garantizada y precio razonable. Adem\u00e1s, contamos con personal altamente calificado para garantizar la entrega r\u00e1pida y el buen rendimiento de nuestras m\u00e1quinas. Adem\u00e1s, disponemos de soluciones de procesamiento de alimentos est\u00e1ndar y personalizadas. <\/p>    <p>\u00bfEst\u00e1 buscando una soluci\u00f3n de procesamiento de alimentos correcta y confiable? Estamos dispuestos a ayudarte con tu proyecto alimentario. Cont\u00e1ctenos hoy para comenzar su negocio lo antes posible. <\/p>    <div class=\"wp-block-columns is-layout-flex wp-container-core-columns-is-layout-28f84493 wp-block-columns-is-layout-flex\"> <div class=\"wp-block-column is-vertically-aligned-top is-layout-flow wp-block-column-is-layout-flow\"> <div class=\"wp-block-columns are-vertically-aligned-top is-layout-flex wp-container-core-columns-is-layout-28f84493 wp-block-columns-is-layout-flex\"> <div class=\"wp-block-column is-vertically-aligned-top is-layout-flow wp-block-column-is-layout-flow\"> <figure class=\"wp-block-image size-large\"><img decoding=\"async\" src=\"https:\/\/charcoalplant.com\/wp-content\/uploads\/2022\/03\/smartphone.png\" alt=\"\"\/><\/figure>    <p class=\"has-text-align-left\">+86 17329326135<\/p> <\/div>    <div class=\"wp-block-column is-vertically-aligned-top is-layout-flow wp-block-column-is-layout-flow\"> <figure class=\"wp-block-image size-large\"><img decoding=\"async\" src=\"https:\/\/charcoalplant.com\/wp-content\/uploads\/2022\/03\/email.png\" alt=\"\"\/><\/figure>    <p class=\"has-text-align-left\">info@topfoodmachine.com<\/p> <\/div> <\/div> <\/div>    <div class=\"wp-block-column is-vertically-aligned-center is-layout-flow wp-block-column-is-layout-flow\"> <div class=\"wp-block-columns is-layout-flex wp-container-core-columns-is-layout-28f84493 wp-block-columns-is-layout-flex\"> <div class=\"wp-block-column is-layout-flow wp-block-column-is-layout-flow\"> <figure class=\"wp-block-image size-large\"><img decoding=\"async\" src=\"https:\/\/charcoalplant.com\/wp-content\/uploads\/2022\/03\/whatsapp.png\" alt=\"\"\/><\/figure>    <p class=\"has-text-align-left\">+86 17329326135<\/p> <\/div>    <div class=\"wp-block-column is-layout-flow wp-block-column-is-layout-flow\"> <figure class=\"wp-block-image size-large\"><img decoding=\"async\" src=\"https:\/\/charcoalplant.com\/wp-content\/uploads\/2022\/03\/address.png\" alt=\"\"\/><\/figure>    <p class=\"has-text-align-left\">Hanghai Road East, Zona de Desarrollo Econ\u00f3mico y Tecnol\u00f3gico de Zhengzhou, Ciudad de Zhengzhou, Henan, China<\/p> <\/div> <\/div> <\/div> <\/div> <\/div> <\/div>","protected":false},"excerpt":{"rendered":"<p>Want to start your food business and make more money? Taizy Co., Ltd is a global food processing machinery company that is integrated with manufacturing and trading independently. We provide a full range of food machines with guaranteed quality and reasonable price. Besides, we have highly skilled staff to make sure the fast delivery and [&hellip;]<\/p>\n","protected":false},"author":1,"featured_media":0,"parent":0,"menu_order":0,"comment_status":"closed","ping_status":"closed","template":"","meta":{"footnotes":""},"class_list":["post-24","page","type-page","status-publish","hentry"],"_links":{"self":[{"href":"https:\/\/topfoodmachine.com\/es\/wp-json\/wp\/v2\/pages\/24","targetHints":{"allow":["GET"]}}],"collection":[{"href":"https:\/\/topfoodmachine.com\/es\/wp-json\/wp\/v2\/pages"}],"about":[{"href":"https:\/\/topfoodmachine.com\/es\/wp-json\/wp\/v2\/types\/page"}],"author":[{"embeddable":true,"href":"https:\/\/topfoodmachine.com\/es\/wp-json\/wp\/v2\/users\/1"}],"replies":[{"embeddable":true,"href":"https:\/\/topfoodmachine.com\/es\/wp-json\/wp\/v2\/comments?post=24"}],"version-history":[{"count":0,"href":"https:\/\/topfoodmachine.com\/es\/wp-json\/wp\/v2\/pages\/24\/revisions"}],"wp:attachment":[{"href":"https:\/\/topfoodmachine.com\/es\/wp-json\/wp\/v2\/media?parent=24"}],"curies":[{"name":"wp","href":"https:\/\/api.w.org\/{rel}","templated":true}]}}