{"id":22,"date":"2022-07-12T03:24:52","date_gmt":"2022-07-12T03:24:52","guid":{"rendered":"https:\/\/topfoodmachine.com\/?page_id=22"},"modified":"2022-07-15T06:23:35","modified_gmt":"2022-07-15T06:23:35","slug":"about-us","status":"publish","type":"page","link":"https:\/\/topfoodmachine.com\/es\/about-us\/","title":{"rendered":"Sobre nosotros"},"content":{"rendered":"<div class=\"wp-block-columns is-layout-flex wp-container-core-columns-is-layout-28f84493 wp-block-columns-is-layout-flex\"> <div class=\"wp-block-column is-layout-flow wp-block-column-is-layout-flow\"> <figure class=\"wp-block-image size-full\"><img loading=\"lazy\" decoding=\"async\" width=\"1024\" height=\"684\" src=\"https:\/\/topfoodmachine.com\/wp-content\/uploads\/2022\/07\/taizy-factory.jpg\" alt=\"\" class=\"wp-image-63\" srcset=\"https:\/\/topfoodmachine.com\/wp-content\/uploads\/2022\/07\/taizy-factory.jpg 1024w, https:\/\/topfoodmachine.com\/wp-content\/uploads\/2022\/07\/taizy-factory-300x200.jpg 300w, https:\/\/topfoodmachine.com\/wp-content\/uploads\/2022\/07\/taizy-factory-768x513.jpg 768w\" sizes=\"auto, (max-width: 1024px) 100vw, 1024px\" \/><\/figure> <\/div>    <div class=\"wp-block-column is-vertically-aligned-center is-layout-flow wp-block-column-is-layout-flow\"> <p>Taizy Machinery Co., Ltd de China es una gran empresa integrada con la fabricaci\u00f3n y el comercio de forma independiente, que posee un equipo de t\u00e9cnicos profesionales, un taller de fabricaci\u00f3n moderno y la \u00faltima tecnolog\u00eda de procesamiento de alimentos. Estamos dedicados a pr\u00e1cticas sostenibles y anticipamos las necesidades de nuestros clientes en t\u00e9rminos de productos de calidad y servicios confiables con las mejores soluciones e innovaciones de ingenier\u00eda. Ubicados en el este de la hermosa ciudad de Zhengzhou, estamos cerca de la estaci\u00f3n de tren de alta velocidad y del aeropuerto, por lo que es muy conveniente para los clientes visitar nuestra f\u00e1brica. Hasta ahora, nuestras m\u00e1quinas procesadoras de alimentos y todo tipo de l\u00edneas de producci\u00f3n de alimentos se han exportado a m\u00e1s de 80 pa\u00edses y regiones del mundo, como Rusia, Arabia Saudita, Israel, Ghana, Sud\u00e1n, Singapur, Malasia, Nigeria, Nepal, Bangladesh. , Sri Lanka, Pa\u00edses Bajos, Kazajst\u00e1n, Australia, Estados Unidos, Brasil, Cuba, Colombia, Chile, M\u00e9xico, Venezuela, Per\u00fa, Filipinas, Sud\u00e1frica, Turqu\u00eda, etc.<\/p> <\/div> <\/div>    <div class=\"wp-block-columns is-layout-flex wp-container-core-columns-is-layout-28f84493 wp-block-columns-is-layout-flex\"> <div class=\"wp-block-column is-vertically-aligned-center is-layout-flow wp-block-column-is-layout-flow\"> <p class=\"translation-block\">Adherirse al principio de gestionar cient\u00edficamente, honestidad y cr\u00e9dito, nuestra f\u00e1brica ha pasado las certificaciones SGS, ISO, BV y CE, etc. Taizy maquinaria alimentaria se especializa en fabricar todo tipo de equipos de producci\u00f3n y procesamiento de alimentos con alta calidad, buena apariencia y ahorro de energ\u00eda. Nuestros productos principales incluyen maquinaria para el procesamiento de frutas y verduras, maquinaria para la producci\u00f3n de pasteles, maquinaria para el procesamiento de nueces, maquinaria para la producci\u00f3n de bocadillos, maquinaria para el procesamiento de huevos y carne, y maquinaria para el envasado de alimentos. Adem\u00e1s, tambi\u00e9n proporcionamos una serie de l\u00edneas de procesamiento de alimentos totalmente autom\u00e1ticas o semiautom\u00e1ticas para nuestros clientes, e incluso podemos personalizar las l\u00edneas de procesamiento de alimentos m\u00e1s adecuadas para los usuarios que desean iniciar un nuevo negocio en la industria de fabricaci\u00f3n de alimentos. Le damos una cordial bienvenida a su consulta sobre la <a href=\"https:\/\/topfoodmachine.com\/es\/\">m\u00e1quina de alimentos<\/a> y su visita a nuestra f\u00e1brica de equipos alimentarios.<\/p> <\/div>    <div class=\"wp-block-column is-layout-flow wp-block-column-is-layout-flow\"> <figure class=\"wp-block-image size-full\"><img loading=\"lazy\" decoding=\"async\" width=\"720\" height=\"540\" src=\"https:\/\/topfoodmachine.com\/wp-content\/uploads\/2022\/07\/Taizy-team.jpg\" alt=\"equipo taizi\" class=\"wp-image-78\" srcset=\"https:\/\/topfoodmachine.com\/wp-content\/uploads\/2022\/07\/Taizy-team.jpg 720w, https:\/\/topfoodmachine.com\/wp-content\/uploads\/2022\/07\/Taizy-team-300x225.jpg 300w\" sizes=\"auto, (max-width: 720px) 100vw, 720px\" \/><\/figure> <\/div> <\/div>    <h2 class=\"has-text-align-center wp-block-heading\">Nuestros productos<\/h2>    <p>Como fabricante y exportador l\u00edder de equipos de procesamiento de alimentos, ofrecemos una gama completa de m\u00e1quinas de producci\u00f3n y procesamiento de alimentos. Nuestros productos cubren m\u00e1quinas procesadoras de frutas y verduras de varias calidades, m\u00e1quinas freidoras, m\u00e1quinas procesadoras de nueces, m\u00e1quinas procesadoras de pasteles, m\u00e1quinas procesadoras de carne y huevos y m\u00e1quinas envasadoras de alimentos. Todas nuestras m\u00e1quinas disfrutan de un rendimiento excelente, buen precio y un servicio \u00edntimo. Adem\u00e1s, contamos con personal extremadamente calificado para garantizar una alta calidad y una entrega r\u00e1pida. Adem\u00e1s, nuestras m\u00e1quinas para alimentos se han exportado con \u00e9xito a m\u00e1s de 80 pa\u00edses y regiones. Y mantenemos relaciones comerciales muy estrechas y de largo plazo con tantos clientes en todo el mundo. <\/p>    <div class=\"wp-block-columns is-layout-flex wp-container-core-columns-is-layout-28f84493 wp-block-columns-is-layout-flex\"> <div class=\"wp-block-column is-layout-flow wp-block-column-is-layout-flow\"> <figure class=\"wp-block-gallery has-nested-images columns-default is-cropped wp-block-gallery-2 is-layout-flex wp-block-gallery-is-layout-flex\"> <figure class=\"wp-block-image size-full\"><a href=\"https:\/\/topfoodmachine.com\/es\/products\/pastry-production-machine\/\"><img loading=\"lazy\" decoding=\"async\" width=\"720\" height=\"540\" data-id=\"54\" src=\"https:\/\/topfoodmachine.com\/wp-content\/uploads\/2022\/07\/spring-roll-making-machine.png\" alt=\"maquina para hacer rollitos de primavera\" class=\"wp-image-54\" srcset=\"https:\/\/topfoodmachine.com\/wp-content\/uploads\/2022\/07\/spring-roll-making-machine.png 720w, https:\/\/topfoodmachine.com\/wp-content\/uploads\/2022\/07\/spring-roll-making-machine-300x225.png 300w\" sizes=\"auto, (max-width: 720px) 100vw, 720px\" \/><\/a><figcaption>L\u00ednea de producci\u00f3n de pasteles<\/figcaption><\/figure> <\/figure> <\/div>    <div class=\"wp-block-column is-layout-flow wp-block-column-is-layout-flow\"> <figure class=\"wp-block-gallery has-nested-images columns-default is-cropped wp-block-gallery-3 is-layout-flex wp-block-gallery-is-layout-flex\"> <figure class=\"wp-block-image size-full\"><a href=\"https:\/\/topfoodmachine.com\/es\/products\/frying-equipment\/\"><img loading=\"lazy\" decoding=\"async\" width=\"720\" height=\"540\" data-id=\"59\" src=\"https:\/\/topfoodmachine.com\/wp-content\/uploads\/2022\/07\/french-fries-production-line.png\" alt=\"l\u00ednea de producci\u00f3n de papas fritas\" class=\"wp-image-59\" srcset=\"https:\/\/topfoodmachine.com\/wp-content\/uploads\/2022\/07\/french-fries-production-line.png 720w, https:\/\/topfoodmachine.com\/wp-content\/uploads\/2022\/07\/french-fries-production-line-300x225.png 300w\" sizes=\"auto, (max-width: 720px) 100vw, 720px\" \/><\/a><figcaption>Equipo de fritura<\/figcaption><\/figure> <\/figure> <\/div>    <div class=\"wp-block-column is-layout-flow wp-block-column-is-layout-flow\"> <figure class=\"wp-block-gallery has-nested-images columns-default is-cropped wp-block-gallery-4 is-layout-flex wp-block-gallery-is-layout-flex\"> <figure class=\"wp-block-image size-full\"><a href=\"https:\/\/topfoodmachine.com\/es\/products\/egg-meat-processing-machine\/\"><img loading=\"lazy\" decoding=\"async\" width=\"720\" height=\"540\" data-id=\"88\" src=\"https:\/\/topfoodmachine.com\/wp-content\/uploads\/2022\/07\/egg-grading-machine-1.png\" alt=\"\" class=\"wp-image-88\" srcset=\"https:\/\/topfoodmachine.com\/wp-content\/uploads\/2022\/07\/egg-grading-machine-1.png 720w, https:\/\/topfoodmachine.com\/wp-content\/uploads\/2022\/07\/egg-grading-machine-1-300x225.png 300w\" sizes=\"auto, (max-width: 720px) 100vw, 720px\" \/><\/a><figcaption>M\u00e1quina de procesamiento de carne y huevos<\/figcaption><\/figure> <\/figure> <\/div> <\/div>    <div class=\"wp-block-columns is-layout-flex wp-container-core-columns-is-layout-28f84493 wp-block-columns-is-layout-flex\"> <div class=\"wp-block-column is-layout-flow wp-block-column-is-layout-flow\"> <figure class=\"wp-block-gallery has-nested-images columns-default is-cropped wp-block-gallery-5 is-layout-flex wp-block-gallery-is-layout-flex\"> <figure class=\"wp-block-image size-full\"><a href=\"https:\/\/topfoodmachine.com\/es\/products\/nuts-processing-machine\/\"><img loading=\"lazy\" decoding=\"async\" width=\"720\" height=\"540\" data-id=\"62\" src=\"https:\/\/topfoodmachine.com\/wp-content\/uploads\/2022\/07\/peanut-butter-making-machine.webp\" alt=\"M\u00e1quina para hacer mantequilla de man\u00ed\" class=\"wp-image-62\" srcset=\"https:\/\/topfoodmachine.com\/wp-content\/uploads\/2022\/07\/peanut-butter-making-machine.webp 720w, https:\/\/topfoodmachine.com\/wp-content\/uploads\/2022\/07\/peanut-butter-making-machine-300x225.webp 300w\" sizes=\"auto, (max-width: 720px) 100vw, 720px\" \/><\/a><figcaption>M\u00e1quina de procesamiento de nueces<\/figcaption><\/figure> <\/figure> <\/div>    <div class=\"wp-block-column is-layout-flow wp-block-column-is-layout-flow\"> <figure class=\"wp-block-gallery has-nested-images columns-default is-cropped wp-block-gallery-6 is-layout-flex wp-block-gallery-is-layout-flex\"> <figure class=\"wp-block-image size-full\"><a href=\"https:\/\/topfoodmachine.com\/es\/products\/food-packaging-machine\/\"><img loading=\"lazy\" decoding=\"async\" width=\"720\" height=\"540\" data-id=\"58\" src=\"https:\/\/topfoodmachine.com\/wp-content\/uploads\/2022\/07\/multihead-weigher-packing-machine.png\" alt=\"empaquetadora pesadora multicabezal\" class=\"wp-image-58\" srcset=\"https:\/\/topfoodmachine.com\/wp-content\/uploads\/2022\/07\/multihead-weigher-packing-machine.png 720w, https:\/\/topfoodmachine.com\/wp-content\/uploads\/2022\/07\/multihead-weigher-packing-machine-300x225.png 300w\" sizes=\"auto, (max-width: 720px) 100vw, 720px\" \/><\/a><figcaption>m\u00e1quina de envasado de alimentos<\/figcaption><\/figure> <\/figure> <\/div>    <div class=\"wp-block-column is-layout-flow wp-block-column-is-layout-flow\"> <figure class=\"wp-block-gallery has-nested-images columns-default is-cropped wp-block-gallery-7 is-layout-flex wp-block-gallery-is-layout-flex\"> <figure class=\"wp-block-image size-full\"><a href=\"https:\/\/topfoodmachine.com\/es\/products\/fruit-vegetable-processing-machine\/\"><img loading=\"lazy\" decoding=\"async\" width=\"720\" height=\"540\" data-id=\"60\" src=\"https:\/\/topfoodmachine.com\/wp-content\/uploads\/2022\/07\/vegetable-washing-machine.png\" alt=\"lavadora de verduras\" class=\"wp-image-60\" srcset=\"https:\/\/topfoodmachine.com\/wp-content\/uploads\/2022\/07\/vegetable-washing-machine.png 720w, https:\/\/topfoodmachine.com\/wp-content\/uploads\/2022\/07\/vegetable-washing-machine-300x225.png 300w\" sizes=\"auto, (max-width: 720px) 100vw, 720px\" \/><\/a><figcaption>M\u00e1quina de procesamiento de frutas y verduras<\/figcaption><\/figure> <\/figure> <\/div> <\/div>    <div class=\"wp-block-buttons is-layout-flex wp-block-buttons-is-layout-flex\"> <div class=\"wp-block-button aligncenter has-custom-font-size has-small-font-size\"><a class=\"wp-block-button__link has-vivid-red-background-color has-background\" href=\"https:\/\/topfoodmachine.com\/es\/product\/\" style=\"border-radius:6px\" target=\"_blank\" rel=\"noreferrer noopener\"><strong>Ver todos los productos<\/strong><\/a><\/div> <\/div>","protected":false},"excerpt":{"rendered":"<p>Taizy Machinery Co., Ltd of China is a big enterprise that is integrated with manufacturing and trading independently, which owns professional technicians&#8217; team, a modern manufacturing workshop, and the newest food processing technology. We are devoted to sustainable practices and anticipates the need of our customers in terms of quality products and reliable services with [&hellip;]<\/p>\n","protected":false},"author":1,"featured_media":0,"parent":0,"menu_order":0,"comment_status":"closed","ping_status":"closed","template":"","meta":{"footnotes":""},"class_list":["post-22","page","type-page","status-publish","hentry"],"_links":{"self":[{"href":"https:\/\/topfoodmachine.com\/es\/wp-json\/wp\/v2\/pages\/22","targetHints":{"allow":["GET"]}}],"collection":[{"href":"https:\/\/topfoodmachine.com\/es\/wp-json\/wp\/v2\/pages"}],"about":[{"href":"https:\/\/topfoodmachine.com\/es\/wp-json\/wp\/v2\/types\/page"}],"author":[{"embeddable":true,"href":"https:\/\/topfoodmachine.com\/es\/wp-json\/wp\/v2\/users\/1"}],"replies":[{"embeddable":true,"href":"https:\/\/topfoodmachine.com\/es\/wp-json\/wp\/v2\/comments?post=22"}],"version-history":[{"count":0,"href":"https:\/\/topfoodmachine.com\/es\/wp-json\/wp\/v2\/pages\/22\/revisions"}],"wp:attachment":[{"href":"https:\/\/topfoodmachine.com\/es\/wp-json\/wp\/v2\/media?parent=22"}],"curies":[{"name":"wp","href":"https:\/\/api.w.org\/{rel}","templated":true}]}}